{"id":743,"date":"2023-08-06T16:30:06","date_gmt":"2023-08-06T19:30:06","guid":{"rendered":"https:\/\/wp.ufpel.edu.br\/colegiadogastronomia\/?page_id=743"},"modified":"2024-11-14T16:00:36","modified_gmt":"2024-11-14T19:00:36","slug":"laboratorios","status":"publish","type":"page","link":"https:\/\/wp.ufpel.edu.br\/colegiadogastronomia\/laboratorios\/","title":{"rendered":"LABORAT\u00d3RIO DE T\u00c9CNICA DIET\u00c9TICA"},"content":{"rendered":"<h2><em><strong>Laborat\u00f3rio de T\u00e9cnica Diet\u00e9tica<\/strong><\/em><\/h2>\n<p>Coordena\u00e7\u00e3o: Prof. Wagner Halmenschlager<\/p>\n<p>T\u00e9cnicos: Diane Leston Rodrigues e Lenon Medeiros Bauer<\/p>\n<p>Localiza\u00e7\u00e3o: Sala 226 com a sala de apoio 229 \u2013 Campus Anglo<\/p>\n<p>Capacidade:\u00a0 5 bancadas para capacidade m\u00e1xima 5 alunos por bancada<\/p>\n<p>Utilizado prioritariamente para aulas dos Cursos de Gastronomia e Nutri\u00e7\u00e3o<\/p>\n<p>Reservas: enviar e-mail para schilager@hotmail.com com as informa\u00e7\u00f5es de data, hor\u00e1rio, finalidade e Professor Respons\u00e1vel.<\/p>\n<p>&nbsp;<\/p>\n<p><img loading=\"lazy\" decoding=\"async\" class=\"alignnone size-medium wp-image-746\" src=\"https:\/\/wp.ufpel.edu.br\/colegiadogastronomia\/files\/2023\/08\/20220801_151539-2-400x185.jpg\" alt=\"\" width=\"400\" height=\"185\" srcset=\"https:\/\/wp.ufpel.edu.br\/colegiadogastronomia\/files\/2023\/08\/20220801_151539-2-400x185.jpg 400w, https:\/\/wp.ufpel.edu.br\/colegiadogastronomia\/files\/2023\/08\/20220801_151539-2-1024x472.jpg 1024w, https:\/\/wp.ufpel.edu.br\/colegiadogastronomia\/files\/2023\/08\/20220801_151539-2-768x354.jpg 768w, https:\/\/wp.ufpel.edu.br\/colegiadogastronomia\/files\/2023\/08\/20220801_151539-2-1536x709.jpg 1536w, https:\/\/wp.ufpel.edu.br\/colegiadogastronomia\/files\/2023\/08\/20220801_151539-2-2048x945.jpg 2048w\" sizes=\"auto, (max-width: 400px) 100vw, 400px\" \/><\/p>\n<p>&nbsp;<\/p>\n<p>&nbsp;<\/p>\n<p><iframe loading=\"lazy\" style=\"border: 0;\" src=\"https:\/\/calendar.google.com\/calendar\/embed?src=b8ff6cdb758d970a614c2a21e0a2ca60c938657039a308c0c56a97bb20f0106e%40group.calendar.google.com&amp;ctz=America%2FSao_Paulo\" width=\"800\" height=\"600\" frameborder=\"0\" scrolling=\"no\"><\/iframe><\/p>\n","protected":false},"excerpt":{"rendered":"<p>Laborat\u00f3rio de T\u00e9cnica Diet\u00e9tica Coordena\u00e7\u00e3o: Prof. Wagner Halmenschlager T\u00e9cnicos: Diane Leston Rodrigues e Lenon Medeiros Bauer Localiza\u00e7\u00e3o: Sala 226 com a sala de apoio 229 \u2013 Campus Anglo Capacidade:\u00a0 5 bancadas para capacidade m\u00e1xima 5 alunos por bancada Utilizado prioritariamente para aulas dos Cursos de Gastronomia e Nutri\u00e7\u00e3o Reservas: enviar e-mail para schilager@hotmail.com com as &hellip; <a href=\"https:\/\/wp.ufpel.edu.br\/colegiadogastronomia\/laboratorios\/\" class=\"more-link\">Continue lendo <span class=\"screen-reader-text\">LABORAT\u00d3RIO DE T\u00c9CNICA DIET\u00c9TICA<\/span> <span class=\"meta-nav\">&rarr;<\/span><\/a><\/p>\n","protected":false},"author":981,"featured_media":0,"parent":0,"menu_order":0,"comment_status":"closed","ping_status":"closed","template":"","meta":{"footnotes":""},"class_list":["post-743","page","type-page","status-publish","hentry"],"jetpack_sharing_enabled":true,"_links":{"self":[{"href":"https:\/\/wp.ufpel.edu.br\/colegiadogastronomia\/wp-json\/wp\/v2\/pages\/743","targetHints":{"allow":["GET"]}}],"collection":[{"href":"https:\/\/wp.ufpel.edu.br\/colegiadogastronomia\/wp-json\/wp\/v2\/pages"}],"about":[{"href":"https:\/\/wp.ufpel.edu.br\/colegiadogastronomia\/wp-json\/wp\/v2\/types\/page"}],"author":[{"embeddable":true,"href":"https:\/\/wp.ufpel.edu.br\/colegiadogastronomia\/wp-json\/wp\/v2\/users\/981"}],"replies":[{"embeddable":true,"href":"https:\/\/wp.ufpel.edu.br\/colegiadogastronomia\/wp-json\/wp\/v2\/comments?post=743"}],"version-history":[{"count":6,"href":"https:\/\/wp.ufpel.edu.br\/colegiadogastronomia\/wp-json\/wp\/v2\/pages\/743\/revisions"}],"predecessor-version":[{"id":883,"href":"https:\/\/wp.ufpel.edu.br\/colegiadogastronomia\/wp-json\/wp\/v2\/pages\/743\/revisions\/883"}],"wp:attachment":[{"href":"https:\/\/wp.ufpel.edu.br\/colegiadogastronomia\/wp-json\/wp\/v2\/media?parent=743"}],"curies":[{"name":"wp","href":"https:\/\/api.w.org\/{rel}","templated":true}]}}