{"id":736,"date":"2023-08-06T16:25:21","date_gmt":"2023-08-06T19:25:21","guid":{"rendered":"https:\/\/wp.ufpel.edu.br\/colegiadogastronomia\/?page_id=736"},"modified":"2024-11-14T15:57:05","modified_gmt":"2024-11-14T18:57:05","slug":"laboratorio-de-aula-show","status":"publish","type":"page","link":"https:\/\/wp.ufpel.edu.br\/colegiadogastronomia\/laboratorio-de-aula-show\/","title":{"rendered":"LABORAT\u00d3RIO DE AULA SHOW"},"content":{"rendered":"<h2><em><strong>Laborat\u00f3rio de Aula Show<\/strong><\/em><\/h2>\n<p>Coordena\u00e7\u00e3o: Profa. Dra. Tatiane Kuka Valente Gandra<\/p>\n<p>T\u00e9cnicos: Diane Leston Rodrigues e Lenon Medeiros Bauer<\/p>\n<p>Localiza\u00e7\u00e3o: Sala 232E &#8211; Campus Anglo<\/p>\n<p>Capacidade: 25 lugares<\/p>\n<p>Utilizado para aulas dos Cursos de Gastronomia e Nutri\u00e7\u00e3o e tamb\u00e9m para projetos e eventos<\/p>\n<p>Reservas: enviar e-mail para tkvgandra@gmail.com ou dep.nutricao.ufpel@gmail.com com as informa\u00e7\u00f5es de data, hor\u00e1rio, finalidade e Professor Respons\u00e1vel<\/p>\n<p><a href=\"https:\/\/wp.ufpel.edu.br\/colegiadogastronomia\/files\/2024\/05\/Regimento-Laboratorio-de-Aula-Show.pdf\">Regimento Laborat\u00f3rio de Aula Show<\/a> (em processo de aprova\u00e7\u00e3o)<\/p>\n<p><img loading=\"lazy\" decoding=\"async\" class=\"alignnone size-medium wp-image-739\" src=\"https:\/\/wp.ufpel.edu.br\/colegiadogastronomia\/files\/2023\/08\/20220801_152316-1-400x185.jpg\" alt=\"\" width=\"400\" height=\"185\" srcset=\"https:\/\/wp.ufpel.edu.br\/colegiadogastronomia\/files\/2023\/08\/20220801_152316-1-400x185.jpg 400w, https:\/\/wp.ufpel.edu.br\/colegiadogastronomia\/files\/2023\/08\/20220801_152316-1-1024x472.jpg 1024w, https:\/\/wp.ufpel.edu.br\/colegiadogastronomia\/files\/2023\/08\/20220801_152316-1-768x354.jpg 768w, https:\/\/wp.ufpel.edu.br\/colegiadogastronomia\/files\/2023\/08\/20220801_152316-1-1536x709.jpg 1536w, https:\/\/wp.ufpel.edu.br\/colegiadogastronomia\/files\/2023\/08\/20220801_152316-1-2048x945.jpg 2048w\" sizes=\"auto, (max-width: 400px) 100vw, 400px\" \/><\/p>\n<p><iframe loading=\"lazy\" style=\"border: 0;\" src=\"https:\/\/calendar.google.com\/calendar\/embed?src=252838670dbf276378af584eeed8171c515ae4b65be2a3f61d3e27e9e42c4aba%40group.calendar.google.com&amp;ctz=America%2FAraguaina\" width=\"800\" height=\"600\" frameborder=\"0\" scrolling=\"no\"><\/iframe><\/p>\n","protected":false},"excerpt":{"rendered":"<p>Laborat\u00f3rio de Aula Show Coordena\u00e7\u00e3o: Profa. Dra. Tatiane Kuka Valente Gandra T\u00e9cnicos: Diane Leston Rodrigues e Lenon Medeiros Bauer Localiza\u00e7\u00e3o: Sala 232E &#8211; Campus Anglo Capacidade: 25 lugares Utilizado para aulas dos Cursos de Gastronomia e Nutri\u00e7\u00e3o e tamb\u00e9m para projetos e eventos Reservas: enviar e-mail para tkvgandra@gmail.com ou dep.nutricao.ufpel@gmail.com com as informa\u00e7\u00f5es de data, &hellip; <a href=\"https:\/\/wp.ufpel.edu.br\/colegiadogastronomia\/laboratorio-de-aula-show\/\" class=\"more-link\">Continue lendo <span class=\"screen-reader-text\">LABORAT\u00d3RIO DE AULA SHOW<\/span> <span class=\"meta-nav\">&rarr;<\/span><\/a><\/p>\n","protected":false},"author":981,"featured_media":0,"parent":0,"menu_order":0,"comment_status":"closed","ping_status":"closed","template":"","meta":{"footnotes":""},"class_list":["post-736","page","type-page","status-publish","hentry"],"jetpack_sharing_enabled":true,"_links":{"self":[{"href":"https:\/\/wp.ufpel.edu.br\/colegiadogastronomia\/wp-json\/wp\/v2\/pages\/736","targetHints":{"allow":["GET"]}}],"collection":[{"href":"https:\/\/wp.ufpel.edu.br\/colegiadogastronomia\/wp-json\/wp\/v2\/pages"}],"about":[{"href":"https:\/\/wp.ufpel.edu.br\/colegiadogastronomia\/wp-json\/wp\/v2\/types\/page"}],"author":[{"embeddable":true,"href":"https:\/\/wp.ufpel.edu.br\/colegiadogastronomia\/wp-json\/wp\/v2\/users\/981"}],"replies":[{"embeddable":true,"href":"https:\/\/wp.ufpel.edu.br\/colegiadogastronomia\/wp-json\/wp\/v2\/comments?post=736"}],"version-history":[{"count":10,"href":"https:\/\/wp.ufpel.edu.br\/colegiadogastronomia\/wp-json\/wp\/v2\/pages\/736\/revisions"}],"predecessor-version":[{"id":881,"href":"https:\/\/wp.ufpel.edu.br\/colegiadogastronomia\/wp-json\/wp\/v2\/pages\/736\/revisions\/881"}],"wp:attachment":[{"href":"https:\/\/wp.ufpel.edu.br\/colegiadogastronomia\/wp-json\/wp\/v2\/media?parent=736"}],"curies":[{"name":"wp","href":"https:\/\/api.w.org\/{rel}","templated":true}]}}