{"id":143,"date":"2020-03-11T09:39:00","date_gmt":"2020-03-11T12:39:00","guid":{"rendered":"https:\/\/wp.ufpel.edu.br\/colegiadogastronomia\/?page_id=143"},"modified":"2023-08-11T09:04:22","modified_gmt":"2023-08-11T12:04:22","slug":"estagio-curricular-supervisionado","status":"publish","type":"page","link":"https:\/\/wp.ufpel.edu.br\/colegiadogastronomia\/estagio-curricular-supervisionado\/","title":{"rendered":"Est\u00e1gio Curricular Supervisionado"},"content":{"rendered":"<p><a href=\"https:\/\/wp.ufpel.edu.br\/cec\/estagios-2\/estagio\/\">Sobre o est\u00e1gio obrigat\u00f3rio e n\u00e3o obrigat\u00f3rio<\/a><\/p>\n<p><a href=\"https:\/\/wp.ufpel.edu.br\/colegiadogastronomia\/files\/2021\/08\/PaginaWeb.pdf\">Orienta\u00e7\u00f5es sobre o est\u00e1gio n\u00e3o -obrigat\u00f3rio\u00a0<\/a><\/p>\n<p>Documenta\u00e7\u00e3o:<\/p>\n<p><a href=\"https:\/\/wp.ufpel.edu.br\/colegiadogastronomia\/files\/2022\/04\/INSTRUCOES-PARA-ASSINATURA-DE-TERMO-DE-COMPROMISSO-DE-ESTAGIO.pdf\">INSTRU\u00c7\u00d5ES PARA ASSINATURA DE TERMO DE COMPROMISSO DE EST\u00c1GIO<\/a><\/p>\n<p><a href=\"https:\/\/wp.ufpel.edu.br\/colegiadogastronomia\/files\/2021\/08\/Termo-de-Compromisso-de-Esta\u0301gio-preenchido.doc\">Termo de Compromisso de Esta\u0301gio<\/a><\/p>\n<p><a href=\"https:\/\/wp.ufpel.edu.br\/colegiadogastronomia\/files\/2021\/08\/Controle-de-Freque\u0302ncia.docx\">Controle de Freque\u0302ncia<\/a><\/p>\n<p><a href=\"https:\/\/wp.ufpel.edu.br\/colegiadogastronomia\/files\/2021\/08\/Relatorio-de-Atividades-de-Estagio-ALUNO.docx\">Relat\u00f3rio de Atividades de Estagio &#8211; ALUNO<\/a><\/p>\n<p><a href=\"https:\/\/wp.ufpel.edu.br\/colegiadogastronomia\/files\/2021\/08\/Relatorio-de-Atividades-de-Estagio-SUPERVISOR.doc\">Relat\u00f3rio de Atividades de Estagio &#8211; SUPERVISOR<\/a><\/p>\n<p><a href=\"https:\/\/wp.ufpel.edu.br\/colegiadogastronomia\/files\/2021\/08\/Tabela-Curricular.doc\">Tabela Curricular<\/a><\/p>\n<p>&nbsp;<\/p>\n<p>&nbsp;<\/p>\n<p>&nbsp;<\/p>\n<p>&nbsp;<\/p>\n<p>&nbsp;<\/p>\n<p style=\"margin: 0cm; margin-bottom: .0001pt; text-align: justify; background: white; vertical-align: baseline;\">\n","protected":false},"excerpt":{"rendered":"<p>Sobre o est\u00e1gio obrigat\u00f3rio e n\u00e3o obrigat\u00f3rio Orienta\u00e7\u00f5es sobre o est\u00e1gio n\u00e3o -obrigat\u00f3rio\u00a0 Documenta\u00e7\u00e3o: INSTRU\u00c7\u00d5ES PARA ASSINATURA DE TERMO DE COMPROMISSO DE EST\u00c1GIO Termo de Compromisso de Esta\u0301gio Controle de Freque\u0302ncia Relat\u00f3rio de Atividades de Estagio &#8211; ALUNO Relat\u00f3rio de Atividades de Estagio &#8211; SUPERVISOR Tabela Curricular &nbsp; &nbsp; &nbsp; &nbsp; &nbsp;<\/p>\n","protected":false},"author":981,"featured_media":0,"parent":0,"menu_order":0,"comment_status":"closed","ping_status":"closed","template":"","meta":{"footnotes":""},"class_list":["post-143","page","type-page","status-publish","hentry"],"jetpack_sharing_enabled":true,"_links":{"self":[{"href":"https:\/\/wp.ufpel.edu.br\/colegiadogastronomia\/wp-json\/wp\/v2\/pages\/143","targetHints":{"allow":["GET"]}}],"collection":[{"href":"https:\/\/wp.ufpel.edu.br\/colegiadogastronomia\/wp-json\/wp\/v2\/pages"}],"about":[{"href":"https:\/\/wp.ufpel.edu.br\/colegiadogastronomia\/wp-json\/wp\/v2\/types\/page"}],"author":[{"embeddable":true,"href":"https:\/\/wp.ufpel.edu.br\/colegiadogastronomia\/wp-json\/wp\/v2\/users\/981"}],"replies":[{"embeddable":true,"href":"https:\/\/wp.ufpel.edu.br\/colegiadogastronomia\/wp-json\/wp\/v2\/comments?post=143"}],"version-history":[{"count":22,"href":"https:\/\/wp.ufpel.edu.br\/colegiadogastronomia\/wp-json\/wp\/v2\/pages\/143\/revisions"}],"predecessor-version":[{"id":164,"href":"https:\/\/wp.ufpel.edu.br\/colegiadogastronomia\/wp-json\/wp\/v2\/pages\/143\/revisions\/164"}],"wp:attachment":[{"href":"https:\/\/wp.ufpel.edu.br\/colegiadogastronomia\/wp-json\/wp\/v2\/media?parent=143"}],"curies":[{"name":"wp","href":"https:\/\/api.w.org\/{rel}","templated":true}]}}