{"id":14,"date":"2020-02-13T10:20:07","date_gmt":"2020-02-13T13:20:07","guid":{"rendered":"https:\/\/wp.ufpel.edu.br\/colegiadogastronomia\/?page_id=14"},"modified":"2024-12-04T10:49:08","modified_gmt":"2024-12-04T13:49:08","slug":"documentos-para-download","status":"publish","type":"page","link":"https:\/\/wp.ufpel.edu.br\/colegiadogastronomia\/documentos-para-download\/","title":{"rendered":"DOCUMENTOS PARA DOWNLOAD"},"content":{"rendered":"<p><a href=\"https:\/\/wp.ufpel.edu.br\/cra\/avaliacao-segunda-chamada\/\">Avalia\u00e7\u00e3o de segunda chamada<\/a><\/p>\n<p><a href=\"https:\/\/wp.ufpel.edu.br\/cra\/aproveitamento-de-disciplina\/\">Aproveitamento de Disciplinas<\/a><\/p>\n<p><a href=\"https:\/\/wp.ufpel.edu.br\/progep\/csqv\/pericia-medica\/\">Licen\u00e7a m\u00e9dica e regime de exerc\u00edcios domiciliares<\/a><\/p>\n<p><a href=\"https:\/\/wp.ufpel.edu.br\/colegiadogastronomia\/files\/2020\/02\/curriculo_curso_5580.pdf\">Componente curricular Gastronomia\u00a0<\/a><\/p>\n<p><a href=\"https:\/\/wp.ufpel.edu.br\/colegiadogastronomia\/files\/2020\/02\/PPGastronomia13jun20112.pdf\">Projeto Pedag\u00f3gico do Curso (PPC)<\/a><\/p>\n<p><a href=\"https:\/\/wp.ufpel.edu.br\/scs\/files\/2018\/09\/SEI_Resolu%C3%A7%C3%A3o-29.2018-Regulamento-Ensino-de-Gradua%C3%A7%C3%A3o-I.pdf\">Regulamento do Ensino de Gradua\u00e7\u00e3o\u00a0<\/a><\/p>\n<p><a href=\"https:\/\/wp.ufpel.edu.br\/colegiadogastronomia\/files\/2020\/02\/Atividades-Complementares.pdf\">Tabela Horas Complementares<\/a><\/p>\n<p><a href=\"https:\/\/wp.ufpel.edu.br\/cra\/quebra-de-pre-requisito-2\/\">Quebra de Pr\u00e9-requisito<\/a><\/p>\n<p><a href=\"https:\/\/wp.ufpel.edu.br\/colegiadogastronomia\/files\/2020\/02\/Formulario_para_recurso_de_QUEBRA_DE_PRE_REQUISITO_CG.pdf\">Formul\u00e1rio de Recurso ao COCEPE de quebra de Pr\u00e9-requisito (no caso de indeferimento)<\/a><\/p>\n<p><a href=\"https:\/\/wp.ufpel.edu.br\/colegiadogastronomia\/files\/2020\/06\/Formulario_Readmissao.pdf\">Formul\u00e1rio Readmissao<\/a><\/p>\n<p><a href=\"https:\/\/wp.ufpel.edu.br\/cra\/trancamentos\/\">Trancamento de matr\u00edcula\u00a0<\/a><\/p>\n<p>&nbsp;<\/p>\n<p>&nbsp;<\/p>\n<p>&nbsp;<\/p>\n<p>&nbsp;<\/p>\n","protected":false},"excerpt":{"rendered":"<p>Avalia\u00e7\u00e3o de segunda chamada Aproveitamento de Disciplinas Licen\u00e7a m\u00e9dica e regime de exerc\u00edcios domiciliares Componente curricular Gastronomia\u00a0 Projeto Pedag\u00f3gico do Curso (PPC) Regulamento do Ensino de Gradua\u00e7\u00e3o\u00a0 Tabela Horas Complementares Quebra de Pr\u00e9-requisito Formul\u00e1rio de Recurso ao COCEPE de quebra de Pr\u00e9-requisito (no caso de indeferimento) Formul\u00e1rio Readmissao Trancamento de matr\u00edcula\u00a0 &nbsp; &nbsp; &nbsp; &nbsp;<\/p>\n","protected":false},"author":981,"featured_media":0,"parent":0,"menu_order":0,"comment_status":"closed","ping_status":"closed","template":"","meta":{"footnotes":""},"class_list":["post-14","page","type-page","status-publish","hentry"],"jetpack_sharing_enabled":true,"_links":{"self":[{"href":"https:\/\/wp.ufpel.edu.br\/colegiadogastronomia\/wp-json\/wp\/v2\/pages\/14","targetHints":{"allow":["GET"]}}],"collection":[{"href":"https:\/\/wp.ufpel.edu.br\/colegiadogastronomia\/wp-json\/wp\/v2\/pages"}],"about":[{"href":"https:\/\/wp.ufpel.edu.br\/colegiadogastronomia\/wp-json\/wp\/v2\/types\/page"}],"author":[{"embeddable":true,"href":"https:\/\/wp.ufpel.edu.br\/colegiadogastronomia\/wp-json\/wp\/v2\/users\/981"}],"replies":[{"embeddable":true,"href":"https:\/\/wp.ufpel.edu.br\/colegiadogastronomia\/wp-json\/wp\/v2\/comments?post=14"}],"version-history":[{"count":10,"href":"https:\/\/wp.ufpel.edu.br\/colegiadogastronomia\/wp-json\/wp\/v2\/pages\/14\/revisions"}],"predecessor-version":[{"id":923,"href":"https:\/\/wp.ufpel.edu.br\/colegiadogastronomia\/wp-json\/wp\/v2\/pages\/14\/revisions\/923"}],"wp:attachment":[{"href":"https:\/\/wp.ufpel.edu.br\/colegiadogastronomia\/wp-json\/wp\/v2\/media?parent=14"}],"curies":[{"name":"wp","href":"https:\/\/api.w.org\/{rel}","templated":true}]}}