{"id":28,"date":"2022-07-22T23:49:21","date_gmt":"2022-07-23T02:49:21","guid":{"rendered":"https:\/\/wp.ufpel.edu.br\/coisapublica\/?page_id=28"},"modified":"2024-11-27T15:54:24","modified_gmt":"2024-11-27T18:54:24","slug":"conselho-editorial","status":"publish","type":"page","link":"https:\/\/wp.ufpel.edu.br\/coisapublica\/conselho-editorial\/","title":{"rendered":"EQUIPE EDITORIAL"},"content":{"rendered":"<p><strong>Editores<\/strong><\/p>\n<p><a href=\"http:\/\/lattes.cnpq.br\/6910779581863051\">Mari Cristina de Freitas Fagundes<\/a><\/p>\n<p>&nbsp;<\/p>\n<p><strong>Comit\u00ea Editorial<\/strong><\/p>\n<p><a href=\"http:\/\/lattes.cnpq.br\/0039985271324456\">Caroline Casali<\/a><\/p>\n<p><a href=\"http:\/\/buscatextual.cnpq.br\/buscatextual\/visualizacv.do?id=K4774708D5\">Dary Pretto Neto<\/a><\/p>\n<p><a href=\"http:\/\/lattes.cnpq.br\/9225395801805801\">Fabiano Milano Fritzen<\/a><\/p>\n<p><a href=\"http:\/\/lattes.cnpq.br\/2561386046768440\">Francine Pinto da Silva Joseph<\/a><\/p>\n<p><a href=\"http:\/\/lattes.cnpq.br\/6910779581863051\">Mari Cristina de Freitas Fagundes<\/a><\/p>\n<p><a href=\"http:\/\/lattes.cnpq.br\/0108160476862326\">Rodrigo Serpa Pinto<\/a><\/p>\n<p>&nbsp;<\/p>\n<p>&nbsp;<\/p>\n<p>&nbsp;<\/p>\n","protected":false},"excerpt":{"rendered":"<p>Editores Mari Cristina de Freitas Fagundes &nbsp; Comit\u00ea Editorial Caroline Casali Dary Pretto Neto Fabiano Milano Fritzen Francine Pinto da Silva Joseph Mari Cristina de Freitas Fagundes Rodrigo Serpa Pinto &nbsp; &nbsp; &nbsp;<\/p>\n","protected":false},"author":1252,"featured_media":0,"parent":0,"menu_order":0,"comment_status":"closed","ping_status":"closed","template":"","meta":{"footnotes":""},"class_list":["post-28","page","type-page","status-publish","hentry"],"jetpack-related-posts":[{"id":41,"url":"https:\/\/wp.ufpel.edu.br\/coisapublica\/sobre-o-projeto\/","url_meta":{"origin":28,"position":0},"title":"SOBRE O PROJETO","author":"coisapublica","date":"23 de julho de 2022","format":false,"excerpt":"\u201cCoisa P\u00fablica - blog de gest\u00e3o p\u00fablica da UFPel\u201d \u00e9 um projeto de extens\u00e3o (c\u00f3d. 4584) que tem por objetivo divulgar da produ\u00e7\u00e3o cient\u00edfica e cultural dos estudantes do Curso de Gest\u00e3o P\u00fablica da UFPel, consolidando-se como um portal de divulga\u00e7\u00e3o e debate sobre temas pertinentes \u00e0 Administra\u00e7\u00e3o P\u00fablica. Utiliza\u2026","rel":"","context":"Post similar","block_context":{"text":"Post similar","link":""},"img":{"alt_text":"","src":"","width":0,"height":0},"classes":[]}],"jetpack_sharing_enabled":true,"_links":{"self":[{"href":"https:\/\/wp.ufpel.edu.br\/coisapublica\/wp-json\/wp\/v2\/pages\/28","targetHints":{"allow":["GET"]}}],"collection":[{"href":"https:\/\/wp.ufpel.edu.br\/coisapublica\/wp-json\/wp\/v2\/pages"}],"about":[{"href":"https:\/\/wp.ufpel.edu.br\/coisapublica\/wp-json\/wp\/v2\/types\/page"}],"author":[{"embeddable":true,"href":"https:\/\/wp.ufpel.edu.br\/coisapublica\/wp-json\/wp\/v2\/users\/1252"}],"replies":[{"embeddable":true,"href":"https:\/\/wp.ufpel.edu.br\/coisapublica\/wp-json\/wp\/v2\/comments?post=28"}],"version-history":[{"count":8,"href":"https:\/\/wp.ufpel.edu.br\/coisapublica\/wp-json\/wp\/v2\/pages\/28\/revisions"}],"predecessor-version":[{"id":315,"href":"https:\/\/wp.ufpel.edu.br\/coisapublica\/wp-json\/wp\/v2\/pages\/28\/revisions\/315"}],"wp:attachment":[{"href":"https:\/\/wp.ufpel.edu.br\/coisapublica\/wp-json\/wp\/v2\/media?parent=28"}],"curies":[{"name":"wp","href":"https:\/\/api.w.org\/{rel}","templated":true}]}}