{"id":8,"date":"2022-06-07T08:55:20","date_gmt":"2022-06-07T11:55:20","guid":{"rendered":"https:\/\/wp.ufpel.edu.br\/codin\/?page_id=8"},"modified":"2024-07-26T15:11:28","modified_gmt":"2024-07-26T18:11:28","slug":"nuaad","status":"publish","type":"page","link":"https:\/\/wp.ufpel.edu.br\/codin\/nuaad\/","title":{"rendered":"NUAAD"},"content":{"rendered":"<p><strong><a href=\"https:\/\/wp.ufpel.edu.br\/naaf\/\">N\u00facleo de A\u00e7\u00f5es Afirmativas e Diversidade<\/a><\/strong><\/p>\n<p><img class=\"alignnone size-medium wp-image-274\"  src=\"data:image\/svg+xml,%3Csvg xmlns=\"http:\/\/www.w3.org\/2000\/svg\" viewBox=\"0 0 1 1\"%3E%3C\/svg%3E\" data-src=\"https:\/\/wp.ufpel.edu.br\/codin\/files\/2024\/07\/nuaaad-400x225.jpg\" class=\"lazy-load\" loading=\"lazy\" decoding=\"async\" alt=\"\" width=\"400\" height=\"225\" \/><\/p>\n<p style=\"text-align: justify;\">O <strong>N\u00facleo de A\u00e7\u00f5es Afirmativas e Diversidade<\/strong> desenvolve atividades relacionadas ao gerenciamento das vagas ocupadas por cotistas ou direcionadas a estes; atividades educativas e informativas nas escolas p\u00fablicas de\u00a0 Educa\u00e7\u00e3o B\u00e1sica, bem como a promo\u00e7\u00e3o de eventos que permitam a aproxima\u00e7\u00e3o da Universidade e a inclus\u00e3o de\u00a0 ind\u00edgenas e quilombolas e negros, suas fam\u00edlias, al\u00e9m dos representantes comunit\u00e1rios de onde prov\u00eam esses estudantes, mediante a\u00e7\u00f5es conjuntas constru\u00eddas pelos envolvidos.<\/p>\n<p style=\"text-align: justify;\">Segundo o Plano de Gest\u00e3o 2017-2019: \u201cRevolu\u00e7\u00e3o acad\u00eamica \u00e9 disponibilizar um espa\u00e7o permanente para expor a produ\u00e7\u00e3o cient\u00edfica, cultural e art\u00edstica da comunidade acad\u00eamica\u201d e este espa\u00e7o ser\u00e1 buscado, definido e implementado pela CODIn em conjunto com outros \u00f3rg\u00e3os administrativos da UFPel.<\/p>\n<p style=\"text-align: justify;\">Pretende a partir da a\u00e7\u00e3o conjunta da CODIn e Pr\u00f3-reitorias de Ensino, Pesquisa e P\u00f3s-gradua\u00e7\u00e3o, Extens\u00e3o e Cultura, de Gest\u00e3o da Informa\u00e7\u00e3o e Procuradoria:<\/p>\n<ul>\n<li style=\"text-align: justify;\">Divulgar a cultura popular e auxiliar na gera\u00e7\u00e3o de renda dessas comunidades atrav\u00e9s do compartilhamento de saberes e t\u00e9cnicas de produ\u00e7\u00e3o que facilita\u00e7\u00e3o a comercializa\u00e7\u00e3o\u00a0 de produtos origin\u00e1rios dessas comunidades;<\/li>\n<li style=\"text-align: justify;\">Dialogar com as Unidades Acad\u00eamicas, informando-as sobre como ocorre a promo\u00e7\u00e3o de pol\u00edticas afirmativas na UFPel;<\/li>\n<li style=\"text-align: justify;\">De que forma \u00e9 desenvolvida a fiscaliza\u00e7\u00e3o da implementa\u00e7\u00e3o das mesmas no que tange o acesso e\u00a0 penaliza\u00e7\u00e3o, no caso de fraude;<\/li>\n<li style=\"text-align: justify;\">Incentivar a amplia\u00e7\u00e3o do rol de disciplinas e conte\u00fados program\u00e1ticos que abordem as tem\u00e1ticas da sexualidade e identidade de g\u00eanero, quest\u00f5es \u00e9tnico-raciais e direitos humanos, ampliando o que se prev\u00ea nas leis de diretrizes nacionais em favor da transversalidade de tais tem\u00e1ticas nos curr\u00edculos, independentemente do perfil e do n\u00edvel do curso;<\/li>\n<li style=\"text-align: justify;\">Promover o\u00a0 cumprimento das a\u00e7\u00f5es afirmativas buscando estabelecer parcerias e conv\u00eanios que permitam o acesso a p\u00f3s-gradua\u00e7\u00e3o, o interc\u00e2mbio universit\u00e1rio, maior n\u00famero de bolsas acad\u00eamicas, entre outras.<\/li>\n<\/ul>\n<p><strong>Chefia: Sidney Daniel Batista<\/strong><\/p>\n<p>Contato<\/p>\n<p>E-mail: nuaad@ufpel.edu.br<\/p>\n<p>Instagram: nuaad.ufpel<\/p>\n<p>Site:\u00a0<a href=\"https:\/\/wp.ufpel.edu.br\/naaf\/\">Site NUAAD<\/a><\/p>\n<h3><a href=\"https:\/\/drive.google.com\/file\/d\/12GVv0b-zpyMQjSrMSP66Lk_S69i1d2pS\/view\">Texto em Libras &#8211; Clique aqui<\/a><\/h3>\n","protected":false},"excerpt":{"rendered":"<p>N\u00facleo de A\u00e7\u00f5es Afirmativas e Diversidade O N\u00facleo de A\u00e7\u00f5es Afirmativas e Diversidade desenvolve atividades relacionadas ao gerenciamento das vagas ocupadas por cotistas ou direcionadas a estes; atividades educativas e informativas nas escolas p\u00fablicas de\u00a0 Educa\u00e7\u00e3o B\u00e1sica, bem como a promo\u00e7\u00e3o de eventos que permitam a aproxima\u00e7\u00e3o da Universidade e a inclus\u00e3o de\u00a0 ind\u00edgenas e [&hellip;]<\/p>\n","protected":false},"author":1237,"featured_media":274,"parent":0,"menu_order":0,"comment_status":"closed","ping_status":"closed","template":"","meta":{"footnotes":""},"class_list":["post-8","page","type-page","status-publish","has-post-thumbnail","hentry"],"_links":{"self":[{"href":"https:\/\/wp.ufpel.edu.br\/codin\/wp-json\/wp\/v2\/pages\/8","targetHints":{"allow":["GET"]}}],"collection":[{"href":"https:\/\/wp.ufpel.edu.br\/codin\/wp-json\/wp\/v2\/pages"}],"about":[{"href":"https:\/\/wp.ufpel.edu.br\/codin\/wp-json\/wp\/v2\/types\/page"}],"author":[{"embeddable":true,"href":"https:\/\/wp.ufpel.edu.br\/codin\/wp-json\/wp\/v2\/users\/1237"}],"replies":[{"embeddable":true,"href":"https:\/\/wp.ufpel.edu.br\/codin\/wp-json\/wp\/v2\/comments?post=8"}],"version-history":[{"count":7,"href":"https:\/\/wp.ufpel.edu.br\/codin\/wp-json\/wp\/v2\/pages\/8\/revisions"}],"predecessor-version":[{"id":282,"href":"https:\/\/wp.ufpel.edu.br\/codin\/wp-json\/wp\/v2\/pages\/8\/revisions\/282"}],"wp:featuredmedia":[{"embeddable":true,"href":"https:\/\/wp.ufpel.edu.br\/codin\/wp-json\/wp\/v2\/media\/274"}],"wp:attachment":[{"href":"https:\/\/wp.ufpel.edu.br\/codin\/wp-json\/wp\/v2\/media?parent=8"}],"curies":[{"name":"wp","href":"https:\/\/api.w.org\/{rel}","templated":true}]}}