{"id":42,"date":"2022-06-07T11:36:02","date_gmt":"2022-06-07T14:36:02","guid":{"rendered":"https:\/\/wp.ufpel.edu.br\/codin\/?page_id=42"},"modified":"2022-06-15T08:59:37","modified_gmt":"2022-06-15T11:59:37","slug":"2018-2","status":"publish","type":"page","link":"https:\/\/wp.ufpel.edu.br\/codin\/editais\/2018-2\/","title":{"rendered":"2018"},"content":{"rendered":"<ul>\n<li class=\"corTexto\"><a style=\"background-color: #ffffff;\" href=\"https:\/\/wp.ufpel.edu.br\/codin\/files\/2022\/06\/Edital-COODEC-Processo-Seletivo-Especial-para-Refugiados-Senegaleses-062018.pdf\">Edital COODEC Processo Seletivo Especial para Refugiados Senegaleses 06\/2018<\/a><\/li>\n<li class=\"corTexto\"><a style=\"background-color: #ffffff;\" href=\"https:\/\/wp.ufpel.edu.br\/codin\/files\/2022\/06\/Edital-CID-Composicao-das-bancas-de-selecao-do-Processo-Seletivo-Indigenas-Aldeados-e-Quilombolas-012018.pdf\">Edital CID Composi\u00e7\u00e3o das bancas de sele\u00e7\u00e3o do Processo Seletivo Ind\u00edgenas Aldeados e Quilombolas 01\/2018<\/a><\/li>\n<\/ul>\n<p>&nbsp;<\/p>\n","protected":false},"excerpt":{"rendered":"<p>Edital COODEC Processo Seletivo Especial para Refugiados Senegaleses 06\/2018 Edital CID Composi\u00e7\u00e3o das bancas de sele\u00e7\u00e3o do Processo Seletivo Ind\u00edgenas Aldeados e Quilombolas 01\/2018 &nbsp;<\/p>\n","protected":false},"author":1237,"featured_media":0,"parent":34,"menu_order":3,"comment_status":"closed","ping_status":"closed","template":"","meta":{"footnotes":""},"class_list":["post-42","page","type-page","status-publish","hentry"],"_links":{"self":[{"href":"https:\/\/wp.ufpel.edu.br\/codin\/wp-json\/wp\/v2\/pages\/42","targetHints":{"allow":["GET"]}}],"collection":[{"href":"https:\/\/wp.ufpel.edu.br\/codin\/wp-json\/wp\/v2\/pages"}],"about":[{"href":"https:\/\/wp.ufpel.edu.br\/codin\/wp-json\/wp\/v2\/types\/page"}],"author":[{"embeddable":true,"href":"https:\/\/wp.ufpel.edu.br\/codin\/wp-json\/wp\/v2\/users\/1237"}],"replies":[{"embeddable":true,"href":"https:\/\/wp.ufpel.edu.br\/codin\/wp-json\/wp\/v2\/comments?post=42"}],"version-history":[{"count":8,"href":"https:\/\/wp.ufpel.edu.br\/codin\/wp-json\/wp\/v2\/pages\/42\/revisions"}],"predecessor-version":[{"id":138,"href":"https:\/\/wp.ufpel.edu.br\/codin\/wp-json\/wp\/v2\/pages\/42\/revisions\/138"}],"up":[{"embeddable":true,"href":"https:\/\/wp.ufpel.edu.br\/codin\/wp-json\/wp\/v2\/pages\/34"}],"wp:attachment":[{"href":"https:\/\/wp.ufpel.edu.br\/codin\/wp-json\/wp\/v2\/media?parent=42"}],"curies":[{"name":"wp","href":"https:\/\/api.w.org\/{rel}","templated":true}]}}