{"id":11,"date":"2022-06-07T08:58:13","date_gmt":"2022-06-07T11:58:13","guid":{"rendered":"https:\/\/wp.ufpel.edu.br\/codin\/?page_id=11"},"modified":"2024-07-26T15:08:05","modified_gmt":"2024-07-26T18:08:05","slug":"nugen","status":"publish","type":"page","link":"https:\/\/wp.ufpel.edu.br\/codin\/nugen\/","title":{"rendered":"NUGEN"},"content":{"rendered":"<p><strong><a href=\"https:\/\/wp.ufpel.edu.br\/nugen\/\">N\u00facleo de G\u00eanero e Diversidade<\/a><\/strong><\/p>\n<p><img class=\"alignnone size-medium wp-image-272\"  src=\"data:image\/svg+xml,%3Csvg xmlns=\"http:\/\/www.w3.org\/2000\/svg\" viewBox=\"0 0 1 1\"%3E%3C\/svg%3E\" data-src=\"https:\/\/wp.ufpel.edu.br\/codin\/files\/2024\/07\/nugen-400x400.png\" class=\"lazy-load\" loading=\"lazy\" decoding=\"async\" alt=\"\" width=\"400\" height=\"400\" \/><\/p>\n<p><span style=\"font-weight: 400;\">O N\u00facleo de G\u00eanero e Diversidade (NUGEN) faz parte da Coordena\u00e7\u00e3o de Inclus\u00e3o e Diversidade da UFPel (CODIN) e est\u00e1 diretamente vinculado ao gabinete da Reitoria. Tem como metas: planejar e executar a\u00e7\u00f5es institucionais propositivas nas frentes da den\u00fancia, da comunica\u00e7\u00e3o, da infraestrutura, da forma\u00e7\u00e3o e das pol\u00edticas afirmativas e institucionais nos campos de g\u00eanero e de diversidade sexual.<\/span><\/p>\n<h3><\/h3>\n<p><span style=\"font-weight: 400;\">Os seus objetivos est\u00e3o relacionados \u00e0 igualdade de direitos e a n\u00e3o discrimina\u00e7\u00e3o por sexo, orienta\u00e7\u00e3o sexual e identidade de g\u00eanero, sendo um n\u00facleo criado para o combate ao machismo, ao sexismo, \u00e0 misoginia e \u00e0 homolesbobitransfobia na Universidade. Nesse sentido o NUGEN prima pela sua vincula\u00e7\u00e3o com o ensino universit\u00e1rio p\u00fablico, bem como com a rede de servi\u00e7os p\u00fablicos que atendem a sociedade, al\u00e9m da sua parceria com as organiza\u00e7\u00f5es da sociedade civil e, principalmente, com os movimentos sociais.<\/span><\/p>\n<h3><\/h3>\n<p><span style=\"font-weight: 400;\">O NUGEN est\u00e1 vinculado a a\u00e7\u00f5es dentro e fora da universidade, a fim de ampliar as potencialidades de um n\u00facleo essencial para o funcionamento da universidade e no trabalho direcionado \u00e0s mulheres e a popula\u00e7\u00e3o LGBTQIA+. Atualmente o n\u00facleo possui um projeto de pesquisa e extens\u00e3o chamado Aqualtune Nibi, que tem como objetivo promover um espa\u00e7o de discuss\u00e3o e reflex\u00e3o que re\u00fana diferentes perspectivas te\u00f3ricas e pol\u00edticas em torno do antirracismo, feminismo negro e mulherismo africano. Al\u00e9m disso, tamb\u00e9m possui um programa de extens\u00e3o na Casa de Viv\u00eancias Culturais OCA, que \u00e9 um espa\u00e7o aberto \u00e0 universidade para produ\u00e7\u00e3o cultural e art\u00edstica.\u00a0 O NUGEN nasce a partir das diferen\u00e7as!<\/span><\/p>\n<h3>Chefia: Janaize Batalha Neves<\/h3>\n<p><span style=\"font-weight: 400;\">Como entrar em contato com o NUGEN?<\/span><\/p>\n<h3><\/h3>\n<p><span style=\"font-weight: 400;\">Instagram: @nugenufpel_<\/span><\/p>\n<p><span style=\"font-weight: 400;\">Facebook: Nugen UFPEL<\/span><\/p>\n<p><span style=\"font-weight: 400;\">E-mail: nugen@ufpel.edu.br<\/span><\/p>\n<p><span style=\"font-weight: 400;\">Telefone (whatsapp): (53) 981353444<\/span><\/p>\n<p>Site:\u00a0<a href=\"https:\/\/wp.ufpel.edu.br\/nugen\/\">Site NUGEN<\/a><\/p>\n","protected":false},"excerpt":{"rendered":"<p>N\u00facleo de G\u00eanero e Diversidade O N\u00facleo de G\u00eanero e Diversidade (NUGEN) faz parte da Coordena\u00e7\u00e3o de Inclus\u00e3o e Diversidade da UFPel (CODIN) e est\u00e1 diretamente vinculado ao gabinete da Reitoria. Tem como metas: planejar e executar a\u00e7\u00f5es institucionais propositivas nas frentes da den\u00fancia, da comunica\u00e7\u00e3o, da infraestrutura, da forma\u00e7\u00e3o e das pol\u00edticas afirmativas e [&hellip;]<\/p>\n","protected":false},"author":1237,"featured_media":272,"parent":0,"menu_order":0,"comment_status":"closed","ping_status":"closed","template":"","meta":{"footnotes":""},"class_list":["post-11","page","type-page","status-publish","has-post-thumbnail","hentry"],"_links":{"self":[{"href":"https:\/\/wp.ufpel.edu.br\/codin\/wp-json\/wp\/v2\/pages\/11","targetHints":{"allow":["GET"]}}],"collection":[{"href":"https:\/\/wp.ufpel.edu.br\/codin\/wp-json\/wp\/v2\/pages"}],"about":[{"href":"https:\/\/wp.ufpel.edu.br\/codin\/wp-json\/wp\/v2\/types\/page"}],"author":[{"embeddable":true,"href":"https:\/\/wp.ufpel.edu.br\/codin\/wp-json\/wp\/v2\/users\/1237"}],"replies":[{"embeddable":true,"href":"https:\/\/wp.ufpel.edu.br\/codin\/wp-json\/wp\/v2\/comments?post=11"}],"version-history":[{"count":7,"href":"https:\/\/wp.ufpel.edu.br\/codin\/wp-json\/wp\/v2\/pages\/11\/revisions"}],"predecessor-version":[{"id":281,"href":"https:\/\/wp.ufpel.edu.br\/codin\/wp-json\/wp\/v2\/pages\/11\/revisions\/281"}],"wp:featuredmedia":[{"embeddable":true,"href":"https:\/\/wp.ufpel.edu.br\/codin\/wp-json\/wp\/v2\/media\/272"}],"wp:attachment":[{"href":"https:\/\/wp.ufpel.edu.br\/codin\/wp-json\/wp\/v2\/media?parent=11"}],"curies":[{"name":"wp","href":"https:\/\/api.w.org\/{rel}","templated":true}]}}