{"id":7,"date":"2017-08-25T14:19:34","date_gmt":"2017-08-25T17:19:34","guid":{"rendered":"https:\/\/wp.ufpel.edu.br\/coctec\/?page_id=7"},"modified":"2017-10-17T12:50:29","modified_gmt":"2017-10-17T14:50:29","slug":"historico","status":"publish","type":"page","link":"https:\/\/wp.ufpel.edu.br\/coctec\/historico\/","title":{"rendered":"Hist\u00f3rico"},"content":{"rendered":"<p>&nbsp;<\/p>\n<p><span style=\"font-size: 18pt\"><b>Conhe\u00e7a um pouco da <em>hist\u00f3ria<\/em> do CoCTec<\/b><\/span><\/p>\n<p style=\"text-align: justify\"><span style=\"font-weight: 400\"><img data-recalc-dims=\"1\" data-attachment-id=\"148\" data-permalink=\"https:\/\/wp.ufpel.edu.br\/coctec\/historico\/logo-coctec\/\" data-orig-file=\"https:\/\/i0.wp.com\/wp.ufpel.edu.br\/coctec\/files\/2017\/08\/Logo-CoCTec.jpg?fit=606%2C475&amp;ssl=1\" data-orig-size=\"606,475\" data-comments-opened=\"0\" data-image-meta=\"{&quot;aperture&quot;:&quot;0&quot;,&quot;credit&quot;:&quot;Carol Rodeghiero&quot;,&quot;camera&quot;:&quot;&quot;,&quot;caption&quot;:&quot;&quot;,&quot;created_timestamp&quot;:&quot;1501538086&quot;,&quot;copyright&quot;:&quot;&quot;,&quot;focal_length&quot;:&quot;0&quot;,&quot;iso&quot;:&quot;0&quot;,&quot;shutter_speed&quot;:&quot;0&quot;,&quot;title&quot;:&quot;&quot;,&quot;orientation&quot;:&quot;0&quot;}\" data-image-title=\"Logo CoCTec\" data-image-description=\"\" data-image-caption=\"\" data-medium-file=\"https:\/\/i0.wp.com\/wp.ufpel.edu.br\/coctec\/files\/2017\/08\/Logo-CoCTec.jpg?fit=400%2C314&amp;ssl=1\" data-large-file=\"https:\/\/i0.wp.com\/wp.ufpel.edu.br\/coctec\/files\/2017\/08\/Logo-CoCTec.jpg?fit=606%2C475&amp;ssl=1\" class=\" wp-image-148 alignleft\" src=\"https:\/\/i0.wp.com\/wp.ufpel.edu.br\/coctec\/files\/2017\/08\/Logo-CoCTec.jpg?resize=312%2C245&#038;ssl=1\" alt=\"\" width=\"312\" height=\"245\" srcset=\"https:\/\/i0.wp.com\/wp.ufpel.edu.br\/coctec\/files\/2017\/08\/Logo-CoCTec.jpg?resize=400%2C314&amp;ssl=1 400w, https:\/\/i0.wp.com\/wp.ufpel.edu.br\/coctec\/files\/2017\/08\/Logo-CoCTec.jpg?w=606&amp;ssl=1 606w\" sizes=\"(max-width: 312px) 100vw, 312px\" \/>A partir da experi\u00eancia e <\/span><i><span style=\"font-weight: 400\">know-how<\/span><\/i><span style=\"font-weight: 400\"> desenvolvidos ao longo dos \u00faltimos \u00a0dez anos, o CoCTec, sob a lideran\u00e7a da profa. Dra. Ros\u00e1ria Ilgenfritz Sperotto, prop\u00f5e o desenvolvimento de um projeto de pesquisa, ensino e extens\u00e3o inovador. O CoCTec, por meio da pr\u00e1tica de pesquisa problematiza e experimenta \u00a0estrat\u00e9gias de interven\u00e7\u00e3o comprometidas com os recursos que se materializam no viver e no conviver, \u201cbuscando as melhores pr\u00e1ticas\u201d, atentando para a efetiva\u00e7\u00e3o de uma educa\u00e7\u00e3o \u00a0presentificada que contempla as plurais demandas, cada vez mais ligadas \u00e0 tecnologia, \u00a0caracter\u00edsticas que precisam estar presentes nos projetos de capacita\u00e7\u00e3o na Am\u00e9rica Latina e na \u00c1frica.<\/span><\/p>\n<p style=\"text-align: justify\"><span style=\"font-weight: 400\">Em 2015, o grupo de Ensino, Pesquisa e Extens\u00e3o Comunica\u00e7\u00e3o, Cultura e Tecnologias (CoCTec), da Universidade Federal de Pelotas, iniciou o projeto para a forma\u00e7\u00e3o de professores de ensino b\u00e1sico em programa\u00e7\u00e3o e rob\u00f3tica, com o objetivo de criar uma rede de clubes de computa\u00e7\u00e3o na cidade de Pelotas, Rio Grande do Sul, Brasil. Em 2016 o grupo ofertou um curso semi-presencial onde professores de diferentes disciplinas de escolas municipais, estaduais e outros profissionais do ensino tiveram acesso a linguagem de programa\u00e7\u00e3o Scratch e oficinas de rob\u00f3tica educacional com LEGO e Arduino. Dos 43 professores que tiveram acesso a este desenvolvimento pedag\u00f3gico, quatro educadores deram in\u00edcio a clubes de computa\u00e7\u00e3o em suas institui\u00e7\u00f5es de ensino. Alguns gerenciando mais de um grupo, Pelotas conta atualmente com 10 clubes de programa\u00e7\u00e3o e rob\u00f3tica na rede p\u00fablica de ensino, um deles localizado em uma escola para estudantes quilombolas, na zona rural.<\/span><\/p>\n<div id=\"attachment_87\" style=\"width: 263px\" class=\"wp-caption alignright\"><img data-recalc-dims=\"1\" aria-describedby=\"caption-attachment-87\" data-attachment-id=\"87\" data-permalink=\"https:\/\/wp.ufpel.edu.br\/coctec\/projetos\/logo-rbac\/\" data-orig-file=\"https:\/\/i0.wp.com\/wp.ufpel.edu.br\/coctec\/files\/2017\/08\/Logo-RBAC.jpg?fit=773%2C545&amp;ssl=1\" data-orig-size=\"773,545\" data-comments-opened=\"0\" data-image-meta=\"{&quot;aperture&quot;:&quot;0&quot;,&quot;credit&quot;:&quot;Carol Rodeghiero&quot;,&quot;camera&quot;:&quot;&quot;,&quot;caption&quot;:&quot;&quot;,&quot;created_timestamp&quot;:&quot;1507886834&quot;,&quot;copyright&quot;:&quot;&quot;,&quot;focal_length&quot;:&quot;0&quot;,&quot;iso&quot;:&quot;0&quot;,&quot;shutter_speed&quot;:&quot;0&quot;,&quot;title&quot;:&quot;&quot;,&quot;orientation&quot;:&quot;0&quot;}\" data-image-title=\"Logo RBAC\" data-image-description=\"\" data-image-caption=\"\" data-medium-file=\"https:\/\/i0.wp.com\/wp.ufpel.edu.br\/coctec\/files\/2017\/08\/Logo-RBAC.jpg?fit=400%2C282&amp;ssl=1\" data-large-file=\"https:\/\/i0.wp.com\/wp.ufpel.edu.br\/coctec\/files\/2017\/08\/Logo-RBAC.jpg?fit=773%2C545&amp;ssl=1\" class=\"wp-image-87\" src=\"https:\/\/i0.wp.com\/wp.ufpel.edu.br\/coctec\/files\/2017\/08\/Logo-RBAC.jpg?resize=253%2C179&#038;ssl=1\" alt=\"\" width=\"253\" height=\"179\" srcset=\"https:\/\/i0.wp.com\/wp.ufpel.edu.br\/coctec\/files\/2017\/08\/Logo-RBAC.jpg?resize=400%2C282&amp;ssl=1 400w, https:\/\/i0.wp.com\/wp.ufpel.edu.br\/coctec\/files\/2017\/08\/Logo-RBAC.jpg?resize=768%2C541&amp;ssl=1 768w, https:\/\/i0.wp.com\/wp.ufpel.edu.br\/coctec\/files\/2017\/08\/Logo-RBAC.jpg?w=773&amp;ssl=1 773w\" sizes=\"(max-width: 253px) 100vw, 253px\" \/><p id=\"caption-attachment-87\" class=\"wp-caption-text\">aprendizagemcriativa.org<\/p><\/div>\n<p style=\"text-align: justify\"><span style=\"font-weight: 400\">Em sintonia com a Rede Brasileira de Aprendizagem Criativa, a dire\u00e7\u00e3o e bolsistas do CoCTec re\u00fanem-se quinzenalmente com os professores da rede de clubes, a fim de alinhar com o grupo o trabalho que est\u00e1 sendo realizado, trocar experi\u00eancias \u00a0tanto da rede quanto do pr\u00f3prio grupo de pesquisa, e oferecer novas atividades de desenvolvimento pedag\u00f3gico referentes ao trabalho com Scratch e computa\u00e7\u00e3o f\u00edsica. Esta comunica\u00e7\u00e3o constante com a rede, que \u00e9 realizada periodicamente presencialmente e constantemente por grupos de e-mail e Whatsapp, permite n\u00e3o s\u00f3 o acompanhamento do que est\u00e1 sendo realizado nas escolas, mas tamb\u00e9m sua constante evolu\u00e7\u00e3o e constru\u00e7\u00e3o enquanto rede de aprendizagem.<\/span><\/p>\n<p style=\"text-align: justify\"><span style=\"font-weight: 400\">Iniciar um projeto como a rede de clubes de computa\u00e7\u00e3o pela forma\u00e7\u00e3o de professores caracteriza o trabalho que o CoCTec vem realizando ao longo dos anos, pensando na sustentabilidade das a\u00e7\u00f5es que s\u00e3o propostas e realizadas pelo grupo ao alinhar educadores na cria\u00e7\u00e3o de espa\u00e7os e oportunidades para aprendizagem significativa baseada em projetos, reiterando o papel do professor enquanto facilitador da aprendizagem, motivando estudantes a gerenciar seu desenvolvimento cognitivo.<\/span><\/p>\n<p>&nbsp;<\/p>\n<p style=\"text-align: justify\"><span style=\"font-weight: 400\"><span style=\"font-size: 24px\"><b>Internacionaliza\u00e7\u00e3o<\/b><\/span><\/span><\/p>\n<p style=\"text-align: justify\"><span style=\"font-weight: 400\"><i>Coopera\u00e7\u00e3o internacional com universidades de <\/i><\/span><b><i>Mo\u00e7ambique<\/i><\/b><i> e\u00a0<\/i><b><i>\u00c1frica do Sul<\/i><\/b><\/p>\n<div id=\"attachment_143\" style=\"width: 410px\" class=\"wp-caption alignleft\"><img data-recalc-dims=\"1\" aria-describedby=\"caption-attachment-143\" data-attachment-id=\"143\" data-permalink=\"https:\/\/wp.ufpel.edu.br\/coctec\/historico\/attachment\/4\/\" data-orig-file=\"https:\/\/i0.wp.com\/wp.ufpel.edu.br\/coctec\/files\/2017\/08\/4.jpg?fit=1280%2C847&amp;ssl=1\" data-orig-size=\"1280,847\" data-comments-opened=\"0\" data-image-meta=\"{&quot;aperture&quot;:&quot;0&quot;,&quot;credit&quot;:&quot;&quot;,&quot;camera&quot;:&quot;&quot;,&quot;caption&quot;:&quot;&quot;,&quot;created_timestamp&quot;:&quot;0&quot;,&quot;copyright&quot;:&quot;&quot;,&quot;focal_length&quot;:&quot;0&quot;,&quot;iso&quot;:&quot;0&quot;,&quot;shutter_speed&quot;:&quot;0&quot;,&quot;title&quot;:&quot;&quot;,&quot;orientation&quot;:&quot;0&quot;}\" data-image-title=\"4\" data-image-description=\"\" data-image-caption=\"\" data-medium-file=\"https:\/\/i0.wp.com\/wp.ufpel.edu.br\/coctec\/files\/2017\/08\/4.jpg?fit=400%2C265&amp;ssl=1\" data-large-file=\"https:\/\/i0.wp.com\/wp.ufpel.edu.br\/coctec\/files\/2017\/08\/4.jpg?fit=1024%2C678&amp;ssl=1\" class=\"wp-image-143 size-medium\" src=\"https:\/\/i0.wp.com\/wp.ufpel.edu.br\/coctec\/files\/2017\/08\/4.jpg?resize=400%2C265&#038;ssl=1\" alt=\"\" width=\"400\" height=\"265\" srcset=\"https:\/\/i0.wp.com\/wp.ufpel.edu.br\/coctec\/files\/2017\/08\/4.jpg?resize=400%2C265&amp;ssl=1 400w, https:\/\/i0.wp.com\/wp.ufpel.edu.br\/coctec\/files\/2017\/08\/4.jpg?resize=768%2C508&amp;ssl=1 768w, https:\/\/i0.wp.com\/wp.ufpel.edu.br\/coctec\/files\/2017\/08\/4.jpg?resize=1024%2C678&amp;ssl=1 1024w, https:\/\/i0.wp.com\/wp.ufpel.edu.br\/coctec\/files\/2017\/08\/4.jpg?w=1280&amp;ssl=1 1280w\" sizes=\"(max-width: 400px) 100vw, 400px\" \/><p id=\"caption-attachment-143\" class=\"wp-caption-text\">Foto: Antoniela Rodriguez.<\/p><\/div>\n<p style=\"text-align: justify\"><span style=\"font-weight: 400\">Desde 2013, o grupo de pesquisa mant\u00e9m coopera\u00e7\u00e3o internacional com a Faculdade de Educa\u00e7\u00e3o da Universidade Eduardo Mondlane, de Mo\u00e7ambique, levando estudantes das mais diversas \u00e1reas da UFPel a capacitar outros universit\u00e1rios em m\u00eddias para a Educa\u00e7\u00e3o, e recebendo p\u00f3s-graduandos do pa\u00eds em disciplinas e projetos da nossa pesquisa. Ao todo, 27 discentes ou docentes participaram desta iniciativa de internacionaliza\u00e7\u00e3o, atingindo programas de gradua\u00e7\u00e3o e p\u00f3s-gradua\u00e7\u00e3o em Jornalismo (3), \u00a0Artes Visuais(2), Administra\u00e7\u00e3o(1), Cinema (1) Educa\u00e7\u00e3o Ambiental (4), Gest\u00e3o da Educa\u00e7\u00e3o(1), mestrandos da \u00e1rea Educa\u00e7\u00e3o (2), doutorandos (5) e 4 professores (2 da UEM e 2 da UFPel). Em cinco anos de trabalho para o desenvolvimento pedag\u00f3gico de alunos e alunas da universidade do continente africano, o programa PROMIDIAS serviu de inspira\u00e7\u00e3o para a cria\u00e7\u00e3o da rede de clubes de computa\u00e7\u00e3o.<\/span><\/p>\n<p style=\"text-align: justify\"><span style=\"font-weight: 400\">Atualmente o CoCTec est\u00e1 em negocia\u00e7\u00e3o com a Universidade Pedag\u00f3gica (UP) de Maputo, Mo\u00e7ambique, com a Tswane University of Technology (TUT), Pret\u00f3ria, e a Greater Tzaneen Community Foundation (GTCF), Tzaneen, \u00c1frica do Sul. Enquanto funda\u00e7\u00e3o que objetiva desenvolver jovens negros de zonas rurais do pa\u00eds, a GTCF promoveu junto \u00e0 UFPel e a UP um curso intensivo de programa\u00e7\u00e3o e rob\u00f3tica para jovens da TUT e desempregados de comunidades rurais locais em setembro de 2017. O curso de rob\u00f3tica educacional foi desenvolvido pela equipe do CoCTec, composta por duas professoras e dois alunos representando as engenharias Eletr\u00f4nica e Automa\u00e7\u00e3o e Controle. O resultado do trabalho permitiu ao grupo avaliar a metodologia e log\u00edstica empregada nas aulas, a fim de planejar um curso de longa dura\u00e7\u00e3o para o ano de 2018, parte do acordo entre as institui\u00e7\u00f5es sul africanas e a UFPel. <\/span><\/p>\n<p style=\"text-align: justify\"><span style=\"font-weight: 400\">Devido aos diferentes contextos cultural e s\u00f3cio-econ\u00f4micos, todos os projetos se deram de formas distintas. No entanto, cada um em seu prop\u00f3sito cient\u00edfico atende direta e indiretamente a p\u00fablicos que demandam viver a educa\u00e7\u00e3o de forma criativa e com o suporte das tecnologias. Enquanto entendemos o impacto da forma\u00e7\u00e3o de professores de escolas p\u00fablicas pelotenses no desenvolvimento educacional de crian\u00e7as e jovens em idade escolar, percebemos que o continente africano, mais especificamente a cidade de Maputo em Mo\u00e7ambique e zonas rurais de Tzaneen na \u00c1frica do Sul, carecem ainda de infraestrutura para a forma\u00e7\u00e3o dentro da pr\u00f3pria universidade. Tecnologias digitais como meio de aprendizagem n\u00e3o est\u00e3o presentes no curr\u00edculo ou em ambientes informais da mesma forma em que fazem parte de boa parte das universidades e da rotina de estudantes brasileiros. <\/span><\/p>\n<p>&nbsp;<\/p>\n","protected":false},"excerpt":{"rendered":"<p>&nbsp; Conhe\u00e7a um pouco da hist\u00f3ria do CoCTec A partir da experi\u00eancia e know-how desenvolvidos ao longo dos \u00faltimos \u00a0dez anos, o CoCTec, sob a lideran\u00e7a da profa. Dra. Ros\u00e1ria Ilgenfritz Sperotto, prop\u00f5e o desenvolvimento de um projeto de pesquisa, ensino e extens\u00e3o inovador. O CoCTec, por meio da pr\u00e1tica de pesquisa problematiza e experimenta [&hellip;]<\/p>\n","protected":false},"author":786,"featured_media":0,"parent":0,"menu_order":3,"comment_status":"closed","ping_status":"closed","template":"","meta":{"jetpack_post_was_ever_published":false,"footnotes":""},"class_list":["post-7","page","type-page","status-publish","hentry"],"jetpack_sharing_enabled":true,"jetpack_shortlink":"https:\/\/wp.me\/P9i9If-7","jetpack_likes_enabled":true,"jetpack-related-posts":[],"_links":{"self":[{"href":"https:\/\/wp.ufpel.edu.br\/coctec\/wp-json\/wp\/v2\/pages\/7","targetHints":{"allow":["GET"]}}],"collection":[{"href":"https:\/\/wp.ufpel.edu.br\/coctec\/wp-json\/wp\/v2\/pages"}],"about":[{"href":"https:\/\/wp.ufpel.edu.br\/coctec\/wp-json\/wp\/v2\/types\/page"}],"author":[{"embeddable":true,"href":"https:\/\/wp.ufpel.edu.br\/coctec\/wp-json\/wp\/v2\/users\/786"}],"replies":[{"embeddable":true,"href":"https:\/\/wp.ufpel.edu.br\/coctec\/wp-json\/wp\/v2\/comments?post=7"}],"version-history":[{"count":9,"href":"https:\/\/wp.ufpel.edu.br\/coctec\/wp-json\/wp\/v2\/pages\/7\/revisions"}],"predecessor-version":[{"id":151,"href":"https:\/\/wp.ufpel.edu.br\/coctec\/wp-json\/wp\/v2\/pages\/7\/revisions\/151"}],"wp:attachment":[{"href":"https:\/\/wp.ufpel.edu.br\/coctec\/wp-json\/wp\/v2\/media?parent=7"}],"curies":[{"name":"wp","href":"https:\/\/api.w.org\/{rel}","templated":true}]}}