{"id":23,"date":"2017-08-25T14:24:01","date_gmt":"2017-08-25T17:24:01","guid":{"rendered":"https:\/\/wp.ufpel.edu.br\/coctec\/?page_id=23"},"modified":"2017-11-29T14:56:58","modified_gmt":"2017-11-29T16:56:58","slug":"clubes-de-computacao","status":"publish","type":"page","link":"https:\/\/wp.ufpel.edu.br\/coctec\/clubes-de-computacao\/","title":{"rendered":"Clubes de computa\u00e7\u00e3o"},"content":{"rendered":"<p style=\"text-align: justify\"><span style=\"color: #333333\">A<\/span> <span style=\"color: #99cc00\"><strong><span style=\"font-size: 14pt\">Rede de Clubes de Computa\u00e7\u00e3o<\/span><\/strong> <\/span><span style=\"color: #333333\">\u00e9 uma iniciativa do <span style=\"font-size: 12pt\"><strong>Grupo de Pesquisa CoCTec &#8211; UFPel<\/strong> <\/span>para a dissemina\u00e7\u00e3o do <em>Pensamento Computacional <\/em>e <em>Aprendizagem Criativa <\/em>para crian\u00e7as e jovens estudantes.<\/span><\/p>\n<div id=\"attachment_485\" style=\"width: 210px\" class=\"wp-caption alignleft\"><img data-recalc-dims=\"1\" aria-describedby=\"caption-attachment-485\" data-attachment-id=\"485\" data-permalink=\"https:\/\/wp.ufpel.edu.br\/coctec\/clubes-de-computacao\/img_1541\/\" data-orig-file=\"https:\/\/i0.wp.com\/wp.ufpel.edu.br\/coctec\/files\/2017\/11\/IMG_1541.jpg?fit=3264%2C2448&amp;ssl=1\" data-orig-size=\"3264,2448\" data-comments-opened=\"0\" data-image-meta=\"{&quot;aperture&quot;:&quot;2.2&quot;,&quot;credit&quot;:&quot;&quot;,&quot;camera&quot;:&quot;iPhone 5s&quot;,&quot;caption&quot;:&quot;&quot;,&quot;created_timestamp&quot;:&quot;1480691931&quot;,&quot;copyright&quot;:&quot;&quot;,&quot;focal_length&quot;:&quot;4.15&quot;,&quot;iso&quot;:&quot;320&quot;,&quot;shutter_speed&quot;:&quot;0.041666666666667&quot;,&quot;title&quot;:&quot;&quot;,&quot;orientation&quot;:&quot;1&quot;}\" data-image-title=\"IMG_1541\" data-image-description=\"\" data-image-caption=\"\" data-medium-file=\"https:\/\/i0.wp.com\/wp.ufpel.edu.br\/coctec\/files\/2017\/11\/IMG_1541.jpg?fit=400%2C300&amp;ssl=1\" data-large-file=\"https:\/\/i0.wp.com\/wp.ufpel.edu.br\/coctec\/files\/2017\/11\/IMG_1541.jpg?fit=1024%2C768&amp;ssl=1\" class=\"wp-image-485 size-thumbnail\" src=\"https:\/\/i0.wp.com\/wp.ufpel.edu.br\/coctec\/files\/2017\/11\/IMG_1541.jpg?resize=200%2C200&#038;ssl=1\" alt=\"\" width=\"200\" height=\"200\" srcset=\"https:\/\/i0.wp.com\/wp.ufpel.edu.br\/coctec\/files\/2017\/11\/IMG_1541.jpg?resize=200%2C200&amp;ssl=1 200w, https:\/\/i0.wp.com\/wp.ufpel.edu.br\/coctec\/files\/2017\/11\/IMG_1541.jpg?zoom=2&amp;resize=200%2C200&amp;ssl=1 400w, https:\/\/i0.wp.com\/wp.ufpel.edu.br\/coctec\/files\/2017\/11\/IMG_1541.jpg?zoom=3&amp;resize=200%2C200&amp;ssl=1 600w\" sizes=\"(max-width: 200px) 100vw, 200px\" \/><p id=\"caption-attachment-485\" class=\"wp-caption-text\">Rob\u00f3tica Educacional no Clube Piloto<\/p><\/div>\n<p style=\"text-align: justify\"><span style=\"color: #333333\">Atualmente, o projeto \u00e9 realizado em <strong>cinco escolas municipais de Pelotas<\/strong>, com o apoio da <em>Prefeitura<\/em>\u00a0<em>Municipal<\/em> por meio da <em>Secretaria Municipal de Educa\u00e7\u00e3o (SMED)<\/em> com o <em>Centro Tecnol\u00f3gico Educacional de Pelotas\u00a0(CETEP)<\/em>, e est\u00e1 em fase de implementa\u00e7\u00e3o na escola municipal rural e multisseriada Maur\u00edcio Cardoso de <em>S\u00e3o Louren\u00e7o do Sul<\/em>. O Projeto iniciou em <strong>2015<\/strong>, quando o <em>CoCTec <\/em>deu in\u00edcio a forma\u00e7\u00e3o de professores da rede p\u00fablica (municipal e estadual) em <em>programa\u00e7\u00e3o em blocos<\/em> e <em>Rob\u00f3tica Educacional (RE)<\/em>.<\/span><\/p>\n<p style=\"text-align: justify\"><span style=\"color: #333333\">Em 2016, o CoCTec promoveu o <strong>Clube de Computa\u00e7\u00e3o CoCTec<\/strong>, projeto piloto cujo objetivo foi testar metodologias para o ensino e aprendizagem de programa\u00e7\u00e3o e RE para alunos das escolas p\u00fablicas. Foi a partir do trabalho de professores e alunos da UFPel com participantes do Clube Piloto que aprimoramos a metodologia do pr\u00f3prio curso de forma\u00e7\u00e3o de professores em <em>2016<\/em>.<\/span><\/p>\n<p style=\"text-align: justify\"><span style=\"color: #333333\">Sob a lideran\u00e7a de professores da rede municipal que tiveram a forma\u00e7\u00e3o realizada pela UFPel, temos atualmente <strong>10 clubes de computa\u00e7\u00e3o<\/strong> em escolas p\u00fablicas de Pelotas, incluindo uma institui\u00e7\u00e3o de ensino para alunos quilombolas e na zona rural da cidade. Al\u00e9m disso, h\u00e1 um clube de monitores, em que os participantes s\u00e3o alunos da pr\u00f3pria escola por\u00e9m com mais experi\u00eancia em programa\u00e7\u00e3o, e um clube de multiplicadores, formado por mestrandos do Programa de P\u00f3s-Gradua\u00e7\u00e3o em Ensino de Ci\u00eancias e Matem\u00e1tica da UFPel.<\/span><\/p>\n<div id=\"attachment_484\" style=\"width: 210px\" class=\"wp-caption alignright\"><a href=\"https:\/\/i0.wp.com\/wp.ufpel.edu.br\/coctec\/files\/2017\/11\/DSC0786.jpg?ssl=1\"><img data-recalc-dims=\"1\" aria-describedby=\"caption-attachment-484\" data-attachment-id=\"484\" data-permalink=\"https:\/\/wp.ufpel.edu.br\/coctec\/clubes-de-computacao\/_dsc0786\/\" data-orig-file=\"https:\/\/i0.wp.com\/wp.ufpel.edu.br\/coctec\/files\/2017\/11\/DSC0786.jpg?fit=3696%2C2448&amp;ssl=1\" data-orig-size=\"3696,2448\" data-comments-opened=\"0\" data-image-meta=\"{&quot;aperture&quot;:&quot;4&quot;,&quot;credit&quot;:&quot;&quot;,&quot;camera&quot;:&quot;NIKON D5100&quot;,&quot;caption&quot;:&quot;&quot;,&quot;created_timestamp&quot;:&quot;1481278650&quot;,&quot;copyright&quot;:&quot;&quot;,&quot;focal_length&quot;:&quot;35&quot;,&quot;iso&quot;:&quot;800&quot;,&quot;shutter_speed&quot;:&quot;0.016666666666667&quot;,&quot;title&quot;:&quot;&quot;,&quot;orientation&quot;:&quot;1&quot;}\" data-image-title=\"_DSC0786\" data-image-description=\"\" data-image-caption=\"\" data-medium-file=\"https:\/\/i0.wp.com\/wp.ufpel.edu.br\/coctec\/files\/2017\/11\/DSC0786.jpg?fit=400%2C265&amp;ssl=1\" data-large-file=\"https:\/\/i0.wp.com\/wp.ufpel.edu.br\/coctec\/files\/2017\/11\/DSC0786.jpg?fit=1024%2C678&amp;ssl=1\" class=\"wp-image-484 size-thumbnail\" src=\"https:\/\/i0.wp.com\/wp.ufpel.edu.br\/coctec\/files\/2017\/11\/DSC0786.jpg?resize=200%2C200&#038;ssl=1\" alt=\"\" width=\"200\" height=\"200\" srcset=\"https:\/\/i0.wp.com\/wp.ufpel.edu.br\/coctec\/files\/2017\/11\/DSC0786.jpg?resize=200%2C200&amp;ssl=1 200w, https:\/\/i0.wp.com\/wp.ufpel.edu.br\/coctec\/files\/2017\/11\/DSC0786.jpg?zoom=2&amp;resize=200%2C200&amp;ssl=1 400w, https:\/\/i0.wp.com\/wp.ufpel.edu.br\/coctec\/files\/2017\/11\/DSC0786.jpg?zoom=3&amp;resize=200%2C200&amp;ssl=1 600w\" sizes=\"(max-width: 200px) 100vw, 200px\" \/><\/a><p id=\"caption-attachment-484\" class=\"wp-caption-text\">Clube de Computa\u00e7\u00e3o CoCTec em 2016<\/p><\/div>\n<p style=\"text-align: justify\"><span style=\"color: #333333\">O <strong>CoCTec<\/strong> tem como seu principal projeto a <strong>Rede de Clubes de Computa\u00e7\u00e3o<\/strong>, para a qual coordena as atividades pedag\u00f3gicas, especialmente na manuten\u00e7\u00e3o do desenvolvimento de professores e na implementa\u00e7\u00e3o de atividades que incluam a <em>Aprendizagem Criativa<\/em> com a dissemina\u00e7\u00e3o do <em>Pensamento Computacional <\/em>inclusive sem o uso de computadores (desplugadas). Do projeto participam docentes e discentes de diversas \u00e1reas da UFPel, incluindo p\u00f3s-graduandos e graduandos bolsistas e volunt\u00e1rios.<\/span><\/p>\n<p style=\"text-align: justify\"><span style=\"color: #333333\">Se voc\u00ea trabalha em escolas de Pelotas e da Regi\u00e3o, e <strong>gostaria de criar um clube em sua institui\u00e7\u00e3o<\/strong>, converse com o <em>CoCTec <\/em>para saber como podemos dar suporte a esta realiza\u00e7\u00e3o. Ou ainda, se voc\u00ea quer <strong>implementar projetos semelhantes em qualquer regi\u00e3o do Brasil<\/strong>, estamos abertos a conversar para contar nossa experi\u00eancia e te ajudar no planejamento deste trabalho.<\/span><\/p>\n<p style=\"text-align: justify\"><strong><span style=\"color: #333333\">Entre em <a style=\"color: #333333\" href=\"https:\/\/wp.ufpel.edu.br\/coctec\/contato\/\">contato<\/a> conos<\/span>co!<\/strong><\/p>\n<p>&nbsp;<\/p>\n<p style=\"text-align: center\"><span style=\"font-size: 18pt\"><strong>CLUBES DE COMPUTA\u00c7\u00c3O\u00a0<\/strong><\/span><\/p>\n<div id=\"attachment_238\" style=\"width: 410px\" class=\"wp-caption alignleft\"><img data-recalc-dims=\"1\" aria-describedby=\"caption-attachment-238\" data-attachment-id=\"238\" data-permalink=\"https:\/\/wp.ufpel.edu.br\/coctec\/clubes-de-computacao\/whatsapp-image-2017-10-13-at-12-44-32\/\" data-orig-file=\"https:\/\/i0.wp.com\/wp.ufpel.edu.br\/coctec\/files\/2017\/08\/WhatsApp-Image-2017-10-13-at-12.44.32.jpeg?fit=1280%2C720&amp;ssl=1\" data-orig-size=\"1280,720\" data-comments-opened=\"0\" data-image-meta=\"{&quot;aperture&quot;:&quot;0&quot;,&quot;credit&quot;:&quot;&quot;,&quot;camera&quot;:&quot;&quot;,&quot;caption&quot;:&quot;&quot;,&quot;created_timestamp&quot;:&quot;0&quot;,&quot;copyright&quot;:&quot;&quot;,&quot;focal_length&quot;:&quot;0&quot;,&quot;iso&quot;:&quot;0&quot;,&quot;shutter_speed&quot;:&quot;0&quot;,&quot;title&quot;:&quot;&quot;,&quot;orientation&quot;:&quot;0&quot;}\" data-image-title=\"WhatsApp Image 2017-10-13 at 12.44.32\" data-image-description=\"\" data-image-caption=\"\" data-medium-file=\"https:\/\/i0.wp.com\/wp.ufpel.edu.br\/coctec\/files\/2017\/08\/WhatsApp-Image-2017-10-13-at-12.44.32.jpeg?fit=400%2C225&amp;ssl=1\" data-large-file=\"https:\/\/i0.wp.com\/wp.ufpel.edu.br\/coctec\/files\/2017\/08\/WhatsApp-Image-2017-10-13-at-12.44.32.jpeg?fit=1024%2C576&amp;ssl=1\" class=\"wp-image-238 size-medium\" src=\"https:\/\/i0.wp.com\/wp.ufpel.edu.br\/coctec\/files\/2017\/08\/WhatsApp-Image-2017-10-13-at-12.44.32.jpeg?resize=400%2C225&#038;ssl=1\" alt=\"\" width=\"400\" height=\"225\" srcset=\"https:\/\/i0.wp.com\/wp.ufpel.edu.br\/coctec\/files\/2017\/08\/WhatsApp-Image-2017-10-13-at-12.44.32.jpeg?resize=400%2C225&amp;ssl=1 400w, https:\/\/i0.wp.com\/wp.ufpel.edu.br\/coctec\/files\/2017\/08\/WhatsApp-Image-2017-10-13-at-12.44.32.jpeg?resize=768%2C432&amp;ssl=1 768w, https:\/\/i0.wp.com\/wp.ufpel.edu.br\/coctec\/files\/2017\/08\/WhatsApp-Image-2017-10-13-at-12.44.32.jpeg?resize=1024%2C576&amp;ssl=1 1024w, https:\/\/i0.wp.com\/wp.ufpel.edu.br\/coctec\/files\/2017\/08\/WhatsApp-Image-2017-10-13-at-12.44.32.jpeg?w=1280&amp;ssl=1 1280w\" sizes=\"(max-width: 400px) 100vw, 400px\" \/><p id=\"caption-attachment-238\" class=\"wp-caption-text\"><span style=\"font-size: 8pt\">Foto: Profa. Cris Elena.<\/span><\/p><\/div>\n<p>&nbsp;<\/p>\n<p style=\"text-align: center\"><span style=\"color: #008000;font-size: 18pt\"><b>Col\u00e9gio Municipal <\/b><\/span><\/p>\n<p style=\"text-align: center\"><span style=\"color: #008000;font-size: 18pt\"><b>Pelotense<\/b><\/span><\/p>\n<p style=\"text-align: center\"><strong>\u00a0 \u00a0 \u00a0 Clubes nas segundas e quartas-feiras\u00a0 \u00a0 \u00a0 \u00a0 \u00a0\u00a0<\/strong><\/p>\n<p style=\"text-align: center\"><i>\u00a0 \u00a0 \u00a0Profa. Cris Elena Padilha<\/i><\/p>\n<p>&nbsp;<\/p>\n<p>&nbsp;<\/p>\n<p>&nbsp;<\/p>\n<p>&nbsp;<\/p>\n<div id=\"attachment_89\" style=\"width: 410px\" class=\"wp-caption alignleft\"><img data-recalc-dims=\"1\" aria-describedby=\"caption-attachment-89\" data-attachment-id=\"89\" data-permalink=\"https:\/\/wp.ufpel.edu.br\/coctec\/clubes-de-computacao\/21231753_1479605385461151_8191307873359551798_n\/\" data-orig-file=\"https:\/\/i0.wp.com\/wp.ufpel.edu.br\/coctec\/files\/2017\/08\/21231753_1479605385461151_8191307873359551798_n.jpg?fit=960%2C540&amp;ssl=1\" data-orig-size=\"960,540\" data-comments-opened=\"0\" data-image-meta=\"{&quot;aperture&quot;:&quot;0&quot;,&quot;credit&quot;:&quot;&quot;,&quot;camera&quot;:&quot;&quot;,&quot;caption&quot;:&quot;&quot;,&quot;created_timestamp&quot;:&quot;0&quot;,&quot;copyright&quot;:&quot;&quot;,&quot;focal_length&quot;:&quot;0&quot;,&quot;iso&quot;:&quot;0&quot;,&quot;shutter_speed&quot;:&quot;0&quot;,&quot;title&quot;:&quot;&quot;,&quot;orientation&quot;:&quot;0&quot;}\" data-image-title=\"21231753_1479605385461151_8191307873359551798_n\" data-image-description=\"\" data-image-caption=\"\" data-medium-file=\"https:\/\/i0.wp.com\/wp.ufpel.edu.br\/coctec\/files\/2017\/08\/21231753_1479605385461151_8191307873359551798_n.jpg?fit=400%2C225&amp;ssl=1\" data-large-file=\"https:\/\/i0.wp.com\/wp.ufpel.edu.br\/coctec\/files\/2017\/08\/21231753_1479605385461151_8191307873359551798_n.jpg?fit=960%2C540&amp;ssl=1\" class=\"wp-image-89 size-medium\" src=\"https:\/\/i0.wp.com\/wp.ufpel.edu.br\/coctec\/files\/2017\/08\/21231753_1479605385461151_8191307873359551798_n.jpg?resize=400%2C225&#038;ssl=1\" alt=\"\" width=\"400\" height=\"225\" srcset=\"https:\/\/i0.wp.com\/wp.ufpel.edu.br\/coctec\/files\/2017\/08\/21231753_1479605385461151_8191307873359551798_n.jpg?resize=400%2C225&amp;ssl=1 400w, https:\/\/i0.wp.com\/wp.ufpel.edu.br\/coctec\/files\/2017\/08\/21231753_1479605385461151_8191307873359551798_n.jpg?resize=768%2C432&amp;ssl=1 768w, https:\/\/i0.wp.com\/wp.ufpel.edu.br\/coctec\/files\/2017\/08\/21231753_1479605385461151_8191307873359551798_n.jpg?w=960&amp;ssl=1 960w\" sizes=\"(max-width: 400px) 100vw, 400px\" \/><p id=\"caption-attachment-89\" class=\"wp-caption-text\"><span style=\"font-size: 8pt\">Foto: Profa. Aline.<\/span><\/p><\/div>\n<pre>\u00a0\r\n\r\n\r\n<\/pre>\n<p style=\"text-align: center\"><span style=\"color: #ff9900;font-size: 18pt\"><b> Santa Teresinha<\/b> <\/span><\/p>\n<p style=\"text-align: center\"><strong>\u00a0 \u00a0 \u00a0 \u00a0Clubes nas segundas e quartas-feiras\u00a0 \u00a0 \u00a0 \u00a0 \u00a0\u00a0<\/strong><\/p>\n<p style=\"text-align: center\"><i>\u00a0 \u00a0 \u00a0Profa. Aline Silva dos Santos e Profa. Gabriele Garcia<\/i><\/p>\n<pre><span style=\"font-family: georgia, palatino, serif\"><i>\u00a0<\/i><\/span><\/pre>\n<p>&nbsp;<\/p>\n<p>&nbsp;<\/p>\n<p>&nbsp;<\/p>\n<p>&nbsp;<\/p>\n<div id=\"attachment_107\" style=\"width: 410px\" class=\"wp-caption alignleft\"><img data-recalc-dims=\"1\" aria-describedby=\"caption-attachment-107\" data-attachment-id=\"107\" data-permalink=\"https:\/\/wp.ufpel.edu.br\/coctec\/clubes-de-computacao\/coctecnec-nec\/\" data-orig-file=\"https:\/\/i0.wp.com\/wp.ufpel.edu.br\/coctec\/files\/2017\/08\/coctecnec-nec.jpg?fit=3032%2C2008&amp;ssl=1\" data-orig-size=\"3032,2008\" data-comments-opened=\"0\" data-image-meta=\"{&quot;aperture&quot;:&quot;0&quot;,&quot;credit&quot;:&quot;&quot;,&quot;camera&quot;:&quot;&quot;,&quot;caption&quot;:&quot;&quot;,&quot;created_timestamp&quot;:&quot;0&quot;,&quot;copyright&quot;:&quot;&quot;,&quot;focal_length&quot;:&quot;0&quot;,&quot;iso&quot;:&quot;0&quot;,&quot;shutter_speed&quot;:&quot;0&quot;,&quot;title&quot;:&quot;&quot;,&quot;orientation&quot;:&quot;0&quot;}\" data-image-title=\"coctecnec-nec\" data-image-description=\"\" data-image-caption=\"\" data-medium-file=\"https:\/\/i0.wp.com\/wp.ufpel.edu.br\/coctec\/files\/2017\/08\/coctecnec-nec.jpg?fit=400%2C265&amp;ssl=1\" data-large-file=\"https:\/\/i0.wp.com\/wp.ufpel.edu.br\/coctec\/files\/2017\/08\/coctecnec-nec.jpg?fit=1024%2C678&amp;ssl=1\" class=\"wp-image-107 size-medium\" src=\"https:\/\/i0.wp.com\/wp.ufpel.edu.br\/coctec\/files\/2017\/08\/coctecnec-nec.jpg?resize=400%2C265&#038;ssl=1\" alt=\"\" width=\"400\" height=\"265\" srcset=\"https:\/\/i0.wp.com\/wp.ufpel.edu.br\/coctec\/files\/2017\/08\/coctecnec-nec.jpg?resize=400%2C265&amp;ssl=1 400w, https:\/\/i0.wp.com\/wp.ufpel.edu.br\/coctec\/files\/2017\/08\/coctecnec-nec.jpg?resize=768%2C509&amp;ssl=1 768w, https:\/\/i0.wp.com\/wp.ufpel.edu.br\/coctec\/files\/2017\/08\/coctecnec-nec.jpg?resize=1024%2C678&amp;ssl=1 1024w, https:\/\/i0.wp.com\/wp.ufpel.edu.br\/coctec\/files\/2017\/08\/coctecnec-nec.jpg?w=2000&amp;ssl=1 2000w, https:\/\/i0.wp.com\/wp.ufpel.edu.br\/coctec\/files\/2017\/08\/coctecnec-nec.jpg?w=3000&amp;ssl=1 3000w\" sizes=\"(max-width: 400px) 100vw, 400px\" \/><p id=\"caption-attachment-107\" class=\"wp-caption-text\"><span style=\"font-size: 8pt\">Foto: Prof. Neemias.<\/span><\/p><\/div>\n<p>&nbsp;<\/p>\n<p>&nbsp;<\/p>\n<p>&nbsp;<\/p>\n<p style=\"text-align: center\"><span style=\"font-size: 18pt\"><span style=\"color: #ff0000\"><b>\u00a0 \u00a0 \u00a0 CoCTec NEC <\/b><span style=\"font-size: 14pt;color: #000000\">(acesse o <a href=\"https:\/\/coctecnec.wordpress.com\">blog<\/a>!)<\/span><\/span><\/span><\/p>\n<p style=\"text-align: center\"><span style=\"font-size: 12pt\"><b>\u00a0 \u00a0Escola Nestor Elizeu Crochemore<\/b><\/span><\/p>\n<p style=\"text-align: center\"><span style=\"font-size: 10pt\"><i><span style=\"font-weight: 400\">Prof. Neemias\u00a0Steinle<\/span><\/i><\/span><\/p>\n<p>&nbsp;<\/p>\n<p>&nbsp;<\/p>\n<p>&nbsp;<\/p>\n<div id=\"attachment_230\" style=\"width: 410px\" class=\"wp-caption alignleft\"><img data-recalc-dims=\"1\" aria-describedby=\"caption-attachment-230\" data-attachment-id=\"230\" data-permalink=\"https:\/\/wp.ufpel.edu.br\/coctec\/clubes-de-computacao\/whatsapp-image-2017-10-16-at-10-18-16\/\" data-orig-file=\"https:\/\/i0.wp.com\/wp.ufpel.edu.br\/coctec\/files\/2017\/08\/WhatsApp-Image-2017-10-16-at-10.18.16.jpeg?fit=1280%2C960&amp;ssl=1\" data-orig-size=\"1280,960\" data-comments-opened=\"0\" data-image-meta=\"{&quot;aperture&quot;:&quot;0&quot;,&quot;credit&quot;:&quot;&quot;,&quot;camera&quot;:&quot;&quot;,&quot;caption&quot;:&quot;&quot;,&quot;created_timestamp&quot;:&quot;0&quot;,&quot;copyright&quot;:&quot;&quot;,&quot;focal_length&quot;:&quot;0&quot;,&quot;iso&quot;:&quot;0&quot;,&quot;shutter_speed&quot;:&quot;0&quot;,&quot;title&quot;:&quot;&quot;,&quot;orientation&quot;:&quot;0&quot;}\" data-image-title=\"WhatsApp Image 2017-10-16 at 10.18.16\" data-image-description=\"\" data-image-caption=\"\" data-medium-file=\"https:\/\/i0.wp.com\/wp.ufpel.edu.br\/coctec\/files\/2017\/08\/WhatsApp-Image-2017-10-16-at-10.18.16.jpeg?fit=400%2C300&amp;ssl=1\" data-large-file=\"https:\/\/i0.wp.com\/wp.ufpel.edu.br\/coctec\/files\/2017\/08\/WhatsApp-Image-2017-10-16-at-10.18.16.jpeg?fit=1024%2C768&amp;ssl=1\" class=\"wp-image-230 size-medium\" src=\"https:\/\/i0.wp.com\/wp.ufpel.edu.br\/coctec\/files\/2017\/08\/WhatsApp-Image-2017-10-16-at-10.18.16.jpeg?resize=400%2C300&#038;ssl=1\" alt=\"\" width=\"400\" height=\"300\" srcset=\"https:\/\/i0.wp.com\/wp.ufpel.edu.br\/coctec\/files\/2017\/08\/WhatsApp-Image-2017-10-16-at-10.18.16.jpeg?resize=400%2C300&amp;ssl=1 400w, https:\/\/i0.wp.com\/wp.ufpel.edu.br\/coctec\/files\/2017\/08\/WhatsApp-Image-2017-10-16-at-10.18.16.jpeg?resize=768%2C576&amp;ssl=1 768w, https:\/\/i0.wp.com\/wp.ufpel.edu.br\/coctec\/files\/2017\/08\/WhatsApp-Image-2017-10-16-at-10.18.16.jpeg?resize=1024%2C768&amp;ssl=1 1024w, https:\/\/i0.wp.com\/wp.ufpel.edu.br\/coctec\/files\/2017\/08\/WhatsApp-Image-2017-10-16-at-10.18.16.jpeg?w=1280&amp;ssl=1 1280w\" sizes=\"(max-width: 400px) 100vw, 400px\" \/><p id=\"caption-attachment-230\" class=\"wp-caption-text\"><span style=\"font-size: 8pt\">Foto: Profa. Daniella David.<\/span><\/p><\/div>\n<p>&nbsp;<\/p>\n<p>&nbsp;<\/p>\n<p>&nbsp;<\/p>\n<p style=\"text-align: center\"><span style=\"font-size: 18pt;color: #99cc00\"><strong>Escola Wilson M\u00fcller<\/strong><\/span><\/p>\n<p style=\"text-align: center\"><strong>\u00a0 \u00a0 \u00a0 \u00a0Clubes nas segundas e quartas-feiras\u00a0 \u00a0 \u00a0 \u00a0 \u00a0\u00a0<\/strong><\/p>\n<p style=\"text-align: center\"><i>\u00a0 \u00a0 \u00a0Profa.\u00a0Daniella David<\/i><\/p>\n<p>&nbsp;<\/p>\n<p>&nbsp;<\/p>\n<p>&nbsp;<\/p>\n<p>&nbsp;<\/p>\n<p>&nbsp;<\/p>\n<p>&nbsp;<\/p>\n<div id=\"attachment_231\" style=\"width: 410px\" class=\"wp-caption alignleft\"><img data-recalc-dims=\"1\" aria-describedby=\"caption-attachment-231\" data-attachment-id=\"231\" data-permalink=\"https:\/\/wp.ufpel.edu.br\/coctec\/clubes-de-computacao\/whatsapp-image-2017-10-13-at-13-26-47-1\/\" data-orig-file=\"https:\/\/i0.wp.com\/wp.ufpel.edu.br\/coctec\/files\/2017\/08\/WhatsApp-Image-2017-10-13-at-13.26.47-1.jpeg?fit=1280%2C720&amp;ssl=1\" data-orig-size=\"1280,720\" data-comments-opened=\"0\" data-image-meta=\"{&quot;aperture&quot;:&quot;0&quot;,&quot;credit&quot;:&quot;&quot;,&quot;camera&quot;:&quot;&quot;,&quot;caption&quot;:&quot;&quot;,&quot;created_timestamp&quot;:&quot;0&quot;,&quot;copyright&quot;:&quot;&quot;,&quot;focal_length&quot;:&quot;0&quot;,&quot;iso&quot;:&quot;0&quot;,&quot;shutter_speed&quot;:&quot;0&quot;,&quot;title&quot;:&quot;&quot;,&quot;orientation&quot;:&quot;0&quot;}\" data-image-title=\"WhatsApp Image 2017-10-13 at 13.26.47 (1)\" data-image-description=\"\" data-image-caption=\"\" data-medium-file=\"https:\/\/i0.wp.com\/wp.ufpel.edu.br\/coctec\/files\/2017\/08\/WhatsApp-Image-2017-10-13-at-13.26.47-1.jpeg?fit=400%2C225&amp;ssl=1\" data-large-file=\"https:\/\/i0.wp.com\/wp.ufpel.edu.br\/coctec\/files\/2017\/08\/WhatsApp-Image-2017-10-13-at-13.26.47-1.jpeg?fit=1024%2C576&amp;ssl=1\" class=\"wp-image-231 size-medium\" src=\"https:\/\/i0.wp.com\/wp.ufpel.edu.br\/coctec\/files\/2017\/08\/WhatsApp-Image-2017-10-13-at-13.26.47-1.jpeg?resize=400%2C225&#038;ssl=1\" alt=\"\" width=\"400\" height=\"225\" srcset=\"https:\/\/i0.wp.com\/wp.ufpel.edu.br\/coctec\/files\/2017\/08\/WhatsApp-Image-2017-10-13-at-13.26.47-1.jpeg?resize=400%2C225&amp;ssl=1 400w, https:\/\/i0.wp.com\/wp.ufpel.edu.br\/coctec\/files\/2017\/08\/WhatsApp-Image-2017-10-13-at-13.26.47-1.jpeg?resize=768%2C432&amp;ssl=1 768w, https:\/\/i0.wp.com\/wp.ufpel.edu.br\/coctec\/files\/2017\/08\/WhatsApp-Image-2017-10-13-at-13.26.47-1.jpeg?resize=1024%2C576&amp;ssl=1 1024w, https:\/\/i0.wp.com\/wp.ufpel.edu.br\/coctec\/files\/2017\/08\/WhatsApp-Image-2017-10-13-at-13.26.47-1.jpeg?w=1280&amp;ssl=1 1280w\" sizes=\"(max-width: 400px) 100vw, 400px\" \/><p id=\"caption-attachment-231\" class=\"wp-caption-text\"><span style=\"font-size: 8pt\">Foto: Profa. M\u00e1rcia Weymar.<\/span><\/p><\/div>\n<p>&nbsp;<\/p>\n<p>&nbsp;<\/p>\n<p style=\"text-align: center\"><strong><span style=\"font-size: 18pt;color: #3366ff\">Escola Luiz Augusto de Assump\u00e7\u00e3o<\/span><\/strong><\/p>\n<p style=\"text-align: center\"><strong>Clubes nas quintas e sextas-feiras<\/strong><\/p>\n<p style=\"text-align: center\">Profa.\u00a0M\u00e1rcia Krause Weymar<\/p>\n<p>&nbsp;<\/p>\n<p>&nbsp;<\/p>\n<p>&nbsp;<\/p>\n<p>&nbsp;<\/p>\n<p>&nbsp;<\/p>\n<p><span style=\"font-size: 14pt\"><strong>C<\/strong>onhe\u00e7a o <strong>Clube Piloto<\/strong>, com alunos da Escola\u00a0Municipal Ensino Fundamental Carlos\u00a0Laquintinie.<\/span><\/p>\n<div style=\"width: 480px;\" class=\"wp-video\"><video class=\"wp-video-shortcode\" id=\"video-23-1\" width=\"480\" height=\"480\" preload=\"metadata\" controls=\"controls\"><source type=\"video\/mp4\" src=\"https:\/\/wp.ufpel.edu.br\/coctec\/files\/2017\/08\/WhatsApp-Video-2016-12-02-at-19.12.24.mp4?_=1\" \/><a href=\"https:\/\/wp.ufpel.edu.br\/coctec\/files\/2017\/08\/WhatsApp-Video-2016-12-02-at-19.12.24.mp4\">https:\/\/wp.ufpel.edu.br\/coctec\/files\/2017\/08\/WhatsApp-Video-2016-12-02-at-19.12.24.mp4<\/a><\/video><\/div>\n","protected":false},"excerpt":{"rendered":"<p>A Rede de Clubes de Computa\u00e7\u00e3o \u00e9 uma iniciativa do Grupo de Pesquisa CoCTec &#8211; UFPel para a dissemina\u00e7\u00e3o do Pensamento Computacional e Aprendizagem Criativa para crian\u00e7as e jovens estudantes. Atualmente, o projeto \u00e9 realizado em cinco escolas municipais de Pelotas, com o apoio da Prefeitura\u00a0Municipal por meio da Secretaria Municipal de Educa\u00e7\u00e3o (SMED) com [&hellip;]<\/p>\n","protected":false},"author":786,"featured_media":0,"parent":0,"menu_order":6,"comment_status":"closed","ping_status":"closed","template":"","meta":{"jetpack_post_was_ever_published":false,"footnotes":""},"class_list":["post-23","page","type-page","status-publish","hentry"],"jetpack_sharing_enabled":true,"jetpack_shortlink":"https:\/\/wp.me\/P9i9If-n","jetpack_likes_enabled":true,"jetpack-related-posts":[],"_links":{"self":[{"href":"https:\/\/wp.ufpel.edu.br\/coctec\/wp-json\/wp\/v2\/pages\/23","targetHints":{"allow":["GET"]}}],"collection":[{"href":"https:\/\/wp.ufpel.edu.br\/coctec\/wp-json\/wp\/v2\/pages"}],"about":[{"href":"https:\/\/wp.ufpel.edu.br\/coctec\/wp-json\/wp\/v2\/types\/page"}],"author":[{"embeddable":true,"href":"https:\/\/wp.ufpel.edu.br\/coctec\/wp-json\/wp\/v2\/users\/786"}],"replies":[{"embeddable":true,"href":"https:\/\/wp.ufpel.edu.br\/coctec\/wp-json\/wp\/v2\/comments?post=23"}],"version-history":[{"count":58,"href":"https:\/\/wp.ufpel.edu.br\/coctec\/wp-json\/wp\/v2\/pages\/23\/revisions"}],"predecessor-version":[{"id":490,"href":"https:\/\/wp.ufpel.edu.br\/coctec\/wp-json\/wp\/v2\/pages\/23\/revisions\/490"}],"wp:attachment":[{"href":"https:\/\/wp.ufpel.edu.br\/coctec\/wp-json\/wp\/v2\/media?parent=23"}],"curies":[{"name":"wp","href":"https:\/\/api.w.org\/{rel}","templated":true}]}}