{"id":10,"date":"2017-08-25T14:21:13","date_gmt":"2017-08-25T17:21:13","guid":{"rendered":"https:\/\/wp.ufpel.edu.br\/coctec\/?page_id=10"},"modified":"2017-10-26T07:54:03","modified_gmt":"2017-10-26T09:54:03","slug":"contato","status":"publish","type":"page","link":"https:\/\/wp.ufpel.edu.br\/coctec\/contato\/","title":{"rendered":"Contato"},"content":{"rendered":"<p><span style=\"font-size: 18pt\"><strong>P<\/strong><\/span>ara entrar em contato conosco, escolha uma das op\u00e7\u00f5es abaixo:<\/p>\n<ul>\n<li><a href=\"https:\/\/docs.google.com\/forms\/d\/e\/1FAIpQLSezM2-deVxtWGK9Mm6i1eD3ko5ZtOxsWkWuu3NTPS3ITqt3zw\/viewform\">Formul\u00e1rio <\/a>de cadastramento de interesse;<\/li>\n<li>E-mail para o grupo: <a href=\"mailto:ufpelcoctec@gmail.com\">ufpelcoctec@gmail.com;<\/a><\/li>\n<li>Confira nossa p\u00e1gina no Facebook em <a href=\"https:\/\/www.facebook.com\/coctec\/\" target=\"_blank\" rel=\"noopener\">https:\/\/www.facebook.com\/coctec\/<\/a>.<\/li>\n<\/ul>\n","protected":false},"excerpt":{"rendered":"<p>Para entrar em contato conosco, escolha uma das op\u00e7\u00f5es abaixo: Formul\u00e1rio de cadastramento de interesse; E-mail para o grupo: ufpelcoctec@gmail.com; Confira nossa p\u00e1gina no Facebook em https:\/\/www.facebook.com\/coctec\/.<\/p>\n","protected":false},"author":786,"featured_media":0,"parent":0,"menu_order":10,"comment_status":"closed","ping_status":"closed","template":"","meta":{"jetpack_post_was_ever_published":false,"footnotes":""},"class_list":["post-10","page","type-page","status-publish","hentry"],"jetpack_sharing_enabled":true,"jetpack_shortlink":"https:\/\/wp.me\/P9i9If-a","jetpack_likes_enabled":true,"jetpack-related-posts":[],"_links":{"self":[{"href":"https:\/\/wp.ufpel.edu.br\/coctec\/wp-json\/wp\/v2\/pages\/10","targetHints":{"allow":["GET"]}}],"collection":[{"href":"https:\/\/wp.ufpel.edu.br\/coctec\/wp-json\/wp\/v2\/pages"}],"about":[{"href":"https:\/\/wp.ufpel.edu.br\/coctec\/wp-json\/wp\/v2\/types\/page"}],"author":[{"embeddable":true,"href":"https:\/\/wp.ufpel.edu.br\/coctec\/wp-json\/wp\/v2\/users\/786"}],"replies":[{"embeddable":true,"href":"https:\/\/wp.ufpel.edu.br\/coctec\/wp-json\/wp\/v2\/comments?post=10"}],"version-history":[{"count":4,"href":"https:\/\/wp.ufpel.edu.br\/coctec\/wp-json\/wp\/v2\/pages\/10\/revisions"}],"predecessor-version":[{"id":382,"href":"https:\/\/wp.ufpel.edu.br\/coctec\/wp-json\/wp\/v2\/pages\/10\/revisions\/382"}],"wp:attachment":[{"href":"https:\/\/wp.ufpel.edu.br\/coctec\/wp-json\/wp\/v2\/media?parent=10"}],"curies":[{"name":"wp","href":"https:\/\/api.w.org\/{rel}","templated":true}]}}