{"id":88,"date":"2021-02-18T13:43:19","date_gmt":"2021-02-18T16:43:19","guid":{"rendered":"https:\/\/wp.ufpel.edu.br\/cmp\/?page_id=88"},"modified":"2021-02-18T16:12:28","modified_gmt":"2021-02-18T19:12:28","slug":"planos-de-classificacao","status":"publish","type":"page","link":"https:\/\/wp.ufpel.edu.br\/cmp\/nudoc\/planos-de-classificacao\/","title":{"rendered":"Planos de Classifica\u00e7\u00e3o e Tabelas de Temporalidade de Documentos"},"content":{"rendered":"\n<div class=\"wp-block-file\"><a href=\"https:\/\/wp.ufpel.edu.br\/cmp\/files\/2021\/02\/Codigo-de-classificacao-Atividades-meio.pdf\">C\u00f3digo de classifica\u00e7\u00e3o (Atividades meio)<\/a><a href=\"https:\/\/wp.ufpel.edu.br\/cmp\/files\/2021\/02\/Codigo-de-classificacao-Atividades-meio.pdf\" class=\"wp-block-file__button\" download>Baixar<\/a><\/div>\n\n\n\n<div class=\"wp-block-file\"><a href=\"https:\/\/wp.ufpel.edu.br\/cmp\/files\/2021\/02\/Codigo-de-classificacao-Atividades-fim.pdf\">C\u00f3digo de classifica\u00e7\u00e3o (Atividades fim)<\/a><a href=\"https:\/\/wp.ufpel.edu.br\/cmp\/files\/2021\/02\/Codigo-de-classificacao-Atividades-fim.pdf\" class=\"wp-block-file__button\" download>Baixar<\/a><\/div>\n\n\n\n<div class=\"wp-block-file\"><a href=\"https:\/\/wp.ufpel.edu.br\/cmp\/files\/2021\/02\/Tabela-de-temporalidade-Atividades-fim.pdf\">Tabela de temporalidade (Atividades fim)<\/a><a href=\"https:\/\/wp.ufpel.edu.br\/cmp\/files\/2021\/02\/Tabela-de-temporalidade-Atividades-fim.pdf\" class=\"wp-block-file__button\" download>Baixar<\/a><\/div>\n","protected":false},"excerpt":{"rendered":"","protected":false},"author":1121,"featured_media":0,"parent":48,"menu_order":0,"comment_status":"closed","ping_status":"closed","template":"","meta":{"footnotes":""},"class_list":["post-88","page","type-page","status-publish","hentry"],"_links":{"self":[{"href":"https:\/\/wp.ufpel.edu.br\/cmp\/wp-json\/wp\/v2\/pages\/88","targetHints":{"allow":["GET"]}}],"collection":[{"href":"https:\/\/wp.ufpel.edu.br\/cmp\/wp-json\/wp\/v2\/pages"}],"about":[{"href":"https:\/\/wp.ufpel.edu.br\/cmp\/wp-json\/wp\/v2\/types\/page"}],"author":[{"embeddable":true,"href":"https:\/\/wp.ufpel.edu.br\/cmp\/wp-json\/wp\/v2\/users\/1121"}],"replies":[{"embeddable":true,"href":"https:\/\/wp.ufpel.edu.br\/cmp\/wp-json\/wp\/v2\/comments?post=88"}],"version-history":[{"count":2,"href":"https:\/\/wp.ufpel.edu.br\/cmp\/wp-json\/wp\/v2\/pages\/88\/revisions"}],"predecessor-version":[{"id":102,"href":"https:\/\/wp.ufpel.edu.br\/cmp\/wp-json\/wp\/v2\/pages\/88\/revisions\/102"}],"up":[{"embeddable":true,"href":"https:\/\/wp.ufpel.edu.br\/cmp\/wp-json\/wp\/v2\/pages\/48"}],"wp:attachment":[{"href":"https:\/\/wp.ufpel.edu.br\/cmp\/wp-json\/wp\/v2\/media?parent=88"}],"curies":[{"name":"wp","href":"https:\/\/api.w.org\/{rel}","templated":true}]}}