{"id":81,"date":"2021-02-18T13:22:19","date_gmt":"2021-02-18T16:22:19","guid":{"rendered":"https:\/\/wp.ufpel.edu.br\/cmp\/?page_id=81"},"modified":"2021-02-18T13:26:13","modified_gmt":"2021-02-18T16:26:13","slug":"correspondencia-postal-correios","status":"publish","type":"page","link":"https:\/\/wp.ufpel.edu.br\/cmp\/nudoc\/correspondencia-postal-correios\/","title":{"rendered":"Correspond\u00eancia Postal (Correios)"},"content":{"rendered":"\n<p>O acompanhamento do envio das correspond\u00eancias pode ser realizado pela Lista de Postagens dos Correios, dispon\u00edvel no link abaixo.<\/p>\n\n\n\n<p>Para realizar a busca basta saber a data de envio da correspond\u00eancia ao protocolo, clicar na respectiva data e buscar pelo destinat\u00e1rio ou unidade de origem.<\/p>\n\n\n\n<p><a href=\"https:\/\/www.dropbox.com\/sh\/bh1g6u0cwcmluy2\/AADpXAHqyVeGCCx8d6vQ02Wxa?dl=0\"><strong>Postagens de Documentos dos Correios<\/strong><\/a><\/p>\n\n\n\n<p>O acompanhamento do recebimento de correspond\u00eancias pode ser feito pela pela Lista de Entrada de Documentos dos Correios, dispon\u00edvel no link abaixo.<\/p>\n\n\n\n<p><a href=\"https:\/\/www.dropbox.com\/sh\/qneunyptt56acce\/AADAlTi8y-6-g-28NoTXcvAZa?dl=0\"><strong>Entrada de Documentos dos Correios<\/strong><\/a><\/p>\n","protected":false},"excerpt":{"rendered":"<p>O acompanhamento do envio das correspond\u00eancias pode ser realizado pela Lista de Postagens dos Correios, dispon\u00edvel no link abaixo. Para realizar a busca basta saber a data de envio da correspond\u00eancia ao protocolo, clicar na respectiva data e buscar pelo destinat\u00e1rio ou unidade de origem. Postagens de Documentos dos Correios O acompanhamento do recebimento de [&hellip;]<\/p>\n","protected":false},"author":1121,"featured_media":0,"parent":48,"menu_order":0,"comment_status":"closed","ping_status":"closed","template":"","meta":{"footnotes":""},"class_list":["post-81","page","type-page","status-publish","hentry"],"_links":{"self":[{"href":"https:\/\/wp.ufpel.edu.br\/cmp\/wp-json\/wp\/v2\/pages\/81","targetHints":{"allow":["GET"]}}],"collection":[{"href":"https:\/\/wp.ufpel.edu.br\/cmp\/wp-json\/wp\/v2\/pages"}],"about":[{"href":"https:\/\/wp.ufpel.edu.br\/cmp\/wp-json\/wp\/v2\/types\/page"}],"author":[{"embeddable":true,"href":"https:\/\/wp.ufpel.edu.br\/cmp\/wp-json\/wp\/v2\/users\/1121"}],"replies":[{"embeddable":true,"href":"https:\/\/wp.ufpel.edu.br\/cmp\/wp-json\/wp\/v2\/comments?post=81"}],"version-history":[{"count":3,"href":"https:\/\/wp.ufpel.edu.br\/cmp\/wp-json\/wp\/v2\/pages\/81\/revisions"}],"predecessor-version":[{"id":86,"href":"https:\/\/wp.ufpel.edu.br\/cmp\/wp-json\/wp\/v2\/pages\/81\/revisions\/86"}],"up":[{"embeddable":true,"href":"https:\/\/wp.ufpel.edu.br\/cmp\/wp-json\/wp\/v2\/pages\/48"}],"wp:attachment":[{"href":"https:\/\/wp.ufpel.edu.br\/cmp\/wp-json\/wp\/v2\/media?parent=81"}],"curies":[{"name":"wp","href":"https:\/\/api.w.org\/{rel}","templated":true}]}}