{"id":73,"date":"2021-02-18T13:15:54","date_gmt":"2021-02-18T16:15:54","guid":{"rendered":"https:\/\/wp.ufpel.edu.br\/cmp\/?page_id=73"},"modified":"2021-02-18T13:15:54","modified_gmt":"2021-02-18T16:15:54","slug":"formularios","status":"publish","type":"page","link":"https:\/\/wp.ufpel.edu.br\/cmp\/nudoc\/formularios\/","title":{"rendered":"Formul\u00e1rios"},"content":{"rendered":"\n<p>Para envio das\u00a0<strong>correspond\u00eancias nacionais e internacionais<\/strong>, dever\u00e3o ser preenchidos os formul\u00e1rios listados abaixo e enviado em uma via para o protocolo:<\/p>\n\n\n\n<div class=\"wp-block-file\"><a href=\"https:\/\/wp.ufpel.edu.br\/cmp\/files\/2021\/02\/Guia-de-Encaminhamento-Postal.docx\"><strong>Guia de Encaminhamento Postal<\/strong><\/a><a href=\"https:\/\/wp.ufpel.edu.br\/cmp\/files\/2021\/02\/Guia-de-Encaminhamento-Postal.docx\" class=\"wp-block-file__button\" download>Baixar<\/a><\/div>\n\n\n\n<div class=\"wp-block-file\"><a href=\"https:\/\/wp.ufpel.edu.br\/cmp\/files\/2021\/02\/Formulario-Declaracao-de-Conteudo-A4-editado.pdf\"><strong>Declara\u00e7\u00e3o de Conte\u00fado<\/strong><\/a><a href=\"https:\/\/wp.ufpel.edu.br\/cmp\/files\/2021\/02\/Formulario-Declaracao-de-Conteudo-A4-editado.pdf\" class=\"wp-block-file__button\" download>Baixar<\/a><\/div>\n\n\n\n<div class=\"wp-block-file\"><a href=\"https:\/\/wp.ufpel.edu.br\/cmp\/files\/2021\/02\/Formulario-AWB.xls\"><strong>Formul\u00e1rio AWB<\/strong> (Apenas para correspond\u00eancias Internacionais)<\/a><a href=\"https:\/\/wp.ufpel.edu.br\/cmp\/files\/2021\/02\/Formulario-AWB.xls\" class=\"wp-block-file__button\" download>Baixar<\/a><\/div>\n\n\n\n<p>Para o&nbsp;<strong>encaminhamento de processo<\/strong>, segue abaixo &nbsp;a guia de tramita\u00e7\u00e3o de processo, que dever\u00e1 ser preenchida, impressa e enviada juntamente com o processo em suas tramita\u00e7\u00f5es:<\/p>\n\n\n\n<div class=\"wp-block-file\"><a href=\"https:\/\/wp.ufpel.edu.br\/cmp\/files\/2021\/02\/Guia-de-Tramitacao-de-Processos.xlsx\"><strong>Guia de Tramita\u00e7\u00e3o de Processo<\/strong><\/a><a href=\"https:\/\/wp.ufpel.edu.br\/cmp\/files\/2021\/02\/Guia-de-Tramitacao-de-Processos.xlsx\" class=\"wp-block-file__button\" download>Baixar<\/a><\/div>\n\n\n\n<p><\/p>\n","protected":false},"excerpt":{"rendered":"<p>Para envio das\u00a0correspond\u00eancias nacionais e internacionais, dever\u00e3o ser preenchidos os formul\u00e1rios listados abaixo e enviado em uma via para o protocolo: Para o&nbsp;encaminhamento de processo, segue abaixo &nbsp;a guia de tramita\u00e7\u00e3o de processo, que dever\u00e1 ser preenchida, impressa e enviada juntamente com o processo em suas tramita\u00e7\u00f5es:<\/p>\n","protected":false},"author":1121,"featured_media":0,"parent":48,"menu_order":0,"comment_status":"closed","ping_status":"closed","template":"","meta":{"footnotes":""},"class_list":["post-73","page","type-page","status-publish","hentry"],"_links":{"self":[{"href":"https:\/\/wp.ufpel.edu.br\/cmp\/wp-json\/wp\/v2\/pages\/73","targetHints":{"allow":["GET"]}}],"collection":[{"href":"https:\/\/wp.ufpel.edu.br\/cmp\/wp-json\/wp\/v2\/pages"}],"about":[{"href":"https:\/\/wp.ufpel.edu.br\/cmp\/wp-json\/wp\/v2\/types\/page"}],"author":[{"embeddable":true,"href":"https:\/\/wp.ufpel.edu.br\/cmp\/wp-json\/wp\/v2\/users\/1121"}],"replies":[{"embeddable":true,"href":"https:\/\/wp.ufpel.edu.br\/cmp\/wp-json\/wp\/v2\/comments?post=73"}],"version-history":[{"count":2,"href":"https:\/\/wp.ufpel.edu.br\/cmp\/wp-json\/wp\/v2\/pages\/73\/revisions"}],"predecessor-version":[{"id":87,"href":"https:\/\/wp.ufpel.edu.br\/cmp\/wp-json\/wp\/v2\/pages\/73\/revisions\/87"}],"up":[{"embeddable":true,"href":"https:\/\/wp.ufpel.edu.br\/cmp\/wp-json\/wp\/v2\/pages\/48"}],"wp:attachment":[{"href":"https:\/\/wp.ufpel.edu.br\/cmp\/wp-json\/wp\/v2\/media?parent=73"}],"curies":[{"name":"wp","href":"https:\/\/api.w.org\/{rel}","templated":true}]}}