{"id":57,"date":"2021-02-18T12:16:07","date_gmt":"2021-02-18T15:16:07","guid":{"rendered":"https:\/\/wp.ufpel.edu.br\/cmp\/?page_id=57"},"modified":"2026-04-24T11:04:05","modified_gmt":"2026-04-24T14:04:05","slug":"contatos","status":"publish","type":"page","link":"https:\/\/wp.ufpel.edu.br\/cmp\/contatos\/","title":{"rendered":"Contatos"},"content":{"rendered":"<p><strong>COORDENA\u00c7\u00c3O DE MATERIAL E PATRIM\u00d4NIO (CMP) | Sala: 310<\/strong><br \/>Eliara da Silva Buttow (Coordenadora)<br \/>e-mail: cmp@ufpel.edu.br<br \/>Telefone: +55 (53) 3284 3926<\/p>\n<p><strong>N\u00facleo de Material (NUMAT) | Sala: 310A<\/strong><br \/>Andreia Xavier Farias (Chefe do N\u00facleo)<br \/>Ana Paula Santos Gruppelli<br \/>Cassia Knopp Timm<br \/>Rosmari Schiller da Silva<br \/>e-mail: material@ufpel.edu.br | importacaoufpel@gmail.com<br \/>Telefone: +55 (53) 3284-3927\u00a0<em>(WhatsApp)<\/em><\/p>\n<ul>\n<li>Se\u00e7\u00e3o de Empenhos (SEMP)<br \/>Jacqueline Roschildt Alves (Chefe da Se\u00e7\u00e3o)<br \/>Leonardo Fontelles da Silva Tavares<br \/>Vinicius Cardoso Meirelles<br \/>e-mail: empenhos@ufpel.edu.BR<br \/>Telefone: +55 (53) 3284-3928\u00a0<em>(WhatsApp)<\/em><\/li>\n<li>Se\u00e7\u00e3o de Acompanhamento de Obriga\u00e7\u00f5es (SAO)<strong><br \/><\/strong>S\u00e9rgio Lu\u00eds de Souza Oliveira (Chefe da Se\u00e7\u00e3o)<em><br \/>e-mail: notifica@ufpel.edu.br<br \/><\/em>Telefone: +55 (53) 3284-3925 (WhatsApp)<\/li>\n<li>Unidade de Almoxarifado Central (UALMOX)<br \/>Laura Maria Pereira Matias (Chefe da Unidade)<br \/>Danuse Ribeiro Coelho<br \/>Eduardo Bueno Beauvalet<br \/>Izalda Holz Xavier<br \/>Willian Moraes Pereira<br \/>Avenida Eliseu Maciel, s\/n, Campus Universit\u00e1rio, Pr\u00e9dio 50<br \/>Cap\u00e3o do Le\u00e3o\/RS, CEP 96160-000<br \/>e-mail: almoxarifado@ufpel.edu.br \/ almox.ufpel@gmail.com<br \/>Telefone: +55 (53)\u00a03275-7173 | 3275-7550<br \/><em>Hor\u00e1rio de atendimento do Almoxarifado \u00e0s Unidades da UFPel:<\/em><br \/><em>Segunda a sexta \u2013 08h \u00e0s 12h e 13h \u00e0s 17h\u00a0<br \/><\/em><em>Hor\u00e1rio de Recebimento de Transportadoras:<br \/>Segunda a sexta \u2013 08h \u00e0s 11h e 13h \u00e0s 16h<\/em><\/li>\n<\/ul>\n<p><strong>N\u00facleo de Patrim\u00f4nio (NUPAT) | Sala: 310<\/strong><br \/>Marcia Correa Larrossa (Chefe do N\u00facleo)<br \/>Bruna Azambuja Cardoso<br \/>Cristiano Carvalho Lopes<br \/>Neida Maria Barbosa da Marta<br \/>e-mail: patrimonio@ufpel.edu.br\u00a0<br \/>Telefone: +55 (53) 3284-3933<em>\u00a0(WhatsApp)<\/em><\/p>\n<ul>\n<li>Unidade de Recolhimento e Desfazimento de Bens (URDB)<br \/>Tatiana Cabreira<br \/>Avenida Duque de Caxias, n. 104, Bairro Fragata (Antiga Laneira)<br \/>e-mail: dbfu.ufpel@gmail.com<br \/>Telefone: +55 (53) 3284-3280<\/li>\n<li>Dep\u00f3sito de Recebimento de Bens Permanentes (Pra\u00e7a da Alf\u00e2ndega)<br \/>Simone Duarte Pires<br \/>Emmanuel Ferreira Alves<br \/>Pra\u00e7a Domingos Rodrigues , n\u00b005\u00a0 , Bairro Porto\u00a0Pelotas\/RS,\u00a0 CEP 96010-440<br \/>e-mail: ufpelporto.almoxarifado@gmail.com\u00a0<br \/>Telefone: +55 (53) 3284.3942<br \/><em>Hor\u00e1rio de atendimento do Dep\u00f3sito \u00e0s Unidades da UFPel:<\/em><br \/><em>Segunda a sexta \u2013 08h \u00e0s 12h e 14h \u00e0s 18h<br \/><\/em><em>Hor\u00e1rio de Recebimento de Transportadoras:<br \/>Segunda a sexta \u2013 08h30 \u00e0s 11h00 e 14h30min \u00e0s 17h00<\/em><\/li>\n<\/ul>\n<p><strong>N\u00facleo de Documenta\u00e7\u00e3o e Arquivo (NUDOC) | Sala: 101<\/strong><br \/>Flavio Villela de Oliveira (Chefe do N\u00facleo)<br \/>Matheus Garcia Pinho<br \/>Milton Rodrigues Macedo<br \/>e-mail: nudoc@ufpel.edu.br<br \/>Telefone:\u00a0\u00a0+55 (53) 3284-4090 \u2013 Assuntos gerais do setor e relacionados ao SEI<br \/>\u00a0 \u00a0 \u00a0 \u00a0 \u00a0 \u00a0\u00a0\u00a0\u00a0\u00a0 \u00a0 \u00a0+55 (53) 3284-3941 \u2013 Assuntos relacionados aos servi\u00e7os dos Correios<\/p>\n<ul>\n<li>Unidade do Arquivo (UARQ)<br \/>Daniel Silva de Mello (Chefe de Se\u00e7\u00e3o)<br \/>Alessandro Aquino Dias<br \/>Dulcelene Pereira Alves<br \/>Rua Almirante Barroso, n\u00ba 850, Centro<br \/>e-mail: arquivo@ufpel.edu.br<br \/>Telefone: +55 (53) 3284-3174\u00a0<em>(WhatsApp)<br \/><\/em><em>\u00a0As solicita\u00e7\u00e3o de documentos que est\u00e3o sob a guarda do Arquivo devem ser realizadas\u00a0<\/em><em>atrav\u00e9s do e-mail indicado acima.<\/em><\/li>\n<\/ul>\n<p><strong>N\u00facleo de Licita\u00e7\u00f5es (NULIC) | Sala: 312<br \/><\/strong>Priscila Gon\u00e7alves Marchand (Chefe do N\u00facleo)<br \/>Cl\u00e1udia da Silva Campelo<br \/>e-mail: licitacoes@ufpel.edu.br<br \/>Telefone: +55 (53) 3284-3924\u00a0<em>(WhatsApp)<\/em><\/p>\n<ul>\n<li>Se\u00e7\u00e3o de Obras e Servi\u00e7os de Engenharia (SOSE)<br \/>Ana Simeonidis\u00a0(Chefe da Se\u00e7\u00e3o)<\/li>\n<li>Se\u00e7\u00e3o de Contrata\u00e7\u00e3o de Servi\u00e7os (SCSER)<br \/>Paulo Afonso Hartmann Almeida<\/li>\n<\/ul>\n<p><strong>N\u00facleo de Contratos (NUCON) | Sala: 312<\/strong><br \/>Michele M\u00fcller da Rocha (Chefe do N\u00facleo)<br \/>Juliana Isaura Aires da Rocha<br \/>Kelly Romano Huckembeck<br \/>Raineri da Silva Medeiros<br \/>e-mail: contratos@ufpel.edu.br<br \/>Telefone: +55 (53) 3284-3932\u00a0<em>(WhatsApp)<\/em><\/p>\n<ul>\n<li>Se\u00e7\u00e3o de Despesas Cont\u00ednuas (SDC)<br \/>Virginia Laura Machado Dutra (Chefe da Se\u00e7\u00e3o)<br \/>Juliana Vernetti Giusti<br \/>e-mail: contratos@ufpel.edu.br<br \/>Telefone: +55 (53) 3284-3932\u00a0<em>(WhatsApp)<\/em>\u00a0<\/li>\n<\/ul>\n","protected":false},"excerpt":{"rendered":"<p>COORDENA\u00c7\u00c3O DE MATERIAL E PATRIM\u00d4NIO (CMP) | Sala: 310Eliara da Silva Buttow (Coordenadora)e-mail: cmp@ufpel.edu.brTelefone: +55 (53) 3284 3926 N\u00facleo de Material (NUMAT) | Sala: 310AAndreia Xavier Farias (Chefe do N\u00facleo)Ana Paula Santos GruppelliCassia Knopp TimmRosmari Schiller da Silvae-mail: material@ufpel.edu.br | importacaoufpel@gmail.comTelefone: +55 (53) 3284-3927\u00a0(WhatsApp) Se\u00e7\u00e3o de Empenhos (SEMP)Jacqueline Roschildt Alves (Chefe da Se\u00e7\u00e3o)Leonardo Fontelles da [&hellip;]<\/p>\n","protected":false},"author":1121,"featured_media":0,"parent":0,"menu_order":0,"comment_status":"closed","ping_status":"closed","template":"","meta":{"footnotes":""},"class_list":["post-57","page","type-page","status-publish","hentry"],"_links":{"self":[{"href":"https:\/\/wp.ufpel.edu.br\/cmp\/wp-json\/wp\/v2\/pages\/57","targetHints":{"allow":["GET"]}}],"collection":[{"href":"https:\/\/wp.ufpel.edu.br\/cmp\/wp-json\/wp\/v2\/pages"}],"about":[{"href":"https:\/\/wp.ufpel.edu.br\/cmp\/wp-json\/wp\/v2\/types\/page"}],"author":[{"embeddable":true,"href":"https:\/\/wp.ufpel.edu.br\/cmp\/wp-json\/wp\/v2\/users\/1121"}],"replies":[{"embeddable":true,"href":"https:\/\/wp.ufpel.edu.br\/cmp\/wp-json\/wp\/v2\/comments?post=57"}],"version-history":[{"count":3,"href":"https:\/\/wp.ufpel.edu.br\/cmp\/wp-json\/wp\/v2\/pages\/57\/revisions"}],"predecessor-version":[{"id":156,"href":"https:\/\/wp.ufpel.edu.br\/cmp\/wp-json\/wp\/v2\/pages\/57\/revisions\/156"}],"wp:attachment":[{"href":"https:\/\/wp.ufpel.edu.br\/cmp\/wp-json\/wp\/v2\/media?parent=57"}],"curies":[{"name":"wp","href":"https:\/\/api.w.org\/{rel}","templated":true}]}}