{"id":53,"date":"2021-02-18T12:11:22","date_gmt":"2021-02-18T15:11:22","guid":{"rendered":"https:\/\/wp.ufpel.edu.br\/cmp\/?page_id=53"},"modified":"2021-09-02T20:45:22","modified_gmt":"2021-09-02T23:45:22","slug":"apresentacao","status":"publish","type":"page","link":"https:\/\/wp.ufpel.edu.br\/cmp\/apresentacao\/","title":{"rendered":"Apresenta\u00e7\u00e3o"},"content":{"rendered":"\n<p>A\u00a0<strong>COORDENA\u00c7\u00c3O DE MATERIAL E PATRIM\u00d4NIO (CMP)\u00a0<\/strong>\u00e9 composta por cinco N\u00facleos, cinco Se\u00e7\u00f5es e tr\u00eas Unidades, e tem por finalidade assegurar que todas as demandas das unidades administrativas e acad\u00eamicas sejam atendidas, propiciando a aquisi\u00e7\u00e3o ou contrata\u00e7\u00e3o, o recebimento e distribui\u00e7\u00e3o de materiais e servi\u00e7os, realizando o controle e registro de todos os bens permanentes da Institui\u00e7\u00e3o, gerenciando todos os contratos administrativos da UFPel e tamb\u00e9m garantindo que os documentos tramitem de maneira eficaz e aportem aos seus destinat\u00e1rios com agilidade. Ainda, cabe \u00e0 CMP manter a guarda de documentos oficiais.<\/p>\n\n\n\n<p><strong>Principais atribui\u00e7\u00f5es:<\/strong><\/p>\n\n\n\n<ul class=\"wp-block-list\"><li>Coordenar, supervisionar e orientar as atividades relacionadas \u00e0 aquisi\u00e7\u00e3o, controle, distribui\u00e7\u00e3o e aliena\u00e7\u00e3o de material;<\/li><li>Coordenador a gest\u00e3o dos contratos administrativos da Institui\u00e7\u00e3o;<\/li><li>Coordenar o registro e controle de bens m\u00f3veis, bem como seu desfazimento;<\/li><li>Acompanhar o controle dos bens im\u00f3veis da Institui\u00e7\u00e3o;<\/li><li>Supervisionar a guarda e a tramita\u00e7\u00e3o de documentos da Institui\u00e7\u00e3o.<\/li><\/ul>\n","protected":false},"excerpt":{"rendered":"<p>A\u00a0COORDENA\u00c7\u00c3O DE MATERIAL E PATRIM\u00d4NIO (CMP)\u00a0\u00e9 composta por cinco N\u00facleos, cinco Se\u00e7\u00f5es e tr\u00eas Unidades, e tem por finalidade assegurar que todas as demandas das unidades administrativas e acad\u00eamicas sejam atendidas, propiciando a aquisi\u00e7\u00e3o ou contrata\u00e7\u00e3o, o recebimento e distribui\u00e7\u00e3o de materiais e servi\u00e7os, realizando o controle e registro de todos os bens permanentes da [&hellip;]<\/p>\n","protected":false},"author":1121,"featured_media":0,"parent":0,"menu_order":0,"comment_status":"closed","ping_status":"closed","template":"","meta":{"footnotes":""},"class_list":["post-53","page","type-page","status-publish","hentry"],"_links":{"self":[{"href":"https:\/\/wp.ufpel.edu.br\/cmp\/wp-json\/wp\/v2\/pages\/53","targetHints":{"allow":["GET"]}}],"collection":[{"href":"https:\/\/wp.ufpel.edu.br\/cmp\/wp-json\/wp\/v2\/pages"}],"about":[{"href":"https:\/\/wp.ufpel.edu.br\/cmp\/wp-json\/wp\/v2\/types\/page"}],"author":[{"embeddable":true,"href":"https:\/\/wp.ufpel.edu.br\/cmp\/wp-json\/wp\/v2\/users\/1121"}],"replies":[{"embeddable":true,"href":"https:\/\/wp.ufpel.edu.br\/cmp\/wp-json\/wp\/v2\/comments?post=53"}],"version-history":[{"count":4,"href":"https:\/\/wp.ufpel.edu.br\/cmp\/wp-json\/wp\/v2\/pages\/53\/revisions"}],"predecessor-version":[{"id":133,"href":"https:\/\/wp.ufpel.edu.br\/cmp\/wp-json\/wp\/v2\/pages\/53\/revisions\/133"}],"wp:attachment":[{"href":"https:\/\/wp.ufpel.edu.br\/cmp\/wp-json\/wp\/v2\/media?parent=53"}],"curies":[{"name":"wp","href":"https:\/\/api.w.org\/{rel}","templated":true}]}}