{"id":48,"date":"2021-02-18T12:08:34","date_gmt":"2021-02-18T15:08:34","guid":{"rendered":"https:\/\/wp.ufpel.edu.br\/cmp\/?page_id=48"},"modified":"2021-07-12T23:25:49","modified_gmt":"2021-07-13T02:25:49","slug":"nudoc","status":"publish","type":"page","link":"https:\/\/wp.ufpel.edu.br\/cmp\/nudoc\/","title":{"rendered":"Documenta\u00e7\u00e3o e Arquivo"},"content":{"rendered":"\n<p>O&nbsp;<strong>N\u00facleo de Documenta\u00e7\u00e3o e Arquivo (NUDOC)<\/strong>&nbsp;tem como principais atribui\u00e7\u00f5es:<\/p>\n\n\n\n<ul class=\"is-style-default wp-block-list\"><li>Receber, registrar, classificar, distribuir, controlar, tramitar e expedir todos os documentos da Institui\u00e7\u00e3o;<\/li><li>Gerenciar e fiscalizar os servi\u00e7os de postagem via Correios;<\/li><li>Gerir servi\u00e7os de malote da UFPel;<\/li><li>Gerenciar o protocolo de documentos, processo interno, externo e outras atividades correlatas;<\/li><li>Orientar sobre tramita\u00e7\u00e3o e execu\u00e7\u00e3o de\u00a0 processos;<\/li><li>Cadastrar e atribuir permiss\u00f5es, no Cobalto, de pessoas que n\u00e3o s\u00e3o servidoras da UFPel;<\/li><li>Orientar sobre procedimentos para utiliza\u00e7\u00e3o do SEI;<\/li><li>Liberar cadastro de usu\u00e1rios externos no SEI;<\/li><li>Classificar processos no SEI;<\/li><li>Digitalizar e converter processos f\u00edsicos para o SEI.<\/li><\/ul>\n\n\n\n<p><br>A&nbsp;<strong>Unidade de Arquivo (UARQ)<\/strong>&nbsp;tem como principais atribui\u00e7\u00f5es:<\/p>\n\n\n\n<ul class=\"wp-block-list\"><li>Gerenciar a guarda de processos e documentos, coordenando o arquivo da UFPel;<\/li><li>Classificar documentos aplicando a tabela de temporalidade;<\/li><li>Disponibilizar o arquivamento e desarquivamento de documentos para o atendimento de demandas administrativas e judiciais;<\/li><li>Propor e orientar a pr\u00e1tica de gest\u00e3o documental na institui\u00e7\u00e3o.<\/li><\/ul>\n","protected":false},"excerpt":{"rendered":"<p>O&nbsp;N\u00facleo de Documenta\u00e7\u00e3o e Arquivo (NUDOC)&nbsp;tem como principais atribui\u00e7\u00f5es: Receber, registrar, classificar, distribuir, controlar, tramitar e expedir todos os documentos da Institui\u00e7\u00e3o; Gerenciar e fiscalizar os servi\u00e7os de postagem via Correios; Gerir servi\u00e7os de malote da UFPel; Gerenciar o protocolo de documentos, processo interno, externo e outras atividades correlatas; Orientar sobre tramita\u00e7\u00e3o e execu\u00e7\u00e3o de\u00a0 [&hellip;]<\/p>\n","protected":false},"author":1121,"featured_media":0,"parent":0,"menu_order":0,"comment_status":"closed","ping_status":"closed","template":"","meta":{"footnotes":""},"class_list":["post-48","page","type-page","status-publish","hentry"],"_links":{"self":[{"href":"https:\/\/wp.ufpel.edu.br\/cmp\/wp-json\/wp\/v2\/pages\/48","targetHints":{"allow":["GET"]}}],"collection":[{"href":"https:\/\/wp.ufpel.edu.br\/cmp\/wp-json\/wp\/v2\/pages"}],"about":[{"href":"https:\/\/wp.ufpel.edu.br\/cmp\/wp-json\/wp\/v2\/types\/page"}],"author":[{"embeddable":true,"href":"https:\/\/wp.ufpel.edu.br\/cmp\/wp-json\/wp\/v2\/users\/1121"}],"replies":[{"embeddable":true,"href":"https:\/\/wp.ufpel.edu.br\/cmp\/wp-json\/wp\/v2\/comments?post=48"}],"version-history":[{"count":3,"href":"https:\/\/wp.ufpel.edu.br\/cmp\/wp-json\/wp\/v2\/pages\/48\/revisions"}],"predecessor-version":[{"id":130,"href":"https:\/\/wp.ufpel.edu.br\/cmp\/wp-json\/wp\/v2\/pages\/48\/revisions\/130"}],"wp:attachment":[{"href":"https:\/\/wp.ufpel.edu.br\/cmp\/wp-json\/wp\/v2\/media?parent=48"}],"curies":[{"name":"wp","href":"https:\/\/api.w.org\/{rel}","templated":true}]}}