{"id":103,"date":"2021-02-18T16:30:21","date_gmt":"2021-02-18T19:30:21","guid":{"rendered":"https:\/\/wp.ufpel.edu.br\/cmp\/?page_id=103"},"modified":"2021-02-18T16:30:21","modified_gmt":"2021-02-18T19:30:21","slug":"sapa","status":"publish","type":"page","link":"https:\/\/wp.ufpel.edu.br\/cmp\/sapa\/","title":{"rendered":"SE\u00c7\u00c3O DE AN\u00c1LISE DE PROCESSOS ADMINISTRATIVOS \u2013 SAPA"},"content":{"rendered":"\n<p>A&nbsp;<strong>Se\u00e7\u00e3o de An\u00e1lise de Processos Administrativos (SAPA)<\/strong>&nbsp;tem como principais atribui\u00e7\u00f5es:<\/p>\n\n\n\n<ul class=\"wp-block-list\"><li>Analisar condutas inadequadas praticadas pelas empresas licitantes ou contratadas;<\/li><li>Notificar as empresas descumpridoras de cl\u00e1usulas administrativas;<\/li><li>Sugerir aplica\u00e7\u00e3o de san\u00e7\u00f5es administrativas \u00e0s empresas inadimplentes.<\/li><\/ul>\n\n\n\n<p><strong>A Solicita\u00e7\u00e3o de Notifica\u00e7\u00e3o ao Fornecedor dever\u00e1 ocorrer atrav\u00e9s do\u00a0<a rel=\"noreferrer noopener\" href=\"https:\/\/sei.ufpel.edu.br\/sip\/login.php?sigla_orgao_sistema=UFPel&amp;sigla_sistema=SEI&amp;infra_url=L3NlaS8=\" target=\"_blank\">SEI!<\/a>, devendo-se observar os seguintes passos:<\/strong><\/p>\n\n\n\n<ol class=\"wp-block-list\"><li>Abrir processo \u201c<strong>Material: Processo Administrativo de San\u00e7\u00f5es a Fornecedores<\/strong>\u201c;<\/li><li>Incluir documento \u201c<strong>PRA Solicita\u00e7\u00e3o de Notifica\u00e7\u00e3o para Fornecedores<\/strong>\u201d e preench\u00ea-lo com as informa\u00e7\u00f5es solicitadas;<\/li><li>Encaminhar o processo ao N\u00facleo de Material (NUMAT).<\/li><\/ol>\n\n\n\n<p><\/p>\n","protected":false},"excerpt":{"rendered":"<p>A&nbsp;Se\u00e7\u00e3o de An\u00e1lise de Processos Administrativos (SAPA)&nbsp;tem como principais atribui\u00e7\u00f5es: Analisar condutas inadequadas praticadas pelas empresas licitantes ou contratadas; Notificar as empresas descumpridoras de cl\u00e1usulas administrativas; Sugerir aplica\u00e7\u00e3o de san\u00e7\u00f5es administrativas \u00e0s empresas inadimplentes. A Solicita\u00e7\u00e3o de Notifica\u00e7\u00e3o ao Fornecedor dever\u00e1 ocorrer atrav\u00e9s do\u00a0SEI!, devendo-se observar os seguintes passos: Abrir processo \u201cMaterial: Processo Administrativo de [&hellip;]<\/p>\n","protected":false},"author":1121,"featured_media":0,"parent":0,"menu_order":0,"comment_status":"closed","ping_status":"closed","template":"","meta":{"footnotes":""},"class_list":["post-103","page","type-page","status-publish","hentry"],"_links":{"self":[{"href":"https:\/\/wp.ufpel.edu.br\/cmp\/wp-json\/wp\/v2\/pages\/103","targetHints":{"allow":["GET"]}}],"collection":[{"href":"https:\/\/wp.ufpel.edu.br\/cmp\/wp-json\/wp\/v2\/pages"}],"about":[{"href":"https:\/\/wp.ufpel.edu.br\/cmp\/wp-json\/wp\/v2\/types\/page"}],"author":[{"embeddable":true,"href":"https:\/\/wp.ufpel.edu.br\/cmp\/wp-json\/wp\/v2\/users\/1121"}],"replies":[{"embeddable":true,"href":"https:\/\/wp.ufpel.edu.br\/cmp\/wp-json\/wp\/v2\/comments?post=103"}],"version-history":[{"count":1,"href":"https:\/\/wp.ufpel.edu.br\/cmp\/wp-json\/wp\/v2\/pages\/103\/revisions"}],"predecessor-version":[{"id":105,"href":"https:\/\/wp.ufpel.edu.br\/cmp\/wp-json\/wp\/v2\/pages\/103\/revisions\/105"}],"wp:attachment":[{"href":"https:\/\/wp.ufpel.edu.br\/cmp\/wp-json\/wp\/v2\/media?parent=103"}],"curies":[{"name":"wp","href":"https:\/\/api.w.org\/{rel}","templated":true}]}}