{"id":190,"date":"2019-09-16T15:18:44","date_gmt":"2019-09-16T18:18:44","guid":{"rendered":"https:\/\/wp.ufpel.edu.br\/cmaisc\/?page_id=190"},"modified":"2024-05-27T14:41:59","modified_gmt":"2024-05-27T17:41:59","slug":"homepage","status":"publish","type":"page","link":"https:\/\/wp.ufpel.edu.br\/cmaisc\/","title":{"rendered":"homepage"},"content":{"rendered":"<p>&nbsp;<\/p>\n<table class=\" aligncenter\" style=\"width: 130%; border-collapse: inherit;\" border=\"0\">\n<tbody>\n<tr style=\"height: 77px;\">\n<td style=\"width: 40.9536%; vertical-align: top; height: 77px;\"><a href=\"http:\/\/wp.ufpel.edu.br\/cmaisc\"><img loading=\"lazy\" decoding=\"async\" class=\" wp-image-664 aligncenter\" src=\"https:\/\/wp.ufpel.edu.br\/cmaisc\/files\/2019\/09\/teste4.png\" alt=\"\" width=\"377\" height=\"139\" srcset=\"https:\/\/wp.ufpel.edu.br\/cmaisc\/files\/2019\/09\/teste4.png 349w, https:\/\/wp.ufpel.edu.br\/cmaisc\/files\/2019\/09\/teste4-212x78.png 212w\" sizes=\"auto, (max-width: 377px) 100vw, 377px\" \/><\/a><\/td>\n<td style=\"width: 20%; height: 77px; text-align: left;\">\n<p><a href=\"https:\/\/wp.ufpel.edu.br\/cmaisc\/quem-somos\/\"><img loading=\"lazy\" decoding=\"async\" class=\"size-medium wp-image-977 aligncenter\" src=\"https:\/\/wp.ufpel.edu.br\/cmaisc\/files\/2019\/10\/quemsomos-424x128.png\" alt=\"\" width=\"424\" height=\"128\" srcset=\"https:\/\/wp.ufpel.edu.br\/cmaisc\/files\/2019\/10\/quemsomos-424x128.png 424w, https:\/\/wp.ufpel.edu.br\/cmaisc\/files\/2019\/10\/quemsomos-212x64.png 212w, https:\/\/wp.ufpel.edu.br\/cmaisc\/files\/2019\/10\/quemsomos.png 605w\" sizes=\"auto, (max-width: 424px) 100vw, 424px\" \/><\/a><\/p>\n<p><a href=\"https:\/\/wp.ufpel.edu.br\/cmaisc\/contatos\/\"><img loading=\"lazy\" decoding=\"async\" class=\"wp-image-981 size-full aligncenter\" src=\"https:\/\/wp.ufpel.edu.br\/cmaisc\/files\/2019\/10\/contato.png\" alt=\"\" width=\"605\" height=\"182\" srcset=\"https:\/\/wp.ufpel.edu.br\/cmaisc\/files\/2019\/10\/contato.png 605w, https:\/\/wp.ufpel.edu.br\/cmaisc\/files\/2019\/10\/contato-212x64.png 212w, https:\/\/wp.ufpel.edu.br\/cmaisc\/files\/2019\/10\/contato-424x128.png 424w\" sizes=\"auto, (max-width: 605px) 100vw, 605px\" \/><\/a><\/td>\n<td style=\"width: 20%; height: 77px; text-align: left;\">\n<p><a href=\"https:\/\/wp.ufpel.edu.br\/cmaisc\/projetos\/\"><img loading=\"lazy\" decoding=\"async\" class=\"size-medium wp-image-984 aligncenter\" src=\"https:\/\/wp.ufpel.edu.br\/cmaisc\/files\/2019\/10\/projetos-1-424x128.png\" alt=\"\" width=\"424\" height=\"128\" srcset=\"https:\/\/wp.ufpel.edu.br\/cmaisc\/files\/2019\/10\/projetos-1-424x128.png 424w, https:\/\/wp.ufpel.edu.br\/cmaisc\/files\/2019\/10\/projetos-1-212x64.png 212w, https:\/\/wp.ufpel.edu.br\/cmaisc\/files\/2019\/10\/projetos-1.png 605w\" sizes=\"auto, (max-width: 424px) 100vw, 424px\" \/><\/a><\/p>\n<p><a href=\"https:\/\/wp.ufpel.edu.br\/cmaisc\/revista-pixo\/\"><img loading=\"lazy\" decoding=\"async\" class=\"wp-image-985 aligncenter\" src=\"https:\/\/wp.ufpel.edu.br\/cmaisc\/files\/2019\/10\/revista_pixo-424x128.png\" alt=\"\" width=\"142\" height=\"43\" srcset=\"https:\/\/wp.ufpel.edu.br\/cmaisc\/files\/2019\/10\/revista_pixo-424x128.png 424w, https:\/\/wp.ufpel.edu.br\/cmaisc\/files\/2019\/10\/revista_pixo-212x64.png 212w, https:\/\/wp.ufpel.edu.br\/cmaisc\/files\/2019\/10\/revista_pixo.png 605w\" sizes=\"auto, (max-width: 142px) 100vw, 142px\" \/><\/a><\/td>\n<td style=\"width: 20%; height: 77px;\">\n<p><a href=\"https:\/\/wp.ufpel.edu.br\/cmaisc\/escritos\/\"><img loading=\"lazy\" decoding=\"async\" class=\"size-medium wp-image-982 aligncenter\" src=\"https:\/\/wp.ufpel.edu.br\/cmaisc\/files\/2019\/10\/escritos-424x128.png\" alt=\"\" width=\"424\" height=\"128\" srcset=\"https:\/\/wp.ufpel.edu.br\/cmaisc\/files\/2019\/10\/escritos-424x128.png 424w, https:\/\/wp.ufpel.edu.br\/cmaisc\/files\/2019\/10\/escritos-212x64.png 212w, https:\/\/wp.ufpel.edu.br\/cmaisc\/files\/2019\/10\/escritos.png 605w\" sizes=\"auto, (max-width: 424px) 100vw, 424px\" \/><\/a><\/p>\n<p><a href=\"https:\/\/wp.ufpel.edu.br\/cmaisc\/eventos\/\"><img loading=\"lazy\" decoding=\"async\" class=\"size-medium wp-image-983 aligncenter\" src=\"https:\/\/wp.ufpel.edu.br\/cmaisc\/files\/2019\/10\/eventos-424x127.png\" alt=\"\" width=\"424\" height=\"127\" srcset=\"https:\/\/wp.ufpel.edu.br\/cmaisc\/files\/2019\/10\/eventos-424x127.png 424w, https:\/\/wp.ufpel.edu.br\/cmaisc\/files\/2019\/10\/eventos-212x64.png 212w, https:\/\/wp.ufpel.edu.br\/cmaisc\/files\/2019\/10\/eventos.png 603w\" sizes=\"auto, (max-width: 424px) 100vw, 424px\" \/><\/a><\/td>\n<\/tr>\n<tr style=\"height: 23px;\">\n<td style=\"width: 40.9536%; text-align: justify; height: 23px;\"><\/td>\n<td style=\"width: 20%; text-align: left; height: 23px;\"><\/td>\n<td style=\"width: 20%; text-align: left; height: 23px;\"><\/td>\n<td style=\"width: 20%; text-align: left; height: 23px;\"><\/td>\n<\/tr>\n<tr style=\"height: 441px;\">\n<td style=\"width: 40.9536%; text-align: justify; height: 441px; vertical-align: top;\"><span style=\"font-family: 'trebuchet ms', geneva, sans-serif;\">Grupo de <a href=\"http:\/\/dgp.cnpq.br\/dgp\/espelhogrupo\/7082086254120698\">pesquisa<\/a>, ensino e extens\u00e3o; surgido a partir de 2011; ligado ao Laborat\u00f3rio de Urbanismo (LabUrb), Programa de P\u00f3s-gradua\u00e7\u00e3o em Arquitetura e Urbanismo (PROGRAU), Faculdade de Arquitetura e Urbanismo (FAUrb) e Universidade Federal de Pelotas (UFPel); procura articular-se em torno da abordagem multidisciplinar de quest\u00f5es te\u00f3ricas e emp\u00edricas relacionadas \u00e0 sociedade contempor\u00e2nea, em especial na rela\u00e7\u00e3o entre a arquitetura e cidade, habitando para isso as fronteiras da filosofia, das artes e da educa\u00e7\u00e3o, a fim de criar a\u00e7\u00f5es projetuais e perceptos para uma est\u00e9tica urbana atual.<\/span><\/td>\n<td style=\"width: 60%; text-align: left; height: 441px; vertical-align: top;\" colspan=\"3\">\n<p style=\"text-align: right;\"><img loading=\"lazy\" decoding=\"async\" class=\"alignnone size-full wp-image-1892\" src=\"https:\/\/wp.ufpel.edu.br\/cmaisc\/files\/2024\/05\/verbolario-video.gif\" alt=\"\" width=\"1080\" height=\"1080\" \/><a href=\"https:\/\/editoracaseira.com\/verbolario\/\"><strong>https:\/\/editoracaseira.com\/verbolario\/<\/strong><\/a><\/p>\n<\/td>\n<\/tr>\n<\/tbody>\n<\/table>\n<table class=\" aligncenter\" style=\"width: 130%; border-collapse: inherit;\" border=\"0\">\n<tbody>\n<tr style=\"height: 77px;\">\n<td style=\"width: 20.2724%; height: 10px;\" rowspan=\"2\"><a href=\"http:\/\/ufpel.edu.br\"><img loading=\"lazy\" decoding=\"async\" class=\"aligncenter wp-image-698 size-medium\" src=\"https:\/\/wp.ufpel.edu.br\/cmaisc\/files\/2019\/09\/Escudo-A-Tra\u00e7o-UFPEL_10042014_cinza-1-e1569849464797-343x318.png\" alt=\"\" width=\"343\" height=\"318\" srcset=\"https:\/\/wp.ufpel.edu.br\/cmaisc\/files\/2019\/09\/Escudo-A-Tra\u00e7o-UFPEL_10042014_cinza-1-e1569849464797-343x318.png 343w, https:\/\/wp.ufpel.edu.br\/cmaisc\/files\/2019\/09\/Escudo-A-Tra\u00e7o-UFPEL_10042014_cinza-1-e1569849464797-172x159.png 172w, https:\/\/wp.ufpel.edu.br\/cmaisc\/files\/2019\/09\/Escudo-A-Tra\u00e7o-UFPEL_10042014_cinza-1-e1569849464797-768x711.png 768w, https:\/\/wp.ufpel.edu.br\/cmaisc\/files\/2019\/09\/Escudo-A-Tra\u00e7o-UFPEL_10042014_cinza-1-e1569849464797.png 1382w\" sizes=\"auto, (max-width: 343px) 100vw, 343px\" \/><\/a><\/td>\n<td style=\"width: 17.9881%; height: 10px;\" rowspan=\"2\"><a href=\"http:\/\/wp.ufpel.edu.br\/laburb\"><img loading=\"lazy\" decoding=\"async\" class=\"size-medium wp-image-693 aligncenter\" src=\"https:\/\/wp.ufpel.edu.br\/cmaisc\/files\/2019\/09\/laburb_cinza-281x318.png\" alt=\"\" width=\"281\" height=\"318\" srcset=\"https:\/\/wp.ufpel.edu.br\/cmaisc\/files\/2019\/09\/laburb_cinza-281x318.png 281w, https:\/\/wp.ufpel.edu.br\/cmaisc\/files\/2019\/09\/laburb_cinza-141x159.png 141w, https:\/\/wp.ufpel.edu.br\/cmaisc\/files\/2019\/09\/laburb_cinza-768x869.png 768w, https:\/\/wp.ufpel.edu.br\/cmaisc\/files\/2019\/09\/laburb_cinza.png 1142w\" sizes=\"auto, (max-width: 281px) 100vw, 281px\" \/><\/a><\/td>\n<td style=\"width: 34.6241%; height: 10px;\" rowspan=\"2\"><a href=\"http:\/\/prograu.ufpel.edu.br\"><img loading=\"lazy\" decoding=\"async\" class=\" wp-image-666 aligncenter\" src=\"https:\/\/wp.ufpel.edu.br\/cmaisc\/files\/2019\/09\/logo-prograu-424x107.png\" alt=\"\" width=\"268\" height=\"68\" srcset=\"https:\/\/wp.ufpel.edu.br\/cmaisc\/files\/2019\/09\/logo-prograu-424x107.png 424w, https:\/\/wp.ufpel.edu.br\/cmaisc\/files\/2019\/09\/logo-prograu-212x54.png 212w, https:\/\/wp.ufpel.edu.br\/cmaisc\/files\/2019\/09\/logo-prograu-768x194.png 768w, https:\/\/wp.ufpel.edu.br\/cmaisc\/files\/2019\/09\/logo-prograu.png 1505w\" sizes=\"auto, (max-width: 268px) 100vw, 268px\" \/><\/a><\/td>\n<td style=\"width: 201.979%; height: 10px; text-align: justify;\" rowspan=\"2\"><a href=\"http:\/\/wp.ufpel.edu.br\/faurb\"><img loading=\"lazy\" decoding=\"async\" class=\"wp-image-705 aligncenter\" src=\"https:\/\/wp.ufpel.edu.br\/cmaisc\/files\/2019\/09\/25395045_1549894085048163_4978428131885580217_o-e1569853142567-424x199.png\" alt=\"\" width=\"171\" height=\"80\" srcset=\"https:\/\/wp.ufpel.edu.br\/cmaisc\/files\/2019\/09\/25395045_1549894085048163_4978428131885580217_o-e1569853142567-424x199.png 424w, https:\/\/wp.ufpel.edu.br\/cmaisc\/files\/2019\/09\/25395045_1549894085048163_4978428131885580217_o-e1569853142567-212x99.png 212w, https:\/\/wp.ufpel.edu.br\/cmaisc\/files\/2019\/09\/25395045_1549894085048163_4978428131885580217_o-e1569853142567.png 733w\" sizes=\"auto, (max-width: 171px) 100vw, 171px\" \/><\/a><\/td>\n<\/tr>\n<\/tbody>\n<\/table>\n<p style=\"text-align: center;\">\n","protected":false},"excerpt":{"rendered":"<p>&nbsp; Grupo de pesquisa, ensino e extens\u00e3o; surgido a partir de 2011; ligado ao Laborat\u00f3rio de Urbanismo (LabUrb), Programa de P\u00f3s-gradua\u00e7\u00e3o em Arquitetura e Urbanismo (PROGRAU), Faculdade de Arquitetura e Urbanismo (FAUrb) e Universidade Federal de Pelotas (UFPel); procura articular-se em torno da abordagem multidisciplinar de quest\u00f5es te\u00f3ricas e emp\u00edricas relacionadas \u00e0 sociedade contempor\u00e2nea, em &hellip; <\/p>\n<p class=\"link-more\"><a href=\"https:\/\/wp.ufpel.edu.br\/cmaisc\/\" class=\"more-link\">Continue lendo<span class=\"screen-reader-text\"> &#8220;homepage&#8221;<\/span><\/a><\/p>\n","protected":false},"author":716,"featured_media":0,"parent":0,"menu_order":0,"comment_status":"closed","ping_status":"closed","template":"","meta":{"footnotes":""},"class_list":["post-190","page","type-page","status-publish","hentry"],"jetpack_sharing_enabled":true,"_links":{"self":[{"href":"https:\/\/wp.ufpel.edu.br\/cmaisc\/wp-json\/wp\/v2\/pages\/190","targetHints":{"allow":["GET"]}}],"collection":[{"href":"https:\/\/wp.ufpel.edu.br\/cmaisc\/wp-json\/wp\/v2\/pages"}],"about":[{"href":"https:\/\/wp.ufpel.edu.br\/cmaisc\/wp-json\/wp\/v2\/types\/page"}],"author":[{"embeddable":true,"href":"https:\/\/wp.ufpel.edu.br\/cmaisc\/wp-json\/wp\/v2\/users\/716"}],"replies":[{"embeddable":true,"href":"https:\/\/wp.ufpel.edu.br\/cmaisc\/wp-json\/wp\/v2\/comments?post=190"}],"version-history":[{"count":129,"href":"https:\/\/wp.ufpel.edu.br\/cmaisc\/wp-json\/wp\/v2\/pages\/190\/revisions"}],"predecessor-version":[{"id":1896,"href":"https:\/\/wp.ufpel.edu.br\/cmaisc\/wp-json\/wp\/v2\/pages\/190\/revisions\/1896"}],"wp:attachment":[{"href":"https:\/\/wp.ufpel.edu.br\/cmaisc\/wp-json\/wp\/v2\/media?parent=190"}],"curies":[{"name":"wp","href":"https:\/\/api.w.org\/{rel}","templated":true}]}}