{"id":1292,"date":"2019-10-31T15:59:28","date_gmt":"2019-10-31T18:59:28","guid":{"rendered":"https:\/\/wp.ufpel.edu.br\/cmaisc\/?page_id=1292"},"modified":"2022-04-08T08:56:18","modified_gmt":"2022-04-08T11:56:18","slug":"ensino","status":"publish","type":"page","link":"https:\/\/wp.ufpel.edu.br\/cmaisc\/ensino\/","title":{"rendered":"ensino"},"content":{"rendered":"<p>&nbsp;<\/p>\n<table class=\" aligncenter\" style=\"width: 130%; border-collapse: inherit;\" border=\"0\">\n<tbody>\n<tr style=\"height: 77px;\">\n<td style=\"width: 40.9536%; vertical-align: top; height: 77px;\"><a href=\"http:\/\/wp.ufpel.edu.br\/cmaisc\"><img loading=\"lazy\" decoding=\"async\" class=\" wp-image-664 aligncenter\" src=\"https:\/\/wp.ufpel.edu.br\/cmaisc\/files\/2019\/09\/teste4.png\" alt=\"\" width=\"377\" height=\"139\" srcset=\"https:\/\/wp.ufpel.edu.br\/cmaisc\/files\/2019\/09\/teste4.png 349w, https:\/\/wp.ufpel.edu.br\/cmaisc\/files\/2019\/09\/teste4-212x78.png 212w\" sizes=\"auto, (max-width: 377px) 100vw, 377px\" \/><\/a><\/td>\n<td style=\"width: 20%; height: 77px; text-align: left;\">\n<p><a href=\"https:\/\/wp.ufpel.edu.br\/cmaisc\/quem-somos\/\"><img loading=\"lazy\" decoding=\"async\" class=\"size-medium wp-image-977 aligncenter\" src=\"https:\/\/wp.ufpel.edu.br\/cmaisc\/files\/2019\/10\/quemsomos-424x128.png\" alt=\"\" width=\"424\" height=\"128\" srcset=\"https:\/\/wp.ufpel.edu.br\/cmaisc\/files\/2019\/10\/quemsomos-424x128.png 424w, https:\/\/wp.ufpel.edu.br\/cmaisc\/files\/2019\/10\/quemsomos-212x64.png 212w, https:\/\/wp.ufpel.edu.br\/cmaisc\/files\/2019\/10\/quemsomos.png 605w\" sizes=\"auto, (max-width: 424px) 100vw, 424px\" \/><\/a><\/p>\n<p><a href=\"https:\/\/wp.ufpel.edu.br\/cmaisc\/contatos\/\"><img loading=\"lazy\" decoding=\"async\" class=\"wp-image-981 size-full aligncenter\" src=\"https:\/\/wp.ufpel.edu.br\/cmaisc\/files\/2019\/10\/contato.png\" alt=\"\" width=\"605\" height=\"182\" srcset=\"https:\/\/wp.ufpel.edu.br\/cmaisc\/files\/2019\/10\/contato.png 605w, https:\/\/wp.ufpel.edu.br\/cmaisc\/files\/2019\/10\/contato-212x64.png 212w, https:\/\/wp.ufpel.edu.br\/cmaisc\/files\/2019\/10\/contato-424x128.png 424w\" sizes=\"auto, (max-width: 605px) 100vw, 605px\" \/><\/a><\/td>\n<td style=\"width: 20%; height: 77px; text-align: left;\">\n<p><a href=\"https:\/\/wp.ufpel.edu.br\/cmaisc\/projetos\/\"><img loading=\"lazy\" decoding=\"async\" class=\"size-medium wp-image-984 aligncenter\" src=\"https:\/\/wp.ufpel.edu.br\/cmaisc\/files\/2019\/10\/projetos-1-424x128.png\" alt=\"\" width=\"424\" height=\"128\" srcset=\"https:\/\/wp.ufpel.edu.br\/cmaisc\/files\/2019\/10\/projetos-1-424x128.png 424w, https:\/\/wp.ufpel.edu.br\/cmaisc\/files\/2019\/10\/projetos-1-212x64.png 212w, https:\/\/wp.ufpel.edu.br\/cmaisc\/files\/2019\/10\/projetos-1.png 605w\" sizes=\"auto, (max-width: 424px) 100vw, 424px\" \/><\/a><\/p>\n<p><a href=\"https:\/\/wp.ufpel.edu.br\/cmaisc\/revista-pixo\/\"><img loading=\"lazy\" decoding=\"async\" class=\"wp-image-985 aligncenter\" src=\"https:\/\/wp.ufpel.edu.br\/cmaisc\/files\/2019\/10\/revista_pixo-424x128.png\" alt=\"\" width=\"142\" height=\"43\" srcset=\"https:\/\/wp.ufpel.edu.br\/cmaisc\/files\/2019\/10\/revista_pixo-424x128.png 424w, https:\/\/wp.ufpel.edu.br\/cmaisc\/files\/2019\/10\/revista_pixo-212x64.png 212w, https:\/\/wp.ufpel.edu.br\/cmaisc\/files\/2019\/10\/revista_pixo.png 605w\" sizes=\"auto, (max-width: 142px) 100vw, 142px\" \/><\/a><\/td>\n<td style=\"width: 20%; height: 77px;\">\n<p><a href=\"https:\/\/wp.ufpel.edu.br\/cmaisc\/escritos\/\"><img loading=\"lazy\" decoding=\"async\" class=\"size-medium wp-image-982 aligncenter\" src=\"https:\/\/wp.ufpel.edu.br\/cmaisc\/files\/2019\/10\/escritos-424x128.png\" alt=\"\" width=\"424\" height=\"128\" srcset=\"https:\/\/wp.ufpel.edu.br\/cmaisc\/files\/2019\/10\/escritos-424x128.png 424w, https:\/\/wp.ufpel.edu.br\/cmaisc\/files\/2019\/10\/escritos-212x64.png 212w, https:\/\/wp.ufpel.edu.br\/cmaisc\/files\/2019\/10\/escritos.png 605w\" sizes=\"auto, (max-width: 424px) 100vw, 424px\" \/><\/a><\/p>\n<p><a href=\"https:\/\/wp.ufpel.edu.br\/cmaisc\/eventos\/\"><img loading=\"lazy\" decoding=\"async\" class=\"size-medium wp-image-983 aligncenter\" src=\"https:\/\/wp.ufpel.edu.br\/cmaisc\/files\/2019\/10\/eventos-424x127.png\" alt=\"\" width=\"424\" height=\"127\" srcset=\"https:\/\/wp.ufpel.edu.br\/cmaisc\/files\/2019\/10\/eventos-424x127.png 424w, https:\/\/wp.ufpel.edu.br\/cmaisc\/files\/2019\/10\/eventos-212x64.png 212w, https:\/\/wp.ufpel.edu.br\/cmaisc\/files\/2019\/10\/eventos.png 603w\" sizes=\"auto, (max-width: 424px) 100vw, 424px\" \/><\/a><\/td>\n<\/tr>\n<tr>\n<td style=\"width: 40.9536%; vertical-align: top;\"><\/td>\n<td style=\"width: 20%; text-align: center;\"><\/td>\n<td style=\"width: 20%; text-align: center;\"><\/td>\n<td style=\"width: 20%; text-align: center;\"><\/td>\n<\/tr>\n<tr>\n<td style=\"width: 40.9536%; vertical-align: top;\"><\/td>\n<td style=\"text-align: center; width: 60%;\" colspan=\"3\"><a href=\"https:\/\/wp.ufpel.edu.br\/cmaisc\/pesquisa\/\"><img loading=\"lazy\" decoding=\"async\" class=\"wp-image-1358 alignright\" src=\"https:\/\/wp.ufpel.edu.br\/cmaisc\/files\/2019\/11\/pesquisa-1-424x51.png\" alt=\"\" width=\"258\" height=\"31\" srcset=\"https:\/\/wp.ufpel.edu.br\/cmaisc\/files\/2019\/11\/pesquisa-1-424x51.png 424w, https:\/\/wp.ufpel.edu.br\/cmaisc\/files\/2019\/11\/pesquisa-1-212x26.png 212w, https:\/\/wp.ufpel.edu.br\/cmaisc\/files\/2019\/11\/pesquisa-1.png 603w\" sizes=\"auto, (max-width: 258px) 100vw, 258px\" \/><\/a><\/td>\n<\/tr>\n<tr>\n<td style=\"width: 40.9536%; vertical-align: top;\"><\/td>\n<td style=\"text-align: center; width: 60%;\" colspan=\"3\"><a href=\"https:\/\/wp.ufpel.edu.br\/cmaisc\/extensao\/\"><img loading=\"lazy\" decoding=\"async\" class=\"wp-image-1356 alignright\" src=\"https:\/\/wp.ufpel.edu.br\/cmaisc\/files\/2019\/11\/extens\u00e3o-424x51.png\" alt=\"\" width=\"258\" height=\"31\" srcset=\"https:\/\/wp.ufpel.edu.br\/cmaisc\/files\/2019\/11\/extens\u00e3o-424x51.png 424w, https:\/\/wp.ufpel.edu.br\/cmaisc\/files\/2019\/11\/extens\u00e3o-212x26.png 212w, https:\/\/wp.ufpel.edu.br\/cmaisc\/files\/2019\/11\/extens\u00e3o.png 603w\" sizes=\"auto, (max-width: 258px) 100vw, 258px\" \/><\/a><\/td>\n<\/tr>\n<tr>\n<td style=\"width: 40.9536%; vertical-align: top;\"><\/td>\n<td style=\"width: 60%; text-align: center;\" colspan=\"3\"><a href=\"https:\/\/wp.ufpel.edu.br\/cmaisc\/ensino\/\"><img loading=\"lazy\" decoding=\"async\" class=\"wp-image-1355 alignright\" src=\"https:\/\/wp.ufpel.edu.br\/cmaisc\/files\/2019\/11\/ensino-424x51.png\" alt=\"\" width=\"258\" height=\"31\" srcset=\"https:\/\/wp.ufpel.edu.br\/cmaisc\/files\/2019\/11\/ensino-424x51.png 424w, https:\/\/wp.ufpel.edu.br\/cmaisc\/files\/2019\/11\/ensino-212x26.png 212w, https:\/\/wp.ufpel.edu.br\/cmaisc\/files\/2019\/11\/ensino.png 603w\" sizes=\"auto, (max-width: 258px) 100vw, 258px\" \/><\/a><\/td>\n<\/tr>\n<\/tbody>\n<\/table>\n<table style=\"width: 130%; border-collapse: inherit; height: 34px;\" border=\"0\">\n<tbody>\n<tr>\n<td style=\"width: 40.8488%; text-align: right;\"><span style=\"font-family: 'trebuchet ms', geneva, sans-serif; font-size: 1.25rem; text-align: center;\">ensino<\/span><\/td>\n<td style=\"width: 59.1512%;\">\n<p class=\"font_8\" style=\"text-align: justify;\"><span style=\"font-family: 'trebuchet ms', geneva, sans-serif;\">\u00a0<\/span><\/p>\n<\/td>\n<\/tr>\n<tr>\n<td style=\"width: 40.8488%;\">\n<h2 class=\"font_8\" style=\"text-align: center;\"><span class=\"color_15\" style=\"font-family: 'trebuchet ms', geneva, sans-serif;\">\u00a0<\/span><\/h2>\n<\/td>\n<td style=\"width: 59.1512%;\">\n<p class=\"font_8\" style=\"text-align: justify;\"><span style=\"font-size: 10pt;\"><strong><span style=\"font-family: 'trebuchet ms', geneva, sans-serif; color: #fbff26;\">Arquitetura de Interiores em Espa\u00e7os da UFPel<\/span><\/strong><\/span><\/p>\n<p class=\"font_8\" style=\"text-align: justify;\"><span style=\"font-family: 'trebuchet ms', geneva, sans-serif; font-size: 10pt;\">Descric\u0327a\u0303o: Os processos projetuais realizados na disciplina de Projeto de Arquitetura V, da Faculdade de Arquitetura e Urbanismo (FAUrb), da Universidade Federal de Pelotas (UFPel), tem visado nos \u00faltimos 10 anos a qualifica\u00e7\u00e3o e revitaliza\u00e7\u00e3o de espa\u00e7os da UFPel. A proposta de ensino pretende organizar o acervo em website e criar formas de usa-lo em atividades acad\u00eamicas ligadas a projetos de arquitetura de interiores e ilumina\u00e7\u00e3o. A disponibiliza\u00e7\u00e3o e implementa\u00e7\u00e3o de mecanismos de busca ir\u00e1 facilitar o uso acad\u00eamico curricular e administrativo da Universidade. Situac\u0327a\u0303o: Em andamento.<\/span><\/p>\n<p><span style=\"font-family: 'trebuchet ms', geneva, sans-serif; font-size: 10pt;\">Website: <a href=\"https:\/\/wp.ufpel.edu.br\/projetov\/\">https:\/\/wp.ufpel.edu.br\/projetov\/<\/a><\/span><\/p>\n<p class=\"font_8\" style=\"text-align: justify;\"><span style=\"font-size: 10pt;\"><strong><span style=\"font-family: 'trebuchet ms', geneva, sans-serif; color: #fbff26;\">Feminismos na contemporaneidade<\/span><\/strong><\/span><\/p>\n<p class=\"font_8\" style=\"text-align: justify;\"><span style=\"font-family: 'trebuchet ms', geneva, sans-serif; font-size: 10pt;\">Descric\u0327a\u0303o: O objetivo geral da proposta \u00e9 introduzir a tem\u00e1tica feminista considerando debates que abrangem teorias e pr\u00e1ticas que est\u00e3o sendo consideradas na contemporaneidade, com isso, instrumentalizar e visibilizar estudos sobre mulheres e feminismo nas \u00e1reas de arquitetura e urbanismo. <\/span><span style=\"font-family: 'trebuchet ms', geneva, sans-serif; font-size: 10pt;\">Situac\u0327a\u0303o: Conclu\u00eddo.<\/span><\/p>\n<p class=\"font_8\" style=\"text-align: justify;\"><span style=\"font-size: 10pt;\"><strong><span style=\"font-family: 'trebuchet ms', geneva, sans-serif; color: #fbff26;\">Cidades da Fronteira Brasil-\u00adUruguay<\/span><\/strong><\/span><\/p>\n<p class=\"font_8\" style=\"text-align: justify;\"><span style=\"font-family: 'trebuchet ms', geneva, sans-serif; font-size: 10pt;\">Descric\u0327a\u0303o: O projeto apoia as a\u00e7\u00f5es do projeto de pesquisa &#8220;Para-formal na fronteira Brasil-Uruguay&#8221;. <\/span><span style=\"font-family: 'trebuchet ms', geneva, sans-serif; font-size: 10pt;\">Situac\u0327a\u0303o: Conclu\u00eddo.<\/span><\/p>\n<\/td>\n<\/tr>\n<\/tbody>\n<\/table>\n<p>&nbsp;<\/p>\n<table class=\" aligncenter\" style=\"width: 130%; border-collapse: inherit;\" border=\"0\">\n<tbody>\n<tr style=\"height: 77px;\">\n<td style=\"width: 20.2724%; height: 10px;\" rowspan=\"2\"><span style=\"font-family: 'trebuchet ms', geneva, sans-serif;\"><a href=\"http:\/\/ufpel.edu.br\"><img loading=\"lazy\" decoding=\"async\" class=\"aligncenter wp-image-698 size-medium\" src=\"https:\/\/wp.ufpel.edu.br\/cmaisc\/files\/2019\/09\/Escudo-A-Tra\u00e7o-UFPEL_10042014_cinza-1-e1569849464797-343x318.png\" alt=\"\" width=\"343\" height=\"318\" srcset=\"https:\/\/wp.ufpel.edu.br\/cmaisc\/files\/2019\/09\/Escudo-A-Tra\u00e7o-UFPEL_10042014_cinza-1-e1569849464797-343x318.png 343w, https:\/\/wp.ufpel.edu.br\/cmaisc\/files\/2019\/09\/Escudo-A-Tra\u00e7o-UFPEL_10042014_cinza-1-e1569849464797-172x159.png 172w, https:\/\/wp.ufpel.edu.br\/cmaisc\/files\/2019\/09\/Escudo-A-Tra\u00e7o-UFPEL_10042014_cinza-1-e1569849464797-768x711.png 768w, https:\/\/wp.ufpel.edu.br\/cmaisc\/files\/2019\/09\/Escudo-A-Tra\u00e7o-UFPEL_10042014_cinza-1-e1569849464797.png 1382w\" sizes=\"auto, (max-width: 343px) 100vw, 343px\" \/><\/a><\/span><\/td>\n<td style=\"width: 17.9881%; height: 10px;\" rowspan=\"2\"><span style=\"font-family: 'trebuchet ms', geneva, sans-serif;\"><a href=\"http:\/\/wp.ufpel.edu.br\/laburb\"><img loading=\"lazy\" decoding=\"async\" class=\"size-medium wp-image-693 aligncenter\" src=\"https:\/\/wp.ufpel.edu.br\/cmaisc\/files\/2019\/09\/laburb_cinza-281x318.png\" alt=\"\" width=\"281\" height=\"318\" srcset=\"https:\/\/wp.ufpel.edu.br\/cmaisc\/files\/2019\/09\/laburb_cinza-281x318.png 281w, https:\/\/wp.ufpel.edu.br\/cmaisc\/files\/2019\/09\/laburb_cinza-141x159.png 141w, https:\/\/wp.ufpel.edu.br\/cmaisc\/files\/2019\/09\/laburb_cinza-768x869.png 768w, https:\/\/wp.ufpel.edu.br\/cmaisc\/files\/2019\/09\/laburb_cinza.png 1142w\" sizes=\"auto, (max-width: 281px) 100vw, 281px\" \/><\/a><\/span><\/td>\n<td style=\"width: 34.6241%; height: 10px;\" rowspan=\"2\"><span style=\"font-family: 'trebuchet ms', geneva, sans-serif;\"><a href=\"http:\/\/prograu.ufpel.edu.br\"><img loading=\"lazy\" decoding=\"async\" class=\" wp-image-666 aligncenter\" src=\"https:\/\/wp.ufpel.edu.br\/cmaisc\/files\/2019\/09\/logo-prograu-424x107.png\" alt=\"\" width=\"268\" height=\"68\" srcset=\"https:\/\/wp.ufpel.edu.br\/cmaisc\/files\/2019\/09\/logo-prograu-424x107.png 424w, https:\/\/wp.ufpel.edu.br\/cmaisc\/files\/2019\/09\/logo-prograu-212x54.png 212w, https:\/\/wp.ufpel.edu.br\/cmaisc\/files\/2019\/09\/logo-prograu-768x194.png 768w, https:\/\/wp.ufpel.edu.br\/cmaisc\/files\/2019\/09\/logo-prograu.png 1505w\" sizes=\"auto, (max-width: 268px) 100vw, 268px\" \/><\/a><\/span><\/td>\n<td style=\"width: 201.979%; height: 10px; text-align: justify;\" rowspan=\"2\"><span style=\"font-family: 'trebuchet ms', geneva, sans-serif;\"><a href=\"http:\/\/wp.ufpel.edu.br\/faurb\"><img loading=\"lazy\" decoding=\"async\" class=\"wp-image-705 aligncenter\" src=\"https:\/\/wp.ufpel.edu.br\/cmaisc\/files\/2019\/09\/25395045_1549894085048163_4978428131885580217_o-e1569853142567-424x199.png\" alt=\"\" width=\"171\" height=\"80\" srcset=\"https:\/\/wp.ufpel.edu.br\/cmaisc\/files\/2019\/09\/25395045_1549894085048163_4978428131885580217_o-e1569853142567-424x199.png 424w, https:\/\/wp.ufpel.edu.br\/cmaisc\/files\/2019\/09\/25395045_1549894085048163_4978428131885580217_o-e1569853142567-212x99.png 212w, https:\/\/wp.ufpel.edu.br\/cmaisc\/files\/2019\/09\/25395045_1549894085048163_4978428131885580217_o-e1569853142567.png 733w\" sizes=\"auto, (max-width: 171px) 100vw, 171px\" \/><\/a><\/span><\/td>\n<\/tr>\n<\/tbody>\n<\/table>\n<p>&nbsp;<\/p>\n","protected":false},"excerpt":{"rendered":"<p>&nbsp; ensino \u00a0 \u00a0 Arquitetura de Interiores em Espa\u00e7os da UFPel Descric\u0327a\u0303o: Os processos projetuais realizados na disciplina de Projeto de Arquitetura V, da Faculdade de Arquitetura e Urbanismo (FAUrb), da Universidade Federal de Pelotas (UFPel), tem visado nos \u00faltimos 10 anos a qualifica\u00e7\u00e3o e revitaliza\u00e7\u00e3o de espa\u00e7os da UFPel. A proposta de ensino pretende &hellip; <\/p>\n<p class=\"link-more\"><a href=\"https:\/\/wp.ufpel.edu.br\/cmaisc\/ensino\/\" class=\"more-link\">Continue lendo<span class=\"screen-reader-text\"> &#8220;ensino&#8221;<\/span><\/a><\/p>\n","protected":false},"author":716,"featured_media":0,"parent":0,"menu_order":0,"comment_status":"closed","ping_status":"closed","template":"","meta":{"footnotes":""},"class_list":["post-1292","page","type-page","status-publish","hentry"],"jetpack_sharing_enabled":true,"_links":{"self":[{"href":"https:\/\/wp.ufpel.edu.br\/cmaisc\/wp-json\/wp\/v2\/pages\/1292","targetHints":{"allow":["GET"]}}],"collection":[{"href":"https:\/\/wp.ufpel.edu.br\/cmaisc\/wp-json\/wp\/v2\/pages"}],"about":[{"href":"https:\/\/wp.ufpel.edu.br\/cmaisc\/wp-json\/wp\/v2\/types\/page"}],"author":[{"embeddable":true,"href":"https:\/\/wp.ufpel.edu.br\/cmaisc\/wp-json\/wp\/v2\/users\/716"}],"replies":[{"embeddable":true,"href":"https:\/\/wp.ufpel.edu.br\/cmaisc\/wp-json\/wp\/v2\/comments?post=1292"}],"version-history":[{"count":12,"href":"https:\/\/wp.ufpel.edu.br\/cmaisc\/wp-json\/wp\/v2\/pages\/1292\/revisions"}],"predecessor-version":[{"id":1664,"href":"https:\/\/wp.ufpel.edu.br\/cmaisc\/wp-json\/wp\/v2\/pages\/1292\/revisions\/1664"}],"wp:attachment":[{"href":"https:\/\/wp.ufpel.edu.br\/cmaisc\/wp-json\/wp\/v2\/media?parent=1292"}],"curies":[{"name":"wp","href":"https:\/\/api.w.org\/{rel}","templated":true}]}}