{"id":884,"date":"2022-07-05T00:47:37","date_gmt":"2022-07-05T03:47:37","guid":{"rendered":"https:\/\/wp.ufpel.edu.br\/clmd\/?page_id=884"},"modified":"2024-03-12T08:10:39","modified_gmt":"2024-03-12T11:10:39","slug":"editais-2022","status":"publish","type":"page","link":"https:\/\/wp.ufpel.edu.br\/clmd\/editais\/editais-2022\/","title":{"rendered":"Editais 2022"},"content":{"rendered":"<p>EDITAL CLMD N\u00ba 01\/2022 &#8211; Sele\u00e7\u00e3o de Tutoria Presencial<\/p>\n<p><span style=\"color: #0000ff;\"><a style=\"color: #0000ff;\" href=\"https:\/\/wp.ufpel.edu.br\/clmd\/files\/2022\/07\/Edital-CURSO-CLMD-No-01.2022-Tutoria-Presencial.pdf\" target=\"_blank\" rel=\"noopener\">Edital 01\/2022<\/a><\/span><\/p>\n<p><span style=\"color: #0000ff;\"><a style=\"color: #0000ff;\" href=\"https:\/\/forms.gle\/rRKtxa1D59dqkCZd8\" target=\"_blank\" rel=\"noopener\">Formul\u00e1rio de Inscri\u00e7\u00e3o<\/a><\/span><\/p>\n<p><span style=\"color: #0000ff;\"><a style=\"color: #0000ff;\" href=\"https:\/\/wp.ufpel.edu.br\/clmd\/files\/2022\/08\/Edital-CURSO-CLMD-No-01.2022_TD_Homologacao-das-inscricoes_10-08.pdf\" target=\"_blank\" rel=\"noopener\">Homologa\u00e7\u00e3o das Inscri\u00e7\u00f5es<\/a><\/span> (10\/08\/2022)<\/p>\n","protected":false},"excerpt":{"rendered":"<p>EDITAL CLMD N\u00ba 01\/2022 &#8211; Sele\u00e7\u00e3o de Tutoria Presencial Edital 01\/2022 Formul\u00e1rio de Inscri\u00e7\u00e3o Homologa\u00e7\u00e3o das Inscri\u00e7\u00f5es (10\/08\/2022)<\/p>\n","protected":false},"author":710,"featured_media":0,"parent":211,"menu_order":0,"comment_status":"closed","ping_status":"closed","template":"","meta":{"footnotes":""},"class_list":["post-884","page","type-page","status-publish","hentry"],"_links":{"self":[{"href":"https:\/\/wp.ufpel.edu.br\/clmd\/wp-json\/wp\/v2\/pages\/884","targetHints":{"allow":["GET"]}}],"collection":[{"href":"https:\/\/wp.ufpel.edu.br\/clmd\/wp-json\/wp\/v2\/pages"}],"about":[{"href":"https:\/\/wp.ufpel.edu.br\/clmd\/wp-json\/wp\/v2\/types\/page"}],"author":[{"embeddable":true,"href":"https:\/\/wp.ufpel.edu.br\/clmd\/wp-json\/wp\/v2\/users\/710"}],"replies":[{"embeddable":true,"href":"https:\/\/wp.ufpel.edu.br\/clmd\/wp-json\/wp\/v2\/comments?post=884"}],"version-history":[{"count":3,"href":"https:\/\/wp.ufpel.edu.br\/clmd\/wp-json\/wp\/v2\/pages\/884\/revisions"}],"predecessor-version":[{"id":896,"href":"https:\/\/wp.ufpel.edu.br\/clmd\/wp-json\/wp\/v2\/pages\/884\/revisions\/896"}],"up":[{"embeddable":true,"href":"https:\/\/wp.ufpel.edu.br\/clmd\/wp-json\/wp\/v2\/pages\/211"}],"wp:attachment":[{"href":"https:\/\/wp.ufpel.edu.br\/clmd\/wp-json\/wp\/v2\/media?parent=884"}],"curies":[{"name":"wp","href":"https:\/\/api.w.org\/{rel}","templated":true}]}}