{"id":726,"date":"2021-04-08T14:26:15","date_gmt":"2021-04-08T17:26:15","guid":{"rendered":"https:\/\/wp.ufpel.edu.br\/clmd\/?page_id=726"},"modified":"2025-07-30T17:06:06","modified_gmt":"2025-07-30T20:06:06","slug":"caracterizacoes-das-disciplinas","status":"publish","type":"page","link":"https:\/\/wp.ufpel.edu.br\/clmd\/institucional\/caracterizacoes-das-disciplinas\/","title":{"rendered":"Caracteriza\u00e7\u00f5es das Disciplinas &#8211; Vers\u00e3o 7"},"content":{"rendered":"<p><strong><span style=\"color: #0000ff;\">Vers\u00e3o 7 &#8211; Vig\u00eancia: 2020 a\u00a0 2024 &#8211; Turma UAB 7<\/span><\/strong><\/p>\n<table style=\"border-collapse: collapse; width: 40.8484%; height: 30px;\" border=\"1\">\n<tbody>\n<tr>\n<td style=\"width: 100%; border-color: #f0f0f0; background-color: #f0f0f0; text-align: center;\"><span style=\"color: #000080;\"><strong>Disciplinas do 1\u00ba Semestre<\/strong><\/span><\/td>\n<\/tr>\n<\/tbody>\n<\/table>\n<p><a href=\"https:\/\/wp.ufpel.edu.br\/clmd\/files\/2021\/04\/Sem1-Caracterizacao_disciplina-FEaD.pdf\" target=\"_blank\" rel=\"noopener noreferrer\">Sem1 Caracterizacao_disciplina &#8211; FEaD<\/a><\/p>\n<p><a href=\"https:\/\/wp.ufpel.edu.br\/clmd\/files\/2021\/04\/Sem1-Caracterizacao_disciplina-GP.pdf\" target=\"_blank\" rel=\"noopener noreferrer\">Sem1 Caracterizacao_disciplina &#8211; GP<\/a><\/p>\n<p><a href=\"https:\/\/wp.ufpel.edu.br\/clmd\/files\/2021\/04\/Sem1-Caracterizacao_disciplina-LEMA-A.pdf\" target=\"_blank\" rel=\"noopener noreferrer\">Sem1 Caracterizacao_disciplina &#8211; LEMA A<\/a><\/p>\n<p><a href=\"https:\/\/wp.ufpel.edu.br\/clmd\/files\/2021\/04\/Sem1-Caracterizacao_disciplina-ME-A.pdf\" target=\"_blank\" rel=\"noopener noreferrer\">Sem1 Caracterizacao_disciplina &#8211; ME A<\/a><\/p>\n<p><a href=\"https:\/\/wp.ufpel.edu.br\/clmd\/files\/2021\/04\/Sem1-Caracterizacao_disciplina-ME-B.pdf\" target=\"_blank\" rel=\"noopener noreferrer\">Sem1 Caracterizacao_disciplina &#8211; ME B<\/a><\/p>\n<table style=\"border-collapse: collapse; width: 40.1213%; height: 32px;\" border=\"1\">\n<tbody>\n<tr>\n<td style=\"width: 100%; border-color: #f0f0f0; background-color: #f0f0f0; text-align: center;\"><span style=\"color: #000080;\"><strong>Disciplinas do 2\u00ba Semestre<\/strong><\/span><\/td>\n<\/tr>\n<\/tbody>\n<\/table>\n<p><a href=\"https:\/\/wp.ufpel.edu.br\/clmd\/files\/2021\/04\/Sem2-Caracterizacao_disciplina-GE.pdf\" target=\"_blank\" rel=\"noopener noreferrer\">Sem2 Caracterizacao_disciplina &#8211; GE<\/a><\/p>\n<p><a href=\"https:\/\/wp.ufpel.edu.br\/clmd\/files\/2021\/04\/Sem2-Caracterizacao_disciplina-LEMA-B.pdf\" target=\"_blank\" rel=\"noopener noreferrer\">Sem2 Caracterizacao_disciplina &#8211; LEMA B<\/a><\/p>\n<p><a href=\"https:\/\/wp.ufpel.edu.br\/clmd\/files\/2021\/04\/Sem2-Caracterizacao_disciplina-LIBRAS.pdf\" target=\"_blank\" rel=\"noopener noreferrer\">Sem2 Caracterizacao_disciplina &#8211; LIBRAS<\/a><\/p>\n<p><a href=\"https:\/\/wp.ufpel.edu.br\/clmd\/files\/2021\/04\/Sem2-Caracterizacao_disciplina-ME-C.pdf\" target=\"_blank\" rel=\"noopener noreferrer\">Sem2 Caracterizacao_disciplina &#8211; ME C<\/a><\/p>\n<p><a href=\"https:\/\/wp.ufpel.edu.br\/clmd\/files\/2021\/04\/Sem2-Caracterizacao_disciplina-ME-D.pdf\" target=\"_blank\" rel=\"noopener noreferrer\">Sem2 Caracterizacao_disciplina &#8211; ME D<\/a><\/p>\n<p><a href=\"https:\/\/wp.ufpel.edu.br\/clmd\/files\/2021\/04\/Sem2-Caracterizacao_disciplina-TMEM.pdf\" target=\"_blank\" rel=\"noopener noreferrer\">Sem2 Caracterizacao_disciplina &#8211; TMEM<\/a><\/p>\n<table style=\"border-collapse: collapse; width: 40.3636%; height: 18px;\" border=\"1\">\n<tbody>\n<tr>\n<td style=\"width: 100%; border-color: #f0f0f0; background-color: #f0f0f0; text-align: center;\"><span style=\"color: #000080;\"><strong>Disciplinas do 3\u00ba Semestre<\/strong><\/span><\/td>\n<\/tr>\n<\/tbody>\n<\/table>\n<p><a href=\"https:\/\/wp.ufpel.edu.br\/clmd\/files\/2022\/03\/Sem3-Caracterizacao_disciplina-LEMA-C.pdf\" target=\"_blank\" rel=\"noopener\">Sem3 Caracterizacao_disciplina &#8211; LEMA C<\/a><\/p>\n<p><a href=\"https:\/\/wp.ufpel.edu.br\/clmd\/files\/2022\/03\/Sem3-Caracterizacao_disciplina-GPAEM.pdf\" target=\"_blank\" rel=\"noopener\">Sem3 Caracterizacao_disciplina &#8211; GPAEM<\/a><\/p>\n<p><a href=\"https:\/\/wp.ufpel.edu.br\/clmd\/files\/2022\/03\/Sem3-Caracterizacao_disciplina-GA.pdf\" target=\"_blank\" rel=\"noopener\">Sem3 Caracterizacao_disciplina &#8211; GA<\/a><\/p>\n<p><a href=\"https:\/\/wp.ufpel.edu.br\/clmd\/files\/2022\/03\/Sem3-Caracterizacao_disciplina-Calc-A.pdf\" target=\"_blank\" rel=\"noopener\">Sem3 Caracterizacao_disciplina &#8211; Calc A<\/a><\/p>\n<table style=\"border-collapse: collapse; width: 41.0909%; height: 18px;\" border=\"1\">\n<tbody>\n<tr style=\"height: 24px;\">\n<td style=\"width: 100%; height: 24px; border-color: #f0f0f0; background-color: #f0f0f0; text-align: center;\"><span style=\"color: #000080;\"><strong>Disciplinas do 4\u00ba Semestre<\/strong><\/span><\/td>\n<\/tr>\n<\/tbody>\n<\/table>\n<p><a href=\"https:\/\/wp.ufpel.edu.br\/clmd\/files\/2022\/03\/Sem4-Caracterizacao_disciplina-ALin.pdf\" target=\"_blank\" rel=\"noopener\">Sem4 Caracterizacao_disciplina &#8211; ALin<\/a><\/p>\n<p><a href=\"https:\/\/wp.ufpel.edu.br\/clmd\/files\/2022\/03\/Sem4-Caracterizacao_disciplina-PAEM-1.pdf\" target=\"_blank\" rel=\"noopener\">Sem4 Caracterizacao_disciplina &#8211; PAEM<\/a><\/p>\n<p><a href=\"https:\/\/wp.ufpel.edu.br\/clmd\/files\/2022\/03\/Sem4-Caracterizacao_disciplina-LEMA-D.pdf\" target=\"_blank\" rel=\"noopener\">Sem4 Caracterizacao_disciplina &#8211; LEMA D<\/a><\/p>\n<p><a href=\"https:\/\/wp.ufpel.edu.br\/clmd\/files\/2022\/03\/Sem4-Caracterizacao_disciplina-Calc-B.pdf\" target=\"_blank\" rel=\"noopener\">Sem4 Caracterizacao_disciplina &#8211; Calc B<\/a><\/p>\n<table style=\"border-collapse: collapse; width: 41.2121%; height: 19px;\" border=\"1\">\n<tbody>\n<tr>\n<td style=\"width: 100%; border-color: #f0f0f0; background-color: #f0f0f0; text-align: center;\"><span style=\"color: #000080;\"><strong>Disciplinas do 5\u00ba Semestre<\/strong><\/span><\/td>\n<\/tr>\n<\/tbody>\n<\/table>\n<p><a href=\"https:\/\/wp.ufpel.edu.br\/clmd\/files\/2023\/07\/caracterizacao_ECS_A_11270081.pdf\" target=\"_blank\" rel=\"noopener\">Sem5 Caracterizacao_disciplina &#8211; ECS A<\/a><\/p>\n<p><a href=\"https:\/\/wp.ufpel.edu.br\/clmd\/files\/2023\/07\/caracterizacao_LEM_11270080.pdf\" target=\"_blank\" rel=\"noopener\">Sem5 Caracterizacao_disciplina &#8211; LEM<\/a><\/p>\n<p><a href=\"https:\/\/wp.ufpel.edu.br\/clmd\/files\/2023\/07\/caracterizacao_CALC_C_11270079.pdf\" target=\"_blank\" rel=\"noopener\">Sem5 Caracterizacao_disciplina &#8211; CALC C<\/a><\/p>\n<p><a href=\"https:\/\/wp.ufpel.edu.br\/clmd\/files\/2023\/07\/caracterizacao_1_TDEM_1270078.pdf\" target=\"_blank\" rel=\"noopener\">Sem5 Caracterizacao_disciplina &#8211; TDEM<\/a><\/p>\n<table style=\"border-collapse: collapse; width: 40.8485%; height: 6px;\" border=\"1\">\n<tbody>\n<tr>\n<td style=\"width: 100%; border-color: #f0f0f0; background-color: #f0f0f0; text-align: center;\"><span style=\"color: #000080;\"><strong>Disciplinas do 6\u00ba Semestre<\/strong><\/span><\/td>\n<\/tr>\n<\/tbody>\n<\/table>\n<p><a href=\"https:\/\/wp.ufpel.edu.br\/clmd\/files\/2023\/07\/caracterizacao_ECS_B.pdf\" target=\"_blank\" rel=\"noopener\">Sem6 Caracterizacao_disciplina &#8211; ECS B<\/a><\/p>\n<p><a href=\"https:\/\/wp.ufpel.edu.br\/clmd\/files\/2023\/07\/caracterizacao_ARIT_11270085.pdf\" target=\"_blank\" rel=\"noopener\">Sem6 Caracterizacao_disciplina &#8211; ARIT<\/a><\/p>\n<p><a href=\"https:\/\/wp.ufpel.edu.br\/clmd\/files\/2023\/07\/caracterizacao_DEAD_11270082.pdf\" target=\"_blank\" rel=\"noopener\">Sem6 Caracterizacao_disciplina &#8211; DEAD<\/a><\/p>\n<p><a href=\"https:\/\/wp.ufpel.edu.br\/clmd\/files\/2023\/07\/caracterizacao_PE_11270083.pdf\" target=\"_blank\" rel=\"noopener\">Sem6 Caracterizacao_disciplina &#8211; PE<\/a><\/p>\n<p><a href=\"https:\/\/wp.ufpel.edu.br\/clmd\/files\/2023\/07\/caracterizacao_EMID_11270084.pdf\" target=\"_blank\" rel=\"noopener\">Sem6 Caracterizacao_disciplina &#8211; EMID<\/a><\/p>\n<p>&nbsp;<\/p>\n<table style=\"border-collapse: collapse; width: 40.8485%; height: 6px;\" border=\"1\">\n<tbody>\n<tr>\n<td style=\"width: 100%; border-color: #f0f0f0; background-color: #f0f0f0; text-align: center;\"><span style=\"color: #000080;\"><strong>Disciplinas do 7\u00ba Semestre<\/strong><\/span><\/td>\n<\/tr>\n<\/tbody>\n<\/table>\n<p><a href=\"https:\/\/wp.ufpel.edu.br\/clmd\/files\/2025\/07\/caracterizacao_disciplina11270087_EA.pdf\">Sem7_caracterizacao_disciplina11270087_EA<\/a><\/p>\n<p><a href=\"https:\/\/wp.ufpel.edu.br\/clmd\/files\/2025\/07\/caracterizacao_disciplina11270088_CALC-D.pdf\">Sem7_caracterizacao_disciplina11270088_CALC D<\/a><\/p>\n<p><a href=\"https:\/\/wp.ufpel.edu.br\/clmd\/files\/2025\/07\/caracterizacao_disciplina11270089_TCC_I.pdf\">Sem7_caracterizacao_disciplina11270089_TCC_I<\/a><\/p>\n<p><a href=\"https:\/\/wp.ufpel.edu.br\/clmd\/files\/2025\/07\/caracterizacao_disciplina11270090_ECS_C.pdf\">Sem7_caracterizacao_disciplina11270090_ECS_C<\/a><\/p>\n<p>&nbsp;<\/p>\n<table style=\"border-collapse: collapse; width: 40.8485%; height: 6px;\" border=\"1\">\n<tbody>\n<tr>\n<td style=\"width: 100%; border-color: #f0f0f0; background-color: #f0f0f0; text-align: center;\"><span style=\"color: #000080;\"><strong>Disciplinas do 8\u00ba Semestre<\/strong><\/span><\/td>\n<\/tr>\n<\/tbody>\n<\/table>\n<p><a href=\"https:\/\/wp.ufpel.edu.br\/clmd\/files\/2025\/07\/11270091_MF-1.pdf\">Sem8_Caracterizacao_disciplina_11270091_MF<\/a><\/p>\n<p><a href=\"https:\/\/wp.ufpel.edu.br\/clmd\/files\/2025\/07\/11270092_ECHM-1.pdf\">Sem8_Caracteruzacai_disciplina_11270092_ECHM<\/a><\/p>\n<p><a href=\"https:\/\/wp.ufpel.edu.br\/clmd\/files\/2025\/07\/caracterizacao_disciplina11270093_TCC-II.pdf\">Sem8_Caracterizacao_disciplina11270093_TCC II<\/a><\/p>\n<p><a href=\"https:\/\/wp.ufpel.edu.br\/clmd\/files\/2025\/07\/caracterizacao_disciplina11270094_ECS_D.pdf\">Sem8_Caracterizacao_disciplina11270094_ECS_D<\/a><\/p>\n","protected":false},"excerpt":{"rendered":"<p>Vers\u00e3o 7 &#8211; Vig\u00eancia: 2020 a\u00a0 2024 &#8211; Turma UAB 7 Disciplinas do 1\u00ba Semestre Sem1 Caracterizacao_disciplina &#8211; FEaD Sem1 Caracterizacao_disciplina &#8211; GP Sem1 Caracterizacao_disciplina &#8211; LEMA A Sem1 Caracterizacao_disciplina &#8211; ME A Sem1 Caracterizacao_disciplina &#8211; ME B Disciplinas do 2\u00ba Semestre Sem2 Caracterizacao_disciplina &#8211; GE Sem2 Caracterizacao_disciplina &#8211; LEMA B Sem2 Caracterizacao_disciplina &#8211; LIBRAS [&hellip;]<\/p>\n","protected":false},"author":710,"featured_media":0,"parent":91,"menu_order":0,"comment_status":"closed","ping_status":"closed","template":"","meta":{"footnotes":""},"class_list":["post-726","page","type-page","status-publish","hentry"],"_links":{"self":[{"href":"https:\/\/wp.ufpel.edu.br\/clmd\/wp-json\/wp\/v2\/pages\/726","targetHints":{"allow":["GET"]}}],"collection":[{"href":"https:\/\/wp.ufpel.edu.br\/clmd\/wp-json\/wp\/v2\/pages"}],"about":[{"href":"https:\/\/wp.ufpel.edu.br\/clmd\/wp-json\/wp\/v2\/types\/page"}],"author":[{"embeddable":true,"href":"https:\/\/wp.ufpel.edu.br\/clmd\/wp-json\/wp\/v2\/users\/710"}],"replies":[{"embeddable":true,"href":"https:\/\/wp.ufpel.edu.br\/clmd\/wp-json\/wp\/v2\/comments?post=726"}],"version-history":[{"count":13,"href":"https:\/\/wp.ufpel.edu.br\/clmd\/wp-json\/wp\/v2\/pages\/726\/revisions"}],"predecessor-version":[{"id":3272,"href":"https:\/\/wp.ufpel.edu.br\/clmd\/wp-json\/wp\/v2\/pages\/726\/revisions\/3272"}],"up":[{"embeddable":true,"href":"https:\/\/wp.ufpel.edu.br\/clmd\/wp-json\/wp\/v2\/pages\/91"}],"wp:attachment":[{"href":"https:\/\/wp.ufpel.edu.br\/clmd\/wp-json\/wp\/v2\/media?parent=726"}],"curies":[{"name":"wp","href":"https:\/\/api.w.org\/{rel}","templated":true}]}}