{"id":700,"date":"2021-04-01T20:27:44","date_gmt":"2021-04-01T23:27:44","guid":{"rendered":"https:\/\/wp.ufpel.edu.br\/clmd\/?page_id=700"},"modified":"2024-03-12T08:10:16","modified_gmt":"2024-03-12T11:10:16","slug":"editais-2021","status":"publish","type":"page","link":"https:\/\/wp.ufpel.edu.br\/clmd\/editais\/editais-2021\/","title":{"rendered":"Editais 2021"},"content":{"rendered":"<p>EDITAL CLMD N\u00ba 01\/2021 &#8211; Sele\u00e7\u00e3o Tutoria a Dist\u00e2ncia<\/p>\n<p><a href=\"https:\/\/wp.ufpel.edu.br\/clmd\/files\/2021\/03\/Edital-CLMD-No-01.2021-Tutoria-a-distancia_inscricoes_.pdf\" target=\"_blank\" rel=\"noopener noreferrer\">Edital 01\/2021<\/a><\/p>\n<p><a href=\"https:\/\/docs.google.com\/forms\/d\/e\/1FAIpQLSdp_wm3l9p90spH63GVs6xrys35ba640q91Q-nCfy6ki9x6Cg\/alreadyresponded\" target=\"_blank\" rel=\"noopener noreferrer\">Formul\u00e1rio de Inscri\u00e7\u00e3o<\/a><\/p>\n<p><a href=\"https:\/\/wp.ufpel.edu.br\/clmd\/files\/2021\/04\/Edital-CLMD-No-01.2021_TD_-Homologacao-das-inscricoes_14-04-1.pdf\" target=\"_blank\" rel=\"noopener noreferrer\">Homologa\u00e7\u00e3o das Inscri\u00e7\u00f5es<\/a> (14\/04\/2021)<\/p>\n<p><a href=\"https:\/\/wp.ufpel.edu.br\/clmd\/files\/2021\/04\/Edital-CLMD-No-01.2021_Tutor-a-distancia_Analise-Recurso-da-Homologacao_19-04.pdf\" target=\"_blank\" rel=\"noopener noreferrer\">An\u00e1lise dos Recursos<\/a> (19\/04\/2021)<\/p>\n<p><a href=\"https:\/\/wp.ufpel.edu.br\/clmd\/files\/2021\/04\/Edital-CLMD-No-01.2021_Tutor-a-Distancia_Resultado-parcial_23-04.pdf\" target=\"_blank\" rel=\"noopener noreferrer\">Resultado Parcial<\/a> (23\/04\/2021)<\/p>\n<p><a href=\"https:\/\/wp.ufpel.edu.br\/clmd\/files\/2021\/04\/Edital-CLMD-No-01.2021_Tutor-a-Distancia_Resultado-FINAL_28-04.pdf\" target=\"_blank\" rel=\"noopener noreferrer\">Resultado Final<\/a> (28\/04\/2021)<\/p>\n","protected":false},"excerpt":{"rendered":"<p>EDITAL CLMD N\u00ba 01\/2021 &#8211; Sele\u00e7\u00e3o Tutoria a Dist\u00e2ncia Edital 01\/2021 Formul\u00e1rio de Inscri\u00e7\u00e3o Homologa\u00e7\u00e3o das Inscri\u00e7\u00f5es (14\/04\/2021) An\u00e1lise dos Recursos (19\/04\/2021) Resultado Parcial (23\/04\/2021) Resultado Final (28\/04\/2021)<\/p>\n","protected":false},"author":710,"featured_media":0,"parent":211,"menu_order":0,"comment_status":"closed","ping_status":"closed","template":"","meta":{"footnotes":""},"class_list":["post-700","page","type-page","status-publish","hentry"],"_links":{"self":[{"href":"https:\/\/wp.ufpel.edu.br\/clmd\/wp-json\/wp\/v2\/pages\/700","targetHints":{"allow":["GET"]}}],"collection":[{"href":"https:\/\/wp.ufpel.edu.br\/clmd\/wp-json\/wp\/v2\/pages"}],"about":[{"href":"https:\/\/wp.ufpel.edu.br\/clmd\/wp-json\/wp\/v2\/types\/page"}],"author":[{"embeddable":true,"href":"https:\/\/wp.ufpel.edu.br\/clmd\/wp-json\/wp\/v2\/users\/710"}],"replies":[{"embeddable":true,"href":"https:\/\/wp.ufpel.edu.br\/clmd\/wp-json\/wp\/v2\/comments?post=700"}],"version-history":[{"count":3,"href":"https:\/\/wp.ufpel.edu.br\/clmd\/wp-json\/wp\/v2\/pages\/700\/revisions"}],"predecessor-version":[{"id":777,"href":"https:\/\/wp.ufpel.edu.br\/clmd\/wp-json\/wp\/v2\/pages\/700\/revisions\/777"}],"up":[{"embeddable":true,"href":"https:\/\/wp.ufpel.edu.br\/clmd\/wp-json\/wp\/v2\/pages\/211"}],"wp:attachment":[{"href":"https:\/\/wp.ufpel.edu.br\/clmd\/wp-json\/wp\/v2\/media?parent=700"}],"curies":[{"name":"wp","href":"https:\/\/api.w.org\/{rel}","templated":true}]}}