{"id":58,"date":"2016-12-14T16:11:12","date_gmt":"2016-12-14T18:11:12","guid":{"rendered":"https:\/\/wp.ufpel.edu.br\/clmd\/?page_id=58"},"modified":"2026-01-13T19:02:42","modified_gmt":"2026-01-13T22:02:42","slug":"equipe-docente","status":"publish","type":"page","link":"https:\/\/wp.ufpel.edu.br\/clmd\/equipe-docente\/","title":{"rendered":"Equipe CLMD"},"content":{"rendered":"<table style=\"border-collapse: collapse; width: 100%;\" border=\"1\">\n<tbody>\n<tr>\n<td style=\"width: 33.3333%; border-color: #5795f2; background-color: #5795f2; text-align: center;\" colspan=\"3\"><span style=\"color: #000080;\"><strong>COORDENA\u00c7\u00c3O E SECRETARIA<\/strong><\/span><\/td>\n<\/tr>\n<tr>\n<td style=\"width: 33.3333%; text-align: center; border-color: #dfe4f5; background-color: #dfe4f5;\"><strong style=\"text-align: justify;\">Coordena\u00e7\u00e3o do Curso<\/strong><\/td>\n<td style=\"width: 33.3333%; text-align: center; border-color: #dfe4f5; background-color: #dfe4f5;\"><strong style=\"text-align: justify;\"><span style=\"color: #000000;\">Coordena\u00e7\u00e3o de Tutoria<\/span><\/strong><\/td>\n<td style=\"width: 33.3333%; text-align: center; border-color: #dfe4f5; background-color: #dfe4f5;\"><strong style=\"text-align: justify;\">Secret\u00e1rio<\/strong><\/td>\n<\/tr>\n<tr>\n<td style=\"width: 33.3333%; text-align: center; border-color: #dfe4f5; background-color: #dfe4f5;\"><a style=\"color: #0000ff;\" href=\"http:\/\/lattes.cnpq.br\/1862027374795942\" target=\"_blank\" rel=\"noopener\">Luciana Chimendes<\/a><\/td>\n<td style=\"width: 33.3333%; text-align: center; border-color: #dfe4f5; background-color: #dfe4f5;\"><span style=\"font-size: 12pt; font-family: var(--fonte-corpo); color: #0000ff;\"><a style=\"color: #0000ff;\" href=\"http:\/\/lattes.cnpq.br\/4013442664832849\" target=\"_blank\" rel=\"noopener\">Silvia Prietsch Wendt<\/a><\/span><span style=\"text-align: justify;\">\u00a0<\/span><\/td>\n<td style=\"width: 33.3333%; text-align: center; border-color: #dfe4f5; background-color: #dfe4f5;\"><a style=\"color: #0000ff;\" href=\"http:\/\/lattes.cnpq.br\/5955826856873676\">Rog\u00e9rio Sacramento Burkert<\/a><\/td>\n<\/tr>\n<\/tbody>\n<\/table>\n<p>&nbsp;<\/p>\n<table style=\"border-collapse: collapse; width: 100%;\" border=\"1\">\n<tbody>\n<tr style=\"height: 24px;\">\n<td style=\"width: 100%; border-color: #5795f2; background-color: #5795f2; text-align: center; height: 24px;\" colspan=\"2\"><span style=\"color: #000080;\"><strong>\u00d3RG\u00c3OS<\/strong><\/span><\/td>\n<\/tr>\n<tr style=\"height: 24px;\">\n<td style=\"width: 44.9504%; height: 24px; border-color: #dfe4f5; background-color: #dfe4f5;\">\n<p style=\"text-align: center;\"><strong style=\"text-align: justify;\">Colegiado do Curso<\/strong><\/p>\n<p style=\"text-align: center;\"><span style=\"text-align: justify;\">Portaria IFM 57\/2025<\/span><\/p>\n<p style=\"text-align: center;\"><span style=\"text-align: justify;\">Docentes:\u00a0 \u00a0 \u00a0 \u00a0 \u00a0 \u00a0 \u00a0 \u00a0 \u00a0 \u00a0 \u00a0 \u00a0 \u00a0 \u00a0 \u00a0 \u00a0 \u00a0 \u00a0 \u00a0 \u00a0 \u00a0 \u00a0 \u00a0<\/span><span style=\"text-align: justify;\">Luciana Chimendes Cabrera<\/span><br style=\"text-align: justify;\" \/><span style=\"text-align: justify;\">\u00a0 \u00a0 \u00a0 \u00a0 \u00a0 \u00a0 \u00a0Carla Denize Ott Felcher\u00a0 \u00a0 \u00a0 \u00a0 \u00a0 \u00a0 \u00a0 \u00a0 \u00a0 \u00a0 \u00a0 \u00a0 \u00a0Rita de C\u00e1ssia de Souza Soares Ramos<\/span><span style=\"text-align: justify;\">Silvia Prietsch Wendt<\/span><br style=\"text-align: justify;\" \/>\u00a0 \u00a0 \u00a0 Discentes:\u00a0 \u00a0 \u00a0 \u00a0 \u00a0 \u00a0 \u00a0 \u00a0 \u00a0 \u00a0 \u00a0 \u00a0 \u00a0 \u00a0 \u00a0 \u00a0 \u00a0 \u00a0 \u00a0 \u00a0 \u00a0 \u00a0 \u00a0 \u00a0 \u00a0 \u00a0 \u00a0 \u00a0 \u00a0 \u00a0 \u00a0 \u00a0 \u00a0Davi Vargas Limeira &#8211; Esteio\u00a0 \u00a0 \u00a0 \u00a0 \u00a0 \u00a0 \u00a0 \u00a0 \u00a0 \u00a0 \u00a0 \u00a0 \u00a0Denise Ramos Carvalho &#8211; Gravata\u00ed<\/p>\n<\/td>\n<td style=\"width: 55.0496%; height: 24px; border-color: #dfe4f5; background-color: #dfe4f5;\">\n<p style=\"text-align: center;\"><strong style=\"text-align: justify;\">NDE &#8211; N\u00facleo Docente Estruturante<\/strong><\/p>\n<p style=\"text-align: center;\"><span style=\"text-align: justify;\">Portaria IFM 57\/2025<\/span><\/p>\n<p style=\"text-align: center;\"><span style=\"text-align: justify;\">\u00a0 \u00a0 \u00a0 \u00a0Luciana Chimendes Cabrera<\/span><br style=\"text-align: justify;\" \/><span style=\"text-align: justify;\">\u00a0 \u00a0 \u00a0 \u00a0 \u00a0 \u00a0 \u00a0 \u00a0 \u00a0 \u00a0 \u00a0 \u00a0 \u00a0Carla Denize Ott Felcher\u00a0 \u00a0 \u00a0 \u00a0 \u00a0 \u00a0 \u00a0 \u00a0 \u00a0 \u00a0 \u00a0 \u00a0 \u00a0 \u00a0 \u00a0 \u00a0 \u00a0 \u00a0 \u00a0 \u00a0 \u00a0 \u00a0 \u00a0 \u00a0 \u00a0 \u00a0 Edgar \u00c1vila Gandra\u00a0 \u00a0 \u00a0 \u00a0 \u00a0 \u00a0 \u00a0 \u00a0 \u00a0 \u00a0 \u00a0 \u00a0 \u00a0 \u00a0 \u00a0 \u00a0 \u00a0 \u00a0 \u00a0 \u00a0 \u00a0 \u00a0 \u00a0 \u00a0 \u00a0 \u00a0 \u00a0 \u00a0 \u00a0 \u00a0 \u00a0<\/span><span style=\"font-family: inherit; font-size: inherit;\">Marcos Borges da Silveira<\/span><span style=\"text-align: justify;\">\u00a0 \u00a0 \u00a0 \u00a0 \u00a0 \u00a0 \u00a0 \u00a0 \u00a0 \u00a0 \u00a0 \u00a0 \u00a0 \u00a0 \u00a0 \u00a0 \u00a0 \u00a0 \u00a0 \u00a0 \u00a0 \u00a0 \u00a0 \u00a0Pedro Ant\u00f4nio Ourique\u00a0 \u00a0 \u00a0 \u00a0 \u00a0 \u00a0 \u00a0 \u00a0 \u00a0 \u00a0 \u00a0 \u00a0 \u00a0 \u00a0 \u00a0 \u00a0 \u00a0 \u00a0 \u00a0 \u00a0 \u00a0 \u00a0 \u00a0 \u00a0 \u00a0 \u00a0 Ri<\/span><span style=\"text-align: justify;\">ta de C\u00e1ssia de Souza Soares\u00a0 \u00a0 \u00a0 \u00a0 \u00a0 <\/span><span style=\"text-align: justify;\">Silvia Prietsch Wendt<\/span><br style=\"text-align: justify;\" \/><br style=\"text-align: justify;\" \/><\/p>\n<\/td>\n<\/tr>\n<\/tbody>\n<\/table>\n<p>&nbsp;<\/p>\n<table style=\"border-collapse: collapse; width: 100%;\" border=\"1\">\n<tbody>\n<tr>\n<td style=\"width: 33.3333%; border-color: #5795f2; background-color: #5795f2; text-align: center;\" colspan=\"3\"><span style=\"color: #000080;\"><strong>PROFESSORES E TUTORES<\/strong><\/span><\/td>\n<\/tr>\n<tr>\n<td style=\"width: 33.3333%; text-align: center; border-color: #dfe4f5; background-color: #dfe4f5;\" colspan=\"3\"><a href=\"https:\/\/wp.ufpel.edu.br\/clmd\/files\/2025\/10\/DISTRIBUICAO-2025_2.pdf\" target=\"_blank\" rel=\"noopener\"><span style=\"color: #0000ff;\">Atuantes em 2025\/2<\/span><\/a><\/td>\n<\/tr>\n<tr>\n<td style=\"text-align: center; border-color: #dfe4f5; background-color: #dfe4f5;\" colspan=\"3\"><\/td>\n<\/tr>\n<tr>\n<td style=\"width: 33.3333%; text-align: center; border-color: #dfe4f5; background-color: #dfe4f5;\" colspan=\"3\"><span style=\"color: #0000ff;\"><a style=\"color: #0000ff;\" href=\"https:\/\/wp.ufpel.edu.br\/clmd\/files\/2025\/10\/EQUIPE-DO-SEMESTRE-2025_1.pdf\" target=\"_blank\" rel=\"noopener\">Atuantes em 2025\/1<\/a><\/span><\/td>\n<\/tr>\n<\/tbody>\n<\/table>\n<p>&nbsp;<\/p>\n<p>&nbsp;<\/p>\n","protected":false},"excerpt":{"rendered":"<p>COORDENA\u00c7\u00c3O E SECRETARIA Coordena\u00e7\u00e3o do Curso Coordena\u00e7\u00e3o de Tutoria Secret\u00e1rio Luciana Chimendes Silvia Prietsch Wendt\u00a0 Rog\u00e9rio Sacramento Burkert &nbsp; \u00d3RG\u00c3OS Colegiado do Curso Portaria IFM 57\/2025 Docentes:\u00a0 \u00a0 \u00a0 \u00a0 \u00a0 \u00a0 \u00a0 \u00a0 \u00a0 \u00a0 \u00a0 \u00a0 \u00a0 \u00a0 \u00a0 \u00a0 \u00a0 \u00a0 \u00a0 \u00a0 \u00a0 \u00a0 \u00a0Luciana Chimendes Cabrera\u00a0 \u00a0 \u00a0 \u00a0 \u00a0 [&hellip;]<\/p>\n","protected":false},"author":710,"featured_media":0,"parent":0,"menu_order":0,"comment_status":"closed","ping_status":"closed","template":"","meta":{"footnotes":""},"class_list":["post-58","page","type-page","status-publish","hentry"],"_links":{"self":[{"href":"https:\/\/wp.ufpel.edu.br\/clmd\/wp-json\/wp\/v2\/pages\/58","targetHints":{"allow":["GET"]}}],"collection":[{"href":"https:\/\/wp.ufpel.edu.br\/clmd\/wp-json\/wp\/v2\/pages"}],"about":[{"href":"https:\/\/wp.ufpel.edu.br\/clmd\/wp-json\/wp\/v2\/types\/page"}],"author":[{"embeddable":true,"href":"https:\/\/wp.ufpel.edu.br\/clmd\/wp-json\/wp\/v2\/users\/710"}],"replies":[{"embeddable":true,"href":"https:\/\/wp.ufpel.edu.br\/clmd\/wp-json\/wp\/v2\/comments?post=58"}],"version-history":[{"count":3,"href":"https:\/\/wp.ufpel.edu.br\/clmd\/wp-json\/wp\/v2\/pages\/58\/revisions"}],"predecessor-version":[{"id":3520,"href":"https:\/\/wp.ufpel.edu.br\/clmd\/wp-json\/wp\/v2\/pages\/58\/revisions\/3520"}],"wp:attachment":[{"href":"https:\/\/wp.ufpel.edu.br\/clmd\/wp-json\/wp\/v2\/media?parent=58"}],"curies":[{"name":"wp","href":"https:\/\/api.w.org\/{rel}","templated":true}]}}