{"id":562,"date":"2020-08-24T19:48:00","date_gmt":"2020-08-24T22:48:00","guid":{"rendered":"https:\/\/wp.ufpel.edu.br\/clmd\/?page_id=562"},"modified":"2025-07-30T17:22:32","modified_gmt":"2025-07-30T20:22:32","slug":"ppc","status":"publish","type":"page","link":"https:\/\/wp.ufpel.edu.br\/clmd\/institucional\/ppc\/","title":{"rendered":"Vers\u00f5es anteriores do PPC"},"content":{"rendered":"<p>Acesse aqui as vers\u00f5es anteriores do Projeto Pedag\u00f3gico do Curso de Licenciatura em Matem\u00e1tica a Dist\u00e2ncia, o fluxograma e as caracteriza\u00e7\u00f5es.<\/p>\n<p>&nbsp;<\/p>\n<p><span style=\"color: #0000ff;\"><strong>Vers\u00e3o 7 &#8211; Vig\u00eancia: 2020 a 2024 &#8211; Turma UAB 7<\/strong><\/span><\/p>\n<ul>\n<li><a href=\"https:\/\/wp.ufpel.edu.br\/clmd\/files\/2020\/08\/PPC_CLMD_UAB-7_2020-_FINAL_APROVADO.pdf\">Projeto Pedagogico do Curso &#8211; vers\u00e3o 7<\/a><\/li>\n<li><a href=\"https:\/\/wp.ufpel.edu.br\/clmd\/files\/2021\/04\/Grade-CLMD-UAB-7-FINAL-2021.pdf\">Fluxograma do Curso &#8211; vers\u00e3o 7<\/a><\/li>\n<li><a href=\"https:\/\/wp.ufpel.edu.br\/clmd\/institucional\/caracterizacoes-das-disciplinas\/\" target=\"_blank\" rel=\"noopener\">Caracteriza\u00e7\u00f5es das Disciplinas &#8211; vers\u00e3o 7<\/a><\/li>\n<\/ul>\n<p>&nbsp;<\/p>\n<p><span style=\"color: #0000ff;\"><strong>Vers\u00e3o 5 &#8211; Vig\u00eancia: &#8230;&#8230;. &#8211; Turma UAB 5 e 6<\/strong><\/span><\/p>\n<ul>\n<li><a href=\"https:\/\/wp.ufpel.edu.br\/clmd\/files\/2016\/12\/Grade-CLMD-UAB-5-UAB-6.pdf\">Fluxograma do Curso<\/a><\/li>\n<\/ul>\n<p>&nbsp;<\/p>\n<p>&nbsp;<\/p>\n","protected":false},"excerpt":{"rendered":"<p>Acesse aqui as vers\u00f5es anteriores do Projeto Pedag\u00f3gico do Curso de Licenciatura em Matem\u00e1tica a Dist\u00e2ncia, o fluxograma e as caracteriza\u00e7\u00f5es. &nbsp; Vers\u00e3o 7 &#8211; Vig\u00eancia: 2020 a 2024 &#8211; Turma UAB 7 Projeto Pedagogico do Curso &#8211; vers\u00e3o 7 Fluxograma do Curso &#8211; vers\u00e3o 7 Caracteriza\u00e7\u00f5es das Disciplinas &#8211; vers\u00e3o 7 &nbsp; Vers\u00e3o 5 [&hellip;]<\/p>\n","protected":false},"author":710,"featured_media":0,"parent":91,"menu_order":2,"comment_status":"closed","ping_status":"closed","template":"","meta":{"footnotes":""},"class_list":["post-562","page","type-page","status-publish","hentry"],"_links":{"self":[{"href":"https:\/\/wp.ufpel.edu.br\/clmd\/wp-json\/wp\/v2\/pages\/562","targetHints":{"allow":["GET"]}}],"collection":[{"href":"https:\/\/wp.ufpel.edu.br\/clmd\/wp-json\/wp\/v2\/pages"}],"about":[{"href":"https:\/\/wp.ufpel.edu.br\/clmd\/wp-json\/wp\/v2\/types\/page"}],"author":[{"embeddable":true,"href":"https:\/\/wp.ufpel.edu.br\/clmd\/wp-json\/wp\/v2\/users\/710"}],"replies":[{"embeddable":true,"href":"https:\/\/wp.ufpel.edu.br\/clmd\/wp-json\/wp\/v2\/comments?post=562"}],"version-history":[{"count":4,"href":"https:\/\/wp.ufpel.edu.br\/clmd\/wp-json\/wp\/v2\/pages\/562\/revisions"}],"predecessor-version":[{"id":3279,"href":"https:\/\/wp.ufpel.edu.br\/clmd\/wp-json\/wp\/v2\/pages\/562\/revisions\/3279"}],"up":[{"embeddable":true,"href":"https:\/\/wp.ufpel.edu.br\/clmd\/wp-json\/wp\/v2\/pages\/91"}],"wp:attachment":[{"href":"https:\/\/wp.ufpel.edu.br\/clmd\/wp-json\/wp\/v2\/media?parent=562"}],"curies":[{"name":"wp","href":"https:\/\/api.w.org\/{rel}","templated":true}]}}