{"id":552,"date":"2020-08-24T19:03:15","date_gmt":"2020-08-24T22:03:15","guid":{"rendered":"https:\/\/wp.ufpel.edu.br\/clmd\/?page_id=552"},"modified":"2024-03-12T08:09:44","modified_gmt":"2024-03-12T11:09:44","slug":"vestibular-especial-2020-2","status":"publish","type":"page","link":"https:\/\/wp.ufpel.edu.br\/clmd\/editais\/vestibular-especial-2020-2\/","title":{"rendered":"Editais 2020"},"content":{"rendered":"<p>EDITAL CLMD N\u00ba 01\/2020 &#8211; Sele\u00e7\u00e3o de Tutores Presenciais<\/p>\n<p><a href=\"https:\/\/wp.ufpel.edu.br\/ead\/files\/2020\/10\/Edital-CLMD-01.2020-Tutoria-presencial_inscricoes.pdf\" target=\"_blank\" rel=\"noopener noreferrer\">Edital 01\/2020<\/a><\/p>\n<p><a href=\"https:\/\/docs.google.com\/forms\/d\/e\/1FAIpQLSdrTZlrWMc6N0ccNua95-I-hUQfV1hupBgnXo8ao91s8T6AjQ\/viewform\" target=\"_blank\" rel=\"noopener noreferrer\">Formul\u00e1rio de Inscri\u00e7\u00e3o<\/a><\/p>\n<p><a href=\"https:\/\/wp.ufpel.edu.br\/clmd\/files\/2020\/11\/homologacao-das-inscricoes_04-11.pdf\" target=\"_blank\" rel=\"noopener noreferrer\">Inscri\u00e7\u00f5es Homologadas<\/a> (04\/11\/2020)<\/p>\n<p><a href=\"https:\/\/wp.ufpel.edu.br\/ead\/files\/2020\/11\/EDITAL-CLMD-01.2020_Tutor-Presencial_Resultado-parcial_18-11-1.pdf\" target=\"_blank\" rel=\"noopener noreferrer\">Resultado Parcial<\/a> (18\/11\/2020)<\/p>\n<p><a href=\"https:\/\/wp.ufpel.edu.br\/ead\/files\/2020\/11\/EDITAL-CLMD-01.2020_Tutor-Presencial_Analise-Recurso_24-11_.pdf\" target=\"_blank\" rel=\"noopener noreferrer\">An\u00e1lise dos Recursos<\/a> (24\/11\/2020)<\/p>\n<p><a href=\"https:\/\/wp.ufpel.edu.br\/ead\/files\/2020\/11\/EDITAL-CLMD-01.2020_Tutor-Presencial_Resultado-Final_25-11.pdf\" target=\"_blank\" rel=\"noopener noreferrer\">Resultado Final<\/a> (25\/11\/2020)<\/p>\n<p>=============================<\/p>\n<p>EDITAL COODEC N\u00ba 014 DE 30 DE JULHO DE 2020<\/p>\n<p>Vestibular Especial 2020\/2 acesse o Edital:<\/p>\n<p><a href=\"https:\/\/wp.ufpel.edu.br\/clmd\/files\/2020\/08\/SEI_UFPel-1007931-Edital-Vestibular-UAB-2020_CLMD.pdf\">https:\/\/wp.ufpel.edu.br\/clmd\/files\/2020\/08\/SEI_UFPel-1007931-Edital-Vestibular-UAB-2020_CLMD.pdf<\/a><\/p>\n<p><a href=\"http:\/\/ces.ufpel.edu.br\/vestibular\/vested0014_2020\/download\/2020\/resultadouab2020.pdf\" target=\"_blank\" rel=\"noopener noreferrer\">Resultado Final &#8211; Ordem Alfab\u00e9tica de Aprovados<\/a> &#8211; <span style=\"background-color: #ffff00;\">Novo<\/span><\/p>\n","protected":false},"excerpt":{"rendered":"<p>EDITAL CLMD N\u00ba 01\/2020 &#8211; Sele\u00e7\u00e3o de Tutores Presenciais Edital 01\/2020 Formul\u00e1rio de Inscri\u00e7\u00e3o Inscri\u00e7\u00f5es Homologadas (04\/11\/2020) Resultado Parcial (18\/11\/2020) An\u00e1lise dos Recursos (24\/11\/2020) Resultado Final (25\/11\/2020) ============================= EDITAL COODEC N\u00ba 014 DE 30 DE JULHO DE 2020 Vestibular Especial 2020\/2 acesse o Edital: https:\/\/wp.ufpel.edu.br\/clmd\/files\/2020\/08\/SEI_UFPel-1007931-Edital-Vestibular-UAB-2020_CLMD.pdf Resultado Final &#8211; Ordem Alfab\u00e9tica de Aprovados &#8211; Novo<\/p>\n","protected":false},"author":710,"featured_media":0,"parent":211,"menu_order":0,"comment_status":"closed","ping_status":"closed","template":"","meta":{"footnotes":""},"class_list":["post-552","page","type-page","status-publish","hentry"],"_links":{"self":[{"href":"https:\/\/wp.ufpel.edu.br\/clmd\/wp-json\/wp\/v2\/pages\/552","targetHints":{"allow":["GET"]}}],"collection":[{"href":"https:\/\/wp.ufpel.edu.br\/clmd\/wp-json\/wp\/v2\/pages"}],"about":[{"href":"https:\/\/wp.ufpel.edu.br\/clmd\/wp-json\/wp\/v2\/types\/page"}],"author":[{"embeddable":true,"href":"https:\/\/wp.ufpel.edu.br\/clmd\/wp-json\/wp\/v2\/users\/710"}],"replies":[{"embeddable":true,"href":"https:\/\/wp.ufpel.edu.br\/clmd\/wp-json\/wp\/v2\/comments?post=552"}],"version-history":[{"count":10,"href":"https:\/\/wp.ufpel.edu.br\/clmd\/wp-json\/wp\/v2\/pages\/552\/revisions"}],"predecessor-version":[{"id":1147,"href":"https:\/\/wp.ufpel.edu.br\/clmd\/wp-json\/wp\/v2\/pages\/552\/revisions\/1147"}],"up":[{"embeddable":true,"href":"https:\/\/wp.ufpel.edu.br\/clmd\/wp-json\/wp\/v2\/pages\/211"}],"wp:attachment":[{"href":"https:\/\/wp.ufpel.edu.br\/clmd\/wp-json\/wp\/v2\/media?parent=552"}],"curies":[{"name":"wp","href":"https:\/\/api.w.org\/{rel}","templated":true}]}}