{"id":40,"date":"2016-12-14T15:24:45","date_gmt":"2016-12-14T17:24:45","guid":{"rendered":"https:\/\/wp.ufpel.edu.br\/clmd\/?page_id=40"},"modified":"2024-10-28T16:58:16","modified_gmt":"2024-10-28T19:58:16","slug":"polos","status":"publish","type":"page","link":"https:\/\/wp.ufpel.edu.br\/clmd\/institucional\/polos\/","title":{"rendered":"Turmas e endere\u00e7os dos polos"},"content":{"rendered":"<p>Atualmente, h\u00e1 tr\u00eas turmas em andamento: UAB 7 (2020\/2), UAB 8 (2022\/2) e UAB 9 (2024\/1). Em 2025\/1, haver\u00e1 sele\u00e7\u00e3o para abertura de 11 novas turmas na UAB 10. <span style=\"color: #0000ff;\"><a style=\"color: #0000ff;\" href=\"https:\/\/www.google.com\/maps\/d\/u\/0\/edit?mid=1tA74s9CJQnTCOhmcfXgd2_x8W2NuiNE&amp;usp=sharing\">Acesse<\/a><\/span> a localiza\u00e7\u00e3o de cada um dos polos onde est\u00e3o\/estar\u00e3o ocorrendo estas ofertas:<\/p>\n<p><a href=\"https:\/\/www.google.com\/maps\/d\/u\/0\/edit?mid=1tA74s9CJQnTCOhmcfXgd2_x8W2NuiNE&amp;usp=sharing\"><img class=\"aligncenter wp-image-2475 size-full\" src=\"https:\/\/wp.ufpel.edu.br\/clmd\/files\/2024\/10\/mapa_polos.png\" alt=\"\" width=\"594\" height=\"455\" srcset=\"https:\/\/wp.ufpel.edu.br\/clmd\/files\/2024\/10\/mapa_polos.png 594w, https:\/\/wp.ufpel.edu.br\/clmd\/files\/2024\/10\/mapa_polos-400x306.png 400w\" sizes=\"(max-width: 594px) 100vw, 594px\" \/><\/a><\/p>\n<p style=\"text-align: center;\"><a href=\"https:\/\/wp.ufpel.edu.br\/clmd\/files\/2024\/10\/lista-polos-1.png\"><img class=\"aligncenter wp-image-2491 size-full\" src=\"https:\/\/wp.ufpel.edu.br\/clmd\/files\/2024\/10\/lista-polos-1.png\" alt=\"\" width=\"1058\" height=\"654\" srcset=\"https:\/\/wp.ufpel.edu.br\/clmd\/files\/2024\/10\/lista-polos-1.png 1058w, https:\/\/wp.ufpel.edu.br\/clmd\/files\/2024\/10\/lista-polos-1-400x247.png 400w, https:\/\/wp.ufpel.edu.br\/clmd\/files\/2024\/10\/lista-polos-1-1024x633.png 1024w, https:\/\/wp.ufpel.edu.br\/clmd\/files\/2024\/10\/lista-polos-1-768x475.png 768w\" sizes=\"(max-width: 1058px) 100vw, 1058px\" \/><\/a><\/p>\n<h2><span style=\"color: #0000ff;\"><strong>Turmas encerradas:\u00a0<\/strong><\/span><\/h2>\n<p><span style=\"color: #0000ff;\"><strong>UAB 6 (2017\/1) &#8211; 1 turma<\/strong><\/span><\/p>\n<p><span style=\"color: #000000;\"><em>Santana do Livramento.<\/em><\/span><\/p>\n<p><span style=\"color: #000000;\"><strong>Status:<\/strong> finalizado<\/span><\/p>\n<p>&nbsp;<\/p>\n<p><span style=\"color: #0000ff;\"><strong>UAB 5 (2016\/2) &#8211; 6 turmas<\/strong><\/span><\/p>\n<p><span style=\"color: #000000;\"><em>Cachoeira do Sul, Novo Hamburgo, Restinga Seca, S\u00e3o Louren\u00e7o do Sul, Sapiranga e Sapucaia do Sul.<\/em>\u00a0<\/span><\/p>\n<p><span style=\"color: #000000;\"><strong>Status:<\/strong> finalizado<\/span><\/p>\n<p>&nbsp;<\/p>\n<p><span style=\"color: #0000ff;\"><strong>UAB 4 (2012\/2) &#8211; 4 turmas<\/strong><\/span><\/p>\n<p><span style=\"color: #000000;\"><em>Arroio dos Ratos, Novo Hamburgo, Panambi e Tr\u00eas Passos<\/em>.\u00a0<\/span><\/p>\n<p><span style=\"color: #000000;\"><strong>Status:<\/strong> finalizado<\/span><\/p>\n<p>&nbsp;<\/p>\n<p><span style=\"color: #0000ff;\"><strong>UAB 3 (2011\/1) &#8211; 22 turmas<\/strong><\/span><\/p>\n<p><span style=\"color: #000000;\"><em>Arroio dos Ratos, Balne\u00e1rio Pinhal, Cacequi, Cachoeira do Sul, Camargo, Constantina, Cruz Alta, Herval, Itaqui, Novo Hamburgo, Panambi, Picada Caf\u00e9, Quara\u00ed, Ros\u00e1rio do Sul, Santana da Boa Vista, S\u00e3o Francisco de Paula, S\u00e3o Louren\u00e7o do Sul, S\u00e3o Sep\u00e9, Sapiranga, Sapucaia do Sul, Serafina Corr\u00eaa, Tr\u00eas Passos<\/em>.\u00a0<\/span><\/p>\n<p><span style=\"color: #000000;\"><strong>Status:<\/strong> finalizado<\/span><\/p>\n<p>&nbsp;<\/p>\n<p><span style=\"color: #0000ff;\"><strong>UAB 2 (2008\/2) &#8211; 7 turmas<\/strong><\/span><\/p>\n<p><span style=\"color: #000000;\"><em>Balne\u00e1rio Pinhal, Cruz Alta, Ibaiti\/PR, Itaqui, Jaquirana, Santana da Boa Vista e Santa Vit\u00f3ria do Palmar<\/em>.\u00a0<\/span><\/p>\n<p><span style=\"color: #000000;\"><strong>Status:<\/strong> finalizado<\/span><\/p>\n<p>&nbsp;<\/p>\n<p><span style=\"color: #800000;\"><strong>Pr\u00f3-Licenciatura 2 (2008\/2) &#8211; 5 turmas<\/strong><\/span><\/p>\n<p><span style=\"color: #000000;\"><em>Ca\u00e7apava do Sul, Camaqu\u00e3, Ros\u00e1rio do Sul,\u00a0Santana da Boa Vista e S\u00e3o Jos\u00e9 do Norte<\/em>.\u00a0<\/span><\/p>\n<p><span style=\"color: #000000;\"><strong>Status:<\/strong> finalizado<\/span><\/p>\n<p>&nbsp;<\/p>\n<p><span style=\"color: #0000ff;\"><strong>UAB 1 (2008\/1) &#8211; 8 turmas<\/strong><\/span><\/p>\n<p><span style=\"color: #000000;\"><em>Arroio dos Ratos, Cachoeira do Sul, Camargo, Herval, Restinga Seca, S\u00e3o Francisco de Paula, Seberi e Videira\/SC<\/em>.\u00a0<\/span><\/p>\n<p><span style=\"color: #000000;\"><strong>Status:<\/strong> finalizado<\/span><\/p>\n<p>&nbsp;<\/p>\n<p><span style=\"color: #800000;\"><strong>Pr\u00f3-Licenciatura 1 (2006\/1) &#8211; 3 turmas<\/strong><\/span><\/p>\n<p><span style=\"color: #000000;\"><em>Cangu\u00e7u, Jaguar\u00e3o e Turu\u00e7u<\/em>.\u00a0<\/span><\/p>\n<p><span style=\"color: #000000;\"><strong>Status:<\/strong> finalizado<\/span><\/p>\n","protected":false},"excerpt":{"rendered":"<p>Atualmente, h\u00e1 tr\u00eas turmas em andamento: UAB 7 (2020\/2), UAB 8 (2022\/2) e UAB 9 (2024\/1). Em 2025\/1, haver\u00e1 sele\u00e7\u00e3o para abertura de 11 novas turmas na UAB 10. Acesse a localiza\u00e7\u00e3o de cada um dos polos onde est\u00e3o\/estar\u00e3o ocorrendo estas ofertas: Turmas encerradas:\u00a0 UAB 6 (2017\/1) &#8211; 1 turma Santana do Livramento. Status: finalizado [&hellip;]<\/p>\n","protected":false},"author":710,"featured_media":0,"parent":91,"menu_order":0,"comment_status":"closed","ping_status":"closed","template":"page-sem-sidebar.php","meta":{"footnotes":""},"class_list":["post-40","page","type-page","status-publish","hentry"],"_links":{"self":[{"href":"https:\/\/wp.ufpel.edu.br\/clmd\/wp-json\/wp\/v2\/pages\/40","targetHints":{"allow":["GET"]}}],"collection":[{"href":"https:\/\/wp.ufpel.edu.br\/clmd\/wp-json\/wp\/v2\/pages"}],"about":[{"href":"https:\/\/wp.ufpel.edu.br\/clmd\/wp-json\/wp\/v2\/types\/page"}],"author":[{"embeddable":true,"href":"https:\/\/wp.ufpel.edu.br\/clmd\/wp-json\/wp\/v2\/users\/710"}],"replies":[{"embeddable":true,"href":"https:\/\/wp.ufpel.edu.br\/clmd\/wp-json\/wp\/v2\/comments?post=40"}],"version-history":[{"count":23,"href":"https:\/\/wp.ufpel.edu.br\/clmd\/wp-json\/wp\/v2\/pages\/40\/revisions"}],"predecessor-version":[{"id":2494,"href":"https:\/\/wp.ufpel.edu.br\/clmd\/wp-json\/wp\/v2\/pages\/40\/revisions\/2494"}],"up":[{"embeddable":true,"href":"https:\/\/wp.ufpel.edu.br\/clmd\/wp-json\/wp\/v2\/pages\/91"}],"wp:attachment":[{"href":"https:\/\/wp.ufpel.edu.br\/clmd\/wp-json\/wp\/v2\/media?parent=40"}],"curies":[{"name":"wp","href":"https:\/\/api.w.org\/{rel}","templated":true}]}}