{"id":3599,"date":"2026-02-05T17:38:36","date_gmt":"2026-02-05T20:38:36","guid":{"rendered":"https:\/\/wp.ufpel.edu.br\/clmd\/?page_id=3599"},"modified":"2026-02-13T10:39:57","modified_gmt":"2026-02-13T13:39:57","slug":"egressos","status":"publish","type":"page","link":"https:\/\/wp.ufpel.edu.br\/clmd\/acesse\/egressos\/","title":{"rendered":"Egressos"},"content":{"rendered":"<p><a href=\"https:\/\/wp.ufpel.edu.br\/clmd\/files\/2026\/02\/egressos.png\"><img class=\"aligncenter size-full wp-image-3617\" src=\"https:\/\/wp.ufpel.edu.br\/clmd\/files\/2026\/02\/egressos.png\" alt=\"\" width=\"959\" height=\"309\" srcset=\"https:\/\/wp.ufpel.edu.br\/clmd\/files\/2026\/02\/egressos.png 959w, https:\/\/wp.ufpel.edu.br\/clmd\/files\/2026\/02\/egressos-400x129.png 400w, https:\/\/wp.ufpel.edu.br\/clmd\/files\/2026\/02\/egressos-768x247.png 768w\" sizes=\"(max-width: 959px) 100vw, 959px\" \/><\/a><\/p>\n<p>&nbsp;<\/p>\n<p style=\"text-align: justify;\">Sua hist\u00f3ria com o CLMD n\u00e3o se encerra no dia da formatura. Como egresso do curso, nossa miss\u00e3o continua no acompanhamento de sua trajet\u00f3ria profissional, oferecendo suporte, informa\u00e7\u00f5es e as orienta\u00e7\u00f5es que precisar.<\/p>\n<p>Assim, ser\u00e1 muito importante que voc\u00ea:<\/p>\n<ul>\n<li style=\"text-align: justify;\">Mantenha seus dados atualizados na <span style=\"color: #0000ff;\"><a style=\"color: #0000ff;\" href=\"https:\/\/docs.google.com\/spreadsheets\/d\/1Pw63Qj3Ymwy_iCkWUETm0Y4X4sVQU15Gs09gqqNsMsM\/edit?usp=sharing\">tabela<\/a> <\/span>de dados dos egressos. Ela ficar\u00e1 sempre dispon\u00edvel para voc\u00ea acessar e alterar as informa\u00e7\u00f5es. Com seu dados atualizados, podemos entrar em contato para convidar-lhe a participar de atividades do curso, especialmente, nossas forma\u00e7\u00f5es e sele\u00e7\u00f5es de tutor e professor formador. E voc\u00ea tamb\u00e9m poder\u00e1 acessar para se informar sobre o contato dos ex-colegas, sempre que precisar.<\/li>\n<li style=\"text-align: justify;\">Entre em contato conosco para divulgar eventos que acontecer\u00e3o em sua regi\u00e3o e que possam auxiliar na forma\u00e7\u00e3o dos estudantes do curso.<\/li>\n<li>Solicite nosso apoio para organizar forma\u00e7\u00f5es na regi\u00e3o que est\u00e1 atuando.<\/li>\n<\/ul>\n<p>Sucesso na profiss\u00e3o!<\/p>\n<p>Conte conosco sempre!<\/p>\n<table style=\"border-collapse: collapse; width: 100%;\" border=\"1\">\n<tbody>\n<tr>\n<td style=\"width: 49.7872%; border-color: #a3abe6; background-color: #a3abe6;\">\n<p style=\"text-align: center;\">Acesse\u00a0<a style=\"color: #333333;\" href=\"https:\/\/docs.google.com\/spreadsheets\/d\/1Pw63Qj3Ymwy_iCkWUETm0Y4X4sVQU15Gs09gqqNsMsM\/edit?usp=sharing\" target=\"_blank\" rel=\"noopener\"><strong><span style=\"color: #0000ff;\">aqui<\/span><\/strong><\/a>\u00a0a tabela e mantenha seus dados atualizados.<\/p>\n<p>Na planilha, clique na sua turma e preencha ou altere seus dados.<\/td>\n<td style=\"width: 3.1205%; border-color: #f0f0f0; background-color: #f0f0f0;\"><\/td>\n<td style=\"width: 47.0922%; border-color: #a3abe6; background-color: #a3abe6;\">\n<p style=\"text-align: center;\">Para enviar ou solicitar alguma informa\u00e7\u00e3o, entre em contato com a coordena\u00e7\u00e3o do curso:<\/p>\n<p style=\"text-align: center;\"><span style=\"color: #0000ff;\"><a style=\"color: #0000ff;\" href=\"https:\/\/forms.gle\/YqxawEAQwA2Jb2Cm9\" target=\"_blank\" rel=\"noopener\">Formul\u00e1rio de Contato<\/a><\/span><\/p>\n<\/td>\n<\/tr>\n<\/tbody>\n<\/table>\n<p>&nbsp;<\/p>\n<p>&nbsp;<\/p>\n","protected":false},"excerpt":{"rendered":"<p>&nbsp; Sua hist\u00f3ria com o CLMD n\u00e3o se encerra no dia da formatura. Como egresso do curso, nossa miss\u00e3o continua no acompanhamento de sua trajet\u00f3ria profissional, oferecendo suporte, informa\u00e7\u00f5es e as orienta\u00e7\u00f5es que precisar. Assim, ser\u00e1 muito importante que voc\u00ea: Mantenha seus dados atualizados na tabela de dados dos egressos. Ela ficar\u00e1 sempre dispon\u00edvel para [&hellip;]<\/p>\n","protected":false},"author":710,"featured_media":0,"parent":114,"menu_order":4,"comment_status":"closed","ping_status":"closed","template":"","meta":{"footnotes":""},"class_list":["post-3599","page","type-page","status-publish","hentry"],"_links":{"self":[{"href":"https:\/\/wp.ufpel.edu.br\/clmd\/wp-json\/wp\/v2\/pages\/3599","targetHints":{"allow":["GET"]}}],"collection":[{"href":"https:\/\/wp.ufpel.edu.br\/clmd\/wp-json\/wp\/v2\/pages"}],"about":[{"href":"https:\/\/wp.ufpel.edu.br\/clmd\/wp-json\/wp\/v2\/types\/page"}],"author":[{"embeddable":true,"href":"https:\/\/wp.ufpel.edu.br\/clmd\/wp-json\/wp\/v2\/users\/710"}],"replies":[{"embeddable":true,"href":"https:\/\/wp.ufpel.edu.br\/clmd\/wp-json\/wp\/v2\/comments?post=3599"}],"version-history":[{"count":3,"href":"https:\/\/wp.ufpel.edu.br\/clmd\/wp-json\/wp\/v2\/pages\/3599\/revisions"}],"predecessor-version":[{"id":3633,"href":"https:\/\/wp.ufpel.edu.br\/clmd\/wp-json\/wp\/v2\/pages\/3599\/revisions\/3633"}],"up":[{"embeddable":true,"href":"https:\/\/wp.ufpel.edu.br\/clmd\/wp-json\/wp\/v2\/pages\/114"}],"wp:attachment":[{"href":"https:\/\/wp.ufpel.edu.br\/clmd\/wp-json\/wp\/v2\/media?parent=3599"}],"curies":[{"name":"wp","href":"https:\/\/api.w.org\/{rel}","templated":true}]}}