{"id":3296,"date":"2025-08-13T00:28:31","date_gmt":"2025-08-13T03:28:31","guid":{"rendered":"https:\/\/wp.ufpel.edu.br\/clmd\/?page_id=3296"},"modified":"2025-08-13T00:33:36","modified_gmt":"2025-08-13T03:33:36","slug":"trabalhos-de-conclusao-de-curso","status":"publish","type":"page","link":"https:\/\/wp.ufpel.edu.br\/clmd\/trabalhos-de-conclusao-de-curso\/","title":{"rendered":"Trabalhos de Conclus\u00e3o de Curso"},"content":{"rendered":"<p>&nbsp;<\/p>\n<p style=\"font-weight: 400;\">Cronograma das apresenta\u00e7\u00f5es dos TCCs.<\/p>\n<table width=\"830\">\n<tbody>\n<tr>\n<td width=\"187\"><strong>Nome<\/strong><\/td>\n<td width=\"123\"><strong>Orientador<\/strong><\/td>\n<td width=\"219\"><strong>Banca<\/strong><\/td>\n<\/tr>\n<tr>\n<td width=\"187\">\n<p><strong>Adriana Nunes Torma <\/strong><\/p>\n<p><strong>(Hulha Negra)\u00a0<\/strong><\/td>\n<td width=\"123\">Lauren Farias<\/td>\n<td width=\"219\">\n<p>Dr. Sandro Faccin Bortolazzo<\/p>\n<p>Dr. Fernando Cezar Ripe da Cruz<\/td>\n<\/tr>\n<tr>\n<td width=\"187\"><strong>Adriano Revelante Fagundes (Hulha Negra)<\/strong><\/td>\n<td width=\"123\">Fernando Ripe<\/td>\n<td width=\"219\">\n<p>Ma. Lauren Francine Irigoite Farias<\/p>\n<p>Dr. Sandro Faccin Bortolazzo<\/td>\n<\/tr>\n<tr>\n<td width=\"187\"><strong>Elen Rose Garcia Griesang (Hulha Negra)\u00a0<\/strong><\/td>\n<td width=\"123\">Sandro Bortolazzo<\/td>\n<td width=\"219\">\n<p>Ma. Lauren Francine Irigoite Farias<\/p>\n<p>Dr. Fernando Cezar Ripe da Cruz<\/td>\n<\/tr>\n<tr>\n<td width=\"187\">\n<p><strong>Elisandra Celso <\/strong><\/p>\n<p><strong>(Hulha Negra)<\/strong><\/td>\n<td width=\"123\">Lauren Farias<\/td>\n<td width=\"219\">\n<p>Dr. Sandro Faccin Bortolazzo<\/p>\n<p>Dr. Fernando Cezar Ripe da Cruz<\/td>\n<\/tr>\n<tr>\n<td width=\"187\">\n<p><strong>Evandro da Silva Rosa <\/strong><\/p>\n<p><strong>(S\u00e3o Francisco de Paula)<\/strong><\/td>\n<td width=\"123\">Sandro Bortolazzo<\/td>\n<td width=\"219\">\n<p>Ma. Lauren Francine Irigoite Farias<\/p>\n<p>Dr. Fernando Cezar Ripe da Cruz<\/td>\n<\/tr>\n<tr>\n<td width=\"187\">\n<p><strong>F\u00e1tima Jakeline das Chagas Severo <\/strong><\/p>\n<p><strong>(Cruz Alta)<\/strong><\/td>\n<td width=\"123\">Fernando Ripe<\/td>\n<td width=\"219\">\n<p>Ma. Lauren Francine Irigoite Farias<\/p>\n<p>Dr. Sandro Faccin Bortolazzo<\/td>\n<\/tr>\n<tr>\n<td width=\"187\">\n<p><strong>Fernanda Tort Larroza <\/strong><\/p>\n<p><strong>(Hulha Negra)<\/strong><\/td>\n<td width=\"123\">Sandro Bortolazzo<\/td>\n<td width=\"219\">\n<p>Ma. Lauren Francine Irigoite Farias<\/p>\n<p>Dr. Fernando Cezar Ripe da Cruz<\/td>\n<\/tr>\n<tr>\n<td width=\"187\">\n<p><strong>Jessica de Souza Plautz <\/strong><\/p>\n<p><strong>(Cruz Alta)\u00a0<\/strong><\/td>\n<td width=\"123\">Lauren Farias<\/td>\n<td width=\"219\">\n<p>Dr. Sandro Faccin Bortolazzo<\/p>\n<p>Dr. Fernando Cezar Ripe da Cruz<\/td>\n<\/tr>\n<tr>\n<td width=\"187\">\n<p><strong>Marcelo Fontoura <\/strong><\/p>\n<p><strong>(Cruz Alta)<\/strong><\/td>\n<td width=\"123\">Sandro Bortolazzo<\/td>\n<td width=\"219\">\n<p>Ma. Lauren Francine Irigoite Farias<\/p>\n<p>Dr. Fernando Cezar Ripe da Cruz<\/td>\n<\/tr>\n<tr>\n<td width=\"187\">\n<p><strong>R\u00f4mulo Ricaldi <\/strong><\/p>\n<p><strong>(S\u00e3o Francisco de Paula)<\/strong><\/td>\n<td width=\"123\">Sandro Bortolazzo<\/td>\n<td width=\"219\">\n<p>Ma. Lauren Francine Irigoite Farias<\/p>\n<p>Dr. Fernando Cezar Ripe da Cruz<\/td>\n<\/tr>\n<tr>\n<td width=\"187\">\n<p><strong>Silvana Ta\u00eds Rech <\/strong><\/p>\n<p><strong>(S\u00e3o Francisco de Paula)<\/strong><\/td>\n<td width=\"123\">Fernando Ripe<\/td>\n<td width=\"219\">\n<p>Ma. Lauren Francine Irigoite Farias<\/p>\n<p>Dr. Sandro Faccin Bortolazzo<\/td>\n<\/tr>\n<tr>\n<td width=\"187\"><strong>Tatiane Silveira Concei\u00e7\u00e3o (Jaguar\u00e3o)\u00a0<\/strong><\/td>\n<td width=\"123\">Lauren Farias<\/td>\n<td width=\"219\">\n<p>Dr. Sandro Faccin Bortolazzo<\/p>\n<p>Dr. Fernando Cezar Ripe da Cruz<\/td>\n<\/tr>\n<tr>\n<td width=\"187\"><strong>Vanessa de Oliveira Barbosa (Panambi)<\/strong><\/td>\n<td width=\"123\">Fernando Ripe<\/td>\n<td width=\"219\">\n<p>Ma. Lauren Francine Irigoite Farias<\/p>\n<p>Dr. Sandro Faccin Bortolazzo<\/td>\n<\/tr>\n<\/tbody>\n<\/table>\n<p><\/p>\n","protected":false},"excerpt":{"rendered":"<p>&nbsp; Cronograma das apresenta\u00e7\u00f5es dos TCCs. Nome Orientador Banca Adriana Nunes Torma (Hulha Negra)\u00a0 Lauren Farias Dr. Sandro Faccin Bortolazzo Dr. Fernando Cezar Ripe da Cruz Adriano Revelante Fagundes (Hulha Negra) Fernando Ripe Ma. Lauren Francine Irigoite Farias Dr. Sandro Faccin Bortolazzo Elen Rose Garcia Griesang (Hulha Negra)\u00a0 Sandro Bortolazzo Ma. Lauren Francine Irigoite Farias [&hellip;]<\/p>\n","protected":false},"author":710,"featured_media":0,"parent":0,"menu_order":0,"comment_status":"closed","ping_status":"closed","template":"","meta":{"footnotes":""},"class_list":["post-3296","page","type-page","status-publish","hentry"],"_links":{"self":[{"href":"https:\/\/wp.ufpel.edu.br\/clmd\/wp-json\/wp\/v2\/pages\/3296","targetHints":{"allow":["GET"]}}],"collection":[{"href":"https:\/\/wp.ufpel.edu.br\/clmd\/wp-json\/wp\/v2\/pages"}],"about":[{"href":"https:\/\/wp.ufpel.edu.br\/clmd\/wp-json\/wp\/v2\/types\/page"}],"author":[{"embeddable":true,"href":"https:\/\/wp.ufpel.edu.br\/clmd\/wp-json\/wp\/v2\/users\/710"}],"replies":[{"embeddable":true,"href":"https:\/\/wp.ufpel.edu.br\/clmd\/wp-json\/wp\/v2\/comments?post=3296"}],"version-history":[{"count":2,"href":"https:\/\/wp.ufpel.edu.br\/clmd\/wp-json\/wp\/v2\/pages\/3296\/revisions"}],"predecessor-version":[{"id":3299,"href":"https:\/\/wp.ufpel.edu.br\/clmd\/wp-json\/wp\/v2\/pages\/3296\/revisions\/3299"}],"wp:attachment":[{"href":"https:\/\/wp.ufpel.edu.br\/clmd\/wp-json\/wp\/v2\/media?parent=3296"}],"curies":[{"name":"wp","href":"https:\/\/api.w.org\/{rel}","templated":true}]}}