{"id":3293,"date":"2025-08-12T23:59:20","date_gmt":"2025-08-13T02:59:20","guid":{"rendered":"https:\/\/wp.ufpel.edu.br\/clmd\/?page_id=3293"},"modified":"2025-08-14T12:08:32","modified_gmt":"2025-08-14T15:08:32","slug":"professores-e-tutores-das-disciplinas","status":"publish","type":"page","link":"https:\/\/wp.ufpel.edu.br\/clmd\/equipe-docente\/professores-e-tutores-das-disciplinas\/","title":{"rendered":"Professores e tutores das disciplinas"},"content":{"rendered":"<p><a href=\"https:\/\/wp.ufpel.edu.br\/clmd\/files\/2025\/08\/CONTATO-DOS-PROFESSORES-E-TUTORES-DAS-DISCIPLINAS.png\"><img class=\"aligncenter wp-image-3288\" src=\"https:\/\/wp.ufpel.edu.br\/clmd\/files\/2025\/08\/CONTATO-DOS-PROFESSORES-E-TUTORES-DAS-DISCIPLINAS-400x80.png\" alt=\"\" width=\"695\" height=\"139\" srcset=\"https:\/\/wp.ufpel.edu.br\/clmd\/files\/2025\/08\/CONTATO-DOS-PROFESSORES-E-TUTORES-DAS-DISCIPLINAS-400x80.png 400w, https:\/\/wp.ufpel.edu.br\/clmd\/files\/2025\/08\/CONTATO-DOS-PROFESSORES-E-TUTORES-DAS-DISCIPLINAS-1024x205.png 1024w, https:\/\/wp.ufpel.edu.br\/clmd\/files\/2025\/08\/CONTATO-DOS-PROFESSORES-E-TUTORES-DAS-DISCIPLINAS-768x154.png 768w, https:\/\/wp.ufpel.edu.br\/clmd\/files\/2025\/08\/CONTATO-DOS-PROFESSORES-E-TUTORES-DAS-DISCIPLINAS-1536x307.png 1536w, https:\/\/wp.ufpel.edu.br\/clmd\/files\/2025\/08\/CONTATO-DOS-PROFESSORES-E-TUTORES-DAS-DISCIPLINAS.png 2000w\" sizes=\"(max-width: 695px) 100vw, 695px\" \/><\/a><\/p>\n<table style=\"border-collapse: collapse; width: 100%;\" border=\"1\">\n<tbody>\n<tr style=\"height: 23px;\">\n<td style=\"height: 23px; border-color: #facfcf; background-color: #facfcf; width: 68.0941%; text-align: center;\" colspan=\"3\"><strong>TURMA UAB 10<\/strong><\/td>\n<\/tr>\n<tr style=\"height: 23px;\">\n<td style=\"border-color: #facfcf; background-color: #facfcf; text-align: center; width: 68.0941%; height: 36px;\" colspan=\"3\">Grupo no WhatsApp para contato<strong>: <\/strong><span style=\"color: #0000ff;\"><a style=\"color: #0000ff;\" href=\"https:\/\/chat.whatsapp.com\/GaI6NqLDTI268QsUEy6fCT\" target=\"_blank\" rel=\"noopener\">Acesse pelo link<\/a><\/span><\/td>\n<\/tr>\n<tr style=\"height: 32px;\">\n<td style=\"border-color: #facfcf; width: 30.3547%; background-color: #f0f0f0; height: 32px; text-align: center;\"><strong>Disciplina<\/strong><\/td>\n<td style=\"border-color: #facfcf; text-align: center; width: 37.7394%; background-color: #f0f0f0; height: 32px;\" colspan=\"2\"><strong>Professor e tutores<\/strong><\/td>\n<\/tr>\n<tr style=\"height: 47px;\">\n<td style=\"width: 30.3547%; text-align: center; height: 47px;\">\n<p><strong>\u00a0<\/strong><strong> ME C<\/strong> &#8211; Matem\u00e1tica Elementar C<\/p>\n<p><strong>\u00a0 ME D<\/strong> &#8211; Matem\u00e1tica Elementar D<\/p>\n<p>&nbsp;<\/p>\n<p>&nbsp;<\/p>\n<p>&nbsp;<\/td>\n<td style=\"width: 37.7394%; text-align: left; height: 47px;\" colspan=\"2\">\n<ul>\n<li><strong>Prof. Pedro Ourique<\/strong><\/li>\n<li>Vilma \u2013\u00a0 Piratini<\/li>\n<li>Adriani \u2013 Tapejara e S\u00e3o Sep\u00e9<\/li>\n<li>Lisandra &#8211; Pinheiro Machado e\u00a0 S\u00e3o Sep\u00e9<\/li>\n<li>Tamires \u2013 S\u00e3o Louren\u00e7o do Sul<\/li>\n<li>Marcos &#8211; Esteio e Gravata\u00ed<\/li>\n<li>Rosana &#8211; Cachoeira do Sul, Cangu\u00e7u, Tr\u00eas de Maio e Santo Ant\u00f4nio da Patrulha<\/li>\n<\/ul>\n<\/td>\n<\/tr>\n<tr style=\"height: 23px;\">\n<td style=\"width: 30.3547%; height: 23px; background-color: #ebdfdf;\">\u00a0 <strong>LEMA B\u00a0<\/strong> &#8211; Laborat\u00f3rio de Ensino de Matem\u00e1tica B<\/td>\n<td style=\"width: 37.7394%; height: 23px; background-color: #ebdfdf;\" colspan=\"2\">\n<ul>\n<li>\u00a0<strong>Profa. Thais Philipsen<\/strong><\/li>\n<li>Gl\u00e1ucia &#8211; S\u00e3o Louren\u00e7o do Sul, Tr\u00eas de Maio e S\u00e3o Sep\u00e9<\/li>\n<li>Simone &#8211; Piratini e Tapejara<\/li>\n<li>Camila &#8211; Cangu\u00e7u e Santo Ant\u00f4nio da Patrulha<\/li>\n<li>Manoela &#8211; Esteio e Pinheiro Machado<\/li>\n<li>Ivonete &#8211; Cachoeira do Sul e Pinheiro Machado<\/li>\n<\/ul>\n<\/td>\n<\/tr>\n<tr style=\"height: 23px;\">\n<td style=\"width: 30.3547%; height: 23px;\">\u00a0<strong>TMEM<\/strong> &#8211; Tend\u00eancias Metodol\u00f3gicas em Educa\u00e7\u00e3o Matem\u00e1tica<\/td>\n<td style=\"width: 37.7394%; height: 23px;\" colspan=\"2\">\n<ul>\n<li><strong>Profa. Luana Alves<\/strong><\/li>\n<li>Ricardo &#8211; Piratini e Pinheiro Machado<\/li>\n<li>Liziane &#8211; S\u00e3o Louren\u00e7o do Sul<\/li>\n<li>Carolina &#8211; Gravata\u00ed<\/li>\n<li>Caroline &#8211; Cachoeira do Sul e Santo Ant\u00f4nio da Patrullha<\/li>\n<li>\u00a0Gabrieli &#8211; S\u00e3o Sep\u00e9 e Tapejara<\/li>\n<li>\u00a0Amanda &#8211; Tr\u00eas de Maio e Cangu\u00e7u<\/li>\n<\/ul>\n<\/td>\n<\/tr>\n<tr style=\"height: 23px;\">\n<td style=\"width: 30.3547%; height: 23px; background-color: #ebdfdf;\">\u00a0<strong> GE<\/strong> &#8211; Geometria Espacial<\/td>\n<td style=\"width: 37.7394%; height: 23px; background-color: #ebdfdf;\" colspan=\"2\">\n<ul>\n<li><strong>Prof. Jo\u00e3o Hirdes<\/strong><\/li>\n<li>Ricardo &#8211; Piratini e Pinheiro Machado<\/li>\n<li>Liziane &#8211; S\u00e3o Louren\u00e7o do Sul<\/li>\n<li>Carolina &#8211; Gravata\u00ed<\/li>\n<li>\u00a0Caroline &#8211; Cachoeira do Sul e Santo Ant\u00f4nio da Patrullha<\/li>\n<li>\u00a0Gabrieli &#8211; S\u00e3o Sep\u00e9 e Tapejara<\/li>\n<li>\u00a0Amanda &#8211; Tr\u00eas de Maio e Cangu\u00e7u<\/li>\n<\/ul>\n<\/td>\n<\/tr>\n<\/tbody>\n<\/table>\n<p>&nbsp;<\/p>\n<table style=\"border-collapse: collapse; width: 100%;\" border=\"1\">\n<tbody>\n<tr style=\"height: 23px;\">\n<td style=\"height: 23px; border-color: #facfcf; background-color: #facfcf; width: 70.0311%; text-align: center;\" colspan=\"3\"><strong>TURMA UAB 9<\/strong><\/td>\n<\/tr>\n<tr style=\"height: 23px;\">\n<td style=\"border-color: #facfcf; background-color: #facfcf; text-align: center; width: 70.0311%; height: 36px;\" colspan=\"3\">Grupo no WhatsApp para contato<strong>: <\/strong><a href=\"https:\/\/chat.whatsapp.com\/HDGCnyvSsMC5EQDmqU9yXw\" target=\"_blank\" rel=\"noopener\"><span style=\"color: #0000ff;\">Acesse pelo link<\/span><\/a><\/td>\n<\/tr>\n<tr style=\"height: 32px;\">\n<td style=\"border-color: #facfcf; width: 32.1986%; background-color: #f0f0f0; height: 32px; text-align: center;\"><strong>Disciplina<\/strong><\/td>\n<td style=\"border-color: #facfcf; text-align: center; width: 37.8324%; background-color: #f0f0f0; height: 32px;\" colspan=\"2\"><strong>Professor e tutores<\/strong><\/td>\n<\/tr>\n<tr style=\"height: 47px;\">\n<td style=\"width: 32.1986%; height: 47px; text-align: left;\"><strong>\u00a0LIBRAS <\/strong>\u00a0&#8211; L\u00edngua Brasileira de Sinais<\/td>\n<td style=\"width: 37.8324%; text-align: left; height: 47px;\" colspan=\"2\">\n<ul>\n<li><strong>Profa. Daiana<\/strong><\/li>\n<\/ul>\n<\/td>\n<\/tr>\n<tr style=\"height: 23px;\">\n<td style=\"width: 32.1986%; height: 23px; background-color: #ebdfdf;\">\u00a0 <strong>PAEM\u00a0<\/strong> &#8211; Psicologia da Aprendizagem em Educa\u00e7\u00e3o Matem\u00e1tica<\/td>\n<td style=\"width: 37.8324%; height: 23px; background-color: #ebdfdf;\" colspan=\"2\">\n<ul>\n<li><strong>Prof. Sandro Bortolazzo<\/strong><\/li>\n<li>Hassan<\/li>\n<\/ul>\n<\/td>\n<\/tr>\n<tr style=\"height: 23px;\">\n<td style=\"width: 32.1986%; height: 23px;\">\u00a0<strong>GA<\/strong> &#8211; Geometria Anal\u00edtica<\/td>\n<td style=\"width: 37.8324%; height: 23px;\" colspan=\"2\">\n<ul>\n<li><strong>Profa. Fabiane Harter<\/strong><\/li>\n<li>Luiz<\/li>\n<li>Mariannita<\/li>\n<\/ul>\n<\/td>\n<\/tr>\n<tr style=\"height: 23px;\">\n<td style=\"width: 32.1986%; height: 23px; background-color: #ebdfdf;\">\u00a0<strong> LEMA D<\/strong> &#8211; Laborat\u00f3rio em Educa\u00e7\u00e3o Matem\u00e1tica D<\/td>\n<td style=\"height: 23px; background-color: #ebdfdf;\" colspan=\"2\">\n<ul>\n<li><strong>Prof. Fernando Ripes<\/strong><\/li>\n<li>Denise<\/li>\n<\/ul>\n<\/td>\n<\/tr>\n<tr style=\"height: 23px;\">\n<td style=\"width: 32.1986%; background-color: #ffffff; height: 23px;\">\u00a0<strong>CALC B<\/strong> &#8211; C\u00e1lculo B<\/td>\n<td style=\"width: 37.8324%; background-color: #ffffff; height: 23px;\" colspan=\"2\">\n<ul>\n<li><strong>Profa. Maria Simone Batista<\/strong><\/li>\n<li>C\u00e2ndila<\/li>\n<\/ul>\n<\/td>\n<\/tr>\n<\/tbody>\n<\/table>\n<p>&nbsp;<\/p>\n<table style=\"border-collapse: collapse; width: 100%;\" border=\"1\">\n<tbody>\n<tr style=\"height: 23px;\">\n<td style=\"height: 23px; border-color: #facfcf; background-color: #facfcf; width: 70.0311%; text-align: center;\" colspan=\"3\"><strong>TURMA UAB 8<\/strong><\/td>\n<\/tr>\n<tr style=\"height: 23px;\">\n<td style=\"border-color: #facfcf; background-color: #facfcf; text-align: center; width: 70.0311%; height: 36px;\" colspan=\"3\">Grupo no WhatsApp para contato<strong>: <\/strong><a href=\"https:\/\/chat.whatsapp.com\/HZKUJGBiXdSHlNj3R0kMm7\" target=\"_blank\" rel=\"noopener\"><span style=\"color: #0000ff;\">Acesse pelo link<\/span><\/a><\/td>\n<\/tr>\n<tr style=\"height: 32px;\">\n<td style=\"border-color: #facfcf; width: 32.1986%; background-color: #f0f0f0; height: 32px; text-align: center;\"><strong>Disciplina<\/strong><\/td>\n<td style=\"border-color: #facfcf; text-align: center; width: 37.8324%; background-color: #f0f0f0; height: 32px;\" colspan=\"2\"><strong>Professor e tutores<\/strong><\/td>\n<\/tr>\n<tr style=\"height: 47px;\">\n<td style=\"width: 32.1986%; height: 47px; text-align: left;\"><strong>\u00a0PE <\/strong>\u00a0&#8211; Probabilidade e Estat\u00edstica<\/td>\n<td style=\"width: 37.8324%; text-align: left; height: 47px;\" colspan=\"2\">\n<ul>\n<li><strong>Profa. Fabiane Harter<\/strong><\/li>\n<li>Makele<\/li>\n<li>Taila<\/li>\n<\/ul>\n<\/td>\n<\/tr>\n<tr style=\"height: 23px;\">\n<td style=\"width: 32.1986%; height: 23px; background-color: #ebdfdf;\">\u00a0 <strong>EMID\u00a0<\/strong> &#8211; Educa\u00e7\u00e3o Matem\u00e1tica Inclusiva e Diversidade<\/td>\n<td style=\"width: 37.8324%; height: 23px; background-color: #ebdfdf;\" colspan=\"2\">\n<ul>\n<li><strong>Profa. Rejane da Silva<\/strong><\/li>\n<li>Hassan<\/li>\n<li>Mariannita<\/li>\n<\/ul>\n<\/td>\n<\/tr>\n<tr style=\"height: 23px;\">\n<td style=\"width: 32.1986%; height: 23px;\">\u00a0<strong>EA<\/strong> &#8211; Estruturas Alg\u00e9bricas<\/td>\n<td style=\"width: 37.8324%; height: 23px;\" colspan=\"2\">\n<ul>\n<li><strong>Profa. Luciana Chimendes<\/strong><\/li>\n<li>Makele<\/li>\n<li>Taila<\/li>\n<\/ul>\n<\/td>\n<\/tr>\n<tr style=\"height: 23px;\">\n<td style=\"width: 32.1986%; height: 23px; background-color: #ebdfdf;\"><strong>ECS C<\/strong> &#8211; Est\u00e1gio Curricular Supervisionado C<\/td>\n<td style=\"height: 23px; background-color: #ebdfdf;\" colspan=\"2\">\n<ul>\n<li><strong>Profa. Carla Felcher<\/strong><\/li>\n<li>Andr\u00e9<\/li>\n<li>Felipe<\/li>\n<li>Daniel<\/li>\n<li>Letiane<\/li>\n<li>Rog\u00e9rio<\/li>\n<li>Jo\u00e3o Costa<\/li>\n<li>Melissa<\/li>\n<\/ul>\n<\/td>\n<\/tr>\n<tr style=\"height: 23px;\">\n<td style=\"width: 32.1986%; background-color: #ffffff; height: 23px;\">\u00a0<strong>CNUM<\/strong> &#8211; C\u00e1lculo Num\u00e9rico<\/td>\n<td style=\"background-color: #ffffff; height: 23px;\" colspan=\"2\">\n<ul>\n<li><strong>Profa. Lauren Farias<\/strong><\/li>\n<li>C\u00e2ndila<\/li>\n<\/ul>\n<\/td>\n<\/tr>\n<\/tbody>\n<\/table>\n<p>&nbsp;<\/p>\n<table style=\"border-collapse: collapse; width: 100%;\" border=\"1\">\n<tbody>\n<tr style=\"height: 23px;\">\n<td style=\"height: 23px; border-color: #facfcf; background-color: #facfcf; width: 70.0311%; text-align: center;\" colspan=\"3\"><strong>TURMA UAB 7<\/strong><\/td>\n<\/tr>\n<tr style=\"height: 23px;\">\n<td style=\"border-color: #facfcf; background-color: #facfcf; text-align: center; width: 70.0311%; height: 36px;\" colspan=\"3\">Grupo no WhatsApp para contato<strong>: <\/strong><a href=\"https:\/\/chat.whatsapp.com\/HKjdUDE8R8k63nd45icIiP\" target=\"_blank\" rel=\"noopener\"><span style=\"color: #0000ff;\">Acesse pelo link<\/span><\/a><\/td>\n<\/tr>\n<tr style=\"height: 32px;\">\n<td style=\"border-color: #facfcf; width: 32.1986%; background-color: #f0f0f0; height: 32px; text-align: center;\"><strong>Disciplina<\/strong><\/td>\n<td style=\"border-color: #facfcf; text-align: center; width: 37.8324%; background-color: #f0f0f0; height: 32px;\" colspan=\"2\"><strong>Professor e tutores<\/strong><\/td>\n<\/tr>\n<tr style=\"height: 47px;\">\n<td style=\"width: 32.1986%; height: 47px; text-align: left;\"><strong>\u00a0PE <\/strong>\u00a0&#8211; Probabilidade e Estat\u00edstica<\/td>\n<td style=\"width: 37.8324%; text-align: left; height: 47px;\" colspan=\"2\">\n<ul>\n<li><strong>Profa. Fabiane Harter<\/strong><\/li>\n<li>Makele<\/li>\n<li>Taila<\/li>\n<\/ul>\n<\/td>\n<\/tr>\n<tr style=\"height: 23px;\">\n<td style=\"width: 32.1986%; height: 23px; background-color: #ebdfdf;\">\n<p><strong>ECS B<\/strong> &#8211; Est\u00e1gio Curricular Supervisionado B<\/p>\n<p><strong>ECS D<\/strong> &#8211; Est\u00e1gio Curricular Supervisionado D<\/td>\n<td style=\"width: 37.8324%; height: 23px; background-color: #ebdfdf;\" colspan=\"2\">\n<ul>\n<li><strong>Profa. Carla Felcher<\/strong><\/li>\n<\/ul>\n<\/td>\n<\/tr>\n<\/tbody>\n<\/table>\n<p>&nbsp;<\/p>\n","protected":false},"excerpt":{"rendered":"<p>TURMA UAB 10 Grupo no WhatsApp para contato: Acesse pelo link Disciplina Professor e tutores \u00a0 ME C &#8211; Matem\u00e1tica Elementar C \u00a0 ME D &#8211; Matem\u00e1tica Elementar D &nbsp; &nbsp; &nbsp; Prof. Pedro Ourique Vilma \u2013\u00a0 Piratini Adriani \u2013 Tapejara e S\u00e3o Sep\u00e9 Lisandra &#8211; Pinheiro Machado e\u00a0 S\u00e3o Sep\u00e9 Tamires \u2013 S\u00e3o Louren\u00e7o [&hellip;]<\/p>\n","protected":false},"author":710,"featured_media":0,"parent":58,"menu_order":0,"comment_status":"closed","ping_status":"closed","template":"page-sem-sidebar.php","meta":{"footnotes":""},"class_list":["post-3293","page","type-page","status-publish","hentry"],"_links":{"self":[{"href":"https:\/\/wp.ufpel.edu.br\/clmd\/wp-json\/wp\/v2\/pages\/3293","targetHints":{"allow":["GET"]}}],"collection":[{"href":"https:\/\/wp.ufpel.edu.br\/clmd\/wp-json\/wp\/v2\/pages"}],"about":[{"href":"https:\/\/wp.ufpel.edu.br\/clmd\/wp-json\/wp\/v2\/types\/page"}],"author":[{"embeddable":true,"href":"https:\/\/wp.ufpel.edu.br\/clmd\/wp-json\/wp\/v2\/users\/710"}],"replies":[{"embeddable":true,"href":"https:\/\/wp.ufpel.edu.br\/clmd\/wp-json\/wp\/v2\/comments?post=3293"}],"version-history":[{"count":4,"href":"https:\/\/wp.ufpel.edu.br\/clmd\/wp-json\/wp\/v2\/pages\/3293\/revisions"}],"predecessor-version":[{"id":3314,"href":"https:\/\/wp.ufpel.edu.br\/clmd\/wp-json\/wp\/v2\/pages\/3293\/revisions\/3314"}],"up":[{"embeddable":true,"href":"https:\/\/wp.ufpel.edu.br\/clmd\/wp-json\/wp\/v2\/pages\/58"}],"wp:attachment":[{"href":"https:\/\/wp.ufpel.edu.br\/clmd\/wp-json\/wp\/v2\/media?parent=3293"}],"curies":[{"name":"wp","href":"https:\/\/api.w.org\/{rel}","templated":true}]}}