{"id":3126,"date":"2025-07-16T22:23:35","date_gmt":"2025-07-17T01:23:35","guid":{"rendered":"https:\/\/wp.ufpel.edu.br\/clmd\/?page_id=3126"},"modified":"2025-07-16T23:37:11","modified_gmt":"2025-07-17T02:37:11","slug":"rematricula","status":"publish","type":"page","link":"https:\/\/wp.ufpel.edu.br\/clmd\/informacoes-academicas\/rematricula\/","title":{"rendered":"Rematr\u00edcula"},"content":{"rendered":"<p><span style=\"font-size: 12pt;\">\u00c9 o per\u00edodo onde o acad\u00eamico solicita matr\u00b4\u00edcula nas disciplinas que ir\u00e1 cursar no semestre.<\/span><\/p>\n<p><span style=\"font-size: 12pt;\">No prazo indicado no <span style=\"color: #0000ff;\"><a style=\"color: #0000ff;\" href=\"https:\/\/wp.ufpel.edu.br\/cra\/calendarios-academicos\/\">calend\u00e1rio acad\u00eamico<\/a>,<\/span> acessar o sistema COBALTO e realizar a solicita\u00e7\u00e3o de matr\u00edcula. Esse procedimento deve ser realizado a cada per\u00edodo letivo.\u00a0 A aus\u00eancia de matr\u00edcula em um per\u00edodo letivo poder\u00e1 implicar no desligamento do curso por abandono.<\/span><\/p>\n<p>O discente poder\u00e1 realizar solicita\u00e7\u00e3o para qualquer atividade curricular, ressalvados os pr\u00e9-requisitos constantes nos projetos pedag\u00f3gicos, Se houver necessidade de cursar uma disciplina que possua pr\u00e9-requisito, \u00e9 poss\u00edvel solicitar ao Colegiado do Curso a <span style=\"color: #0000ff;\"><a style=\"color: #0000ff;\" href=\"https:\/\/wp.ufpel.edu.br\/cra\/informacoes-academicas\/quebra-de-pre-requisito-2\/\">quebra de pr\u00e9-requisito<\/a><\/span>. Realize esse procedimento com bastante anteced\u00eancia ao per\u00edodo de matr\u00edculas.<\/p>\n<p>O processo de solicita\u00e7\u00e3o de matr\u00edcula \u00e9 todo realizado online, no Sistema COBALTO. As etapas do per\u00edodo de rematr\u00edcula s\u00e3o as seguintes:<\/p>\n<table style=\"border-collapse: collapse; width: 91.6312%; height: 190px;\" border=\"1\">\n<tbody>\n<tr>\n<td style=\"width: 100%; border-color: #f0f0f0; background-color: #f0f0f0;\">\n<ol>\n<li style=\"text-align: justify;\">No prazo definido para a solicita\u00e7\u00e3o de rematr\u00edcula, o discente acessa o sistema COBALTO e seleciona as componentes curriculares que ir\u00e1 cursar no semestre.<\/li>\n<li style=\"text-align: justify;\">As solcita\u00e7\u00f5es s\u00e3o processadas pela CTI (Central de Tecnologia da Informa\u00e7\u00e3o) da universidade.<\/li>\n<li>O discente confere se as suas solicita\u00e7\u00f5es foram registradas corretamente.<\/li>\n<li style=\"text-align: justify;\">Se encontrar alguma diverg\u00eancia, ou deseja realizar alguma altera\u00e7\u00e3o, solicita no per\u00edodo de corre\u00e7\u00e3o de matr\u00edcula.<\/li>\n<li>O Colegiado do Curso realiza ou n\u00e3o a homologa\u00e7\u00e3o das solicita\u00e7\u00f5es enviadas no per\u00edodo de corre\u00e7\u00e3o de matr\u00edcula<\/li>\n<\/ol>\n<\/td>\n<\/tr>\n<\/tbody>\n<\/table>\n<p>&nbsp;<\/p>\n<p><strong>Como solicitar<\/strong><\/p>\n<p>I-\u00a0 O discente dever\u00e1 fazer\u00a0<i>login<\/i>\u00a0no sistema acad\u00eamico\u00a0<span style=\"color: #0000ff;\"><a style=\"color: #0000ff;\" href=\"https:\/\/cobalto.ufpel.edu.br\/\">COBALTO<\/a>, <\/span><\/p>\n<p>II &#8211; Na aba do Menu, ir em Cadastros e Solicita\u00e7\u00e3o de Matr\u00edcula:<a href=\"https:\/\/wp.ufpel.edu.br\/clmd\/files\/2025\/07\/tutorial-matricula1.png\"><img class=\"aligncenter wp-image-3131 \" src=\"https:\/\/wp.ufpel.edu.br\/clmd\/files\/2025\/07\/tutorial-matricula1.png\" alt=\"\" width=\"363\" height=\"436\" srcset=\"https:\/\/wp.ufpel.edu.br\/clmd\/files\/2025\/07\/tutorial-matricula1.png 458w, https:\/\/wp.ufpel.edu.br\/clmd\/files\/2025\/07\/tutorial-matricula1-332x400.png 332w\" sizes=\"(max-width: 363px) 100vw, 363px\" \/><\/a><\/p>\n<p>III &#8211;\u00a0 Na janela que se abrir\u00e1, selecionar os componentes curriculares que pretende cursar e clica em SALVAR.<\/p>\n<p>IV &#8211; Enquanto estiver aberto o per\u00edodo de solicita\u00e7\u00e3o de rematr\u00edcula, o discente poder\u00e1 acessar e alterar sua solicita\u00e7\u00e3o, marcando ou desmarcando as op\u00e7\u00f5es e salvando novamente as sele\u00e7\u00f5es.<\/p>\n<p>&nbsp;<\/p>\n<p><strong>Como verificar se a matr\u00edcula foi efetivada\u00a0<\/strong><\/p>\n<p>I-\u00a0 Ap\u00f3s o per\u00edodo de processamento das matr\u00edculas, o discente poder\u00e1 consultar se sua matr\u00edcula foi efetivada. Acesse o Menu, em Consultas e depois Matr\u00edcula:<\/p>\n<p style=\"text-align: center;\"><a href=\"https:\/\/wp.ufpel.edu.br\/clmd\/files\/2025\/07\/consulta-matricula.png\"><img class=\"aligncenter size-medium wp-image-3132\" src=\"https:\/\/wp.ufpel.edu.br\/clmd\/files\/2025\/07\/consulta-matricula-249x400.png\" alt=\"\" width=\"249\" height=\"400\" srcset=\"https:\/\/wp.ufpel.edu.br\/clmd\/files\/2025\/07\/consulta-matricula-249x400.png 249w, https:\/\/wp.ufpel.edu.br\/clmd\/files\/2025\/07\/consulta-matricula.png 311w\" sizes=\"(max-width: 249px) 100vw, 249px\" \/><\/a><\/p>\n<p>II &#8211; Na janela que se abrir\u00e1, ser\u00e1 apresentado os componentes curriculares em que o discente foi matriculado. Se notar erros ou desejar realiza\u00e7\u00f5es altera\u00e7\u00f5es, aguarde abrir o per\u00edodo de corre\u00e7\u00e3o de matr\u00edcula.<\/p>\n<p>III &#8211; Se a matr\u00edcula estiver correta, \u00e9 s\u00f3 aguardar o in\u00edcio das aulas.<\/p>\n<p>&nbsp;<\/p>\n<p><strong>Como solicitar corre\u00e7\u00e3o de matr\u00edcula\u00a0<\/strong><\/p>\n<p>I-\u00a0 No per\u00edodo definido no <span style=\"font-size: 12pt;\"><span style=\"color: #0000ff;\"><a style=\"color: #0000ff;\" href=\"https:\/\/wp.ufpel.edu.br\/cra\/calendarios-academicos\/\">calend\u00e1rio acad\u00eamico<\/a>,, <\/span><\/span>o discente acessa no Menu Cadastro, em Corre\u00e7\u00e3o de Matr\u00edcula:<\/p>\n<p style=\"text-align: center;\"><a href=\"https:\/\/wp.ufpel.edu.br\/clmd\/files\/2025\/07\/correcao-de-matricula.png\"><img class=\"aligncenter wp-image-3134\" src=\"https:\/\/wp.ufpel.edu.br\/clmd\/files\/2025\/07\/correcao-de-matricula-400x302.png\" alt=\"\" width=\"305\" height=\"230\" srcset=\"https:\/\/wp.ufpel.edu.br\/clmd\/files\/2025\/07\/correcao-de-matricula-400x302.png 400w, https:\/\/wp.ufpel.edu.br\/clmd\/files\/2025\/07\/correcao-de-matricula.png 405w\" sizes=\"(max-width: 305px) 100vw, 305px\" \/><\/a><\/p>\n<p>II &#8211; Na janela que se abrir\u00e1, selecionar os componentes curriculares (disciplinas) que deseja alterar na sua matr\u00edcula (incluir ou excluir).<\/p>\n<p>III &#8211; Aguardar a homologa\u00e7\u00e3o do Colegiado do Curso.<\/p>\n<p>&nbsp;<\/p>\n","protected":false},"excerpt":{"rendered":"<p>\u00c9 o per\u00edodo onde o acad\u00eamico solicita matr\u00b4\u00edcula nas disciplinas que ir\u00e1 cursar no semestre. No prazo indicado no calend\u00e1rio acad\u00eamico, acessar o sistema COBALTO e realizar a solicita\u00e7\u00e3o de matr\u00edcula. Esse procedimento deve ser realizado a cada per\u00edodo letivo.\u00a0 A aus\u00eancia de matr\u00edcula em um per\u00edodo letivo poder\u00e1 implicar no desligamento do curso por [&hellip;]<\/p>\n","protected":false},"author":710,"featured_media":0,"parent":1160,"menu_order":0,"comment_status":"closed","ping_status":"closed","template":"","meta":{"footnotes":""},"class_list":["post-3126","page","type-page","status-publish","hentry"],"_links":{"self":[{"href":"https:\/\/wp.ufpel.edu.br\/clmd\/wp-json\/wp\/v2\/pages\/3126","targetHints":{"allow":["GET"]}}],"collection":[{"href":"https:\/\/wp.ufpel.edu.br\/clmd\/wp-json\/wp\/v2\/pages"}],"about":[{"href":"https:\/\/wp.ufpel.edu.br\/clmd\/wp-json\/wp\/v2\/types\/page"}],"author":[{"embeddable":true,"href":"https:\/\/wp.ufpel.edu.br\/clmd\/wp-json\/wp\/v2\/users\/710"}],"replies":[{"embeddable":true,"href":"https:\/\/wp.ufpel.edu.br\/clmd\/wp-json\/wp\/v2\/comments?post=3126"}],"version-history":[{"count":6,"href":"https:\/\/wp.ufpel.edu.br\/clmd\/wp-json\/wp\/v2\/pages\/3126\/revisions"}],"predecessor-version":[{"id":3138,"href":"https:\/\/wp.ufpel.edu.br\/clmd\/wp-json\/wp\/v2\/pages\/3126\/revisions\/3138"}],"up":[{"embeddable":true,"href":"https:\/\/wp.ufpel.edu.br\/clmd\/wp-json\/wp\/v2\/pages\/1160"}],"wp:attachment":[{"href":"https:\/\/wp.ufpel.edu.br\/clmd\/wp-json\/wp\/v2\/media?parent=3126"}],"curies":[{"name":"wp","href":"https:\/\/api.w.org\/{rel}","templated":true}]}}