{"id":3049,"date":"2025-07-12T21:25:56","date_gmt":"2025-07-13T00:25:56","guid":{"rendered":"https:\/\/wp.ufpel.edu.br\/clmd\/?page_id=3049"},"modified":"2025-10-15T14:56:32","modified_gmt":"2025-10-15T17:56:32","slug":"prova-teorica-enade-2025","status":"publish","type":"page","link":"https:\/\/wp.ufpel.edu.br\/clmd\/enade\/prova-teorica-enade-2025\/","title":{"rendered":"PROVA TE\u00d3RICA ENADE 2025"},"content":{"rendered":"<p><a href=\"https:\/\/wp.ufpel.edu.br\/clmd\/files\/2025\/07\/ENADE-2025-1-1.jpg\"><img class=\"aligncenter size-full wp-image-3060\" src=\"https:\/\/wp.ufpel.edu.br\/clmd\/files\/2025\/07\/ENADE-2025-1-1.jpg\" alt=\"\" width=\"1277\" height=\"330\" srcset=\"https:\/\/wp.ufpel.edu.br\/clmd\/files\/2025\/07\/ENADE-2025-1-1.jpg 1277w, https:\/\/wp.ufpel.edu.br\/clmd\/files\/2025\/07\/ENADE-2025-1-1-400x103.jpg 400w, https:\/\/wp.ufpel.edu.br\/clmd\/files\/2025\/07\/ENADE-2025-1-1-1024x265.jpg 1024w, https:\/\/wp.ufpel.edu.br\/clmd\/files\/2025\/07\/ENADE-2025-1-1-768x198.jpg 768w\" sizes=\"(max-width: 1277px) 100vw, 1277px\" \/><\/a><\/p>\n<p>&nbsp;<\/p>\n<h2><span style=\"color: #800080; background-color: #3366ff;\">\u00a0 \u00a0<span style=\"color: #ffffff;\">Informa\u00e7\u00f5es iniciais:\u00a0 \u00a0 \u00a0 \u00a0 \u00a0 \u00a0 \u00a0<\/span>\u00a0 \u00a0 \u00a0 \u00a0 \u00a0 \u00a0 \u00a0 \u00a0 \u00a0 \u00a0 \u00a0 \u00a0 \u00a0 \u00a0 \u00a0 \u00a0 \u00a0 \u00a0 \u00a0 \u00a0 \u00a0 \u00a0 \u00a0 \u00a0 \u00a0 \u00a0 \u00a0 \u00a0 \u00a0 \u00a0 \u00a0 \u00a0 \u00a0 \u00a0 \u00a0\u00a0<\/span><\/h2>\n<p><span style=\"font-size: 14pt;\">Esse ano, a Prova Te\u00f3rica do ENADE das Licenciaturas, apresenta uma mudan\u00e7a importante, na qual voc\u00ea deve estar muito atento:<\/span><\/p>\n<p><a href=\"https:\/\/wp.ufpel.edu.br\/clmd\/files\/2025\/07\/ENADE-PND.png\"><img class=\"aligncenter size-full wp-image-3057\" src=\"https:\/\/wp.ufpel.edu.br\/clmd\/files\/2025\/07\/ENADE-PND.png\" alt=\"\" width=\"1280\" height=\"720\" srcset=\"https:\/\/wp.ufpel.edu.br\/clmd\/files\/2025\/07\/ENADE-PND.png 1280w, https:\/\/wp.ufpel.edu.br\/clmd\/files\/2025\/07\/ENADE-PND-400x225.png 400w, https:\/\/wp.ufpel.edu.br\/clmd\/files\/2025\/07\/ENADE-PND-1024x576.png 1024w, https:\/\/wp.ufpel.edu.br\/clmd\/files\/2025\/07\/ENADE-PND-768x432.png 768w\" sizes=\"(max-width: 1280px) 100vw, 1280px\" \/><\/a><\/p>\n<h2><span style=\"color: #800080; background-color: #3366ff;\">\u00a0 \u00a0<span style=\"color: #ffffff;\">Quem ser\u00e1 inscrito:\u00a0 \u00a0 \u00a0 \u00a0 \u00a0 \u00a0 \u00a0 \u00a0 \u00a0 \u00a0 \u00a0 \u00a0 \u00a0 \u00a0 \u00a0 \u00a0 \u00a0 \u00a0 \u00a0 \u00a0 \u00a0 \u00a0 \u00a0 \u00a0 \u00a0 \u00a0 \u00a0 \u00a0 \u00a0 \u00a0 \u00a0 \u00a0 \u00a0 \u00a0 \u00a0 \u00a0 \u00a0 \u00a0 \u00a0 \u00a0<\/span>\u00a0<\/span><\/h2>\n<p><a href=\"https:\/\/wp.ufpel.edu.br\/clmd\/files\/2025\/07\/INSCRITOS-1.png\"><img class=\"aligncenter wp-image-3195 \" src=\"https:\/\/wp.ufpel.edu.br\/clmd\/files\/2025\/07\/INSCRITOS-1-1024x576.png\" alt=\"\" width=\"559\" height=\"314\" srcset=\"https:\/\/wp.ufpel.edu.br\/clmd\/files\/2025\/07\/INSCRITOS-1-1024x576.png 1024w, https:\/\/wp.ufpel.edu.br\/clmd\/files\/2025\/07\/INSCRITOS-1-400x225.png 400w, https:\/\/wp.ufpel.edu.br\/clmd\/files\/2025\/07\/INSCRITOS-1-768x432.png 768w, https:\/\/wp.ufpel.edu.br\/clmd\/files\/2025\/07\/INSCRITOS-1.png 1280w\" sizes=\"(max-width: 559px) 100vw, 559px\" \/><\/a><\/p>\n<h2><span style=\"color: #800080; background-color: #3366ff;\">\u00a0 \u00a0<span style=\"color: #ffffff;\">Aten\u00e7\u00e3o aos prazos:\u00a0 \u00a0 \u00a0 \u00a0 \u00a0 \u00a0 \u00a0 \u00a0 \u00a0 \u00a0 \u00a0 \u00a0 \u00a0 \u00a0 \u00a0 \u00a0 \u00a0 \u00a0 \u00a0 \u00a0 \u00a0 \u00a0 \u00a0 \u00a0 \u00a0 \u00a0 \u00a0 \u00a0 \u00a0 \u00a0 \u00a0 \u00a0 \u00a0 \u00a0 \u00a0 \u00a0 \u00a0 \u00a0 \u00a0 \u00a0 \u00a0 \u00a0 \u00a0\u00a0<\/span><\/span><\/h2>\n<p><a href=\"https:\/\/wp.ufpel.edu.br\/clmd\/files\/2025\/10\/CRONOGRAMA-2025-1_Atual.png\"><img class=\"aligncenter wp-image-3408\" src=\"https:\/\/wp.ufpel.edu.br\/clmd\/files\/2025\/10\/CRONOGRAMA-2025-1_Atual-400x200.png\" alt=\"\" width=\"788\" height=\"394\" \/><\/a><\/p>\n<p><span style=\"font-size: 14pt;\"><span style=\"color: #0000ff;\"><strong>ESCOLHA DO LOCAL DE PROVA:<\/strong><\/span>\u00a0 No per\u00edodo de 14 a 25 de julho, ao preencher seu cadastro, voc\u00ea deve indicar o Local onde deseja realizar a Prova, que pode ser no municipio sede do Polo, ou no munic\u00edpio que voc\u00ea reside.<\/span><\/p>\n<p><strong><span style=\"color: #0000ff;\">Observa\u00e7\u00e3o:<\/span> <\/strong>Recebemos informa\u00e7\u00e3o de alguns estudantes que j\u00e1 acessaram o sistema PND, que seus munic\u00edpios n\u00e3o constam na rela\u00e7\u00e3o dos munic\u00edpios de aplica\u00e7\u00e3o da prova. Como \u00e9 uma pergunta obrigat\u00b4\u00f3ria para continuar o preenchimento, selecionem o munic\u00edpio mais pr\u00f3ximo.<\/p>\n<p>&nbsp;<\/p>\n<h2><span style=\"color: #800080; background-color: #3366ff;\">\u00a0 \u00a0<span style=\"color: #ffffff;\">Acesse:\u00a0<\/span>\u00a0 \u00a0 \u00a0 \u00a0 \u00a0 \u00a0 \u00a0 \u00a0 \u00a0 \u00a0 \u00a0 \u00a0 \u00a0 \u00a0 \u00a0 \u00a0 \u00a0 \u00a0 \u00a0 \u00a0 \u00a0 \u00a0 \u00a0 \u00a0 \u00a0 \u00a0 \u00a0 \u00a0 \u00a0 \u00a0 \u00a0 \u00a0 \u00a0 \u00a0 \u00a0 \u00a0 \u00a0 \u00a0 \u00a0 \u00a0 \u00a0 \u00a0 \u00a0 \u00a0 \u00a0 \u00a0 \u00a0 \u00a0 \u00a0 \u00a0 \u00a0 \u00a0 \u00a0 \u00a0 \u00a0<\/span>\u200b<\/h2>\n<table style=\"width: 100%; border-collapse: collapse; border-color: #ffffff; background-color: #fffff;\" border=\"1\">\n<tbody>\n<tr style=\"height: 234px;\">\n<td style=\"width: 33.3333%; border-color: #f0f0f0; background-color: #f0f0f0; height: 234px;\"><a href=\"https:\/\/enade.inep.gov.br\/enade\/#!\/index\" target=\"_blank\" rel=\"noopener\"><img class=\"aligncenter size-full wp-image-3075\" src=\"https:\/\/wp.ufpel.edu.br\/clmd\/files\/2025\/07\/card-sistema-ENADE.png\" alt=\"\" width=\"270\" height=\"192\" \/><\/a><\/td>\n<td style=\"width: 33.3333%; border-color: #f0f0f0; background-color: #f0f0f0; height: 234px;\"><a href=\"https:\/\/pnd.inep.gov.br\/pnd\/\" target=\"_blank\" rel=\"noopener\"><img class=\"aligncenter size-full wp-image-3076\" src=\"https:\/\/wp.ufpel.edu.br\/clmd\/files\/2025\/07\/card-sistema-PND.png\" alt=\"\" width=\"270\" height=\"192\" \/><\/a><\/td>\n<td style=\"width: 33.3333%; border-color: #f0f0f0; background-color: #f0f0f0; height: 234px;\"><a href=\"https:\/\/www.gov.br\/inep\/pt-br\/centrais-de-conteudo\/legislacao\/enade\" target=\"_blank\" rel=\"noopener\"><img class=\"size-full wp-image-2237 aligncenter\" src=\"https:\/\/wp.ufpel.edu.br\/clmd\/files\/2024\/08\/card-edital.png\" alt=\"\" width=\"265\" height=\"186\" \/><\/a><\/td>\n<\/tr>\n<tr style=\"height: 24px;\">\n<td style=\"width: 33.3333%; border-color: #f0f0f0; background-color: #f0f0f0; height: 24px;\"><a href=\"https:\/\/wp.ufpel.edu.br\/clmd\/files\/2025\/07\/Inscricoes_ConcluinteS_CLMD_2025.pdf\" target=\"_blank\" rel=\"noopener\"><img class=\"size-full wp-image-2425 alignnone\" src=\"https:\/\/wp.ufpel.edu.br\/clmd\/files\/2024\/10\/card-inscritos.png\" alt=\"\" width=\"269\" height=\"190\" \/><\/a><\/td>\n<td style=\"width: 33.3333%; border-color: #f0f0f0; background-color: #f0f0f0; height: 24px;\"><a href=\"https:\/\/wp.ufpel.edu.br\/clmd\/files\/2025\/07\/Enade_2025___Matriz_Matematica.pdf\" target=\"_blank\" rel=\"noopener\"><img class=\"aligncenter size-full wp-image-3073\" src=\"https:\/\/wp.ufpel.edu.br\/clmd\/files\/2025\/07\/card-PROVA-TEORICA.png\" alt=\"\" width=\"269\" height=\"190\" \/><\/a><\/td>\n<td style=\"width: 33.3333%; border-color: #f0f0f0; background-color: #f0f0f0; height: 24px;\"><a href=\"https:\/\/www.gov.br\/inep\/pt-br\/areas-de-atuacao\/avaliacao-e-exames-educacionais\/enade\/provas-e-gabaritos\" target=\"_blank\" rel=\"noopener\"><img class=\"aligncenter size-full wp-image-2293\" src=\"https:\/\/wp.ufpel.edu.br\/clmd\/files\/2024\/09\/card-PROVA.png\" alt=\"\" width=\"269\" height=\"190\" \/><\/a><\/td>\n<\/tr>\n<tr style=\"height: 24px;\">\n<td style=\"width: 33.3333%; border-color: #f0f0f0; background-color: #f0f0f0; height: 24px;\"><\/td>\n<td style=\"width: 33.3333%; border-color: #f0f0f0; background-color: #f0f0f0; height: 24px;\"><\/td>\n<td style=\"width: 33.3333%; border-color: #f0f0f0; background-color: #f0f0f0; height: 24px; text-align: center;\"><\/td>\n<\/tr>\n<\/tbody>\n<\/table>\n<p>&nbsp;<\/p>\n<p>Live do MEC com orienta\u00e7\u00f5es sobre a Prova Nacional Docente, realizada no dia 17 de julho:<a href=\"https:\/\/www.youtube.com\/live\/Fbi7jYA0Mv8?si=PCnGELkfXOzrE4F9&amp;t=155\" target=\"_blank\" rel=\"noopener\"><br \/>\n<img class=\"aligncenter size-medium wp-image-3141\" src=\"https:\/\/wp.ufpel.edu.br\/clmd\/files\/2025\/07\/LIVE-MEC-400x225.png\" alt=\"\" width=\"400\" height=\"225\" srcset=\"https:\/\/wp.ufpel.edu.br\/clmd\/files\/2025\/07\/LIVE-MEC-400x225.png 400w, https:\/\/wp.ufpel.edu.br\/clmd\/files\/2025\/07\/LIVE-MEC-1024x576.png 1024w, https:\/\/wp.ufpel.edu.br\/clmd\/files\/2025\/07\/LIVE-MEC-768x432.png 768w, https:\/\/wp.ufpel.edu.br\/clmd\/files\/2025\/07\/LIVE-MEC.png 1366w\" sizes=\"(max-width: 400px) 100vw, 400px\" \/><\/a><\/p>\n<p>Consulte:\u00a0<a href=\"https:\/\/www.gov.br\/mec\/pt-br\/mais-professores\/GuiaPND_v2.pdf\" target=\"_blank\" rel=\"noopener\">Guia do Participante<\/a><\/p>\n<h2><span style=\"color: #800080; background-color: #3366ff;\">\u00a0 \u00a0<span style=\"color: #ffffff;\">Acesse as orienta\u00e7\u00f5es elaboradas pelo curso:\u00a0 \u00a0 \u00a0 \u00a0 \u00a0 \u00a0 \u00a0 \u00a0 \u00a0 \u00a0 \u00a0 \u00a0 \u00a0 \u00a0 \u00a0 \u00a0 \u00a0\u00a0<\/span><\/span><\/h2>\n<table style=\"width: 100%; border-collapse: collapse; border-color: #f0f0f0; background-color: #f0f0f0;\" border=\"1\">\n<tbody>\n<tr style=\"height: 421px;\">\n<td style=\"width: 50%; height: 421px; border-color: #f0f0f0; background-color: #f0f0f0; text-align: left; vertical-align: top;\"><a href=\"https:\/\/wp.ufpel.edu.br\/clmd\/files\/2025\/07\/REUNIAO.png\"><img class=\"size-full wp-image-3079 alignleft\" src=\"https:\/\/wp.ufpel.edu.br\/clmd\/files\/2025\/07\/REUNIAO.png\" alt=\"\" width=\"1080\" height=\"1080\" srcset=\"https:\/\/wp.ufpel.edu.br\/clmd\/files\/2025\/07\/REUNIAO.png 1080w, https:\/\/wp.ufpel.edu.br\/clmd\/files\/2025\/07\/REUNIAO-400x400.png 400w, https:\/\/wp.ufpel.edu.br\/clmd\/files\/2025\/07\/REUNIAO-1024x1024.png 1024w, https:\/\/wp.ufpel.edu.br\/clmd\/files\/2025\/07\/REUNIAO-200x200.png 200w, https:\/\/wp.ufpel.edu.br\/clmd\/files\/2025\/07\/REUNIAO-768x768.png 768w\" sizes=\"(max-width: 1080px) 100vw, 1080px\" \/><\/a><\/td>\n<td style=\"width: 50%; height: 421px; border-color: #ffffff; background-color: #f0f0f0;\">\n<table style=\"border-collapse: collapse; width: 100%;\" border=\"1\">\n<tbody>\n<tr>\n<td style=\"width: 50%; border-color: #f0f0f0; background-color: #f0f0f0; text-align: left; vertical-align: top;\">\n<p style=\"text-align: justify;\"><span style=\"font-size: 14pt;\">Na Web, iniciamos conversando sobre a Prova Pr\u00e1tica do ENADE 2024, que est\u00e1 encerrando a edi\u00e7\u00e3o nesse m\u00eas de julho.<\/span><\/p>\n<p><span style=\"font-size: 14pt;\">Depois, foram apresentadas as informa\u00e7\u00f5es sobre o ENADE 2025, que traz mudan\u00e7as significativas. Acesse a grava\u00e7\u00e3o e os slides. Ficando com d\u00favidas, entre em contato com a Coordena\u00e7\u00e3o do Curso.<\/span><\/p>\n<ul>\n<li style=\"text-align: left;\"><span style=\"font-size: 14pt;\">Link da Grava\u00e7\u00e3o:<\/span><\/li>\n<\/ul>\n<p style=\"text-align: center;\"><span style=\"color: #0000ff;\"><a style=\"color: #0000ff;\" href=\"https:\/\/bbbadm-balancer.ufpel.edu.br\/playback\/presentation\/2.3\/d49eb186802aca0f7d130b4ec8cbc72848d95fbd-1752339740502\" target=\"_blank\" rel=\"noopener\">ACESSE AQUI<\/a><\/span><\/p>\n<ul>\n<li><span style=\"font-size: 14pt;\">Slides da Apresenta\u00e7\u00e3o:<\/span><\/li>\n<\/ul>\n<p style=\"text-align: center;\"><a href=\"https:\/\/wp.ufpel.edu.br\/clmd\/files\/2025\/07\/ENADE-2024-2025-1.pdf\"><span style=\"color: #0000ff;\">ENADE 2024 &#8211; 2025<\/span><\/a><\/p>\n<\/td>\n<\/tr>\n<\/tbody>\n<\/table>\n<p>&nbsp;<\/td>\n<\/tr>\n<\/tbody>\n<\/table>\n<p>&nbsp;<\/p>\n<h2><span style=\"color: #800080; background-color: #00ccff;\"><span style=\"background-color: #00ffff;\"><span style=\"background-color: #3366ff;\">\u00a0 \u00a0 <span style=\"color: #ffffff;\">Erros ao acessar o sistema:\u00a0 \u00a0 \u00a0 \u00a0 \u00a0 \u00a0 \u00a0 \u00a0 \u00a0 \u00a0 \u00a0 \u00a0 \u00a0 \u00a0 \u00a0 \u00a0 \u00a0 \u00a0 \u00a0 \u00a0 \u00a0 \u00a0 \u00a0 \u00a0<\/span> \u00a0\u00a0<\/span><\/span><\/span><\/h2>\n<p><span style=\"font-size: 14pt;\">Se ocorrerem erros de acesso a p\u00e1gina do ENADE ou PND, fa\u00e7a print da tela (aparecendo data e hora) e relate o problema ocorrido (anexando a imagem) atrav\u00e9s do canal do INEP:<\/span><\/p>\n<p><a href=\"https:\/\/wp.ufpel.edu.br\/clmd\/files\/2025\/07\/REGISTRO-ERROS.png\"><img class=\"aligncenter wp-image-3111\" src=\"https:\/\/wp.ufpel.edu.br\/clmd\/files\/2025\/07\/REGISTRO-ERROS.png\" alt=\"\" width=\"693\" height=\"390\" srcset=\"https:\/\/wp.ufpel.edu.br\/clmd\/files\/2025\/07\/REGISTRO-ERROS.png 1280w, https:\/\/wp.ufpel.edu.br\/clmd\/files\/2025\/07\/REGISTRO-ERROS-400x225.png 400w, https:\/\/wp.ufpel.edu.br\/clmd\/files\/2025\/07\/REGISTRO-ERROS-1024x576.png 1024w, https:\/\/wp.ufpel.edu.br\/clmd\/files\/2025\/07\/REGISTRO-ERROS-768x432.png 768w\" sizes=\"(max-width: 693px) 100vw, 693px\" \/><\/a><span class=\"fontstyle0\" style=\"font-size: 14pt;\"><strong> Demandas Fale Conosco INEP<\/strong>: <span style=\"color: #0000ff;\"><a style=\"color: #0000ff;\" href=\"https:\/\/mecsp.metasix.solutions\/portal\">https:\/\/mecsp.metasix.solutions\/portal<\/a><\/span><\/span><\/p>\n<p><span style=\"font-size: 14pt;\">Para atendimentos, acesse:<\/span><\/p>\n<p><span style=\"font-size: 14pt;\"> <span class=\"fontstyle0\"><strong>Pedidos de Informa\u00e7\u00e3o Fala BR INEP<\/strong>:\u00a0\u00a0<span style=\"color: #0000ff;\">https:\/\/falabr.cgu.gov.br\/web\/login?tipo=8&amp;r edirect=\/manifestacao\/criar?tipo=8<\/span><\/span><\/span><\/p>\n","protected":false},"excerpt":{"rendered":"<p>&nbsp; \u00a0 \u00a0Informa\u00e7\u00f5es iniciais:\u00a0 \u00a0 \u00a0 \u00a0 \u00a0 \u00a0 \u00a0\u00a0 \u00a0 \u00a0 \u00a0 \u00a0 \u00a0 \u00a0 \u00a0 \u00a0 \u00a0 \u00a0 \u00a0 \u00a0 \u00a0 \u00a0 \u00a0 \u00a0 \u00a0 \u00a0 \u00a0 \u00a0 \u00a0 \u00a0 \u00a0 \u00a0 \u00a0 \u00a0 \u00a0 \u00a0 \u00a0 \u00a0 \u00a0 \u00a0 \u00a0 \u00a0\u00a0 Esse ano, a Prova Te\u00f3rica do ENADE das Licenciaturas, apresenta uma [&hellip;]<\/p>\n","protected":false},"author":710,"featured_media":0,"parent":2298,"menu_order":0,"comment_status":"closed","ping_status":"closed","template":"","meta":{"footnotes":""},"class_list":["post-3049","page","type-page","status-publish","hentry"],"_links":{"self":[{"href":"https:\/\/wp.ufpel.edu.br\/clmd\/wp-json\/wp\/v2\/pages\/3049","targetHints":{"allow":["GET"]}}],"collection":[{"href":"https:\/\/wp.ufpel.edu.br\/clmd\/wp-json\/wp\/v2\/pages"}],"about":[{"href":"https:\/\/wp.ufpel.edu.br\/clmd\/wp-json\/wp\/v2\/types\/page"}],"author":[{"embeddable":true,"href":"https:\/\/wp.ufpel.edu.br\/clmd\/wp-json\/wp\/v2\/users\/710"}],"replies":[{"embeddable":true,"href":"https:\/\/wp.ufpel.edu.br\/clmd\/wp-json\/wp\/v2\/comments?post=3049"}],"version-history":[{"count":4,"href":"https:\/\/wp.ufpel.edu.br\/clmd\/wp-json\/wp\/v2\/pages\/3049\/revisions"}],"predecessor-version":[{"id":3411,"href":"https:\/\/wp.ufpel.edu.br\/clmd\/wp-json\/wp\/v2\/pages\/3049\/revisions\/3411"}],"up":[{"embeddable":true,"href":"https:\/\/wp.ufpel.edu.br\/clmd\/wp-json\/wp\/v2\/pages\/2298"}],"wp:attachment":[{"href":"https:\/\/wp.ufpel.edu.br\/clmd\/wp-json\/wp\/v2\/media?parent=3049"}],"curies":[{"name":"wp","href":"https:\/\/api.w.org\/{rel}","templated":true}]}}