{"id":3021,"date":"2025-07-12T19:47:13","date_gmt":"2025-07-12T22:47:13","guid":{"rendered":"https:\/\/wp.ufpel.edu.br\/clmd\/?page_id=3021"},"modified":"2025-07-13T03:27:48","modified_gmt":"2025-07-13T06:27:48","slug":"prova-pratica-2o-periodo-enade-2024","status":"publish","type":"page","link":"https:\/\/wp.ufpel.edu.br\/clmd\/enade\/prova-pratica-2o-periodo-enade-2024\/","title":{"rendered":"PROVA PR\u00c1TICA (2\u00ba Per\u00edodo) &#8211; ENADE 2024"},"content":{"rendered":"<h2><span style=\"color: #800080; background-color: #00ccff;\"><span style=\"background-color: #00ffff;\"><span style=\"background-color: #3366ff;\"><span style=\"color: #ffffff;\">Cronograma:\u00a0<\/span> \u00a0\u00a0<\/span><\/span><\/span><\/h2>\n<p style=\"text-align: center;\"><a href=\"https:\/\/wp.ufpel.edu.br\/clmd\/files\/2025\/05\/Slide1.png\"><img class=\"aligncenter wp-image-2914\" src=\"https:\/\/wp.ufpel.edu.br\/clmd\/files\/2025\/05\/Slide1.png\" alt=\"\" width=\"692\" height=\"389\" srcset=\"https:\/\/wp.ufpel.edu.br\/clmd\/files\/2025\/05\/Slide1.png 1280w, https:\/\/wp.ufpel.edu.br\/clmd\/files\/2025\/05\/Slide1-400x225.png 400w, https:\/\/wp.ufpel.edu.br\/clmd\/files\/2025\/05\/Slide1-1024x576.png 1024w, https:\/\/wp.ufpel.edu.br\/clmd\/files\/2025\/05\/Slide1-768x432.png 768w\" sizes=\"(max-width: 692px) 100vw, 692px\" \/><\/a> <a href=\"https:\/\/wp.ufpel.edu.br\/clmd\/files\/2025\/05\/Slide2.png\"><img class=\"aligncenter wp-image-2915\" src=\"https:\/\/wp.ufpel.edu.br\/clmd\/files\/2025\/05\/Slide2.png\" alt=\"\" width=\"634\" height=\"357\" srcset=\"https:\/\/wp.ufpel.edu.br\/clmd\/files\/2025\/05\/Slide2.png 1280w, https:\/\/wp.ufpel.edu.br\/clmd\/files\/2025\/05\/Slide2-400x225.png 400w, https:\/\/wp.ufpel.edu.br\/clmd\/files\/2025\/05\/Slide2-1024x576.png 1024w, https:\/\/wp.ufpel.edu.br\/clmd\/files\/2025\/05\/Slide2-768x432.png 768w\" sizes=\"(max-width: 634px) 100vw, 634px\" \/><\/a><\/p>\n<p><strong><span style=\"color: #0000ff;\">ATEN\u00c7\u00c3O PARA A RETIFICA\u00c7\u00c3O DOS PRAZOS:<\/span><\/strong><\/p>\n<p style=\"text-align: center;\"><a href=\"https:\/\/wp.ufpel.edu.br\/clmd\/files\/2025\/07\/CRONOGRAMA-RETIFICADO.png\"><img class=\"aligncenter size-full wp-image-3026\" src=\"https:\/\/wp.ufpel.edu.br\/clmd\/files\/2025\/07\/CRONOGRAMA-RETIFICADO.png\" alt=\"\" width=\"724\" height=\"410\" srcset=\"https:\/\/wp.ufpel.edu.br\/clmd\/files\/2025\/07\/CRONOGRAMA-RETIFICADO.png 724w, https:\/\/wp.ufpel.edu.br\/clmd\/files\/2025\/07\/CRONOGRAMA-RETIFICADO-400x227.png 400w\" sizes=\"(max-width: 724px) 100vw, 724px\" \/><\/a><\/p>\n<h2><span style=\"color: #800080; background-color: #00ccff;\"><span style=\"background-color: #00ffff;\"><span style=\"background-color: #3366ff;\">\u00a0 \u00a0 <span style=\"color: #ffffff;\">Acesse:\u00a0<\/span> \u00a0\u00a0<\/span><\/span><\/span><\/h2>\n<table style=\"width: 100%; border-collapse: collapse; border-color: #ffffff; background-color: #fffff;\" border=\"1\">\n<tbody>\n<tr style=\"height: 234px;\">\n<td style=\"width: 33.3333%; border-color: #f0f0f0; background-color: #f0f0f0; height: 234px;\"><a href=\"https:\/\/wp.ufpel.edu.br\/clmd\/files\/2025\/05\/Solicitacao-Inscricoes-estagiarios-1.pdf\"><img class=\"size-full wp-image-2425 alignnone\" src=\"https:\/\/wp.ufpel.edu.br\/clmd\/files\/2024\/10\/card-inscritos.png\" alt=\"\" width=\"269\" height=\"190\" \/><\/a><\/td>\n<td style=\"width: 33.3333%; border-color: #f0f0f0; background-color: #f0f0f0; height: 234px;\"><a href=\"https:\/\/enade.inep.gov.br\/enade\/#!\/index\"><img class=\"size-full wp-image-2244 alignnone\" src=\"https:\/\/wp.ufpel.edu.br\/clmd\/files\/2024\/08\/card-sistema.png\" alt=\"\" width=\"270\" height=\"192\" \/><\/a><\/td>\n<td style=\"width: 33.3333%; border-color: #f0f0f0; background-color: #f0f0f0; height: 234px;\"><a href=\"https:\/\/wp.ufpel.edu.br\/clmd\/files\/2024\/08\/Edital-Enade-2024-INEP.pdf\"><img class=\"size-full wp-image-2237 aligncenter\" src=\"https:\/\/wp.ufpel.edu.br\/clmd\/files\/2024\/08\/card-edital.png\" alt=\"\" width=\"265\" height=\"186\" \/><\/a><\/td>\n<\/tr>\n<tr style=\"height: 24px;\">\n<td style=\"width: 33.3333%; border-color: #f0f0f0; background-color: #f0f0f0; height: 24px;\"><a href=\"https:\/\/wp.ufpel.edu.br\/clmd\/files\/2024\/10\/questionario_avaliacao_pratica_do_estudante.pdf\"><img class=\"size-full wp-image-2372 alignleft\" src=\"https:\/\/wp.ufpel.edu.br\/clmd\/files\/2024\/10\/card-PROVA-PRATICA.png\" alt=\"\" width=\"269\" height=\"190\" \/><\/a><\/td>\n<td style=\"width: 33.3333%; border-color: #f0f0f0; background-color: #f0f0f0; height: 24px;\"><a href=\"https:\/\/wp.ufpel.edu.br\/clmd\/files\/2024\/10\/instrumento_de_avaliacao_supervisor.pdf\"><img class=\"aligncenter size-full wp-image-2378\" src=\"https:\/\/wp.ufpel.edu.br\/clmd\/files\/2024\/10\/card-supervisor.png\" alt=\"\" width=\"269\" height=\"190\" \/><\/a><\/td>\n<td style=\"width: 33.3333%; border-color: #f0f0f0; background-color: #f0f0f0; height: 24px;\"><a href=\"https:\/\/wp.ufpel.edu.br\/clmd\/files\/2024\/10\/questionario_avaliacao_pratica_orientador.pdf\"><img class=\"aligncenter size-full wp-image-2422\" src=\"https:\/\/wp.ufpel.edu.br\/clmd\/files\/2024\/10\/card-orientador.png\" alt=\"\" width=\"269\" height=\"190\" \/><\/a><\/td>\n<\/tr>\n<\/tbody>\n<\/table>\n<h2><span style=\"color: #800080;\">Orienta\u00e7\u00f5es e avisos:<\/span><\/h2>\n<p><span style=\"font-size: 14pt;\">Reuni\u00e3o de orienta\u00e7\u00e3o realizada no dia 12\/05\/2025:\u00a0 \u00a0 <a href=\"https:\/\/bbbadm-balancer.ufpel.edu.br\/playback\/presentation\/2.3\/d49eb186802aca0f7d130b4ec8cbc72848d95fbd-1747087625418\"><span style=\"color: #0000ff;\">Acesse a Grava\u00e7\u00e3o<\/span><\/a><\/span><\/p>\n<p><span style=\"font-size: 14pt;\">Reuni\u00e3o de orienta\u00e7\u00e3o realizada no dia 12\/07\/2025:\u00a0 <a href=\"https:\/\/wp.ufpel.edu.br\/clmd\/files\/2025\/07\/ENADE-2024-2025.pdf\"><span style=\"color: #0000ff;\">Acesse os slides com as orienta\u00e7\u00f5es<\/span><\/a><\/span><\/p>\n<p><span style=\"font-size: 14pt;\">\u00a0 \u00a0 \u00a0 \u00a0 \u00a0 \u00a0 \u00a0 \u00a0 \u00a0 \u00a0 \u00a0 \u00a0 \u00a0 \u00a0 \u00a0 \u00a0 \u00a0 \u00a0 \u00a0 \u00a0 \u00a0 \u00a0 \u00a0 \u00a0 \u00a0 \u00a0 \u00a0 \u00a0 \u00a0 \u00a0 \u00a0 \u00a0 \u00a0 \u00a0 \u00a0 \u00a0 \u00a0 \u00a0 \u00a0 \u00a0 \u00a0 \u00a0 \u00a0 \u00a0 \u00a0 \u00a0 \u00a0 \u00a0 \u00a0<span style=\"color: #0000ff;\">\u00a0<a style=\"color: #0000ff;\" href=\"https:\/\/bbbadm-balancer.ufpel.edu.br\/playback\/presentation\/2.3\/d49eb186802aca0f7d130b4ec8cbc72848d95fbd-1752339740502\" target=\"_blank\" rel=\"noopener\">Acesse a grava\u00e7\u00e3o da web<\/a><\/span><\/span><\/p>\n<p><span style=\"font-size: 14pt;\">Se ocorrerem erros de acesso a p\u00e1gina do ENADE, fa\u00e7a print da tela (aparecendo data e hora) e relate o problema ocorrido (anexando a imagem) atrav\u00e9s dos canais do INEP:<\/span><\/p>\n<p><span class=\"fontstyle0\" style=\"font-size: 14pt;\"><strong> Demandas Fale Conosco INEP<\/strong>: <span style=\"color: #0000ff;\"><a style=\"color: #0000ff;\" href=\"https:\/\/mecsp.metasix.solutions\/portal\">https:\/\/mecsp.metasix.solutions\/portal<\/a><\/span><\/span><\/p>\n<p><span style=\"font-size: 14pt;\"> <span class=\"fontstyle0\"><strong>Pedidos de Informa\u00e7\u00e3o Fala BR INEP<\/strong>:\u00a0\u00a0<span style=\"color: #0000ff;\">https:\/\/falabr.cgu.gov.br\/web\/login?tipo=8&amp;r edirect=\/manifestacao\/criar?tipo=8<\/span><\/span><\/span><\/p>\n","protected":false},"excerpt":{"rendered":"<p>Cronograma:\u00a0 \u00a0\u00a0 ATEN\u00c7\u00c3O PARA A RETIFICA\u00c7\u00c3O DOS PRAZOS: \u00a0 \u00a0 Acesse:\u00a0 \u00a0\u00a0 Orienta\u00e7\u00f5es e avisos: Reuni\u00e3o de orienta\u00e7\u00e3o realizada no dia 12\/05\/2025:\u00a0 \u00a0 Acesse a Grava\u00e7\u00e3o Reuni\u00e3o de orienta\u00e7\u00e3o realizada no dia 12\/07\/2025:\u00a0 Acesse os slides com as orienta\u00e7\u00f5es \u00a0 \u00a0 \u00a0 \u00a0 \u00a0 \u00a0 \u00a0 \u00a0 \u00a0 \u00a0 \u00a0 \u00a0 \u00a0 \u00a0 \u00a0 \u00a0 [&hellip;]<\/p>\n","protected":false},"author":710,"featured_media":0,"parent":2298,"menu_order":0,"comment_status":"closed","ping_status":"closed","template":"","meta":{"footnotes":""},"class_list":["post-3021","page","type-page","status-publish","hentry"],"_links":{"self":[{"href":"https:\/\/wp.ufpel.edu.br\/clmd\/wp-json\/wp\/v2\/pages\/3021","targetHints":{"allow":["GET"]}}],"collection":[{"href":"https:\/\/wp.ufpel.edu.br\/clmd\/wp-json\/wp\/v2\/pages"}],"about":[{"href":"https:\/\/wp.ufpel.edu.br\/clmd\/wp-json\/wp\/v2\/types\/page"}],"author":[{"embeddable":true,"href":"https:\/\/wp.ufpel.edu.br\/clmd\/wp-json\/wp\/v2\/users\/710"}],"replies":[{"embeddable":true,"href":"https:\/\/wp.ufpel.edu.br\/clmd\/wp-json\/wp\/v2\/comments?post=3021"}],"version-history":[{"count":4,"href":"https:\/\/wp.ufpel.edu.br\/clmd\/wp-json\/wp\/v2\/pages\/3021\/revisions"}],"predecessor-version":[{"id":3096,"href":"https:\/\/wp.ufpel.edu.br\/clmd\/wp-json\/wp\/v2\/pages\/3021\/revisions\/3096"}],"up":[{"embeddable":true,"href":"https:\/\/wp.ufpel.edu.br\/clmd\/wp-json\/wp\/v2\/pages\/2298"}],"wp:attachment":[{"href":"https:\/\/wp.ufpel.edu.br\/clmd\/wp-json\/wp\/v2\/media?parent=3021"}],"curies":[{"name":"wp","href":"https:\/\/api.w.org\/{rel}","templated":true}]}}