{"id":2962,"date":"2025-05-28T01:55:27","date_gmt":"2025-05-28T04:55:27","guid":{"rendered":"https:\/\/wp.ufpel.edu.br\/clmd\/?page_id=2962"},"modified":"2026-01-26T11:48:32","modified_gmt":"2026-01-26T14:48:32","slug":"novas-politicas-para-o-ensino-a-distancia","status":"publish","type":"page","link":"https:\/\/wp.ufpel.edu.br\/clmd\/espaco-equipe-clmd\/novas-politicas-para-o-ensino-a-distancia\/","title":{"rendered":"Novas pol\u00edticas para o  Ensino a Dist\u00e2ncia"},"content":{"rendered":"<p>Consulte os materiais e contribua com as discuss\u00f5es e atualiza\u00e7\u00f5es necess\u00e1rias no Projeto Pedag\u00f3gico do Curso.<\/p>\n<table style=\"border-collapse: collapse; width: 100%;\" border=\"1\">\n<tbody>\n<tr>\n<td style=\"width: 49.5364%; border-color: #ffffff;\"><a href=\"https:\/\/wp.ufpel.edu.br\/clmd\/files\/2025\/05\/DECRETO-No-12.456-DE-19-DE-MAIO-DE-2025-DECRETO-No-12.pdf\" target=\"_blank\" rel=\"noopener\"><img class=\"aligncenter wp-image-2964\" src=\"https:\/\/wp.ufpel.edu.br\/clmd\/files\/2025\/05\/marco.png\" alt=\"\" width=\"384\" height=\"228\" srcset=\"https:\/\/wp.ufpel.edu.br\/clmd\/files\/2025\/05\/marco.png 581w, https:\/\/wp.ufpel.edu.br\/clmd\/files\/2025\/05\/marco-400x238.png 400w\" sizes=\"(max-width: 384px) 100vw, 384px\" \/><\/a><\/td>\n<td style=\"width: 4.43371%; border-color: #ffffff;\"><\/td>\n<td style=\"width: 46.0298%; border-color: #ffffff;\"><a href=\"https:\/\/wp.ufpel.edu.br\/clmd\/files\/2025\/05\/nova-politica-de-educacao-a-distancia-ead_2025.pdf\" target=\"_blank\" rel=\"noopener\"><img class=\"aligncenter wp-image-2965\" src=\"https:\/\/wp.ufpel.edu.br\/clmd\/files\/2025\/05\/nova-ead.png\" alt=\"\" width=\"391\" height=\"223\" srcset=\"https:\/\/wp.ufpel.edu.br\/clmd\/files\/2025\/05\/nova-ead.png 933w, https:\/\/wp.ufpel.edu.br\/clmd\/files\/2025\/05\/nova-ead-400x228.png 400w, https:\/\/wp.ufpel.edu.br\/clmd\/files\/2025\/05\/nova-ead-768x437.png 768w\" sizes=\"(max-width: 391px) 100vw, 391px\" \/><\/a><\/td>\n<\/tr>\n<tr>\n<td style=\"width: 49.5364%; border-color: #ffffff;\"><\/td>\n<td style=\"width: 4.43371%; border-color: #ffffff;\"><\/td>\n<td style=\"width: 46.0298%; border-color: #ffffff;\"><\/td>\n<\/tr>\n<tr>\n<td style=\"width: 49.5364%; border-color: #ffffff;\"><a href=\"https:\/\/wp.ufpel.edu.br\/clmd\/files\/2025\/05\/REFERENCIAIS-DE-QUALIDADE-EAD-1.pdf\" target=\"_blank\" rel=\"noopener\"><img class=\"aligncenter wp-image-2967\" src=\"https:\/\/wp.ufpel.edu.br\/clmd\/files\/2025\/05\/referenciais.png\" alt=\"\" width=\"418\" height=\"238\" srcset=\"https:\/\/wp.ufpel.edu.br\/clmd\/files\/2025\/05\/referenciais.png 933w, https:\/\/wp.ufpel.edu.br\/clmd\/files\/2025\/05\/referenciais-400x228.png 400w, https:\/\/wp.ufpel.edu.br\/clmd\/files\/2025\/05\/referenciais-768x437.png 768w\" sizes=\"(max-width: 418px) 100vw, 418px\" \/><\/a><\/td>\n<td style=\"width: 4.43371%; border-color: #ffffff;\"><\/td>\n<td style=\"width: 46.0298%; border-color: #ffffff;\"><a href=\"https:\/\/wp.ufpel.edu.br\/clmd\/files\/2025\/05\/resolucao_cne_cp_4_2024.pdf\" target=\"_blank\" rel=\"noopener\"><img class=\"aligncenter size-full wp-image-2974\" src=\"https:\/\/wp.ufpel.edu.br\/clmd\/files\/2025\/05\/diretrizes.png\" alt=\"\" width=\"1200\" height=\"630\" srcset=\"https:\/\/wp.ufpel.edu.br\/clmd\/files\/2025\/05\/diretrizes.png 1200w, https:\/\/wp.ufpel.edu.br\/clmd\/files\/2025\/05\/diretrizes-400x210.png 400w, https:\/\/wp.ufpel.edu.br\/clmd\/files\/2025\/05\/diretrizes-1024x538.png 1024w, https:\/\/wp.ufpel.edu.br\/clmd\/files\/2025\/05\/diretrizes-768x403.png 768w\" sizes=\"(max-width: 1200px) 100vw, 1200px\" \/><\/a><\/td>\n<\/tr>\n<tr>\n<td style=\"width: 49.5364%; border-color: #ffffff;\"><\/td>\n<td style=\"width: 4.43371%; border-color: #ffffff;\"><\/td>\n<td style=\"width: 46.0298%; border-color: #ffffff;\"><\/td>\n<\/tr>\n<\/tbody>\n<\/table>\n<p>Outros referenciais:<\/p>\n<ul>\n<li><a href=\"https:\/\/wp.ufpel.edu.br\/clmd\/files\/2026\/01\/CES13022-DIRETRIZES-CURRICULARES-MATEMATICA.pdf\">DIRETRIZES CURRICULARES MATEM\u00c1TICA<\/a><\/li>\n<li>Disp\u00f5e sobre os formatos de oferta dos cursos superiores de gradua\u00e7\u00e3o: <a href=\"https:\/\/wp.ufpel.edu.br\/clmd\/files\/2026\/01\/PORTARIA-MEC-378-DE-19-DE-MAIO-DE-2025.pdf\">PORTARIA MEC 378, DE 19 DE MAIO DE 2025<\/a><\/li>\n<li>Regulamenta o Decreto n\u00ba 12.456, de 19 de maio de 2025, que trata da oferta de educa\u00e7\u00e3o a dist\u00e2ncia:\u00a0<a href=\"https:\/\/www.in.gov.br\/en\/web\/dou\/-\/portaria-mec-n-506-de-10-de-julho-de-2025-641610361\" target=\"_blank\" rel=\"noopener\">PORTARIA MEC 506 DE 10 DE JULHO DE 2025<\/a><\/li>\n<\/ul>\n","protected":false},"excerpt":{"rendered":"<p>Consulte os materiais e contribua com as discuss\u00f5es e atualiza\u00e7\u00f5es necess\u00e1rias no Projeto Pedag\u00f3gico do Curso. Outros referenciais: DIRETRIZES CURRICULARES MATEM\u00c1TICA Disp\u00f5e sobre os formatos de oferta dos cursos superiores de gradua\u00e7\u00e3o: PORTARIA MEC 378, DE 19 DE MAIO DE 2025 Regulamenta o Decreto n\u00ba 12.456, de 19 de maio de 2025, que trata da [&hellip;]<\/p>\n","protected":false},"author":710,"featured_media":0,"parent":1268,"menu_order":0,"comment_status":"closed","ping_status":"closed","template":"","meta":{"footnotes":""},"class_list":["post-2962","page","type-page","status-publish","hentry"],"_links":{"self":[{"href":"https:\/\/wp.ufpel.edu.br\/clmd\/wp-json\/wp\/v2\/pages\/2962","targetHints":{"allow":["GET"]}}],"collection":[{"href":"https:\/\/wp.ufpel.edu.br\/clmd\/wp-json\/wp\/v2\/pages"}],"about":[{"href":"https:\/\/wp.ufpel.edu.br\/clmd\/wp-json\/wp\/v2\/types\/page"}],"author":[{"embeddable":true,"href":"https:\/\/wp.ufpel.edu.br\/clmd\/wp-json\/wp\/v2\/users\/710"}],"replies":[{"embeddable":true,"href":"https:\/\/wp.ufpel.edu.br\/clmd\/wp-json\/wp\/v2\/comments?post=2962"}],"version-history":[{"count":4,"href":"https:\/\/wp.ufpel.edu.br\/clmd\/wp-json\/wp\/v2\/pages\/2962\/revisions"}],"predecessor-version":[{"id":3570,"href":"https:\/\/wp.ufpel.edu.br\/clmd\/wp-json\/wp\/v2\/pages\/2962\/revisions\/3570"}],"up":[{"embeddable":true,"href":"https:\/\/wp.ufpel.edu.br\/clmd\/wp-json\/wp\/v2\/pages\/1268"}],"wp:attachment":[{"href":"https:\/\/wp.ufpel.edu.br\/clmd\/wp-json\/wp\/v2\/media?parent=2962"}],"curies":[{"name":"wp","href":"https:\/\/api.w.org\/{rel}","templated":true}]}}