{"id":2904,"date":"2025-05-09T00:35:28","date_gmt":"2025-05-09T03:35:28","guid":{"rendered":"https:\/\/wp.ufpel.edu.br\/clmd\/?page_id=2904"},"modified":"2025-07-13T10:37:21","modified_gmt":"2025-07-13T13:37:21","slug":"enade-2024","status":"publish","type":"page","link":"https:\/\/wp.ufpel.edu.br\/clmd\/enade\/enade-2024\/","title":{"rendered":"PROVA TE\u00d3RICA E PR\u00c1TICA (1 PER\u00cdODO) &#8211; ENADE 2024"},"content":{"rendered":"<p><a href=\"https:\/\/wp.ufpel.edu.br\/clmd\/files\/2024\/09\/titulo.png\"><img class=\"aligncenter wp-image-2290 size-full\" src=\"https:\/\/wp.ufpel.edu.br\/clmd\/files\/2024\/09\/titulo.png\" alt=\"\" width=\"452\" height=\"98\" srcset=\"https:\/\/wp.ufpel.edu.br\/clmd\/files\/2024\/09\/titulo.png 452w, https:\/\/wp.ufpel.edu.br\/clmd\/files\/2024\/09\/titulo-400x87.png 400w\" sizes=\"(max-width: 452px) 100vw, 452px\" \/><\/a><\/p>\n<h2><span style=\"color: #800080; background-color: #00ccff;\"><span style=\"background-color: #00ffff;\">\u00a0 \u00a0Declara\u00e7\u00e3o INEP de regularidade\u00a0 \u00a0 \u00a0 \u00a0 \u00a0 \u00a0 \u00a0 \u00a0 \u00a0 \u00a0 \u00a0 \u00a0 \u00a0 \u00a0 \u00a0 \u00a0 \u00a0 \u00a0 \u00a0 \u00a0 \u00a0 \u00a0 \u00a0\u00a0<\/span><\/span><\/h2>\n<p>O INEP divulgou no in\u00edcio de janeiro\/2025, a rela\u00e7\u00e3o dos alunos REGULARES no ENADE 2024, ou seja, aqueles que realizaram todas as etapas do exame e est\u00e3o liberados para cola\u00e7\u00e3o de grau ao integralizarem o curso.<\/p>\n<p style=\"text-align: center;\"><a href=\"https:\/\/wp.ufpel.edu.br\/clmd\/files\/2025\/01\/Matematica-EaD-Enade-2024-Relatorio-de-regularidade-14.pdf\"><span style=\"color: #0000ff;\">Acesse aqui o relat\u00f3rio de regularidade <\/span><\/a><\/p>\n<p>&nbsp;<\/p>\n<h2><span style=\"color: #800080; background-color: #00ccff;\"><span style=\"background-color: #00ffff;\">\u00a0 \u00a0Dia da Prova Te\u00f3rica: 24\/11\u00a0 \u00a0 \u00a0 \u00a0 \u00a0 \u00a0 \u00a0 \u00a0 \u00a0 \u00a0 \u00a0 \u00a0 \u00a0 \u00a0 \u00a0 \u00a0 \u00a0 \u00a0 \u00a0 \u00a0 \u00a0 \u00a0 \u00a0 \u00a0 \u00a0 \u00a0 \u00a0 \u00a0 \u00a0\u00a0<\/span><\/span><\/h2>\n<p>A semana foi marcada pelas \u00faltimas orienta\u00e7\u00f5es e entrega de kits para o dia da prova:<\/p>\n<p><span style=\"color: #0000ff;\"><a style=\"color: #0000ff;\" href=\"https:\/\/wp.ufpel.edu.br\/clmd\/2024\/11\/24\/dia-de-prova-do-enade\/\">Disponibilizamos aqui o registro com fotos.<\/a><\/span><\/p>\n<h2><span style=\"color: #800080; background-color: #00ccff;\"><span style=\"background-color: #00ffff;\">\u00a0 \u00a0 \u00a0Acesse:\u00a0 \u00a0 \u00a0 \u00a0 \u00a0 \u00a0 \u00a0 \u00a0 \u00a0 \u00a0 \u00a0 \u00a0 \u00a0 \u00a0 \u00a0 \u00a0 \u00a0 \u00a0 \u00a0 \u00a0 \u00a0 \u00a0 \u00a0 \u00a0 \u00a0 \u00a0 \u00a0 \u00a0 \u00a0 \u00a0 \u00a0 \u00a0 \u00a0 \u00a0 \u00a0 \u00a0 \u00a0 \u00a0 \u00a0 \u00a0 \u00a0 \u00a0 \u00a0 \u00a0 \u00a0 \u00a0 \u00a0 \u00a0<\/span><\/span><\/h2>\n<table style=\"width: 100%; border-collapse: collapse; border-color: #ffffff; background-color: #fffff;\" border=\"1\">\n<tbody>\n<tr style=\"height: 234px;\">\n<td style=\"width: 33.3333%; border-color: #f0f0f0; background-color: #f0f0f0; height: 234px;\"><a href=\"https:\/\/enade.inep.gov.br\/enade\/#!\/index\"><img class=\"size-full wp-image-2244 alignnone\" src=\"https:\/\/wp.ufpel.edu.br\/clmd\/files\/2024\/08\/card-sistema.png\" alt=\"\" width=\"270\" height=\"192\" \/><\/a><\/td>\n<td style=\"width: 33.3333%; border-color: #f0f0f0; background-color: #f0f0f0; height: 234px;\"><a href=\"https:\/\/wp.ufpel.edu.br\/clmd\/files\/2024\/08\/Edital-Enade-2024-INEP.pdf\"><img class=\"size-full wp-image-2237 aligncenter\" src=\"https:\/\/wp.ufpel.edu.br\/clmd\/files\/2024\/08\/card-edital.png\" alt=\"\" width=\"265\" height=\"186\" \/><\/a><\/td>\n<td style=\"width: 33.3333%; border-color: #f0f0f0; background-color: #f0f0f0; height: 234px;\"><a href=\"https:\/\/drive.google.com\/drive\/folders\/16BwQu9FPjt4iG4wSLpQIha4Rd6cuPPIc?usp=sharing\"><img class=\"aligncenter size-full wp-image-2293\" src=\"https:\/\/wp.ufpel.edu.br\/clmd\/files\/2024\/09\/card-PROVA.png\" alt=\"\" width=\"269\" height=\"190\" \/><\/a><\/td>\n<\/tr>\n<tr style=\"height: 24px;\">\n<td style=\"width: 33.3333%; border-color: #f0f0f0; background-color: #f0f0f0; height: 24px;\"><a href=\"https:\/\/wp.ufpel.edu.br\/clmd\/files\/2024\/10\/questionario_avaliacao_pratica_do_estudante.pdf\"><img class=\"size-full wp-image-2372 alignleft\" src=\"https:\/\/wp.ufpel.edu.br\/clmd\/files\/2024\/10\/card-PROVA-PRATICA.png\" alt=\"\" width=\"269\" height=\"190\" \/><\/a><\/td>\n<td style=\"width: 33.3333%; border-color: #f0f0f0; background-color: #f0f0f0; height: 24px;\"><a href=\"https:\/\/wp.ufpel.edu.br\/clmd\/files\/2024\/10\/instrumento_de_avaliacao_supervisor.pdf\"><img class=\"aligncenter size-full wp-image-2378\" src=\"https:\/\/wp.ufpel.edu.br\/clmd\/files\/2024\/10\/card-supervisor.png\" alt=\"\" width=\"269\" height=\"190\" \/><\/a><\/td>\n<td style=\"width: 33.3333%; border-color: #f0f0f0; background-color: #f0f0f0; height: 24px;\"><a href=\"https:\/\/wp.ufpel.edu.br\/clmd\/files\/2024\/10\/questionario_avaliacao_pratica_orientador.pdf\"><img class=\"aligncenter size-full wp-image-2422\" src=\"https:\/\/wp.ufpel.edu.br\/clmd\/files\/2024\/10\/card-orientador.png\" alt=\"\" width=\"269\" height=\"190\" \/><\/a><\/td>\n<\/tr>\n<tr style=\"height: 24px;\">\n<td style=\"width: 33.3333%; border-color: #f0f0f0; background-color: #f0f0f0; height: 24px;\"><a href=\"https:\/\/docs.google.com\/document\/d\/1kWJGe_dZKYLXQ-mBxC00cqVP-OLCMkEI\/edit?usp=sharing&amp;ouid=116446056455298852569&amp;rtpof=true&amp;sd=true\"><img class=\"size-full wp-image-2425 alignnone\" src=\"https:\/\/wp.ufpel.edu.br\/clmd\/files\/2024\/10\/card-inscritos.png\" alt=\"\" width=\"269\" height=\"190\" \/><\/a><\/td>\n<td style=\"width: 33.3333%; border-color: #f0f0f0; background-color: #f0f0f0; height: 24px;\"><a href=\"https:\/\/wp.ufpel.edu.br\/clmd\/files\/2024\/10\/CRONOGRAMA-CADASTROS-AV-PRATICA.png\"><img class=\"size-full wp-image-2428 aligncenter\" src=\"https:\/\/wp.ufpel.edu.br\/clmd\/files\/2024\/10\/card-cronograma-pratica.png\" alt=\"\" width=\"269\" height=\"190\" \/><\/a><\/td>\n<td style=\"width: 33.3333%; border-color: #f0f0f0; background-color: #f0f0f0; height: 24px; text-align: center;\"><a href=\"https:\/\/wp.ufpel.edu.br\/clmd\/files\/2024\/11\/Matematica-EaD-Enade-2024-Relatorio-de-locais-de-prova-14.pdf\"><img class=\"aligncenter size-full wp-image-2522\" src=\"https:\/\/wp.ufpel.edu.br\/clmd\/files\/2024\/11\/card-local-de-prova-4.png\" alt=\"\" width=\"269\" height=\"190\" \/><\/a><\/td>\n<\/tr>\n<\/tbody>\n<\/table>\n<h2><span style=\"color: #800080;\">Orienta\u00e7\u00f5es e avisos:<\/span><\/h2>\n<h2><span style=\"color: #800080; background-color: #99ccff;\">\u00a0 \u00a0 \u00a0 \u00a0 \u00a0 \u00a0 \u00a0 \u00a0Altera\u00e7\u00e3o de Datas da Avalia\u00e7\u00e3o Pr\u00e1tica:\u00a0 \u00a0 \u00a0 \u00a0 \u00a0 \u00a0 \u00a0 \u00a0 \u00a0 \u00a0 \u00a0 \u00a0 \u00a0 \u00a0 \u00a0 \u00a0 \u00a0 \u00a0 \u00a0 \u00a0 \u00a0 \u00a0 \u00a0 \u00a0<\/span><\/h2>\n<p><a href=\"https:\/\/wp.ufpel.edu.br\/clmd\/files\/2024\/11\/Captura-de-tela-2024-11-21-000903.png\"><img class=\"aligncenter wp-image-2525 size-full\" src=\"https:\/\/wp.ufpel.edu.br\/clmd\/files\/2024\/11\/Captura-de-tela-2024-11-21-000903.png\" alt=\"\" width=\"912\" height=\"314\" srcset=\"https:\/\/wp.ufpel.edu.br\/clmd\/files\/2024\/11\/Captura-de-tela-2024-11-21-000903.png 912w, https:\/\/wp.ufpel.edu.br\/clmd\/files\/2024\/11\/Captura-de-tela-2024-11-21-000903-400x138.png 400w, https:\/\/wp.ufpel.edu.br\/clmd\/files\/2024\/11\/Captura-de-tela-2024-11-21-000903-768x264.png 768w\" sizes=\"(max-width: 912px) 100vw, 912px\" \/><\/a><\/p>\n<p><span style=\"font-size: 12pt;\"><strong>Abrir demanda sobre erros no sistema:<\/strong> Qualquer problema\/erro no sistema Enade, registrar demanda ao INEP.\u00a0Sempre anexar telas do sistema Enade, que contemplem a data e hor\u00e1rio (em tela) dos erros\/problemas.<\/span><\/p>\n<p><span style=\"font-size: 12pt;\">Demandas Fale Conosco INEP:\u00a0<span style=\"color: #0000ff;\"><a style=\"color: #0000ff;\" href=\"https:\/\/mecsp.metasix.solutions\/portal\">https:\/\/mecsp.metasix.solutions\/portal<\/a><\/span><\/span><\/p>\n<p>&#8212;&#8212;&#8212;&#8212;&#8212;&#8212;&#8212;&#8212;&#8212;&#8212;&#8212;&#8212;&#8212;&#8212;&#8212;&#8212;&#8212;&#8212;&#8212;&#8212;&#8212;&#8212;&#8212;&#8212;&#8212;&#8212;&#8212;&#8212;&#8212;&#8212;&#8212;&#8212;&#8212;&#8212;&#8211;<\/p>\n<p style=\"text-align: center;\"><a href=\"https:\/\/wp.ufpel.edu.br\/clmd\/files\/2024\/11\/card-LOCAL-DE-PROVA-2.png\"><img class=\"aligncenter wp-image-2509 size-full\" src=\"https:\/\/wp.ufpel.edu.br\/clmd\/files\/2024\/11\/card-LOCAL-DE-PROVA-2.png\" alt=\"\" width=\"836\" height=\"218\" srcset=\"https:\/\/wp.ufpel.edu.br\/clmd\/files\/2024\/11\/card-LOCAL-DE-PROVA-2.png 836w, https:\/\/wp.ufpel.edu.br\/clmd\/files\/2024\/11\/card-LOCAL-DE-PROVA-2-400x104.png 400w, https:\/\/wp.ufpel.edu.br\/clmd\/files\/2024\/11\/card-LOCAL-DE-PROVA-2-768x200.png 768w\" sizes=\"(max-width: 836px) 100vw, 836px\" \/><\/a><\/p>\n<h2>Orienta\u00e7\u00f5es para impress\u00e3o do cart\u00e3o:<\/h2>\n<ul>\n<li><span style=\"font-size: 14pt;\">No site do ENADE, ir em <strong>Local de Prova<\/strong>.<\/span><\/li>\n<li><span style=\"font-size: 14pt;\">Abrir\u00e1 o Cart\u00e3o de Confirma\u00e7\u00e3o de Inscri\u00e7\u00e3o.<\/span><\/li>\n<li><span style=\"font-size: 14pt;\">No final da p\u00e1gina, ter\u00e1 a op\u00e7\u00e3o <strong>Imprimir<\/strong>.<\/span><\/li>\n<li><span style=\"font-size: 14pt;\"><strong>Salvar<\/strong> como PDF.<\/span><\/li>\n<\/ul>\n<p>&#8212;&#8212;&#8212;&#8212;&#8212;&#8212;&#8212;&#8212;&#8212;&#8212;&#8212;&#8212;&#8212;&#8212;&#8212;&#8212;&#8212;&#8212;&#8212;&#8212;&#8212;&#8212;&#8212;&#8212;&#8212;&#8212;&#8212;&#8212;&#8212;&#8212;&#8212;&#8212;&#8212;&#8212;&#8212;&#8212;&#8212;&#8212;&#8211;<\/p>\n<h3><span style=\"color: #800080;\">Reuni\u00e3o de orienta\u00e7\u00e3o sobre Avalia\u00e7\u00e3o pr\u00e1tica do ENADE<\/span><\/h3>\n<p><a href=\"https:\/\/wp.ufpel.edu.br\/clmd\/files\/2024\/10\/REUNIAO-AVALIACAO-PRATICA.png\"><img class=\"aligncenter wp-image-2396\" src=\"https:\/\/wp.ufpel.edu.br\/clmd\/files\/2024\/10\/REUNIAO-AVALIACAO-PRATICA-400x400.png\" alt=\"\" width=\"300\" height=\"300\" srcset=\"https:\/\/wp.ufpel.edu.br\/clmd\/files\/2024\/10\/REUNIAO-AVALIACAO-PRATICA-400x400.png 400w, https:\/\/wp.ufpel.edu.br\/clmd\/files\/2024\/10\/REUNIAO-AVALIACAO-PRATICA-1024x1024.png 1024w, https:\/\/wp.ufpel.edu.br\/clmd\/files\/2024\/10\/REUNIAO-AVALIACAO-PRATICA-200x200.png 200w, https:\/\/wp.ufpel.edu.br\/clmd\/files\/2024\/10\/REUNIAO-AVALIACAO-PRATICA-768x768.png 768w, https:\/\/wp.ufpel.edu.br\/clmd\/files\/2024\/10\/REUNIAO-AVALIACAO-PRATICA.png 1080w\" sizes=\"(max-width: 300px) 100vw, 300px\" \/><\/a><\/p>\n<p><span style=\"font-size: 12pt;\">Divulgue o link da reuni\u00e3o para o professor supervisor da escola onde voc\u00ea est\u00e1 realizando seu est\u00e1gio, se ele tiver d\u00favidas sobre o acesso ao sistema do ENADE para realizar sua avalia\u00e7\u00e3o da p\u00b4r\u00e1tica.<\/span><\/p>\n<p><span style=\"font-size: 12pt;\">Link para participar da reuni\u00e3o:\u00a0<span style=\"color: #0000ff;\"><a style=\"color: #0000ff;\" href=\"https:\/\/webconf.ufpel.edu.br\/b\/luc-ys8-txl-d6k\">https:\/\/webconf.ufpel.edu.br\/b\/luc-ys8-txl-d6k<\/a><\/span><\/span><\/p>\n<p><span style=\"font-size: 12pt;\">Grava\u00e7\u00e3o:\u00a0 <span style=\"color: #0000ff;\"><a style=\"color: #0000ff;\" href=\"https:\/\/bbbadm-balancer.ufpel.edu.br\/playback\/presentation\/2.3\/d49eb186802aca0f7d130b4ec8cbc72848d95fbd-1729360002293\">Reuni\u00e3o do dia 19\/10\/2024<\/a><\/span><\/span><\/p>\n<p><span style=\"font-size: 12pt;\">Apresenta\u00e7\u00e3o: <span style=\"color: #0000ff;\"><a style=\"color: #0000ff;\" href=\"https:\/\/wp.ufpel.edu.br\/clmd\/files\/2024\/10\/AVALIACAO-DA-PRATICA.pdf\">SLIDES SOBRE AVALIA\u00c7\u00c3O DA PRATICA<\/a><\/span><\/span><\/p>\n<p><span style=\"font-size: 12pt;\"><strong>Abrir demanda sobre erros no sistema:<\/strong> Qualquer problema\/erro no sistema Enade, registrar demanda ao INEP.\u00a0Sempre anexar telas do sistema Enade, que contemplem a data e hor\u00e1rio (em tela) dos erros\/problemas.<\/span><\/p>\n<p><span style=\"font-size: 12pt;\">Demandas Fale Conosco INEP:\u00a0<span style=\"color: #0000ff;\"><a style=\"color: #0000ff;\" href=\"https:\/\/mecsp.metasix.solutions\/portal\">https:\/\/mecsp.metasix.solutions\/portal<\/a><\/span><\/span><\/p>\n<p><span style=\"font-size: 12pt;\">Pedidos de Informa\u00e7\u00e3o Fala BR\u00a0 INEP:<\/span><\/p>\n<p><span style=\"color: #0000ff; font-size: 12pt;\"><a style=\"color: #0000ff;\" href=\"https:\/\/falabr.cgu.gov.br\/web\/login?tipo=8&amp;redirect=\/manifestacao\/criar?tipo=8\">https:\/\/falabr.cgu.gov.br\/web\/login?tipo=8&amp;redirect=\/manifestacao\/criar?tipo=8<\/a><\/span><\/p>\n<p><a href=\"https:\/\/wp.ufpel.edu.br\/clmd\/files\/2024\/10\/card-PROVA-PRATICA-1.png\"><img class=\"aligncenter wp-image-2436\" src=\"https:\/\/wp.ufpel.edu.br\/clmd\/files\/2024\/10\/card-PROVA-PRATICA-1.png\" alt=\"\" width=\"636\" height=\"156\" srcset=\"https:\/\/wp.ufpel.edu.br\/clmd\/files\/2024\/10\/card-PROVA-PRATICA-1.png 836w, https:\/\/wp.ufpel.edu.br\/clmd\/files\/2024\/10\/card-PROVA-PRATICA-1-400x98.png 400w, https:\/\/wp.ufpel.edu.br\/clmd\/files\/2024\/10\/card-PROVA-PRATICA-1-768x188.png 768w\" sizes=\"(max-width: 636px) 100vw, 636px\" \/><\/a><\/p>\n<p style=\"text-align: justify;\"><span style=\"font-size: 12pt;\">Enquanto isso, leia as orienta\u00e7\u00f5es no Manual da Prova Pr\u00e1tica, disponibilizado nos materiais acima. Encaminhem tamb\u00e9m para o seu supervisor de est\u00e1gio na escola, o Manual do Supervisor e o convite para participarem da Live promovida pela UFPEL, cujo convite segue abaixo.<\/span><\/p>\n<p>&#8212;&#8212;&#8212;&#8212;&#8212;&#8212;&#8212;&#8212;&#8212;&#8212;&#8212;&#8212;&#8212;&#8212;&#8212;&#8212;&#8212;&#8212;&#8212;&#8212;&#8212;&#8212;&#8212;&#8212;&#8212;&#8212;&#8212;&#8212;&#8212;&#8212;&#8212;&#8212;&#8212;&#8212;&#8212;&#8212;&#8212;&#8212;-<\/p>\n<h3><span style=\"color: #800080;\">Live sobre Avalia\u00e7\u00e3o pr\u00e1tica do ENADE Licenciaturas<\/span><\/h3>\n<p><span style=\"font-size: 14pt;\">\u00a0 <span style=\"font-size: 12pt;\">Dia <strong>08\/10 &#8211; 9h<\/strong> &#8211; pelo canal do YouTube da UFPEL.<\/span><\/span><\/p>\n<p><span style=\"font-size: 12pt;\">\u00a0O objetivo \u00e9 explicar as etapas da avalia\u00e7\u00e3o pr\u00e1tica que envolve estudantes em est\u00e1gio das licenciaturas, supervisores de est\u00e1gio (professores\/as) das redes de ensino e orientadores\/as de est\u00e1gio (professores\/as das Institui\u00e7\u00f5es de Ensino).<\/span><\/p>\n<p><span style=\"font-size: 14pt;\"><a href=\"https:\/\/wp.ufpel.edu.br\/clmd\/files\/2024\/10\/Live-ENADEUFPEL.png\"><img class=\"aligncenter wp-image-2377\" src=\"https:\/\/wp.ufpel.edu.br\/clmd\/files\/2024\/10\/Live-ENADEUFPEL-400x225.png\" alt=\"\" width=\"400\" height=\"225\" srcset=\"https:\/\/wp.ufpel.edu.br\/clmd\/files\/2024\/10\/Live-ENADEUFPEL-400x225.png 400w, https:\/\/wp.ufpel.edu.br\/clmd\/files\/2024\/10\/Live-ENADEUFPEL-1024x576.png 1024w, https:\/\/wp.ufpel.edu.br\/clmd\/files\/2024\/10\/Live-ENADEUFPEL-768x432.png 768w, https:\/\/wp.ufpel.edu.br\/clmd\/files\/2024\/10\/Live-ENADEUFPEL.png 1280w\" sizes=\"(max-width: 400px) 100vw, 400px\" \/><\/a>\u00a0<\/span><\/p>\n<p>&#8212;&#8212;&#8212;&#8212;&#8212;&#8212;&#8212;&#8212;&#8212;&#8212;&#8212;&#8212;&#8212;&#8212;&#8212;&#8212;&#8212;&#8212;&#8212;&#8212;&#8212;&#8212;&#8212;&#8212;&#8212;&#8212;&#8212;&#8212;&#8212;&#8212;&#8212;&#8212;&#8212;&#8212;&#8212;&#8212;&#8212;&#8212;&#8211;<\/p>\n<p><a href=\"https:\/\/wp.ufpel.edu.br\/clmd\/files\/2024\/09\/DADOS-ESTAGIO.png\"><img class=\"aligncenter wp-image-2310\" src=\"https:\/\/wp.ufpel.edu.br\/clmd\/files\/2024\/09\/DADOS-ESTAGIO-400x81.png\" alt=\"\" width=\"600\" height=\"121\" srcset=\"https:\/\/wp.ufpel.edu.br\/clmd\/files\/2024\/09\/DADOS-ESTAGIO-400x81.png 400w, https:\/\/wp.ufpel.edu.br\/clmd\/files\/2024\/09\/DADOS-ESTAGIO-768x155.png 768w, https:\/\/wp.ufpel.edu.br\/clmd\/files\/2024\/09\/DADOS-ESTAGIO.png 794w\" sizes=\"(max-width: 600px) 100vw, 600px\" \/><\/a><\/p>\n<p>Prazo alterado para <strong>23\/setembro.<\/strong><\/p>\n<p>Preencham os dados no formul\u00e1rio dispon\u00edvel em:<\/p>\n<p style=\"text-align: center;\"><a href=\"https:\/\/forms.gle\/LV3AkMpHyaXKNSKq6\"><span style=\"color: #0000ff;\">https:\/\/forms.gle\/LV3AkMpHyaXKNSKq6<\/span><\/a><span style=\"color: #0000ff;\">\u00a0<\/span><\/p>\n<p>&#8212;&#8212;&#8212;&#8212;&#8212;&#8212;&#8212;&#8212;&#8212;&#8212;&#8212;&#8212;&#8212;&#8212;&#8212;&#8212;&#8212;&#8212;&#8212;&#8212;&#8212;&#8212;&#8212;&#8212;&#8212;&#8212;&#8212;&#8212;&#8212;&#8212;&#8212;&#8212;&#8212;&#8212;&#8212;&#8212;&#8212;&#8212;&#8212;&#8212;<\/p>\n<p><a href=\"https:\/\/wp.ufpel.edu.br\/clmd\/files\/2024\/09\/02_09_PREENCHIMENTO-CADASTRO.png\"><img class=\"aligncenter wp-image-2291\" src=\"https:\/\/wp.ufpel.edu.br\/clmd\/files\/2024\/09\/02_09_PREENCHIMENTO-CADASTRO.png\" alt=\"\" width=\"600\" height=\"147\" srcset=\"https:\/\/wp.ufpel.edu.br\/clmd\/files\/2024\/09\/02_09_PREENCHIMENTO-CADASTRO.png 836w, https:\/\/wp.ufpel.edu.br\/clmd\/files\/2024\/09\/02_09_PREENCHIMENTO-CADASTRO-400x98.png 400w, https:\/\/wp.ufpel.edu.br\/clmd\/files\/2024\/09\/02_09_PREENCHIMENTO-CADASTRO-768x188.png 768w\" sizes=\"(max-width: 600px) 100vw, 600px\" \/><\/a><\/p>\n<p>&#8212;&#8212;&#8212;&#8212;&#8212;&#8212;&#8212;&#8212;&#8212;&#8212;&#8212;&#8212;&#8212;&#8212;&#8212;&#8212;&#8212;&#8212;&#8212;&#8212;&#8212;&#8212;&#8212;&#8212;&#8212;&#8212;&#8212;&#8212;&#8212;&#8212;&#8212;&#8212;&#8212;&#8212;&#8212;&#8212;&#8212;&#8212;&#8212;&#8212;-<\/p>\n<p><a href=\"https:\/\/wp.ufpel.edu.br\/clmd\/files\/2024\/08\/31_08_PRAZO_TROCA_CIDADE.png\"><img class=\"aligncenter wp-image-2285\" src=\"https:\/\/wp.ufpel.edu.br\/clmd\/files\/2024\/08\/31_08_PRAZO_TROCA_CIDADE.png\" alt=\"\" width=\"600\" height=\"121\" srcset=\"https:\/\/wp.ufpel.edu.br\/clmd\/files\/2024\/08\/31_08_PRAZO_TROCA_CIDADE.png 794w, https:\/\/wp.ufpel.edu.br\/clmd\/files\/2024\/08\/31_08_PRAZO_TROCA_CIDADE-400x81.png 400w, https:\/\/wp.ufpel.edu.br\/clmd\/files\/2024\/08\/31_08_PRAZO_TROCA_CIDADE-768x155.png 768w\" sizes=\"(max-width: 600px) 100vw, 600px\" \/><\/a><\/p>\n<p>Todos os inscritos realizar\u00e3o a prova no munic\u00edpio do polo onde est\u00e3o matriculados. Se desejarem realizar a prova em outro munic\u00edpio, enviem a solicita\u00e7\u00e3o\u00a0 para a Coordena\u00e7\u00e3o do Curso, atrav\u00e9s do e-mail <span style=\"color: #0000ff;\"><strong>clmd@ufpel.edu.br<\/strong><\/span>, Indiquem o munic\u00edpio, que buscaremos identificar dentro das possibilidades que o sistema ENADE oferece para realiza\u00e7\u00e3o das provas.<\/p>\n<p>&nbsp;<\/p>\n<p><a href=\"https:\/\/enade.inep.gov.br\/enade\/\"> <img class=\"aligncenter wp-image-2235 size-large\" src=\"https:\/\/wp.ufpel.edu.br\/clmd\/files\/2024\/08\/Cartaz_ENADE-2024_rev01_page-0001-724x1024.jpg\" alt=\"\" width=\"724\" height=\"1024\" srcset=\"https:\/\/wp.ufpel.edu.br\/clmd\/files\/2024\/08\/Cartaz_ENADE-2024_rev01_page-0001-724x1024.jpg 724w, https:\/\/wp.ufpel.edu.br\/clmd\/files\/2024\/08\/Cartaz_ENADE-2024_rev01_page-0001-283x400.jpg 283w, https:\/\/wp.ufpel.edu.br\/clmd\/files\/2024\/08\/Cartaz_ENADE-2024_rev01_page-0001-768x1086.jpg 768w, https:\/\/wp.ufpel.edu.br\/clmd\/files\/2024\/08\/Cartaz_ENADE-2024_rev01_page-0001-1086x1536.jpg 1086w, https:\/\/wp.ufpel.edu.br\/clmd\/files\/2024\/08\/Cartaz_ENADE-2024_rev01_page-0001-1448x2048.jpg 1448w, https:\/\/wp.ufpel.edu.br\/clmd\/files\/2024\/08\/Cartaz_ENADE-2024_rev01_page-0001.jpg 1754w\" sizes=\"(max-width: 724px) 100vw, 724px\" \/><\/a><\/p>\n<p><a href=\"https:\/\/wp.ufpel.edu.br\/clmd\/files\/2024\/08\/Cartaz_ENADE-2024_rev01_page-0002.jpg\"><img class=\"aligncenter wp-image-2236 size-large\" src=\"https:\/\/wp.ufpel.edu.br\/clmd\/files\/2024\/08\/Cartaz_ENADE-2024_rev01_page-0002-724x1024.jpg\" alt=\"\" width=\"724\" height=\"1024\" srcset=\"https:\/\/wp.ufpel.edu.br\/clmd\/files\/2024\/08\/Cartaz_ENADE-2024_rev01_page-0002-724x1024.jpg 724w, https:\/\/wp.ufpel.edu.br\/clmd\/files\/2024\/08\/Cartaz_ENADE-2024_rev01_page-0002-283x400.jpg 283w, https:\/\/wp.ufpel.edu.br\/clmd\/files\/2024\/08\/Cartaz_ENADE-2024_rev01_page-0002-768x1086.jpg 768w, https:\/\/wp.ufpel.edu.br\/clmd\/files\/2024\/08\/Cartaz_ENADE-2024_rev01_page-0002-1086x1536.jpg 1086w, https:\/\/wp.ufpel.edu.br\/clmd\/files\/2024\/08\/Cartaz_ENADE-2024_rev01_page-0002-1448x2048.jpg 1448w, https:\/\/wp.ufpel.edu.br\/clmd\/files\/2024\/08\/Cartaz_ENADE-2024_rev01_page-0002.jpg 1754w\" sizes=\"(max-width: 724px) 100vw, 724px\" \/><\/a><\/p>\n<h2><\/h2>\n","protected":false},"excerpt":{"rendered":"<p>\u00a0 \u00a0Declara\u00e7\u00e3o INEP de regularidade\u00a0 \u00a0 \u00a0 \u00a0 \u00a0 \u00a0 \u00a0 \u00a0 \u00a0 \u00a0 \u00a0 \u00a0 \u00a0 \u00a0 \u00a0 \u00a0 \u00a0 \u00a0 \u00a0 \u00a0 \u00a0 \u00a0 \u00a0\u00a0 O INEP divulgou no in\u00edcio de janeiro\/2025, a rela\u00e7\u00e3o dos alunos REGULARES no ENADE 2024, ou seja, aqueles que realizaram todas as etapas do exame e est\u00e3o liberados [&hellip;]<\/p>\n","protected":false},"author":710,"featured_media":0,"parent":2298,"menu_order":0,"comment_status":"closed","ping_status":"closed","template":"","meta":{"footnotes":""},"class_list":["post-2904","page","type-page","status-publish","hentry"],"_links":{"self":[{"href":"https:\/\/wp.ufpel.edu.br\/clmd\/wp-json\/wp\/v2\/pages\/2904","targetHints":{"allow":["GET"]}}],"collection":[{"href":"https:\/\/wp.ufpel.edu.br\/clmd\/wp-json\/wp\/v2\/pages"}],"about":[{"href":"https:\/\/wp.ufpel.edu.br\/clmd\/wp-json\/wp\/v2\/types\/page"}],"author":[{"embeddable":true,"href":"https:\/\/wp.ufpel.edu.br\/clmd\/wp-json\/wp\/v2\/users\/710"}],"replies":[{"embeddable":true,"href":"https:\/\/wp.ufpel.edu.br\/clmd\/wp-json\/wp\/v2\/comments?post=2904"}],"version-history":[{"count":4,"href":"https:\/\/wp.ufpel.edu.br\/clmd\/wp-json\/wp\/v2\/pages\/2904\/revisions"}],"predecessor-version":[{"id":3100,"href":"https:\/\/wp.ufpel.edu.br\/clmd\/wp-json\/wp\/v2\/pages\/2904\/revisions\/3100"}],"up":[{"embeddable":true,"href":"https:\/\/wp.ufpel.edu.br\/clmd\/wp-json\/wp\/v2\/pages\/2298"}],"wp:attachment":[{"href":"https:\/\/wp.ufpel.edu.br\/clmd\/wp-json\/wp\/v2\/media?parent=2904"}],"curies":[{"name":"wp","href":"https:\/\/api.w.org\/{rel}","templated":true}]}}