{"id":2804,"date":"2025-03-29T21:43:26","date_gmt":"2025-03-30T00:43:26","guid":{"rendered":"https:\/\/wp.ufpel.edu.br\/clmd\/?page_id=2804"},"modified":"2026-01-13T19:04:16","modified_gmt":"2026-01-13T22:04:16","slug":"equipe-que-ja-atuou-no-clmd","status":"publish","type":"page","link":"https:\/\/wp.ufpel.edu.br\/clmd\/equipe-docente\/equipe-que-ja-atuou-no-clmd\/","title":{"rendered":"Professores e tutores do CLMD"},"content":{"rendered":"<p style=\"text-align: center;\">Equipe que atua ou atuou no CLMD (registros a partir de 2020)<\/p>\n<p>&nbsp;<\/p>\n<table style=\"border-collapse: collapse; width: 100%;\" border=\"1\">\n<tbody>\n<tr style=\"height: 24px;\">\n<td style=\"width: 100%; border-color: #5795f2; background-color: #5795f2; text-align: center; height: 24px;\" colspan=\"2\"><span style=\"color: #000080;\"><strong>PROFESSORES FORMADORES<\/strong><\/span><\/td>\n<\/tr>\n<tr style=\"height: 400px;\">\n<td style=\"width: 50%; border-color: #dfe4f5; background-color: #dfe4f5; height: 400px;\">\n<p><a href=\"http:\/\/lattes.cnpq.br\/0257799779736390\"><span style=\"color: #0000ff;\">Andr\u00e9 Luis Andrejew Ferreira<\/span> <\/a><\/p>\n<p><a style=\"font-size: 10pt; font-family: var(--fonte-corpo);\" href=\"http:\/\/lattes.cnpq.br\/3704006449718179\" target=\"_blank\" rel=\"noopener noreferrer\"><span style=\"color: #0000ff;\"><span style=\"font-size: 12pt;\">Ant\u00f4nio Maur\u00edcio Medeiros Alves<\/span><\/span><\/a><span style=\"font-size: 12pt;\">\u00a0 \u00a0 \u00a0 \u00a0 \u00a0 \u00a0 \u00a0\u00a0<\/span><\/p>\n<p><span style=\"font-size: 12pt;\"><span style=\"color: #0000ff;\"><a style=\"color: #0000ff;\" href=\"http:\/\/lattes.cnpq.br\/8589016214620796\" target=\"_blank\" rel=\"noopener\">Carla Denize Ott Felcher<\/a>\u00a0<\/span> \u00a0<\/span><\/p>\n<p style=\"text-align: left;\"><a style=\"color: #0000ff;\" href=\"http:\/\/lattes.cnpq.br\/2502674466938381\">Daiana San Martins Goulart<\/a><span style=\"font-family: inherit; font-size: inherit; color: var(--cor-texto);\">\u00a0<\/span><span style=\"font-family: inherit; font-size: inherit; color: var(--cor-texto);\">\u00a0<\/span><span style=\"font-size: 12pt; font-family: inherit; color: var(--cor-texto);\">\u00a0 \u00a0<\/span><\/p>\n<p><a href=\"http:\/\/lattes.cnpq.br\/1041847051002096\"><span style=\"color: #0000ff;\">Daniela Dalla Chiesa<\/span><\/a><\/p>\n<p><span style=\"font-size: 12pt;\"><span style=\"color: #0000ff;\"><a style=\"color: #0000ff;\" href=\"http:\/\/lattes.cnpq.br\/2807908317459445\" target=\"_blank\" rel=\"noopener\">Daniel Keglis de Souza<\/a>\u00a0<\/span>\u00a0 \u00a0 <\/span><span style=\"font-size: 12pt; font-family: inherit; color: var(--cor-texto);\">\u00a0 \u00a0 \u00a0 \u00a0 \u00a0 \u00a0 \u00a0 \u00a0 \u00a0 \u00a0 \u00a0 \u00a0 \u00a0 \u00a0 \u00a0 \u00a0 \u00a0 \u00a0 \u00a0<\/span><\/p>\n<p><span style=\"font-size: 12pt;\"><a href=\"http:\/\/lattes.cnpq.br\/3773378900956841\" target=\"_blank\" rel=\"noopener noreferrer\"><span style=\"color: #0000ff;\">Fabiane Valente Harter<\/span><\/a>\u00a0 \u00a0 \u00a0 \u00a0 \u00a0<\/span><\/p>\n<p><a href=\"https:\/\/institucional.ufpel.edu.br\/servidores\/id\/132327\"><span style=\"color: #0000ff;\">Felipe Fehlberg Herrmann<\/span><\/a><\/p>\n<p><a href=\"https:\/\/institucional.ufpel.edu.br\/servidores\/id\/149463\"><span style=\"font-size: 12pt; color: #0000ff;\">Fernando C\u00e9zar Ripe da Cruz<\/span><\/a><\/p>\n<p><a style=\"font-family: inherit; font-size: inherit;\" href=\"https:\/\/institucional.ufpel.edu.br\/servidores\/id\/21998\"><span style=\"color: #0000ff;\">Janice Nery<\/span><\/a><\/p>\n<p><a style=\"text-align: left;\" href=\"http:\/\/lattes.cnpq.br\/6089777347078052\" target=\"_blank\" rel=\"noopener noreferrer\"><span style=\"color: #0000ff;\">Jo\u00e3o Carlos Roedel Hirdes<\/span><\/a><\/p>\n<p><span style=\"color: #0000ff;\">Jo\u00e3o Francisco Staffa da Costa\u00a0<\/span><\/p>\n<p><span style=\"font-size: 12pt;\"><span style=\"color: #0000ff;\"><a style=\"color: #0000ff;\" href=\"http:\/\/lattes.cnpq.br\/9501188370221090\">Lauren Francine Irigoite Farias<\/a><\/span><\/span><\/td>\n<td style=\"width: 50%; border-color: #dfe4f5; background-color: #dfe4f5; height: 400px;\">\n<p><a style=\"color: #0000ff;\" href=\"http:\/\/lattes.cnpq.br\/2534457475282190\">Letiane Oliveira da Fonseca<\/a><\/p>\n<p><span style=\"color: #0000ff;\"><span style=\"font-size: 12pt; font-family: inherit;\"><a style=\"color: #0000ff;\" href=\"http:\/\/lattes.cnpq.br\/7677770304762946\">Luana Leal Alves<\/a><\/span><\/span><\/p>\n<p><span style=\"color: #0000ff;\"><span style=\"font-size: 12pt; font-family: inherit;\"><a style=\"color: #0000ff;\" href=\"http:\/\/lattes.cnpq.br\/6439874921445529\">Luiz Carlos Lemos Junior<\/a> <\/span><\/span><span style=\"font-family: inherit; font-size: 12pt; color: var(--cor-texto);\">\u00a0 \u00a0<\/span><span style=\"color: #0000ff; font-family: inherit; font-size: 12pt;\">\u00a0 \u00a0 \u00a0 \u00a0 \u00a0<\/span><\/p>\n<p><span style=\"color: #0000ff; font-size: 12pt; font-family: var(--fonte-corpo);\"><a style=\"color: #0000ff;\" href=\"http:\/\/lattes.cnpq.br\/6152406461446632\">Maria Simone Martins Hornes Batista<\/a>\u00a0<\/span><\/p>\n<p><a href=\"http:\/\/lattes.cnpq.br\/1347027941734097\" target=\"_blank\" rel=\"noopener\"><span style=\"color: #0000ff;\">Melissa de Souza Rabassa Colvara<\/span><\/a><\/p>\n<p><span style=\"color: #0000ff; font-size: 12pt; font-family: var(--fonte-corpo);\"><a href=\"https:\/\/institucional.ufpel.edu.br\/servidores\/id\/211061\" target=\"_blank\" rel=\"noopener\"><span style=\"color: #0000ff;\">Pedro Ant\u00f4nio Ourique<\/span><\/a>\u00a0 \u00a0 \u00a0 \u00a0 \u00a0 \u00a0 \u00a0 \u00a0 \u00a0 \u00a0 \u00a0 \u00a0\u00a0<\/span><\/p>\n<p><span style=\"color: #0000ff; font-size: 12pt; font-family: var(--fonte-corpo);\"><span style=\"color: #0000ff;\"><a href=\"http:\/\/lattes.cnpq.br\/0322912568970659\"><span style=\"color: #0000ff;\">Raquel Silva Silveira<\/span><\/a><\/span>\u00a0 \u00a0 \u00a0 \u00a0 \u00a0 \u00a0 \u00a0 \u00a0\u00a0<\/span><\/p>\n<p><span style=\"color: #0000ff;\"><span style=\"font-size: 12pt; font-family: var(--fonte-corpo);\"><a style=\"font-family: var(--fonte-corpo); color: #0000ff;\" href=\"http:\/\/lattes.cnpq.br\/1846451363055519\">Rejane Concei\u00e7\u00e3o Silveira da Silva<\/a><\/span><\/span><span style=\"color: #0000ff; font-size: 12pt; font-family: var(--fonte-corpo);\">\u00a0 \u00a0 \u00a0 \u00a0 \u00a0 \u00a0\u00a0<\/span><\/p>\n<p><span style=\"color: #0000ff; font-size: 12pt; font-family: var(--fonte-corpo);\"><span style=\"color: #0000ff;\"><a style=\"color: #0000ff;\" href=\"http:\/\/lattes.cnpq.br\/5955826856873676\">Rog\u00e9rio Sacramento Burkert<\/a><\/span>\u00a0 \u00a0 \u00a0 \u00a0 \u00a0 \u00a0 \u00a0 \u00a0 \u00a0 \u00a0<\/span><\/p>\n<p><a style=\"color: #0000ff;\" href=\"http:\/\/lattes.cnpq.br\/4433578915491616\" target=\"_blank\" rel=\"noopener noreferrer\">Rozane da Silveira Alves<\/a><span style=\"font-size: 12pt; font-family: var(--fonte-corpo);\">\u00a0<\/span><\/p>\n<p><a href=\"https:\/\/institucional.ufpel.edu.br\/servidores\/id\/193500\" target=\"_blank\" rel=\"noopener\"><span style=\"color: #0000ff;\">Sandro Faccin Bortolazzo<\/span><\/a><\/p>\n<p><a href=\"http:\/\/lattes.cnpq.br\/9625955594728655\"><span style=\"color: #0000ff;\">Suelen Martins Vasconcelos<\/span><\/a><\/p>\n<p><a style=\"font-size: 12pt; font-family: var(--fonte-corpo);\" href=\"http:\/\/lattes.cnpq.br\/5437896504110766\"><span style=\"color: #0000ff;\">Tha\u00eds Philipsen Gr\u00fctzmann<\/span><\/a><span style=\"font-family: var(--fonte-corpo); font-size: 12pt; color: var(--cor-texto);\">\u00a0 \u00a0 \u00a0 \u00a0 \u00a0 \u00a0 \u00a0 \u00a0 \u00a0 \u00a0 \u00a0 \u00a0 \u00a0 \u00a0 \u00a0 \u00a0 \u00a0 \u00a0 \u00a0 \u00a0<\/span><\/td>\n<\/tr>\n<\/tbody>\n<\/table>\n<p><span style=\"color: var(--cor-texto); font-family: var(--fonte-corpo); font-size: 12pt;\">\u00a0 \u00a0 \u00a0 \u00a0 \u00a0 \u00a0 \u00a0 \u00a0 \u00a0 \u00a0 \u00a0 \u00a0 \u00a0 \u00a0 \u00a0 \u00a0<\/span><span style=\"font-size: 12pt; color: var(--cor-texto); font-family: var(--fonte-corpo);\">\u00a0 \u00a0 \u00a0 \u00a0 \u00a0 \u00a0 \u00a0 \u00a0 \u00a0 \u00a0 \u00a0<\/span><\/p>\n<table style=\"border-collapse: collapse; width: 100%;\" border=\"1\">\n<tbody>\n<tr style=\"height: 24px;\">\n<td style=\"width: 100%; border-color: #5795f2; background-color: #5795f2; text-align: center; height: 24px;\" colspan=\"2\"><span style=\"color: #000080;\"><strong>PROFESSORES TUTORES<\/strong><\/span><\/td>\n<\/tr>\n<tr style=\"height: 24px;\">\n<td style=\"width: 52.0606%; border-color: #dfe4f5; background-color: #dfe4f5; text-align: center; height: 24px;\"><strong style=\"text-align: center;\"><span style=\"color: #000080;\">Atua\u00e7\u00e3o no Polo<\/span><\/strong><\/td>\n<td style=\"width: 47.9394%; border-color: #dfe4f5; background-color: #dfe4f5; text-align: left; padding-left: 80px; height: 24px;\"><strong style=\"text-align: center;\"><span style=\"color: #000080;\">Atua\u00e7\u00e3o na Sede<\/span><\/strong><\/td>\n<\/tr>\n<tr style=\"height: 745px;\">\n<td style=\"width: 52.0606%; border-color: #dfe4f5; background-color: #dfe4f5; height: 745px;\">\n<p><span style=\"color: #0000ff;\">Camila Ehlert Lindemann<\/span> &#8211; Cangu\u00e7u<\/p>\n<p><a href=\"http:\/\/lattes.cnpq.br\/6323338777782349\"><span style=\"color: #0000ff;\">Caroline Krumenauer Vieira<\/span><\/a>\u00a0&#8211; Santo Ant\u00f4nio da Patrulha<\/p>\n<p><span style=\"color: #0000ff;\">Evelyn dis Santos Catarina<\/span> &#8211; Gravata\u00ed<\/p>\n<p><span style=\"color: #0000ff;\">Gabrieli Luiz Gazen<\/span> &#8211; S\u00e3o Sep\u00e9<\/p>\n<p><span style=\"color: #0000ff;\"><a style=\"color: #0000ff;\" href=\"http:\/\/lattes.cnpq.br\/9804901154265745\" target=\"_blank\" rel=\"noopener\">Gabriel Souza Germann da Silva<\/a><\/span>\u00a0\u2013 Gravata\u00ed<\/p>\n<p><span style=\"color: #0000ff;\"><a style=\"color: #0000ff;\" href=\"http:\/\/lattes.cnpq.br\/1438918687063859\" target=\"_blank\" rel=\"noopener\">Graziela Dias Rodrigues<\/a><\/span>\u00a0\u2013 Tr\u00eas Passos<\/p>\n<p><a href=\"http:\/\/lattes.cnpq.br\/1820932431615467\"><span style=\"color: #0000ff;\">Ivonete Pereira Amador<\/span><\/a>\u00a0&#8211; Cachoeira do Sul<\/p>\n<p><span style=\"color: #0000ff;\"><a style=\"color: #0000ff;\" href=\"http:\/\/lattes.cnpq.br\/0269046142497965\" target=\"_blank\" rel=\"noopener\">Ivorene Pereira de Avila<\/a><\/span> \u2013 Santa Vit\u00f3ria do Palmar<\/p>\n<p><span style=\"color: #0000ff;\">Joselma Panta Dias Manica<\/span> &#8211; Sapucaia do Sul<\/p>\n<p><span style=\"color: #0000ff;\"><a style=\"color: #0000ff;\" href=\"http:\/\/lattes.cnpq.br\/8724050558961178\" target=\"_blank\" rel=\"noopener\">Jefersom Pedroso da Rosa<\/a><\/span>\u00a0\u2013 Santana da Boa Vista<\/p>\n<p><a href=\"http:\/\/lattes.cnpq.br\/2150932974961132\"><span style=\"color: #0000ff;\">Ingrid Luz Roman<\/span><\/a>\u00a0&#8211; Cruz Alta<\/p>\n<p><span style=\"color: #0000ff;\"><a style=\"color: #0000ff;\" href=\"http:\/\/lattes.cnpq.br\/7791843095774425\">Liziane Machado Machado<\/a><\/span>\u00a0&#8211; Sant&#8217;Ana do Livramento<\/p>\n<p><a href=\"http:\/\/lattes.cnpq.br\/5821396628146306\"><span style=\"color: #0000ff;\">Lovani Sperafico<\/span><\/a>\u00a0&#8211; Sobradinho<\/p>\n<p><span style=\"color: #0000ff;\">Luana Oliveira da Silva<\/span>\u00a0&#8211; Cangu\u00e7u<\/p>\n<p><span style=\"color: #0000ff;\"><a style=\"color: #0000ff;\" href=\"http:\/\/lattes.cnpq.br\/6469119145174871\" target=\"_blank\" rel=\"noopener\">Mara Gislaine A. R. Vasconcellos<\/a><\/span>\u00a0\u2013 Quara\u00ed<\/p>\n<p><span style=\"color: #0000ff;\"><a style=\"color: #0000ff;\" href=\"http:\/\/lattes.cnpq.br\/7672865002049590\">Mariannita Souza Fortes<\/a>\u00a0&#8211;\u00a0<span style=\"color: #000000;\">Arroio dos Ratos<\/span><\/span><\/p>\n<p><span style=\"color: #0000ff;\">Renata Cezar Pinto<\/span> &#8211; Cachoeira do Sul<\/p>\n<p><span style=\"color: #0000ff;\">Tamires Klug Schimmelpfennig<\/span> &#8211; S\u00e3o Louren\u00e7o do Sul<\/p>\n<p><span style=\"color: #000000;\"><span style=\"color: #0000ff;\"><a style=\"color: #0000ff;\" href=\"http:\/\/lattes.cnpq.br\/1432883177279125\" target=\"_blank\" rel=\"noopener\">Suziane Dias Almansa<\/a>\u00a0<\/span>\u2013 Agudo<\/span><\/p>\n<p><a href=\"http:\/\/lattes.cnpq.br\/4198948923071504\" target=\"_blank\" rel=\"noopener\"><span style=\"color: #0000ff;\">Val\u00e9ria Castro de Souza<\/span><\/a>\u00a0\u2013 Mostardas<\/td>\n<td style=\"width: 47.9394%; border-color: #dfe4f5; background-color: #dfe4f5; height: 745px;\">\n<p style=\"padding-left: 80px;\"><a href=\"http:\/\/lattes.cnpq.br\/2754254836243898\"><span style=\"color: #0000ff;\">C\u00e2ndila Beatriz Plamer<\/span><\/a><\/p>\n<p style=\"padding-left: 80px;\"><span style=\"color: #0000ff;\"><a style=\"color: #0000ff;\" href=\"http:\/\/lattes.cnpq.br\/6005029051390080\">Charlene Pimenta Porto Borges<\/a><\/span><\/p>\n<p style=\"padding-left: 80px;\"><span style=\"color: #0000ff;\"><a style=\"color: #0000ff;\" href=\"http:\/\/lattes.cnpq.br\/9215288099748987\">Denise Gomes Braatz<\/a><\/span><\/p>\n<p style=\"padding-left: 80px;\"><span style=\"color: #0000ff;\">Gl\u00e1ucia Celina Tarouco Piccolli<\/span><\/p>\n<p style=\"padding-left: 80px;\"><span style=\"color: #0000ff;\"><a style=\"color: #0000ff;\" href=\"http:\/\/lattes.cnpq.br\/1962306882012567\">Hassan Pereira Jalil<\/a><\/span><\/p>\n<p style=\"padding-left: 80px;\"><span style=\"color: #0000ff;\"><a style=\"color: #0000ff;\" href=\"http:\/\/lattes.cnpq.br\/5739215336313391\">Janaina Antonovick do Amarilho<\/a> <\/span><\/p>\n<p style=\"padding-left: 80px;\"><span style=\"color: #0000ff;\">Josiane Konradt<\/span><\/p>\n<p style=\"padding-left: 80px;\"><span style=\"color: #0000ff;\"><a style=\"color: #0000ff;\" href=\"http:\/\/lattes.cnpq.br\/0268668384307195\">Josiane Pereira De Moraes<\/a> <\/span><\/p>\n<p style=\"padding-left: 80px;\"><span style=\"color: #0000ff;\">Luciane Barbosa Goveia<\/span><\/p>\n<p style=\"padding-left: 80px;\"><span style=\"color: #0000ff;\">Marcos Roberto Fonseca Concei\u00e7\u00e3o<\/span><\/p>\n<p style=\"padding-left: 80px;\"><span style=\"color: #0000ff;\"><a style=\"color: #0000ff;\" href=\"http:\/\/lattes.cnpq.br\/3665159332376863\">Makele Ver\u00f4nica Heidt<\/a><\/span><\/p>\n<p style=\"padding-left: 80px;\"><span style=\"color: #0000ff;\"><a style=\"color: #0000ff;\" href=\"http:\/\/lattes.cnpq.br\/1347027941734097\">Melissa De Souza Rabassa Colvara<\/a> <\/span><\/p>\n<p style=\"padding-left: 80px;\"><span style=\"color: #0000ff;\">P\u00e2mela Renata Machado Ara\u00fajo<\/span><\/p>\n<p style=\"padding-left: 80px;\"><span style=\"color: #0000ff;\">Ricardo Rios Oliveira<\/span><\/p>\n<p style=\"padding-left: 80px;\"><span style=\"color: #0000ff;\">Rosana Dos Santos<\/span><\/p>\n<p style=\"padding-left: 80px;\"><span style=\"color: #0000ff;\"><a style=\"color: #0000ff;\" href=\"http:\/\/lattes.cnpq.br\/3850755390634332\">Simone Escouto da Rosa\u00a0<\/a><\/span><\/p>\n<p style=\"padding-left: 80px;\"><a href=\"http:\/\/lattes.cnpq.br\/5371343055108070\"><span style=\"color: #0000ff;\">Thais Gon\u00e7alves Saggiomo<\/span><\/a><\/p>\n<p style=\"padding-left: 80px;\"><a href=\"http:\/\/lattes.cnpq.br\/9392761628189072\"><span style=\"color: #0000ff;\">Thaise Thurow Schaun<\/span><\/a><\/p>\n<\/td>\n<\/tr>\n<\/tbody>\n<\/table>\n<p>&nbsp;<\/p>\n","protected":false},"excerpt":{"rendered":"<p>Equipe que atua ou atuou no CLMD (registros a partir de 2020) &nbsp; PROFESSORES FORMADORES Andr\u00e9 Luis Andrejew Ferreira Ant\u00f4nio Maur\u00edcio Medeiros Alves\u00a0 \u00a0 \u00a0 \u00a0 \u00a0 \u00a0 \u00a0\u00a0 Carla Denize Ott Felcher\u00a0 \u00a0 Daiana San Martins Goulart\u00a0\u00a0\u00a0 \u00a0 Daniela Dalla Chiesa Daniel Keglis de Souza\u00a0\u00a0 \u00a0 \u00a0 \u00a0 \u00a0 \u00a0 \u00a0 \u00a0 \u00a0 \u00a0 [&hellip;]<\/p>\n","protected":false},"author":710,"featured_media":0,"parent":58,"menu_order":0,"comment_status":"closed","ping_status":"closed","template":"","meta":{"footnotes":""},"class_list":["post-2804","page","type-page","status-publish","hentry"],"_links":{"self":[{"href":"https:\/\/wp.ufpel.edu.br\/clmd\/wp-json\/wp\/v2\/pages\/2804","targetHints":{"allow":["GET"]}}],"collection":[{"href":"https:\/\/wp.ufpel.edu.br\/clmd\/wp-json\/wp\/v2\/pages"}],"about":[{"href":"https:\/\/wp.ufpel.edu.br\/clmd\/wp-json\/wp\/v2\/types\/page"}],"author":[{"embeddable":true,"href":"https:\/\/wp.ufpel.edu.br\/clmd\/wp-json\/wp\/v2\/users\/710"}],"replies":[{"embeddable":true,"href":"https:\/\/wp.ufpel.edu.br\/clmd\/wp-json\/wp\/v2\/comments?post=2804"}],"version-history":[{"count":4,"href":"https:\/\/wp.ufpel.edu.br\/clmd\/wp-json\/wp\/v2\/pages\/2804\/revisions"}],"predecessor-version":[{"id":3482,"href":"https:\/\/wp.ufpel.edu.br\/clmd\/wp-json\/wp\/v2\/pages\/2804\/revisions\/3482"}],"up":[{"embeddable":true,"href":"https:\/\/wp.ufpel.edu.br\/clmd\/wp-json\/wp\/v2\/pages\/58"}],"wp:attachment":[{"href":"https:\/\/wp.ufpel.edu.br\/clmd\/wp-json\/wp\/v2\/media?parent=2804"}],"curies":[{"name":"wp","href":"https:\/\/api.w.org\/{rel}","templated":true}]}}