{"id":2797,"date":"2025-03-29T20:55:00","date_gmt":"2025-03-29T23:55:00","guid":{"rendered":"https:\/\/wp.ufpel.edu.br\/clmd\/?page_id=2797"},"modified":"2025-07-13T15:39:04","modified_gmt":"2025-07-13T18:39:04","slug":"editais-2025","status":"publish","type":"page","link":"https:\/\/wp.ufpel.edu.br\/clmd\/editais\/editais-2025\/","title":{"rendered":"Editais 2025"},"content":{"rendered":"<p style=\"text-align: left;\"><span style=\"font-size: 14pt; background-color: #33cccc;\"><strong>\u00a0 \u00a0 \u00a0 Para acessar as informa\u00e7\u00f5es e Resultados de cada sele\u00e7\u00e3o, clique na imagem<\/strong>.\u00a0 \u00a0 \u00a0<\/span><\/p>\n<p>&nbsp;<\/p>\n<p style=\"text-align: center;\"><span style=\"font-size: 14pt;\">Sele\u00e7\u00e3o para Tutor Presencial do Polo de Gravata\u00ed<\/span><\/p>\n<p style=\"text-align: center;\"><a href=\"https:\/\/wp.ufpel.edu.br\/clmd\/2025\/06\/16\/selecao-para-tutor-presencial-em-gravatai\/\"><img class=\"aligncenter wp-image-2981 size-medium\" src=\"https:\/\/wp.ufpel.edu.br\/clmd\/files\/2025\/06\/TUTOR-GRAVATAI-400x400.png\" alt=\"\" width=\"400\" height=\"400\" srcset=\"https:\/\/wp.ufpel.edu.br\/clmd\/files\/2025\/06\/TUTOR-GRAVATAI-400x400.png 400w, https:\/\/wp.ufpel.edu.br\/clmd\/files\/2025\/06\/TUTOR-GRAVATAI-1024x1024.png 1024w, https:\/\/wp.ufpel.edu.br\/clmd\/files\/2025\/06\/TUTOR-GRAVATAI-200x200.png 200w, https:\/\/wp.ufpel.edu.br\/clmd\/files\/2025\/06\/TUTOR-GRAVATAI-768x768.png 768w, https:\/\/wp.ufpel.edu.br\/clmd\/files\/2025\/06\/TUTOR-GRAVATAI.png 1080w\" sizes=\"(max-width: 400px) 100vw, 400px\" \/><\/a><\/p>\n<p>&nbsp;<\/p>\n<p style=\"text-align: center;\"><span style=\"font-size: 14pt;\">Segunda Chamada para Ingresso no Curso no Semestre 2025\/1<\/span><\/p>\n<p style=\"text-align: center;\"><a href=\"https:\/\/wp.ufpel.edu.br\/clmd\/2025\/05\/15\/segunda-chamada-para-ingresso-no-curso\/\"><img class=\"aligncenter wp-image-2920 size-medium\" src=\"https:\/\/wp.ufpel.edu.br\/clmd\/files\/2025\/05\/inscricoes-abertas-400x335.png\" alt=\"\" width=\"400\" height=\"335\" srcset=\"https:\/\/wp.ufpel.edu.br\/clmd\/files\/2025\/05\/inscricoes-abertas-400x335.png 400w, https:\/\/wp.ufpel.edu.br\/clmd\/files\/2025\/05\/inscricoes-abertas-768x644.png 768w, https:\/\/wp.ufpel.edu.br\/clmd\/files\/2025\/05\/inscricoes-abertas.png 940w\" sizes=\"(max-width: 400px) 100vw, 400px\" \/><\/a><\/p>\n<p>&nbsp;<\/p>\n<p style=\"text-align: center;\"><span style=\"font-size: 14pt;\">Nova Sele\u00e7\u00e3o para Professor Formador e Tutores<\/span><\/p>\n<p style=\"text-align: center;\"><a href=\"https:\/\/wp.ufpel.edu.br\/clmd\/2025\/03\/26\/nova-selecao\/\" target=\"_blank\" rel=\"noopener\"><img class=\"aligncenter size-medium wp-image-2773\" src=\"https:\/\/wp.ufpel.edu.br\/clmd\/files\/2025\/03\/PROfESSOr-e-tutor-400x400.png\" alt=\"\" width=\"400\" height=\"400\" srcset=\"https:\/\/wp.ufpel.edu.br\/clmd\/files\/2025\/03\/PROfESSOr-e-tutor-400x400.png 400w, https:\/\/wp.ufpel.edu.br\/clmd\/files\/2025\/03\/PROfESSOr-e-tutor-1024x1024.png 1024w, https:\/\/wp.ufpel.edu.br\/clmd\/files\/2025\/03\/PROfESSOr-e-tutor-200x200.png 200w, https:\/\/wp.ufpel.edu.br\/clmd\/files\/2025\/03\/PROfESSOr-e-tutor-768x768.png 768w, https:\/\/wp.ufpel.edu.br\/clmd\/files\/2025\/03\/PROfESSOr-e-tutor.png 1080w\" sizes=\"(max-width: 400px) 100vw, 400px\" \/><\/a><\/p>\n<p>&nbsp;<\/p>\n<p style=\"text-align: center;\"><span style=\"font-size: 14pt;\">Vestibular para sele\u00e7\u00e3o de novos alunos para a Turma UAB 10, com in\u00edcio no primeiro semestre de 2025.<\/span><\/p>\n<p><a href=\"https:\/\/wp.ufpel.edu.br\/clmd\/2025\/01\/30\/2684\/\"><img class=\"aligncenter size-medium wp-image-2686\" src=\"https:\/\/wp.ufpel.edu.br\/clmd\/files\/2025\/01\/DIVULGACAO_MATEMATICA-400x400.jpg\" alt=\"\" width=\"400\" height=\"400\" srcset=\"https:\/\/wp.ufpel.edu.br\/clmd\/files\/2025\/01\/DIVULGACAO_MATEMATICA-400x400.jpg 400w, https:\/\/wp.ufpel.edu.br\/clmd\/files\/2025\/01\/DIVULGACAO_MATEMATICA-1024x1024.jpg 1024w, https:\/\/wp.ufpel.edu.br\/clmd\/files\/2025\/01\/DIVULGACAO_MATEMATICA-200x200.jpg 200w, https:\/\/wp.ufpel.edu.br\/clmd\/files\/2025\/01\/DIVULGACAO_MATEMATICA-768x768.jpg 768w, https:\/\/wp.ufpel.edu.br\/clmd\/files\/2025\/01\/DIVULGACAO_MATEMATICA.jpg 1080w\" sizes=\"(max-width: 400px) 100vw, 400px\" \/><\/a><\/p>\n<p>&nbsp;<\/p>\n<p style=\"text-align: center;\"><span style=\"font-size: 14pt;\">Sele\u00e7\u00e3o para Professor Formador, Tutor Presencial e Tutor a Dist\u00e2ncia<\/span><\/p>\n<p style=\"text-align: center;\"><a href=\"https:\/\/wp.ufpel.edu.br\/clmd\/2025\/02\/24\/selecao-para-tutor-e-professor-formador\/\"><img class=\"aligncenter size-medium wp-image-2692\" src=\"https:\/\/wp.ufpel.edu.br\/clmd\/files\/2025\/02\/CARD-PROfESSOr-e-tutor-400x400.png\" alt=\"\" width=\"400\" height=\"400\" srcset=\"https:\/\/wp.ufpel.edu.br\/clmd\/files\/2025\/02\/CARD-PROfESSOr-e-tutor-400x400.png 400w, https:\/\/wp.ufpel.edu.br\/clmd\/files\/2025\/02\/CARD-PROfESSOr-e-tutor-1024x1024.png 1024w, https:\/\/wp.ufpel.edu.br\/clmd\/files\/2025\/02\/CARD-PROfESSOr-e-tutor-200x200.png 200w, https:\/\/wp.ufpel.edu.br\/clmd\/files\/2025\/02\/CARD-PROfESSOr-e-tutor-768x768.png 768w, https:\/\/wp.ufpel.edu.br\/clmd\/files\/2025\/02\/CARD-PROfESSOr-e-tutor.png 1080w\" sizes=\"(max-width: 400px) 100vw, 400px\" \/><\/a><\/p>\n","protected":false},"excerpt":{"rendered":"<p>\u00a0 \u00a0 \u00a0 Para acessar as informa\u00e7\u00f5es e Resultados de cada sele\u00e7\u00e3o, clique na imagem.\u00a0 \u00a0 \u00a0 &nbsp; Sele\u00e7\u00e3o para Tutor Presencial do Polo de Gravata\u00ed &nbsp; Segunda Chamada para Ingresso no Curso no Semestre 2025\/1 &nbsp; Nova Sele\u00e7\u00e3o para Professor Formador e Tutores &nbsp; Vestibular para sele\u00e7\u00e3o de novos alunos para a Turma UAB [&hellip;]<\/p>\n","protected":false},"author":710,"featured_media":0,"parent":211,"menu_order":0,"comment_status":"closed","ping_status":"closed","template":"","meta":{"footnotes":""},"class_list":["post-2797","page","type-page","status-publish","hentry"],"_links":{"self":[{"href":"https:\/\/wp.ufpel.edu.br\/clmd\/wp-json\/wp\/v2\/pages\/2797","targetHints":{"allow":["GET"]}}],"collection":[{"href":"https:\/\/wp.ufpel.edu.br\/clmd\/wp-json\/wp\/v2\/pages"}],"about":[{"href":"https:\/\/wp.ufpel.edu.br\/clmd\/wp-json\/wp\/v2\/types\/page"}],"author":[{"embeddable":true,"href":"https:\/\/wp.ufpel.edu.br\/clmd\/wp-json\/wp\/v2\/users\/710"}],"replies":[{"embeddable":true,"href":"https:\/\/wp.ufpel.edu.br\/clmd\/wp-json\/wp\/v2\/comments?post=2797"}],"version-history":[{"count":8,"href":"https:\/\/wp.ufpel.edu.br\/clmd\/wp-json\/wp\/v2\/pages\/2797\/revisions"}],"predecessor-version":[{"id":3107,"href":"https:\/\/wp.ufpel.edu.br\/clmd\/wp-json\/wp\/v2\/pages\/2797\/revisions\/3107"}],"up":[{"embeddable":true,"href":"https:\/\/wp.ufpel.edu.br\/clmd\/wp-json\/wp\/v2\/pages\/211"}],"wp:attachment":[{"href":"https:\/\/wp.ufpel.edu.br\/clmd\/wp-json\/wp\/v2\/media?parent=2797"}],"curies":[{"name":"wp","href":"https:\/\/api.w.org\/{rel}","templated":true}]}}