{"id":2559,"date":"2024-11-24T16:32:45","date_gmt":"2024-11-24T19:32:45","guid":{"rendered":"https:\/\/wp.ufpel.edu.br\/clmd\/?page_id=2559"},"modified":"2024-11-24T16:33:06","modified_gmt":"2024-11-24T19:33:06","slug":"pibid-2024","status":"publish","type":"page","link":"https:\/\/wp.ufpel.edu.br\/clmd\/editais\/pibid-2024\/","title":{"rendered":"PIBID 2024"},"content":{"rendered":"<p><a href=\"https:\/\/wp.ufpel.edu.br\/clmd\/files\/2024\/10\/INSCRICOES-2024-1.jpeg\"><img class=\"aligncenter size-medium wp-image-2461\" src=\"https:\/\/wp.ufpel.edu.br\/clmd\/files\/2024\/10\/INSCRICOES-2024-1-400x400.jpeg\" alt=\"\" width=\"400\" height=\"400\" srcset=\"https:\/\/wp.ufpel.edu.br\/clmd\/files\/2024\/10\/INSCRICOES-2024-1-400x400.jpeg 400w, https:\/\/wp.ufpel.edu.br\/clmd\/files\/2024\/10\/INSCRICOES-2024-1-1024x1024.jpeg 1024w, https:\/\/wp.ufpel.edu.br\/clmd\/files\/2024\/10\/INSCRICOES-2024-1-200x200.jpeg 200w, https:\/\/wp.ufpel.edu.br\/clmd\/files\/2024\/10\/INSCRICOES-2024-1-768x768.jpeg 768w, https:\/\/wp.ufpel.edu.br\/clmd\/files\/2024\/10\/INSCRICOES-2024-1.jpeg 1080w\" sizes=\"(max-width: 400px) 100vw, 400px\" \/><\/a><\/p>\n<table style=\"width: 100%; border-collapse: collapse; border-color: #ffffff;\" border=\"1\">\n<tbody>\n<tr>\n<td style=\"width: 49.2425%; background-color: #f0f0f0; border-color: #f0f0f0;\">\n<p>Leia com aten\u00e7\u00e3o:\u00a0<span style=\"color: #0000ff;\"><a style=\"color: #0000ff;\" href=\"https:\/\/wp.ufpel.edu.br\/clmd\/files\/2024\/10\/SEI_UFPel-2774386-Edital-Alunos.pdf\">Edital para sele\u00e7\u00e3o de estudantes<\/a><\/span><\/p>\n<p>Realize sua inscri\u00e7\u00e3o:<\/p>\n<p><span style=\"color: #0000ff;\"><a style=\"color: #0000ff;\" href=\"https:\/\/docs.google.com\/forms\/d\/e\/1FAIpQLSeFgPsSLj8i0H5uV-KBzk0YNstLRqBCimpWMjeLTTX55aaLcw\/viewform\">Formul\u00e1rio de inscri\u00e7\u00e3o para estudantes<\/a><\/span><\/p>\n<p>Inscri\u00e7\u00f5es homologadas:\u00a0<span style=\"color: #0000ff;\"><a style=\"color: #0000ff;\" href=\"https:\/\/wp.ufpel.edu.br\/pre\/2024\/10\/22\/pibid-homologacao-das-inscricoes-resultado-preliminar\/\">Acesse aqui<\/a><\/span><\/p>\n<p>Hor\u00e1rio das entrevistas:\u00a0<span style=\"color: #0000ff;\"><a style=\"color: #0000ff;\" href=\"https:\/\/wp.ufpel.edu.br\/pre\/2024\/10\/24\/pibid-resultado-final-homologacao-das-inscricoes-e-divulgacao-de-data-hora-e-local-das-entrevistas\/\">Acesse aqui<\/a><\/span><\/p>\n<p>Resultado: <span style=\"color: #0000ff;\"><a style=\"color: #0000ff;\" href=\"https:\/\/wp.ufpel.edu.br\/clmd\/files\/2024\/11\/Selecao-Alunos-Resultado-Final.pdf\">Acesse aqui<\/a><\/span><\/td>\n<td style=\"width: 2.57575%; border-color: #ffffff;\"><\/td>\n<td style=\"width: 48.1818%; background-color: #f0f0f0; border-color: #f0f0f0;\">\n<p>Leia com aten\u00e7\u00e3o:\u00a0<span style=\"color: #0000ff;\"><a style=\"color: #0000ff;\" href=\"https:\/\/wp.ufpel.edu.br\/pre\/2024\/10\/11\/edital-nuprop-no-32-2024-selecao-de-professor-a-supervisor-a-para-o-pibid\/\">Edital para sele\u00e7\u00e3o de supervisor<\/a><\/span><\/p>\n<p>Realize sua inscri\u00e7\u00e3o:<\/p>\n<p><a href=\"https:\/\/docs.google.com\/forms\/d\/e\/1FAIpQLSf6I7jL-6k89P5zSO4D6ECjwhGsZyIeS7Ha2woqxgwGFzjLvQ\/viewform\"><span style=\"color: #0000ff;\">Formul\u00e1rio de inscri\u00e7\u00e3o de supervisor<\/span><\/a><\/p>\n<p>Inscri\u00e7\u00f5es homologadas:\u00a0<span style=\"color: #0000ff;\"><a style=\"color: #0000ff;\" href=\"https:\/\/wp.ufpel.edu.br\/pre\/2024\/10\/28\/pibid-homologacao-das-inscricoes-resultado-preliminar-edital-nuprop-no-32-2024\/\">Acesse aqui<\/a><\/span><\/p>\n<p>Hor\u00e1rio das entrevistas:\u00a0<span style=\"color: #0000ff;\"><a style=\"color: #0000ff;\" href=\"https:\/\/wp.ufpel.edu.br\/pre\/2024\/10\/31\/selecao-supervisores-pibid-resultado-final-da-etapa-de-homologacao-das-inscricoes-e-local-e-horario-das-entrevistas-edital-nuprop-no-32-2024\/\">Acesse aqui<\/a><\/span><\/p>\n<p>Resultado:\u00a0<span style=\"color: #0000ff;\"><a style=\"color: #0000ff;\" href=\"https:\/\/wp.ufpel.edu.br\/pre\/2024\/11\/11\/supervisores-pibid-resultado-final-edital-nuprop-no-32-2024\/\">Acesse aqui<\/a><\/span><\/td>\n<\/tr>\n<\/tbody>\n<\/table>\n<p>&nbsp;<\/p>\n<table style=\"border-collapse: collapse; width: 100%;\" border=\"1\">\n<tbody>\n<tr>\n<td style=\"width: 55.6363%; border-color: #e8e8e8; background-color: #e8e8e8;\"><strong>Crit\u00e9rios para sele\u00e7\u00e3o estudantes:<\/strong><br \/>\nI &#8211; Entrevista (4,0 pontos)*;<br \/>\nII &#8211; Avalia\u00e7\u00e3o da carta de motiva\u00e7\u00e3o ou de interesse em participar do Pibid (3,0 pontos)**;<br \/>\nIII &#8211; Situa\u00e7\u00e3o s\u00f3cio-econ\u00f4mica &#8211; vulnerabilidade social (2,0 pontos);<br \/>\nIV &#8211; Hist\u00f3rico academico boletim de desempenho no ENEM ou PAVE, (nota geral, n\u00famero de reprova\u00e7\u00f5es, n\u00famero de infrequ\u00eancias, rendimento escolar) (0,5 pontos)<br \/>\nV &#8211; Participa\u00e7\u00e3o em atividades extracurriculares (0,5 pontos).<br \/>\n*A entrevista \u00e9 etapa eliminat\u00f3ria, em caso de n\u00e3o comparecimento o\/a candidato\/a ser\u00e1 eliminado\/a.<\/td>\n<td style=\"width: 3.63633%; background-color: #fff; border-color: #fff;\"><\/td>\n<td style=\"width: 40.7273%; border-color: #e8e8e8; background-color: #e8e8e8;\">\n<p><strong>Carta de motiva\u00e7\u00e3o<\/strong><\/p>\n<p>A carta de motiva\u00e7\u00e3o ou de interesse em participar do Pibid ser\u00e1 avaliada a partir dos seguintes itens:<\/p>\n<p>a) Texto em conformidade com as normas gramaticais da l\u00edngua portuguesa;<br \/>\nb) Clareza e coer\u00eancia na organiza\u00e7\u00e3o das ideias;<br \/>\nc) Justificativas para participa\u00e7\u00e3o no Pibid;<br \/>\nd) Expectativas com o Pibid e conhecimento sobre o programa.<\/td>\n<\/tr>\n<\/tbody>\n<\/table>\n<p>&nbsp;<\/p>\n","protected":false},"excerpt":{"rendered":"<p>Leia com aten\u00e7\u00e3o:\u00a0Edital para sele\u00e7\u00e3o de estudantes Realize sua inscri\u00e7\u00e3o: Formul\u00e1rio de inscri\u00e7\u00e3o para estudantes Inscri\u00e7\u00f5es homologadas:\u00a0Acesse aqui Hor\u00e1rio das entrevistas:\u00a0Acesse aqui Resultado: Acesse aqui Leia com aten\u00e7\u00e3o:\u00a0Edital para sele\u00e7\u00e3o de supervisor Realize sua inscri\u00e7\u00e3o: Formul\u00e1rio de inscri\u00e7\u00e3o de supervisor Inscri\u00e7\u00f5es homologadas:\u00a0Acesse aqui Hor\u00e1rio das entrevistas:\u00a0Acesse aqui Resultado:\u00a0Acesse aqui &nbsp; Crit\u00e9rios para sele\u00e7\u00e3o estudantes: I [&hellip;]<\/p>\n","protected":false},"author":710,"featured_media":0,"parent":211,"menu_order":0,"comment_status":"closed","ping_status":"closed","template":"","meta":{"footnotes":""},"class_list":["post-2559","page","type-page","status-publish","hentry"],"_links":{"self":[{"href":"https:\/\/wp.ufpel.edu.br\/clmd\/wp-json\/wp\/v2\/pages\/2559","targetHints":{"allow":["GET"]}}],"collection":[{"href":"https:\/\/wp.ufpel.edu.br\/clmd\/wp-json\/wp\/v2\/pages"}],"about":[{"href":"https:\/\/wp.ufpel.edu.br\/clmd\/wp-json\/wp\/v2\/types\/page"}],"author":[{"embeddable":true,"href":"https:\/\/wp.ufpel.edu.br\/clmd\/wp-json\/wp\/v2\/users\/710"}],"replies":[{"embeddable":true,"href":"https:\/\/wp.ufpel.edu.br\/clmd\/wp-json\/wp\/v2\/comments?post=2559"}],"version-history":[{"count":2,"href":"https:\/\/wp.ufpel.edu.br\/clmd\/wp-json\/wp\/v2\/pages\/2559\/revisions"}],"predecessor-version":[{"id":2562,"href":"https:\/\/wp.ufpel.edu.br\/clmd\/wp-json\/wp\/v2\/pages\/2559\/revisions\/2562"}],"up":[{"embeddable":true,"href":"https:\/\/wp.ufpel.edu.br\/clmd\/wp-json\/wp\/v2\/pages\/211"}],"wp:attachment":[{"href":"https:\/\/wp.ufpel.edu.br\/clmd\/wp-json\/wp\/v2\/media?parent=2559"}],"curies":[{"name":"wp","href":"https:\/\/api.w.org\/{rel}","templated":true}]}}