{"id":2444,"date":"2024-10-19T19:19:03","date_gmt":"2024-10-19T22:19:03","guid":{"rendered":"https:\/\/wp.ufpel.edu.br\/clmd\/?page_id=2444"},"modified":"2024-12-05T21:59:56","modified_gmt":"2024-12-06T00:59:56","slug":"oficina-funcoes-com-geogebra","status":"publish","type":"page","link":"https:\/\/wp.ufpel.edu.br\/clmd\/galeria-2\/oficina-funcoes-com-geogebra\/","title":{"rendered":"Oficina Fun\u00e7\u00f5es com Geogebra"},"content":{"rendered":"<p>Integrando a programa\u00e7\u00e3o da Jornada das Licenciaturas, promovida pelo NUPED\/UFPel para os estudantes dos cursos a dist\u00e2ncia, o CLMD esteve presente nos polos para trabalhar a\u00a0 Oficina Fun\u00e7\u00f5es com Geogebra.<\/p>\n<p>Apresentando fundamentos b\u00e1sicos para trabalho no Geogebra, exploramos a representa\u00e7\u00e3o de algumas fun\u00e7\u00f5es, generalizando algumas propriedades gr\u00e1ficas.<\/p>\n<p>Obrigado pela participa\u00e7\u00e3o de todos!<\/p>\n<p><a href=\"https:\/\/wp.ufpel.edu.br\/clmd\/files\/2024\/10\/DATAS_OFICINA_FUNCOES_1.png\"><img class=\"aligncenter size-medium wp-image-2381\" src=\"https:\/\/wp.ufpel.edu.br\/clmd\/files\/2024\/10\/DATAS_OFICINA_FUNCOES_1-400x335.png\" alt=\"\" width=\"400\" height=\"335\" srcset=\"https:\/\/wp.ufpel.edu.br\/clmd\/files\/2024\/10\/DATAS_OFICINA_FUNCOES_1-400x335.png 400w, https:\/\/wp.ufpel.edu.br\/clmd\/files\/2024\/10\/DATAS_OFICINA_FUNCOES_1-768x644.png 768w, https:\/\/wp.ufpel.edu.br\/clmd\/files\/2024\/10\/DATAS_OFICINA_FUNCOES_1.png 940w\" sizes=\"(max-width: 400px) 100vw, 400px\" \/><\/a><\/p>\n<p><a href=\"https:\/\/wp.ufpel.edu.br\/clmd\/files\/2024\/10\/DATAS_OFICINA_FUNCOES_2.png\"><img class=\"aligncenter size-medium wp-image-2382\" src=\"https:\/\/wp.ufpel.edu.br\/clmd\/files\/2024\/10\/DATAS_OFICINA_FUNCOES_2-400x335.png\" alt=\"\" width=\"400\" height=\"335\" srcset=\"https:\/\/wp.ufpel.edu.br\/clmd\/files\/2024\/10\/DATAS_OFICINA_FUNCOES_2-400x335.png 400w, https:\/\/wp.ufpel.edu.br\/clmd\/files\/2024\/10\/DATAS_OFICINA_FUNCOES_2-768x644.png 768w, https:\/\/wp.ufpel.edu.br\/clmd\/files\/2024\/10\/DATAS_OFICINA_FUNCOES_2.png 940w\" sizes=\"(max-width: 400px) 100vw, 400px\" \/><\/a><\/p>\n<p><a href=\"https:\/\/wp.ufpel.edu.br\/clmd\/files\/2024\/10\/cachoeira_out_2024.jpg\"><img class=\"aligncenter size-medium wp-image-2446\" src=\"https:\/\/wp.ufpel.edu.br\/clmd\/files\/2024\/10\/cachoeira_out_2024-400x300.jpg\" alt=\"\" width=\"400\" height=\"300\" srcset=\"https:\/\/wp.ufpel.edu.br\/clmd\/files\/2024\/10\/cachoeira_out_2024-400x300.jpg 400w, https:\/\/wp.ufpel.edu.br\/clmd\/files\/2024\/10\/cachoeira_out_2024-1024x768.jpg 1024w, https:\/\/wp.ufpel.edu.br\/clmd\/files\/2024\/10\/cachoeira_out_2024-768x576.jpg 768w, https:\/\/wp.ufpel.edu.br\/clmd\/files\/2024\/10\/cachoeira_out_2024-1536x1152.jpg 1536w, https:\/\/wp.ufpel.edu.br\/clmd\/files\/2024\/10\/cachoeira_out_2024.jpg 1600w\" sizes=\"(max-width: 400px) 100vw, 400px\" \/><\/a><\/p>\n<p><a href=\"https:\/\/wp.ufpel.edu.br\/clmd\/files\/2024\/10\/cruz_alta_out_2024.jpg\"><img class=\"aligncenter wp-image-2447\" src=\"https:\/\/wp.ufpel.edu.br\/clmd\/files\/2024\/10\/cruz_alta_out_2024-400x180.jpg\" alt=\"\" width=\"542\" height=\"244\" srcset=\"https:\/\/wp.ufpel.edu.br\/clmd\/files\/2024\/10\/cruz_alta_out_2024-400x180.jpg 400w, https:\/\/wp.ufpel.edu.br\/clmd\/files\/2024\/10\/cruz_alta_out_2024-1024x461.jpg 1024w, https:\/\/wp.ufpel.edu.br\/clmd\/files\/2024\/10\/cruz_alta_out_2024-768x346.jpg 768w, https:\/\/wp.ufpel.edu.br\/clmd\/files\/2024\/10\/cruz_alta_out_2024-1536x691.jpg 1536w, https:\/\/wp.ufpel.edu.br\/clmd\/files\/2024\/10\/cruz_alta_out_2024.jpg 1600w\" sizes=\"(max-width: 542px) 100vw, 542px\" \/><\/a><\/p>\n<p><a href=\"https:\/\/wp.ufpel.edu.br\/clmd\/files\/2024\/10\/QUARAI_OUT_2024.jpg\"><img class=\"aligncenter size-medium wp-image-2448\" src=\"https:\/\/wp.ufpel.edu.br\/clmd\/files\/2024\/10\/QUARAI_OUT_2024-400x304.jpg\" alt=\"\" width=\"400\" height=\"304\" srcset=\"https:\/\/wp.ufpel.edu.br\/clmd\/files\/2024\/10\/QUARAI_OUT_2024-400x304.jpg 400w, https:\/\/wp.ufpel.edu.br\/clmd\/files\/2024\/10\/QUARAI_OUT_2024-1024x778.jpg 1024w, https:\/\/wp.ufpel.edu.br\/clmd\/files\/2024\/10\/QUARAI_OUT_2024-768x584.jpg 768w, https:\/\/wp.ufpel.edu.br\/clmd\/files\/2024\/10\/QUARAI_OUT_2024-1536x1167.jpg 1536w, https:\/\/wp.ufpel.edu.br\/clmd\/files\/2024\/10\/QUARAI_OUT_2024.jpg 2048w\" sizes=\"(max-width: 400px) 100vw, 400px\" \/><\/a><\/p>\n<p><a href=\"https:\/\/wp.ufpel.edu.br\/clmd\/files\/2024\/10\/cangucu2_out_2024.jpeg\"><img class=\"aligncenter size-medium wp-image-2450\" src=\"https:\/\/wp.ufpel.edu.br\/clmd\/files\/2024\/10\/cangucu2_out_2024-400x300.jpeg\" alt=\"\" width=\"400\" height=\"300\" srcset=\"https:\/\/wp.ufpel.edu.br\/clmd\/files\/2024\/10\/cangucu2_out_2024-400x300.jpeg 400w, https:\/\/wp.ufpel.edu.br\/clmd\/files\/2024\/10\/cangucu2_out_2024-1024x768.jpeg 1024w, https:\/\/wp.ufpel.edu.br\/clmd\/files\/2024\/10\/cangucu2_out_2024-768x576.jpeg 768w, https:\/\/wp.ufpel.edu.br\/clmd\/files\/2024\/10\/cangucu2_out_2024-1536x1152.jpeg 1536w, https:\/\/wp.ufpel.edu.br\/clmd\/files\/2024\/10\/cangucu2_out_2024.jpeg 1600w\" sizes=\"(max-width: 400px) 100vw, 400px\" \/><\/a><\/p>\n<p><a href=\"https:\/\/wp.ufpel.edu.br\/clmd\/files\/2024\/10\/cangucu2_out_2024-1.jpeg\"><img class=\"aligncenter size-medium wp-image-2451\" src=\"https:\/\/wp.ufpel.edu.br\/clmd\/files\/2024\/10\/cangucu2_out_2024-1-400x300.jpeg\" alt=\"\" width=\"400\" height=\"300\" srcset=\"https:\/\/wp.ufpel.edu.br\/clmd\/files\/2024\/10\/cangucu2_out_2024-1-400x300.jpeg 400w, https:\/\/wp.ufpel.edu.br\/clmd\/files\/2024\/10\/cangucu2_out_2024-1-1024x768.jpeg 1024w, https:\/\/wp.ufpel.edu.br\/clmd\/files\/2024\/10\/cangucu2_out_2024-1-768x576.jpeg 768w, https:\/\/wp.ufpel.edu.br\/clmd\/files\/2024\/10\/cangucu2_out_2024-1-1536x1152.jpeg 1536w, https:\/\/wp.ufpel.edu.br\/clmd\/files\/2024\/10\/cangucu2_out_2024-1.jpeg 1600w\" sizes=\"(max-width: 400px) 100vw, 400px\" \/><\/a><\/p>\n<p><a href=\"https:\/\/wp.ufpel.edu.br\/clmd\/files\/2024\/10\/Captura-de-tela-2024-10-19-184417.png\"><img class=\"aligncenter size-full wp-image-2452\" src=\"https:\/\/wp.ufpel.edu.br\/clmd\/files\/2024\/10\/Captura-de-tela-2024-10-19-184417.png\" alt=\"\" width=\"322\" height=\"237\" \/><\/a><\/p>\n","protected":false},"excerpt":{"rendered":"<p>Integrando a programa\u00e7\u00e3o da Jornada das Licenciaturas, promovida pelo NUPED\/UFPel para os estudantes dos cursos a dist\u00e2ncia, o CLMD esteve presente nos polos para trabalhar a\u00a0 Oficina Fun\u00e7\u00f5es com Geogebra. Apresentando fundamentos b\u00e1sicos para trabalho no Geogebra, exploramos a representa\u00e7\u00e3o de algumas fun\u00e7\u00f5es, generalizando algumas propriedades gr\u00e1ficas. Obrigado pela participa\u00e7\u00e3o de todos!<\/p>\n","protected":false},"author":710,"featured_media":0,"parent":1578,"menu_order":0,"comment_status":"closed","ping_status":"closed","template":"","meta":{"footnotes":""},"class_list":["post-2444","page","type-page","status-publish","hentry"],"_links":{"self":[{"href":"https:\/\/wp.ufpel.edu.br\/clmd\/wp-json\/wp\/v2\/pages\/2444","targetHints":{"allow":["GET"]}}],"collection":[{"href":"https:\/\/wp.ufpel.edu.br\/clmd\/wp-json\/wp\/v2\/pages"}],"about":[{"href":"https:\/\/wp.ufpel.edu.br\/clmd\/wp-json\/wp\/v2\/types\/page"}],"author":[{"embeddable":true,"href":"https:\/\/wp.ufpel.edu.br\/clmd\/wp-json\/wp\/v2\/users\/710"}],"replies":[{"embeddable":true,"href":"https:\/\/wp.ufpel.edu.br\/clmd\/wp-json\/wp\/v2\/comments?post=2444"}],"version-history":[{"count":6,"href":"https:\/\/wp.ufpel.edu.br\/clmd\/wp-json\/wp\/v2\/pages\/2444\/revisions"}],"predecessor-version":[{"id":2607,"href":"https:\/\/wp.ufpel.edu.br\/clmd\/wp-json\/wp\/v2\/pages\/2444\/revisions\/2607"}],"up":[{"embeddable":true,"href":"https:\/\/wp.ufpel.edu.br\/clmd\/wp-json\/wp\/v2\/pages\/1578"}],"wp:attachment":[{"href":"https:\/\/wp.ufpel.edu.br\/clmd\/wp-json\/wp\/v2\/media?parent=2444"}],"curies":[{"name":"wp","href":"https:\/\/api.w.org\/{rel}","templated":true}]}}