{"id":2305,"date":"2024-09-04T15:41:41","date_gmt":"2024-09-04T18:41:41","guid":{"rendered":"https:\/\/wp.ufpel.edu.br\/clmd\/?page_id=2305"},"modified":"2026-02-07T02:00:31","modified_gmt":"2026-02-07T05:00:31","slug":"formaturas","status":"publish","type":"page","link":"https:\/\/wp.ufpel.edu.br\/clmd\/pagina-do-formando-clmd\/formaturas\/","title":{"rendered":"FORMATURAS"},"content":{"rendered":"<p><a href=\"https:\/\/wp.ufpel.edu.br\/clmd\/files\/2024\/09\/fotocapapagina.png\"><img class=\"aligncenter wp-image-2301 size-full\" src=\"https:\/\/wp.ufpel.edu.br\/clmd\/files\/2024\/09\/fotocapapagina.png\" alt=\"\" width=\"1324\" height=\"390\" srcset=\"https:\/\/wp.ufpel.edu.br\/clmd\/files\/2024\/09\/fotocapapagina.png 1324w, https:\/\/wp.ufpel.edu.br\/clmd\/files\/2024\/09\/fotocapapagina-400x118.png 400w, https:\/\/wp.ufpel.edu.br\/clmd\/files\/2024\/09\/fotocapapagina-1024x302.png 1024w, https:\/\/wp.ufpel.edu.br\/clmd\/files\/2024\/09\/fotocapapagina-768x226.png 768w\" sizes=\"(max-width: 1324px) 100vw, 1324px\" \/><\/a><\/p>\n<p>Parab\u00e9ns!<\/p>\n<p>Voc\u00ea est\u00e1 no \u00b4\u00b4ultimo semestre do curso e os preparativos para a formatura\u00a0 j\u00e1 iniciam o clima festivo que est\u00e1 por vir. A organiza\u00e7\u00e3o de cada etapa \u00e9 importante, por isso preparamos aqui algumas orienta\u00e7\u00f5es.<\/p>\n<p>Convidamos voc\u00ea a participar tamb\u00e9m do grupo <span style=\"color: #0000ff;\"><a style=\"color: #0000ff;\" href=\"https:\/\/chat.whatsapp.com\/E1DwVclB3jxGcNye6AYNdx\">Formandos CLMD 2026<\/a> , <\/span>no WhatApp, que utilizaremos para dar orienta\u00e7\u00f5es e encaminhar a organiza\u00e7\u00e3o das formaturas.<\/p>\n<h2><span style=\"color: #0000ff;\"><span style=\"background-color: #99ccff;\">\u00a0 \u00a0Informa\u00e7\u00f5es sobre modalidades de formatura\u00a0 \u00a0 \u00a0 \u00a0 \u00a0 \u00a0 \u00a0 \u00a0 \u00a0 \u00a0 \u00a0 \u00a0 \u00a0 \u00a0<\/span><\/span><\/h2>\n<p>Ao cadastrar a solicita\u00e7\u00e3o de formatura no COBALTO, o estudante dever\u00e1 optar por uma das duas modalidades:<\/p>\n<ul>\n<li style=\"text-align: justify;\"><strong>Formatura institucional externa<\/strong>: realizada em Pelotas,\u00a0 em datas definidas no calend\u00e1rio acad\u00eamico e contrato dos servi\u00e7os de aluguel de toga, decora\u00e7\u00e3o, som e fotos de\u00a0 responsabilidade da UFPEL.<\/li>\n<li style=\"text-align: justify;\"><strong>Formatura Interna de gabinete<\/strong>: realizada no polo de oferta do curso.<\/li>\n<\/ul>\n<p>Acesse mais informa\u00e7\u00f5es na p\u00e1gina da <a href=\"https:\/\/wp.ufpel.edu.br\/formaturas\/perguntas-e-respostas\/\" target=\"_blank\" rel=\"noopener\">formatura institucional<\/a>.<\/p>\n<h2><span style=\"color: #0000ff;\">\u00a0<span style=\"background-color: #99ccff;\"> \u00a0 Cadastro da solicita\u00e7\u00e3o de formatura\u00a0 \u00a0 \u00a0 \u00a0 \u00a0 \u00a0 \u00a0 \u00a0 \u00a0 \u00a0 \u00a0 \u00a0 \u00a0 \u00a0 \u00a0 \u00a0 \u00a0 \u00a0 \u00a0 \u00a0 \u00a0 \u00a0<\/span><\/span><\/h2>\n<p><span style=\"font-size: 14pt;\">No \u00faltimo semestre de integraliza\u00e7\u00e3o do curso, consulte no <a href=\"https:\/\/wp.ufpel.edu.br\/cra\/calendarios-academicos\/\" target=\"_blank\" rel=\"noopener\"><span style=\"color: #0000ff;\">Calend\u00e1rio Acad\u00eamico<\/span><\/a>. o per\u00edodo em que voc\u00ea dever\u00e1 solicitar sua formatura. Essa etapa \u00e9 essencial para o in\u00edcio do tr\u00e2mite da cola\u00e7\u00e3o de grau. <\/span><\/p>\n<p><span style=\"font-size: 14pt;\">Acesse, no COBALTO, o m\u00f3dulo <strong>Solicita\u00e7\u00e3o de Formatura<\/strong> e preencha os dados solicitados:<\/span><\/p>\n<p style=\"text-align: center;\"><a href=\"https:\/\/wp.ufpel.edu.br\/clmd\/files\/2024\/11\/CADASTRO_FORMATURA.png\"><img class=\"aligncenter wp-image-2529\" src=\"https:\/\/wp.ufpel.edu.br\/clmd\/files\/2024\/11\/CADASTRO_FORMATURA.png\" alt=\"\" width=\"391\" height=\"463\" \/><\/a><\/p>\n<h2><span style=\"color: #0000ff;\"><span style=\"background-color: #99ccff;\">\u00a0 \u00a0Orienta\u00e7\u00f5es sobre a organiza\u00e7\u00e3o da cerim\u00f4nia\u00a0 \u00a0 \u00a0 \u00a0 \u00a0 \u00a0 \u00a0 \u00a0 \u00a0 \u00a0 \u00a0 \u00a0 \u00a0 \u00a0<\/span><\/span><\/h2>\n<p>\u00c9 importante que o grupo de formandos(as) inicie a organiza\u00e7\u00e3o da cerim\u00f4nia com anteced\u00eancia, combinando com a coordena\u00e7\u00e3o do curso e coordena\u00e7\u00e3o do polo, os detalhes que comp\u00f5em esse momento.<\/p>\n<p>Acesse as informa\u00e7\u00f5es sobre:<\/p>\n<table style=\"border-collapse: collapse; width: 100%;\" border=\"1\">\n<tbody>\n<tr style=\"height: 23px;\">\n<td style=\"width: 48.0852%; height: 23px; border-color: #cbe4f5; background-color: #cbe4f5; text-align: center;\"><span style=\"color: #0000ff;\"><a style=\"color: #0000ff;\" href=\"https:\/\/wp.ufpel.edu.br\/clmd\/files\/2025\/10\/ORIENTACOES_PAGINA.pdf\" target=\"_blank\" rel=\"noopener\">Orienta\u00e7\u00f5es gerais<\/a><\/span><\/td>\n<td style=\"width: 9.36155%; height: 23px; border-color: #ffffff;\"><\/td>\n<td style=\"width: 42.5532%; height: 23px; border-color: #cbe4f5; background-color: #cbe4f5; text-align: center;\"><span style=\"color: #0000ff;\"><a style=\"color: #0000ff;\" href=\"https:\/\/wp.ufpel.edu.br\/formaturas\/elementos-da-solenidade\/teste\" target=\"_blank\" rel=\"noopener\">Pessoas Homenageadas e orador(a)<\/a><\/span><\/td>\n<\/tr>\n<tr style=\"height: 23px;\">\n<td style=\"width: 48.0852%; height: 23px; border-color: #ffffff;\"><\/td>\n<td style=\"width: 9.36155%; height: 23px; border-color: #ffffff;\"><\/td>\n<td style=\"width: 42.5532%; height: 23px; border-color: #ffffff;\"><\/td>\n<\/tr>\n<tr style=\"height: 23px;\">\n<td style=\"width: 48.0852%; height: 23px; border-color: #cbe4f5; background-color: #cbe4f5; text-align: center;\"><span style=\"color: #0000ff;\"><a style=\"color: #0000ff;\" href=\"https:\/\/wp.ufpel.edu.br\/clmd\/files\/2025\/10\/JURAMENTISTA.png\" target=\"_blank\" rel=\"noopener\">Juramentista<\/a><\/span><\/td>\n<td style=\"width: 9.36155%; height: 23px; border-color: #ffffff;\"><\/td>\n<td style=\"width: 42.5532%; height: 23px; border-color: #cbe4f5; background-color: #cbe4f5; text-align: center;\"><span style=\"color: #0000ff;\"><a style=\"color: #0000ff;\" href=\"https:\/\/wp.ufpel.edu.br\/clmd\/files\/2025\/10\/Protocolo-Formatura-Externa.pdf\">Protocolo da Cerim\u00f4nia de Formatura<\/a><\/span><\/td>\n<\/tr>\n<\/tbody>\n<\/table>\n<h2><\/h2>\n<h2><span style=\"color: #0000ff;\"><span style=\"background-color: #99ccff;\">\u00a0 \u00a0Rela\u00e7\u00e3o dos formandos\u00a0 e datas da formatura\u00a0 \u00a0 \u00a0 \u00a0 \u00a0 \u00a0 \u00a0 \u00a0 \u00a0 \u00a0 \u00a0 \u00a0 \u00a0 \u00a0\u00a0<\/span><\/span><\/h2>\n<p>Acesse a seguir a rela\u00e7\u00e3o dos formandos em cada per\u00edodo. As fotos encontram-se na <a href=\"https:\/\/wp.ufpel.edu.br\/clmd\/galeria-2\/\" target=\"_blank\" rel=\"noopener\">Galeria<\/a>.<\/p>\n<table style=\"border-collapse: collapse; width: 100%;\" border=\"1\">\n<tbody>\n<tr>\n<td style=\"width: 100%; border-color: #cbe4f5; background-color: #cbe4f5;\">\n<p><strong><span style=\"color: #0000ff;\">2025\/1;<\/span><\/strong> Formandos de Cruz Alta, Gramado, Hulha Negra, Panambi, S\u00e3o Francisco de Paula, Sapucaia do Sul.<\/p>\n<p>Acesse <span style=\"color: #0000ff;\"><a style=\"color: #0000ff;\" href=\"https:\/\/wp.ufpel.edu.br\/clmd\/files\/2025\/10\/Formandos-2025_1-e-Datas.pdf\">aqui<\/a>.<\/span><\/td>\n<\/tr>\n<\/tbody>\n<\/table>\n<p>&nbsp;<\/p>\n<table style=\"border-collapse: collapse; width: 100%;\" border=\"1\">\n<tbody>\n<tr>\n<td style=\"width: 100%; border-color: #cbe4f5; background-color: #cbe4f5;\">\n<p><strong><span style=\"color: #0000ff;\">2024\/2:<\/span><\/strong> Formandos de Cruz Alta, Jacuizinho, S\u00e3o Francisco de Paula, Sapucaia do Sul.<\/p>\n<p>Acesse\u00a0 <span style=\"color: #0000ff;\"><a style=\"color: #0000ff;\" href=\"https:\/\/wp.ufpel.edu.br\/clmd\/files\/2025\/10\/Formandos-2024-e-Datas.pdf\">aqui<\/a><\/span>.<\/td>\n<\/tr>\n<tr>\n<td style=\"width: 100%; border-color: #ffffff;\"><\/td>\n<\/tr>\n<\/tbody>\n<\/table>\n<p>&nbsp;<\/p>\n","protected":false},"excerpt":{"rendered":"<p>Parab\u00e9ns! Voc\u00ea est\u00e1 no \u00b4\u00b4ultimo semestre do curso e os preparativos para a formatura\u00a0 j\u00e1 iniciam o clima festivo que est\u00e1 por vir. A organiza\u00e7\u00e3o de cada etapa \u00e9 importante, por isso preparamos aqui algumas orienta\u00e7\u00f5es. Convidamos voc\u00ea a participar tamb\u00e9m do grupo Formandos CLMD 2026 , no WhatApp, que utilizaremos para dar orienta\u00e7\u00f5es e [&hellip;]<\/p>\n","protected":false},"author":710,"featured_media":0,"parent":2240,"menu_order":0,"comment_status":"closed","ping_status":"closed","template":"","meta":{"footnotes":""},"class_list":["post-2305","page","type-page","status-publish","hentry"],"_links":{"self":[{"href":"https:\/\/wp.ufpel.edu.br\/clmd\/wp-json\/wp\/v2\/pages\/2305","targetHints":{"allow":["GET"]}}],"collection":[{"href":"https:\/\/wp.ufpel.edu.br\/clmd\/wp-json\/wp\/v2\/pages"}],"about":[{"href":"https:\/\/wp.ufpel.edu.br\/clmd\/wp-json\/wp\/v2\/types\/page"}],"author":[{"embeddable":true,"href":"https:\/\/wp.ufpel.edu.br\/clmd\/wp-json\/wp\/v2\/users\/710"}],"replies":[{"embeddable":true,"href":"https:\/\/wp.ufpel.edu.br\/clmd\/wp-json\/wp\/v2\/comments?post=2305"}],"version-history":[{"count":3,"href":"https:\/\/wp.ufpel.edu.br\/clmd\/wp-json\/wp\/v2\/pages\/2305\/revisions"}],"predecessor-version":[{"id":3627,"href":"https:\/\/wp.ufpel.edu.br\/clmd\/wp-json\/wp\/v2\/pages\/2305\/revisions\/3627"}],"up":[{"embeddable":true,"href":"https:\/\/wp.ufpel.edu.br\/clmd\/wp-json\/wp\/v2\/pages\/2240"}],"wp:attachment":[{"href":"https:\/\/wp.ufpel.edu.br\/clmd\/wp-json\/wp\/v2\/media?parent=2305"}],"curies":[{"name":"wp","href":"https:\/\/api.w.org\/{rel}","templated":true}]}}