{"id":2298,"date":"2024-09-04T15:17:11","date_gmt":"2024-09-04T18:17:11","guid":{"rendered":"https:\/\/wp.ufpel.edu.br\/clmd\/?page_id=2298"},"modified":"2025-07-14T17:52:41","modified_gmt":"2025-07-14T20:52:41","slug":"enade","status":"publish","type":"page","link":"https:\/\/wp.ufpel.edu.br\/clmd\/enade\/","title":{"rendered":"ENADE"},"content":{"rendered":"<p>&nbsp;<\/p>\n<table style=\"border-collapse: collapse; width: 100%;\" border=\"1\">\n<tbody>\n<tr>\n<td style=\"width: 100%; border-color: #ffffff; background-color: #ffffff;\"><a href=\"https:\/\/wp.ufpel.edu.br\/clmd\/files\/2025\/07\/ENADE.png\"><img class=\"wp-image-3044 size-full alignleft\" src=\"https:\/\/wp.ufpel.edu.br\/clmd\/files\/2025\/07\/ENADE.png\" alt=\"\" width=\"765\" height=\"201\" srcset=\"https:\/\/wp.ufpel.edu.br\/clmd\/files\/2025\/07\/ENADE.png 765w, https:\/\/wp.ufpel.edu.br\/clmd\/files\/2025\/07\/ENADE-400x105.png 400w\" sizes=\"(max-width: 765px) 100vw, 765px\" \/><\/a><\/td>\n<\/tr>\n<tr>\n<td style=\"width: 100%; border-color: #ffffff; background-color: #ffffff;\">\n<h2><span style=\"color: #800080; background-color: #00ccff;\"><span style=\"background-color: #00ffff;\"><span style=\"background-color: #3366ff;\"><span style=\"color: #ffffff;\">\u00a0Sobre:\u00a0 \u00a0 \u00a0 \u00a0 \u00a0 \u00a0 \u00a0 \u00a0 \u00a0 \u00a0 \u00a0 \u00a0 \u00a0 \u00a0 \u00a0 \u00a0 \u00a0 \u00a0 \u00a0 \u00a0 \u00a0 \u00a0 \u00a0 \u00a0 \u00a0 \u00a0 \u00a0 \u00a0 \u00a0 \u00a0 \u00a0 \u00a0 \u00a0 \u00a0 \u00a0 \u00a0 \u00a0 \u00a0 \u00a0 \u00a0 \u00a0 \u00a0 \u00a0 \u00a0 \u00a0 \u00a0<\/span>\u00a0\u00a0\u00a0<\/span><\/span><\/span><\/h2>\n<\/td>\n<\/tr>\n<\/tbody>\n<\/table>\n<p>\u00c9 um exame realizado anualmente pelo Inep, que comp\u00f4em o Sistema Nacional de Avalia\u00e7\u00e3o da Educa\u00e7\u00e3o Superior (Sinaes). O exame avalia o rendimento dos concluintes dos cursos de gradua\u00e7\u00e3o em rela\u00e7\u00e3o aos conte\u00fados program\u00e1ticos previstos nas diretrizes curriculares, o desenvolvimento de compet\u00eancias e habilidades necess\u00e1rias ao aprofundamento da forma\u00e7\u00e3o geral e profissional, bem como o n\u00edvel de atualiza\u00e7\u00e3o dos estudantes com rela\u00e7\u00e3o \u00e0 realidade brasileira e mundial. A inscri\u00e7\u00e3o \u00e9 obrigat\u00f3ria para todos os estudantes de cursos de licenciatura, bacharelado e superiores de tecnologia habilitados \u00e0 avalia\u00e7\u00e3o te\u00f3rica ou \u00e0 avalia\u00e7\u00e3o pr\u00e1tica, vinculados \u00e0s \u00e1reas avaliadas.<\/p>\n<p>Quem participa do ENADE:<\/p>\n<ul>\n<li>Estudantes que est\u00e3o realizando Est\u00e1gio Curricular Supervisionado.<\/li>\n<li>Estudantes que integralizaram, no m\u00ednimo, 80% da carga hor\u00e1ria do curso (prov\u00e1veis formandos no per\u00edodo de realiza\u00e7\u00e3o da edi\u00e7\u00e3o vigente do ENADE)..<\/li>\n<\/ul>\n<p>&nbsp;<\/p>\n<h2><span style=\"color: #800080; background-color: #00ccff;\"><span style=\"background-color: #00ffff;\"><span style=\"background-color: #3366ff;\">\u00a0 \u00a0 <span style=\"color: #ffffff;\">Acesse as informa\u00e7\u00f5es sobre cada Edi\u00e7\u00e3o:\u00a0 \u00a0 \u00a0 \u00a0 \u00a0 \u00a0 \u00a0 \u00a0<\/span> \u00a0\u00a0<\/span><\/span><\/span><\/h2>\n<p>\u200b<\/p>\n<table style=\"width: 100%; border-collapse: collapse; border-color: #ffffff; background-color: #fffff;\" border=\"1\">\n<tbody>\n<tr style=\"height: 234px;\">\n<td style=\"width: 33.3333%; border-color: #ffffff; height: 234px; background-color: #ffffff;\"><a href=\"https:\/\/wp.ufpel.edu.br\/clmd\/enade-2024\/prova-teorica-enade-2025\/\" target=\"_blank\" rel=\"noopener\"><img class=\"aligncenter size-thumbnail wp-image-3039\" src=\"https:\/\/wp.ufpel.edu.br\/clmd\/files\/2025\/07\/ENADE-2025-1-200x200.png\" alt=\"\" width=\"200\" height=\"200\" \/><\/a><\/td>\n<td style=\"width: 33.3333%; border-color: #ffffff; background-color: #ffffff; height: 234px;\"><a href=\"https:\/\/wp.ufpel.edu.br\/clmd\/enade-2024\/prova-pratica-2o-periodo-enade-2024\/\"><img class=\"aligncenter size-thumbnail wp-image-3037\" src=\"https:\/\/wp.ufpel.edu.br\/clmd\/files\/2025\/07\/ENADE-2024-2-1-200x200.png\" alt=\"\" width=\"200\" height=\"200\" \/><\/a><\/td>\n<td style=\"width: 33.3333%; border-color: #ffffff; background-color: #ffffff; height: 234px; text-align: center;\"><a href=\"https:\/\/wp.ufpel.edu.br\/clmd\/enade-2024\/enade-2024\/\" target=\"_blank\" rel=\"noopener\"><img class=\"size-thumbnail wp-image-3038 alignleft\" src=\"https:\/\/wp.ufpel.edu.br\/clmd\/files\/2025\/07\/ENADE-2024-1-6-200x200.png\" alt=\"\" width=\"200\" height=\"200\" \/><\/a><\/td>\n<\/tr>\n<\/tbody>\n<\/table>\n<h2><span style=\"color: #800080; background-color: #00ccff;\"><span style=\"background-color: #00ffff;\"><span style=\"background-color: #3366ff;\">\u00a0 \u00a0 <span style=\"color: #ffffff;\">Erros ao acessar o sistema:\u00a0 \u00a0 \u00a0 \u00a0 \u00a0 \u00a0 \u00a0 \u00a0 \u00a0 \u00a0 \u00a0 \u00a0 \u00a0 \u00a0 \u00a0 \u00a0 \u00a0 \u00a0 \u00a0 \u00a0 \u00a0 \u00a0 \u00a0 \u00a0<\/span> \u00a0\u00a0<\/span><\/span><\/span><\/h2>\n<p><span style=\"font-size: 14pt;\">Se ocorrerem erros de acesso a p\u00e1gina do ENADE ou PND, fa\u00e7a print da tela (aparecendo data e hora) e relate o problema ocorrido (anexando a imagem) atrav\u00e9s do canal do INEP:<\/span><\/p>\n<p><a href=\"https:\/\/wp.ufpel.edu.br\/clmd\/files\/2025\/07\/REGISTRO-ERROS.png\"><img class=\"aligncenter wp-image-3111\" src=\"https:\/\/wp.ufpel.edu.br\/clmd\/files\/2025\/07\/REGISTRO-ERROS.png\" alt=\"\" width=\"693\" height=\"390\" srcset=\"https:\/\/wp.ufpel.edu.br\/clmd\/files\/2025\/07\/REGISTRO-ERROS.png 1280w, https:\/\/wp.ufpel.edu.br\/clmd\/files\/2025\/07\/REGISTRO-ERROS-400x225.png 400w, https:\/\/wp.ufpel.edu.br\/clmd\/files\/2025\/07\/REGISTRO-ERROS-1024x576.png 1024w, https:\/\/wp.ufpel.edu.br\/clmd\/files\/2025\/07\/REGISTRO-ERROS-768x432.png 768w\" sizes=\"(max-width: 693px) 100vw, 693px\" \/><\/a><span class=\"fontstyle0\" style=\"font-size: 14pt;\"><strong> Demandas Fale Conosco INEP<\/strong>: <span style=\"color: #0000ff;\"><a style=\"color: #0000ff;\" href=\"https:\/\/mecsp.metasix.solutions\/portal\">https:\/\/mecsp.metasix.solutions\/portal<\/a><\/span><\/span><\/p>\n<p><span style=\"font-size: 14pt;\">Para atendimentos, acesse:<\/span><\/p>\n<p><span style=\"font-size: 14pt;\"> <span class=\"fontstyle0\"><strong>Pedidos de Informa\u00e7\u00e3o Fala BR INEP<\/strong>:\u00a0\u00a0<span style=\"color: #0000ff;\">https:\/\/falabr.cgu.gov.br\/web\/login?tipo=8&amp;r edirect=\/manifestacao\/criar?tipo=8<\/span><\/span><\/span><\/p>\n","protected":false},"excerpt":{"rendered":"<p>&nbsp; \u00a0Sobre:\u00a0 \u00a0 \u00a0 \u00a0 \u00a0 \u00a0 \u00a0 \u00a0 \u00a0 \u00a0 \u00a0 \u00a0 \u00a0 \u00a0 \u00a0 \u00a0 \u00a0 \u00a0 \u00a0 \u00a0 \u00a0 \u00a0 \u00a0 \u00a0 \u00a0 \u00a0 \u00a0 \u00a0 \u00a0 \u00a0 \u00a0 \u00a0 \u00a0 \u00a0 \u00a0 \u00a0 \u00a0 \u00a0 \u00a0 \u00a0 \u00a0 \u00a0 \u00a0 \u00a0 \u00a0 \u00a0\u00a0\u00a0\u00a0 \u00c9 um exame realizado anualmente pelo Inep, que [&hellip;]<\/p>\n","protected":false},"author":710,"featured_media":0,"parent":0,"menu_order":0,"comment_status":"closed","ping_status":"closed","template":"page-sem-sidebar.php","meta":{"footnotes":""},"class_list":["post-2298","page","type-page","status-publish","hentry"],"_links":{"self":[{"href":"https:\/\/wp.ufpel.edu.br\/clmd\/wp-json\/wp\/v2\/pages\/2298","targetHints":{"allow":["GET"]}}],"collection":[{"href":"https:\/\/wp.ufpel.edu.br\/clmd\/wp-json\/wp\/v2\/pages"}],"about":[{"href":"https:\/\/wp.ufpel.edu.br\/clmd\/wp-json\/wp\/v2\/types\/page"}],"author":[{"embeddable":true,"href":"https:\/\/wp.ufpel.edu.br\/clmd\/wp-json\/wp\/v2\/users\/710"}],"replies":[{"embeddable":true,"href":"https:\/\/wp.ufpel.edu.br\/clmd\/wp-json\/wp\/v2\/comments?post=2298"}],"version-history":[{"count":63,"href":"https:\/\/wp.ufpel.edu.br\/clmd\/wp-json\/wp\/v2\/pages\/2298\/revisions"}],"predecessor-version":[{"id":3114,"href":"https:\/\/wp.ufpel.edu.br\/clmd\/wp-json\/wp\/v2\/pages\/2298\/revisions\/3114"}],"wp:attachment":[{"href":"https:\/\/wp.ufpel.edu.br\/clmd\/wp-json\/wp\/v2\/media?parent=2298"}],"curies":[{"name":"wp","href":"https:\/\/api.w.org\/{rel}","templated":true}]}}