{"id":2240,"date":"2024-08-15T18:42:43","date_gmt":"2024-08-15T21:42:43","guid":{"rendered":"https:\/\/wp.ufpel.edu.br\/clmd\/?page_id=2240"},"modified":"2026-02-07T01:17:22","modified_gmt":"2026-02-07T04:17:22","slug":"pagina-do-formando-clmd","status":"publish","type":"page","link":"https:\/\/wp.ufpel.edu.br\/clmd\/pagina-do-formando-clmd\/","title":{"rendered":"P\u00e1gina do Formando CLMD"},"content":{"rendered":"<h2><a href=\"https:\/\/wp.ufpel.edu.br\/clmd\/files\/2024\/09\/fotocapapagina.png\"><img class=\"aligncenter wp-image-2301 size-large\" src=\"https:\/\/wp.ufpel.edu.br\/clmd\/files\/2024\/09\/fotocapapagina-1024x302.png\" alt=\"\" width=\"1024\" height=\"302\" srcset=\"https:\/\/wp.ufpel.edu.br\/clmd\/files\/2024\/09\/fotocapapagina-1024x302.png 1024w, https:\/\/wp.ufpel.edu.br\/clmd\/files\/2024\/09\/fotocapapagina-400x118.png 400w, https:\/\/wp.ufpel.edu.br\/clmd\/files\/2024\/09\/fotocapapagina-768x226.png 768w, https:\/\/wp.ufpel.edu.br\/clmd\/files\/2024\/09\/fotocapapagina.png 1324w\" sizes=\"(max-width: 1024px) 100vw, 1024px\" \/><\/a><\/h2>\n<h6 class=\"frase fr\" style=\"text-align: center;\">\u201cO que vale na vida n\u00e3o \u00e9 o ponto de partida e sim, a caminhada. Caminhando e semeando, no fim ter\u00e1s o que colher.&#8221;<\/h6>\n<p class=\"frase fr\" style=\"text-align: right;\">Cora Coralina<\/p>\n<h2><span style=\"color: #800080;\">Acesse as informa\u00e7\u00f5es sobre:<\/span><\/h2>\n<p><a href=\"https:\/\/wp.ufpel.edu.br\/clmd\/pagina-do-formando-clmd\/formaturas\/\"><img class=\"aligncenter wp-image-2303 size-full\" src=\"https:\/\/wp.ufpel.edu.br\/clmd\/files\/2024\/09\/FORMATURA.png\" alt=\"\" width=\"452\" height=\"98\" srcset=\"https:\/\/wp.ufpel.edu.br\/clmd\/files\/2024\/09\/FORMATURA.png 452w, https:\/\/wp.ufpel.edu.br\/clmd\/files\/2024\/09\/FORMATURA-400x87.png 400w\" sizes=\"(max-width: 452px) 100vw, 452px\" \/><\/a><\/p>\n<p><a href=\"https:\/\/wp.ufpel.edu.br\/clmd\/enade\/\" target=\"_blank\" rel=\"noopener\"><img class=\"aligncenter wp-image-3373\" src=\"https:\/\/wp.ufpel.edu.br\/clmd\/files\/2025\/10\/titulo-400x87.png\" alt=\"\" width=\"451\" height=\"98\" srcset=\"https:\/\/wp.ufpel.edu.br\/clmd\/files\/2025\/10\/titulo-400x87.png 400w, https:\/\/wp.ufpel.edu.br\/clmd\/files\/2025\/10\/titulo.png 452w\" sizes=\"(max-width: 451px) 100vw, 451px\" \/><\/a><\/p>\n<p>&nbsp;<\/p>\n","protected":false},"excerpt":{"rendered":"<p>\u201cO que vale na vida n\u00e3o \u00e9 o ponto de partida e sim, a caminhada. Caminhando e semeando, no fim ter\u00e1s o que colher.&#8221; Cora Coralina Acesse as informa\u00e7\u00f5es sobre: &nbsp;<\/p>\n","protected":false},"author":710,"featured_media":0,"parent":0,"menu_order":0,"comment_status":"closed","ping_status":"closed","template":"page-sem-sidebar.php","meta":{"footnotes":""},"class_list":["post-2240","page","type-page","status-publish","hentry"],"_links":{"self":[{"href":"https:\/\/wp.ufpel.edu.br\/clmd\/wp-json\/wp\/v2\/pages\/2240","targetHints":{"allow":["GET"]}}],"collection":[{"href":"https:\/\/wp.ufpel.edu.br\/clmd\/wp-json\/wp\/v2\/pages"}],"about":[{"href":"https:\/\/wp.ufpel.edu.br\/clmd\/wp-json\/wp\/v2\/types\/page"}],"author":[{"embeddable":true,"href":"https:\/\/wp.ufpel.edu.br\/clmd\/wp-json\/wp\/v2\/users\/710"}],"replies":[{"embeddable":true,"href":"https:\/\/wp.ufpel.edu.br\/clmd\/wp-json\/wp\/v2\/comments?post=2240"}],"version-history":[{"count":4,"href":"https:\/\/wp.ufpel.edu.br\/clmd\/wp-json\/wp\/v2\/pages\/2240\/revisions"}],"predecessor-version":[{"id":3623,"href":"https:\/\/wp.ufpel.edu.br\/clmd\/wp-json\/wp\/v2\/pages\/2240\/revisions\/3623"}],"wp:attachment":[{"href":"https:\/\/wp.ufpel.edu.br\/clmd\/wp-json\/wp\/v2\/media?parent=2240"}],"curies":[{"name":"wp","href":"https:\/\/api.w.org\/{rel}","templated":true}]}}