{"id":215,"date":"2017-02-22T15:03:18","date_gmt":"2017-02-22T18:03:18","guid":{"rendered":"https:\/\/wp.ufpel.edu.br\/clmd\/?page_id=215"},"modified":"2024-03-12T08:09:59","modified_gmt":"2024-03-12T11:09:59","slug":"editais-2017","status":"publish","type":"page","link":"https:\/\/wp.ufpel.edu.br\/clmd\/editais\/editais-2017\/","title":{"rendered":"Editais 2017"},"content":{"rendered":"<p>Edital 02\/2017 &#8211; Encerrado<\/p>\n<p><a href=\"https:\/\/wp.ufpel.edu.br\/clmd\/files\/2017\/02\/2017-Edital_02-Tut_Presencial-CLMD-Cachoeira-do-Sul.pdf\">Edital_02 \/2017 Tutor_Presencial CLMD &#8211; Polo Cachoeira do Sul<\/a><\/p>\n<p>&nbsp;<\/p>\n<p>Edital 01\/2017 &#8211; Encerrado<\/p>\n<p><a href=\"https:\/\/wp.ufpel.edu.br\/clmd\/files\/2017\/02\/2017-Edital_01-Tut_Presencial-CLMD-Resultado-FINAL.pdf\">Edital_01\/2017 \u00a0Tutor_Presencial CLMD &#8211; Resultado FINAL<\/a><\/p>\n<p><a href=\"https:\/\/wp.ufpel.edu.br\/clmd\/files\/2017\/04\/2017-Edital_01-Tut_Presencial-CLMD.pdf\">Edital_01\/2017 &#8211; Tutor_Presencial CLMD<\/a>\u00a0&#8211; Polo Santana do Livramento<\/p>\n<p><a href=\"https:\/\/wp.ufpel.edu.br\/clmd\/files\/2017\/02\/2017-Edital_01-Tut_Presencial-CLMD-Homologacao-Inscricao.pdf\">Edital_01\/2017 \u00a0Homologa\u00e7\u00e3o Inscri\u00e7\u00e3o<\/a><\/p>\n<p><a href=\"https:\/\/wp.ufpel.edu.br\/clmd\/files\/2017\/05\/2017-Edital_01-Tut_Presencial-CLMD-Resultado-Curriculo.pdf\">Edital_01\/2017 \u00a0Tutor_Presencial CLMD &#8211; Resultado Curr\u00edculo<\/a><\/p>\n<p><a href=\"https:\/\/wp.ufpel.edu.br\/clmd\/files\/2017\/05\/2017-Edital_01-Tut_Presencial-CLMD-Horario-Entrevistas.pdf\">Edital_01\/2017 \u00a0Tutor_Presencial CLMD &#8211; Hor\u00e1rio Entrevistas<\/a><\/p>\n","protected":false},"excerpt":{"rendered":"<p>Edital 02\/2017 &#8211; Encerrado Edital_02 \/2017 Tutor_Presencial CLMD &#8211; Polo Cachoeira do Sul &nbsp; Edital 01\/2017 &#8211; Encerrado Edital_01\/2017 \u00a0Tutor_Presencial CLMD &#8211; Resultado FINAL Edital_01\/2017 &#8211; Tutor_Presencial CLMD\u00a0&#8211; Polo Santana do Livramento Edital_01\/2017 \u00a0Homologa\u00e7\u00e3o Inscri\u00e7\u00e3o Edital_01\/2017 \u00a0Tutor_Presencial CLMD &#8211; Resultado Curr\u00edculo Edital_01\/2017 \u00a0Tutor_Presencial CLMD &#8211; Hor\u00e1rio Entrevistas<\/p>\n","protected":false},"author":710,"featured_media":0,"parent":211,"menu_order":0,"comment_status":"closed","ping_status":"closed","template":"","meta":{"footnotes":""},"class_list":["post-215","page","type-page","status-publish","hentry"],"_links":{"self":[{"href":"https:\/\/wp.ufpel.edu.br\/clmd\/wp-json\/wp\/v2\/pages\/215","targetHints":{"allow":["GET"]}}],"collection":[{"href":"https:\/\/wp.ufpel.edu.br\/clmd\/wp-json\/wp\/v2\/pages"}],"about":[{"href":"https:\/\/wp.ufpel.edu.br\/clmd\/wp-json\/wp\/v2\/types\/page"}],"author":[{"embeddable":true,"href":"https:\/\/wp.ufpel.edu.br\/clmd\/wp-json\/wp\/v2\/users\/710"}],"replies":[{"embeddable":true,"href":"https:\/\/wp.ufpel.edu.br\/clmd\/wp-json\/wp\/v2\/comments?post=215"}],"version-history":[{"count":11,"href":"https:\/\/wp.ufpel.edu.br\/clmd\/wp-json\/wp\/v2\/pages\/215\/revisions"}],"predecessor-version":[{"id":519,"href":"https:\/\/wp.ufpel.edu.br\/clmd\/wp-json\/wp\/v2\/pages\/215\/revisions\/519"}],"up":[{"embeddable":true,"href":"https:\/\/wp.ufpel.edu.br\/clmd\/wp-json\/wp\/v2\/pages\/211"}],"wp:attachment":[{"href":"https:\/\/wp.ufpel.edu.br\/clmd\/wp-json\/wp\/v2\/media?parent=215"}],"curies":[{"name":"wp","href":"https:\/\/api.w.org\/{rel}","templated":true}]}}