{"id":207,"date":"2017-02-22T10:06:35","date_gmt":"2017-02-22T13:06:35","guid":{"rendered":"https:\/\/wp.ufpel.edu.br\/clmd\/?page_id=207"},"modified":"2021-04-01T21:03:40","modified_gmt":"2021-04-02T00:03:40","slug":"lamlife","status":"publish","type":"page","link":"https:\/\/wp.ufpel.edu.br\/clmd\/acesse\/lamlife\/","title":{"rendered":"LAM\/LIFE"},"content":{"rendered":"<p>Laborat\u00f3rio Interdisciplinar de Forma\u00e7\u00e3o de Educadores<\/p>\n<p><a href=\"https:\/\/wp.ufpel.edu.br\/lvm\/acervo\/\" target=\"_blank\" rel=\"noopener noreferrer\">Laborat\u00f3rio Virtual Multilinguagens<\/a><\/p>\n","protected":false},"excerpt":{"rendered":"<p>Laborat\u00f3rio Interdisciplinar de Forma\u00e7\u00e3o de Educadores Laborat\u00f3rio Virtual Multilinguagens<\/p>\n","protected":false},"author":710,"featured_media":0,"parent":114,"menu_order":2,"comment_status":"closed","ping_status":"closed","template":"","meta":{"footnotes":""},"class_list":["post-207","page","type-page","status-publish","hentry"],"_links":{"self":[{"href":"https:\/\/wp.ufpel.edu.br\/clmd\/wp-json\/wp\/v2\/pages\/207","targetHints":{"allow":["GET"]}}],"collection":[{"href":"https:\/\/wp.ufpel.edu.br\/clmd\/wp-json\/wp\/v2\/pages"}],"about":[{"href":"https:\/\/wp.ufpel.edu.br\/clmd\/wp-json\/wp\/v2\/types\/page"}],"author":[{"embeddable":true,"href":"https:\/\/wp.ufpel.edu.br\/clmd\/wp-json\/wp\/v2\/users\/710"}],"replies":[{"embeddable":true,"href":"https:\/\/wp.ufpel.edu.br\/clmd\/wp-json\/wp\/v2\/comments?post=207"}],"version-history":[{"count":2,"href":"https:\/\/wp.ufpel.edu.br\/clmd\/wp-json\/wp\/v2\/pages\/207\/revisions"}],"predecessor-version":[{"id":710,"href":"https:\/\/wp.ufpel.edu.br\/clmd\/wp-json\/wp\/v2\/pages\/207\/revisions\/710"}],"up":[{"embeddable":true,"href":"https:\/\/wp.ufpel.edu.br\/clmd\/wp-json\/wp\/v2\/pages\/114"}],"wp:attachment":[{"href":"https:\/\/wp.ufpel.edu.br\/clmd\/wp-json\/wp\/v2\/media?parent=207"}],"curies":[{"name":"wp","href":"https:\/\/api.w.org\/{rel}","templated":true}]}}