{"id":1967,"date":"2024-04-11T00:36:09","date_gmt":"2024-04-11T03:36:09","guid":{"rendered":"https:\/\/wp.ufpel.edu.br\/clmd\/?page_id=1967"},"modified":"2026-02-06T13:55:20","modified_gmt":"2026-02-06T16:55:20","slug":"sugestoes-de-locais-para-hospedagem","status":"publish","type":"page","link":"https:\/\/wp.ufpel.edu.br\/clmd\/sugestoes-de-locais-para-hospedagem\/","title":{"rendered":"Sugest\u00f5es de locais para hospedagem"},"content":{"rendered":"<p><a href=\"https:\/\/wp.ufpel.edu.br\/clmd\/files\/2024\/04\/hospedagem-1.png\"><img class=\"alignnone size-full wp-image-1970\" src=\"https:\/\/wp.ufpel.edu.br\/clmd\/files\/2024\/04\/hospedagem-1.png\" alt=\"\" width=\"788\" height=\"258\" srcset=\"https:\/\/wp.ufpel.edu.br\/clmd\/files\/2024\/04\/hospedagem-1.png 788w, https:\/\/wp.ufpel.edu.br\/clmd\/files\/2024\/04\/hospedagem-1-400x131.png 400w, https:\/\/wp.ufpel.edu.br\/clmd\/files\/2024\/04\/hospedagem-1-768x251.png 768w\" sizes=\"(max-width: 788px) 100vw, 788px\" \/><\/a><\/p>\n<table style=\"border-collapse: collapse; width: 100%;\" border=\"1\">\n<tbody>\n<tr>\n<td style=\"width: 100%; background-color: #202b47;\"><span style=\"color: #ffffff;\">\u00a0 \u00a0 Agudo<\/span><\/td>\n<\/tr>\n<tr>\n<td style=\"width: 100%; border-color: #ffffff; background-color: #f0f0f0;\">\n<p><strong>Hotel Bel Recanto<\/strong><\/p>\n<p><span style=\"color: #0000ff;\">WhatsApp<\/span>: (55) 99699-3535<\/p>\n<p><span style=\"color: #0000ff;\">Endere\u00e7o:<\/span> Av. Conc\u00f3rdia, 1161 &#8211; Centro<\/p>\n<p>&nbsp;<\/p>\n<p><strong>Pousada Baires<\/strong><\/p>\n<p><span style=\"color: #0000ff;\">WhatsApp<\/span>: (55) 99654-4580<\/p>\n<p><span style=\"color: #0000ff;\">Endere\u00e7o:<\/span> Av. Conc\u00f3rdia, 1518 &#8211; Centro<\/td>\n<\/tr>\n<\/tbody>\n<\/table>\n<p>&nbsp;<\/p>\n<table style=\"border-collapse: collapse; width: 100%;\" border=\"1\">\n<tbody>\n<tr>\n<td style=\"width: 100%; background-color: #202b47;\"><span style=\"color: #ffffff;\">\u00a0 \u00a0 Arroio dos Ratos<\/span><\/td>\n<\/tr>\n<tr>\n<td style=\"width: 100%; border-color: #ffffff; background-color: #f0f0f0;\">\n<p><strong>Pousada S\u00e3o Jos\u00e9<\/strong><\/p>\n<p><span style=\"color: #0000ff;\">WhatsApp<\/span>: (51) 99596-1122<\/p>\n<p><span style=\"color: #0000ff;\">Endere\u00e7o:<\/span> Posto Ipiranga &#8211; Rod. Osvaldo Aranha, s\/n<\/td>\n<\/tr>\n<\/tbody>\n<\/table>\n<p>&nbsp;<\/p>\n<table style=\"border-collapse: collapse; width: 100%;\" border=\"1\">\n<tbody>\n<tr>\n<td style=\"width: 100%; background-color: #202b47;\"><span style=\"color: #ffffff;\">\u00a0 \u00a0 Cachoeira do Sul<\/span><\/td>\n<\/tr>\n<tr>\n<td style=\"width: 100%; border-color: #ffffff; background-color: #f0f0f0;\">\n<p><strong>Hotel Everson<\/strong><\/p>\n<p><span style=\"color: #0000ff;\">WhatsApp<\/span>: (51) 99572-7190<\/p>\n<p><span style=\"color: #0000ff;\">Endere\u00e7o:\u00a0<\/span>Av. J\u00falio de Castilhos, 291 \u2013 Centro (Frente ao polo)<\/td>\n<\/tr>\n<\/tbody>\n<\/table>\n<p>&nbsp;<\/p>\n<table style=\"border-collapse: collapse; width: 100%;\" border=\"1\">\n<tbody>\n<tr>\n<td style=\"width: 100%; background-color: #202b47;\"><span style=\"color: #ffffff;\">\u00a0 \u00a0 Cruz Alta<\/span><\/td>\n<\/tr>\n<tr>\n<td style=\"width: 100%; border-color: #ffffff; background-color: #f0f0f0;\">\n<p><strong>Pousada da Cuia<\/strong><\/p>\n<p><span style=\"color: #0000ff;\">WhatsApp<\/span>: (55) 99150-6612<\/p>\n<p><span style=\"color: #0000ff;\">Endere\u00e7o:\u00a0<\/span>Av. Saturnino de Brito, 149<\/p>\n<p>&nbsp;<\/p>\n<p><strong>Hotel Nossa Senhora de F\u00e1tima<\/strong><\/p>\n<p><span style=\"color: #0000ff;\">WhatsApp<\/span>: (55) 3324-1049<\/p>\n<p><span style=\"color: #0000ff;\">Endere\u00e7o: <\/span>Rua Borges do Canto, 26<\/p>\n<p>&nbsp;<\/p>\n<p><strong>Pousada\u00a0 Villa Rica<\/strong><\/p>\n<p><span style=\"color: #0000ff;\">WhatsApp<\/span>: (55) 99199-3309<\/p>\n<p><span style=\"color: #0000ff;\">Endere\u00e7o: <\/span>Rua Carlos Frederico Brumm, 959<\/td>\n<\/tr>\n<\/tbody>\n<\/table>\n<p>&nbsp;<\/p>\n<table style=\"border-collapse: collapse; width: 100%;\" border=\"1\">\n<tbody>\n<tr>\n<td style=\"width: 100%; background-color: #202b47;\"><span style=\"color: #ffffff;\">\u00a0 \u00a0 Hulha Negra<\/span><\/td>\n<\/tr>\n<tr>\n<td style=\"width: 100%; border-color: #ffffff; background-color: #f0f0f0;\">\n<p><strong>Pousada Friedenau &#8211; Trigol\u00e2ndia<\/strong><\/p>\n<p><span style=\"color: #0000ff;\">WhatsApp<\/span>: (53) 99971-8715<\/p>\n<p><span style=\"color: #0000ff;\">Endere\u00e7o: <span style=\"color: #000000;\">Rua Francisco Kraenziger, 6<\/span><\/span><\/td>\n<\/tr>\n<\/tbody>\n<\/table>\n<p>&nbsp;<\/p>\n<table style=\"border-collapse: collapse; width: 100%;\" border=\"1\">\n<tbody>\n<tr>\n<td style=\"width: 100%; background-color: #202b47;\"><span style=\"color: #ffffff;\">\u00a0 \u00a0 Jacuizinho<\/span><\/td>\n<\/tr>\n<tr>\n<td style=\"width: 100%; border-color: #ffffff; background-color: #f0f0f0;\">\n<p><strong>Jacu\u00ed Novo Hotel<\/strong><\/p>\n<p><span style=\"color: #0000ff;\">WhatsApp<\/span>: (55) 99713-4755<\/p>\n<p><span style=\"color: #0000ff;\">Endere\u00e7o:\u00a0<\/span>Av. Pio XII, 922 \u2013 Salto do Jacu\u00ed, RS<\/td>\n<\/tr>\n<\/tbody>\n<\/table>\n<p>&nbsp;<\/p>\n<table style=\"border-collapse: collapse; width: 100%;\" border=\"1\">\n<tbody>\n<tr>\n<td style=\"width: 100%; background-color: #202b47;\"><span style=\"color: #ffffff;\">\u00a0 \u00a0 Mostardas<\/span><\/td>\n<\/tr>\n<tr>\n<td style=\"width: 100%; border-color: #ffffff; background-color: #f0f0f0;\">\n<p><strong>Hotel Estrela do Mar<\/strong><\/p>\n<p><span style=\"color: #0000ff;\">WhatsApp<\/span>: (51) 98513-3607<\/p>\n<p><span style=\"color: #0000ff;\">Endere\u00e7o: <span style=\"color: #000000;\">Av. Pinheiro Machado, 711 &#8211; Centro<\/span><\/span><\/td>\n<\/tr>\n<\/tbody>\n<\/table>\n<p>&nbsp;<\/p>\n<table style=\"border-collapse: collapse; width: 100%;\" border=\"1\">\n<tbody>\n<tr>\n<td style=\"width: 100%; background-color: #202b47;\"><span style=\"color: #ffffff;\">\u00a0 \u00a0 Picada Caf\u00e9\/Gramado<\/span><\/td>\n<\/tr>\n<tr>\n<td style=\"width: 100%; border-color: #ffffff; background-color: #f0f0f0;\">\n<p><strong>Espa\u00e7o do Bem Estar &#8211; Pousada<\/strong><\/p>\n<p><span style=\"color: #0000ff;\">WhatsApp<\/span>: (54) 99197-3775 (D. Lourdes)<\/p>\n<p><span style=\"color: #0000ff;\">Endere\u00e7o: <span style=\"color: #000000;\">Rua Vicente Prieto &#8211; Joaneta,<\/span><\/span><\/td>\n<\/tr>\n<\/tbody>\n<\/table>\n<p>&nbsp;<\/p>\n<table style=\"border-collapse: collapse; width: 100%;\" border=\"1\">\n<tbody>\n<tr>\n<td style=\"width: 100%; background-color: #202b47;\"><span style=\"color: #ffffff;\">\u00a0 \u00a0 Pinheiro Machado<\/span><\/td>\n<\/tr>\n<tr>\n<td style=\"width: 100%; border-color: #ffffff; background-color: #f0f0f0;\">\n<p><strong>Hotel Dal Cortivo<\/strong><\/p>\n<p><span style=\"color: #0000ff;\">WhatsApp<\/span>: (53) 99185-8484<\/p>\n<p><span style=\"color: #0000ff;\">Endere\u00e7o: <span style=\"color: #000000;\">Rua Gerv\u00e1sio Tavares, 184 &#8211; Centro<\/span><\/span><\/p>\n<p>&nbsp;<\/p>\n<p><strong>Hotel Chanceller<\/strong><\/p>\n<p><span style=\"color: #0000ff;\">WhatsApp<\/span>: (53) 99155-1106<\/p>\n<p><span style=\"color: #0000ff;\">Endere\u00e7o: <span style=\"color: #000000;\">Rua Profa. Eutr\u00f3pio, 171 &#8211; Centro<\/span><\/span><\/td>\n<\/tr>\n<\/tbody>\n<\/table>\n<p>&nbsp;<\/p>\n<table style=\"border-collapse: collapse; width: 100%;\" border=\"1\">\n<tbody>\n<tr>\n<td style=\"width: 100%; background-color: #202b47;\"><span style=\"color: #ffffff;\">\u00a0 \u00a0 Piratini<\/span><\/td>\n<\/tr>\n<tr>\n<td style=\"width: 100%; border-color: #ffffff; background-color: #f0f0f0;\">\n<p><strong>Pousada Leitzke<\/strong><\/p>\n<p><span style=\"color: #0000ff;\">WhatsApp<\/span>: (53) 99955-3913<\/p>\n<p><span style=\"color: #0000ff;\">Endere\u00e7o: <span style=\"color: #000000;\">Rua Crispim Duarte Gomes, 158 &#8211; Centro<\/span><\/span><\/td>\n<\/tr>\n<\/tbody>\n<\/table>\n<p>&nbsp;<\/p>\n<table style=\"border-collapse: collapse; width: 100%;\" border=\"1\">\n<tbody>\n<tr>\n<td style=\"width: 100%; background-color: #202b47;\"><span style=\"color: #ffffff;\">\u00a0 \u00a0Santana da Boa Vista<\/span><\/td>\n<\/tr>\n<tr>\n<td style=\"width: 100%; border-color: #ffffff; background-color: #f0f0f0;\">\n<p><strong>Hotel Juarez<\/strong><\/p>\n<p><span style=\"color: #0000ff;\">WhatsApp<\/span>: (51) 99962-7647<\/p>\n<p><span style=\"color: #0000ff;\">Endere\u00e7o: <span style=\"color: #000000;\">Rua Independ\u00eancia, 413 &#8211; Centro<\/span><\/span><\/td>\n<\/tr>\n<\/tbody>\n<\/table>\n<p>&nbsp;<\/p>\n<table style=\"border-collapse: collapse; width: 100%;\" border=\"1\">\n<tbody>\n<tr>\n<td style=\"width: 100%; background-color: #202b47;\"><span style=\"color: #ffffff;\">\u00a0 \u00a0Santana do Livramento<\/span><\/td>\n<\/tr>\n<tr>\n<td style=\"width: 100%; border-color: #ffffff; background-color: #f0f0f0;\">\n<p><strong>Hotel Verde Plaza<\/strong><\/p>\n<p><span style=\"color: #0000ff;\">WhatsApp<\/span>: (55) 3242-9300<\/p>\n<p><span style=\"color: #0000ff;\">Endere\u00e7o: <span style=\"color: #000000;\">Rua Manduca Rodrigues, 747 &#8211; Centro<\/span><\/span><\/p>\n<p>&nbsp;<\/p>\n<p><strong>Pousada Pitangueiras<\/strong><\/p>\n<p><span style=\"color: #0000ff;\">WhatsApp<\/span>: (55) 99929-0335<\/p>\n<p><span style=\"color: #0000ff;\">Endere\u00e7o: <span style=\"color: #000000;\">Rua Jovenal Capilheira, 132 &#8211; 100m da BR 458<\/span><\/span><\/td>\n<\/tr>\n<\/tbody>\n<\/table>\n<p>&nbsp;<\/p>\n<table style=\"border-collapse: collapse; width: 100%;\" border=\"1\">\n<tbody>\n<tr>\n<td style=\"width: 100%; background-color: #202b47;\"><span style=\"color: #ffffff;\">\u00a0 \u00a0Santa Vit\u00f3ria do Palmar<\/span><\/td>\n<\/tr>\n<tr>\n<td style=\"width: 100%; border-color: #ffffff; background-color: #f0f0f0;\">\n<p><strong>Hotel Franke<\/strong><\/p>\n<p><span style=\"color: #0000ff;\">WhatsApp<\/span>: (53) 99975-2025<\/p>\n<p><span style=\"color: #0000ff;\">Endere\u00e7o: <span style=\"color: #000000;\">Rua Treze de Maio, 51 &#8211; Centro<\/span><\/span><\/td>\n<\/tr>\n<\/tbody>\n<\/table>\n<p>&nbsp;<\/p>\n<table style=\"border-collapse: collapse; width: 100%;\" border=\"1\">\n<tbody>\n<tr>\n<td style=\"width: 100%; background-color: #202b47;\"><span style=\"color: #ffffff;\">\u00a0 \u00a0Sapucaia do Sul<\/span><\/td>\n<\/tr>\n<tr>\n<td style=\"width: 100%; border-color: #ffffff; background-color: #f0f0f0;\">\n<p><strong>Hotel Furlan<\/strong><\/p>\n<p><span style=\"color: #0000ff;\">WhatsApp<\/span>: (51) 99154-5033<\/p>\n<p><span style=\"color: #0000ff;\">Endere\u00e7o: <span style=\"color: #000000;\">Av. Pinheiro Machado, 243 &#8211; Centro<\/span><\/span><\/td>\n<\/tr>\n<\/tbody>\n<\/table>\n<p>&nbsp;<\/p>\n<table style=\"border-collapse: collapse; width: 100%;\" border=\"1\">\n<tbody>\n<tr>\n<td style=\"width: 100%; background-color: #202b47;\"><span style=\"color: #ffffff;\">\u00a0 \u00a0Santo Ant\u00f4nio da Patrulha<\/span><\/td>\n<\/tr>\n<tr>\n<td style=\"width: 100%; border-color: #ffffff; background-color: #f0f0f0;\">\n<p><strong>Pousada dos Oliveiras<\/strong><\/p>\n<p><span style=\"color: #0000ff;\">WhatsApp<\/span>: (51) 99838-5261<\/p>\n<p><span style=\"color: #0000ff;\">Endere\u00e7o: <span style=\"color: #000000;\">Rua S\u00e3o Paulo, 356 &#8211; Centro<\/span><\/span><\/td>\n<\/tr>\n<\/tbody>\n<\/table>\n<p>&nbsp;<\/p>\n<table style=\"border-collapse: collapse; width: 100%;\" border=\"1\">\n<tbody>\n<tr style=\"height: 24px;\">\n<td style=\"width: 100%; background-color: #202b47; height: 24px;\"><span style=\"color: #ffffff;\">\u00a0 \u00a0Sobradinho<\/span><\/td>\n<\/tr>\n<tr style=\"height: 131px;\">\n<td style=\"width: 100%; border-color: #ffffff; background-color: #f0f0f0; height: 131px;\">\n<p><strong>Hotel do Com\u00e9rcio<\/strong><\/p>\n<p><span style=\"color: #0000ff;\">WhatsApp<\/span>: (51) 99635-8181<\/p>\n<p><span style=\"color: #0000ff;\">Endere\u00e7o: <span style=\"color: #000000;\">Pra\u00e7a Tr\u00eas de Dezembro, 124 &#8211; Centro<\/span><\/span><\/td>\n<\/tr>\n<\/tbody>\n<\/table>\n<p>&nbsp;<\/p>\n<table style=\"border-collapse: collapse; width: 100%;\" border=\"1\">\n<tbody>\n<tr>\n<td style=\"width: 100%; background-color: #202b47;\"><span style=\"color: #ffffff;\">Tapejara<\/span><\/td>\n<\/tr>\n<tr>\n<td style=\"width: 100%; border-color: #ffffff; background-color: #f0f0f0;\">\n<p><strong>Hotel Ga\u00facho<\/strong><\/p>\n<p><span style=\"color: #0000ff;\">WhatsApp<\/span>: (54) 99921-1551<\/p>\n<p><span style=\"color: #0000ff;\">Endere\u00e7o: <span style=\"color: #000000;\">Estrada Perimetral &#8211; RS 467<\/span><\/span><\/td>\n<\/tr>\n<\/tbody>\n<\/table>\n<p>&nbsp;<\/p>\n<table style=\"border-collapse: collapse; width: 100%;\" border=\"1\">\n<tbody>\n<tr>\n<td style=\"width: 100%; background-color: #202b47;\"><span style=\"color: #ffffff;\">Tr\u00eas Passos<\/span><\/td>\n<\/tr>\n<tr>\n<td style=\"width: 100%; border-color: #ffffff; background-color: #f0f0f0;\">\n<p><strong>Hotel Imperial<\/strong><\/p>\n<p><span style=\"color: #0000ff;\">WhatsApp<\/span>: (55) 98415-1551<\/p>\n<p><span style=\"color: #0000ff;\">Endere\u00e7o: <span style=\"color: #000000;\">Av. J\u00falio de Castilhos, 544 &#8211; Centro<\/span><\/span><\/td>\n<\/tr>\n<\/tbody>\n<\/table>\n<p>&nbsp;<\/p>\n","protected":false},"excerpt":{"rendered":"<p>\u00a0 \u00a0 Agudo Hotel Bel Recanto WhatsApp: (55) 99699-3535 Endere\u00e7o: Av. Conc\u00f3rdia, 1161 &#8211; Centro &nbsp; Pousada Baires WhatsApp: (55) 99654-4580 Endere\u00e7o: Av. Conc\u00f3rdia, 1518 &#8211; Centro &nbsp; \u00a0 \u00a0 Arroio dos Ratos Pousada S\u00e3o Jos\u00e9 WhatsApp: (51) 99596-1122 Endere\u00e7o: Posto Ipiranga &#8211; Rod. Osvaldo Aranha, s\/n &nbsp; \u00a0 \u00a0 Cachoeira do Sul Hotel Everson [&hellip;]<\/p>\n","protected":false},"author":710,"featured_media":0,"parent":0,"menu_order":0,"comment_status":"closed","ping_status":"closed","template":"","meta":{"footnotes":""},"class_list":["post-1967","page","type-page","status-publish","hentry"],"_links":{"self":[{"href":"https:\/\/wp.ufpel.edu.br\/clmd\/wp-json\/wp\/v2\/pages\/1967","targetHints":{"allow":["GET"]}}],"collection":[{"href":"https:\/\/wp.ufpel.edu.br\/clmd\/wp-json\/wp\/v2\/pages"}],"about":[{"href":"https:\/\/wp.ufpel.edu.br\/clmd\/wp-json\/wp\/v2\/types\/page"}],"author":[{"embeddable":true,"href":"https:\/\/wp.ufpel.edu.br\/clmd\/wp-json\/wp\/v2\/users\/710"}],"replies":[{"embeddable":true,"href":"https:\/\/wp.ufpel.edu.br\/clmd\/wp-json\/wp\/v2\/comments?post=1967"}],"version-history":[{"count":3,"href":"https:\/\/wp.ufpel.edu.br\/clmd\/wp-json\/wp\/v2\/pages\/1967\/revisions"}],"predecessor-version":[{"id":3605,"href":"https:\/\/wp.ufpel.edu.br\/clmd\/wp-json\/wp\/v2\/pages\/1967\/revisions\/3605"}],"wp:attachment":[{"href":"https:\/\/wp.ufpel.edu.br\/clmd\/wp-json\/wp\/v2\/media?parent=1967"}],"curies":[{"name":"wp","href":"https:\/\/api.w.org\/{rel}","templated":true}]}}