{"id":1896,"date":"2024-03-26T11:26:49","date_gmt":"2024-03-26T14:26:49","guid":{"rendered":"https:\/\/wp.ufpel.edu.br\/clmd\/?page_id=1896"},"modified":"2025-03-30T19:06:16","modified_gmt":"2025-03-30T22:06:16","slug":"reunioes-do-clmd","status":"publish","type":"page","link":"https:\/\/wp.ufpel.edu.br\/clmd\/espaco-equipe-clmd\/reunioes-do-clmd\/","title":{"rendered":"Reuni\u00f5es do CLMD"},"content":{"rendered":"<h2 style=\"text-align: center;\"><span style=\"color: #339966;\">Reuni\u00e3o de Tutores &#8211; mar\u00e7o\/2025<\/span><\/h2>\n<p>Com o in\u00edcio das atividades 2025\/1, os tutores presenciais e a dist\u00e2ncia foram convocados para organiza\u00e7\u00e3o das atividades, com distribui\u00e7\u00e3o nas disciplinas.<\/p>\n<p>Link da grava\u00e7\u00e3o:\u00a0<a href=\"https:\/\/bbbadm-balancer.ufpel.edu.br\/playback\/presentation\/2.3\/f7b4fc94674a5df2050e6565843f6758e18e424e-1743111792722\" target=\"_blank\" rel=\"noopener\">Reuni\u00e3o do dia 27\/03<\/a><\/p>\n<table style=\"border-collapse: collapse; width: 100%;\" border=\"1\">\n<tbody>\n<tr>\n<td style=\"width: 100%; background-color: #c4d5f5;\"><\/td>\n<\/tr>\n<\/tbody>\n<\/table>\n<p>&nbsp;<\/p>\n<p style=\"text-align: center;\"><a href=\"https:\/\/wp.ufpel.edu.br\/clmd\/files\/2025\/03\/formacao_27_2_2025.jpeg\"><img class=\"aligncenter size-full wp-image-2826\" src=\"https:\/\/wp.ufpel.edu.br\/clmd\/files\/2025\/03\/formacao_27_2_2025.jpeg\" alt=\"\" width=\"1280\" height=\"720\" srcset=\"https:\/\/wp.ufpel.edu.br\/clmd\/files\/2025\/03\/formacao_27_2_2025.jpeg 1280w, https:\/\/wp.ufpel.edu.br\/clmd\/files\/2025\/03\/formacao_27_2_2025-400x225.jpeg 400w, https:\/\/wp.ufpel.edu.br\/clmd\/files\/2025\/03\/formacao_27_2_2025-1024x576.jpeg 1024w, https:\/\/wp.ufpel.edu.br\/clmd\/files\/2025\/03\/formacao_27_2_2025-768x432.jpeg 768w\" sizes=\"(max-width: 1280px) 100vw, 1280px\" \/><\/a><\/p>\n<p><span style=\"font-size: 14pt;\">No encontro, com a participa\u00e7\u00e3o do NUPED,\u00a0 foram apresentados os Princ\u00edpios Orientadores da Educa\u00e7\u00e3o a Dist\u00e2ncia da UFPel, que servir\u00e3o de refer\u00eancia na implementa\u00e7\u00e3o do novo PPC, eestudado pelos professores no m\u00eas de fevereiro. <\/span><\/p>\n<p><span style=\"font-size: 14pt;\">Assim, no planejamento das ativiades do semestre, os professores devem procurar reelaborar as atividades para atender a nova ementa do curr\u00edculo e os princ\u00edpios apresentados, que podem ser acessados em:<\/span><\/p>\n<p><span style=\"font-size: 14pt;\">\u00a0<span style=\"color: #0000ff;\"><a style=\"color: #0000ff;\" href=\"https:\/\/drive.google.com\/file\/d\/14TDaC-felhKPFU5iV1b7xH1BxRjgqE77\/view\">https:\/\/drive.google.com\/file\/d\/14TDaC-felhKPFU5iV1b7xH1BxRjgqE77\/view<\/a><\/span><\/span><\/p>\n<p>Em resumo, sugere-se olhar e analisar se as atividades propostas est\u00e3o contemplando: acolhimento, cuidado; aprendizagem significativa; estimulando o desenvolvimento da criatividade, autonomia, coopera\u00e7\u00e3o; cria\u00e7\u00e3o e reuso de conte\u00fados; tratam o conhecimento como obra aberta; avalia\u00e7\u00e3o como processo.<\/p>\n<p>&nbsp;<\/p>\n<table style=\"border-collapse: collapse; width: 100%;\" border=\"1\">\n<tbody>\n<tr>\n<td style=\"width: 100%; background-color: #c4d5f5;\"><\/td>\n<\/tr>\n<\/tbody>\n<\/table>\n<p><a href=\"https:\/\/wp.ufpel.edu.br\/clmd\/files\/2024\/03\/REUNIAO_TUTORES.jpeg\"><img class=\"wp-image-1898 aligncenter\" src=\"https:\/\/wp.ufpel.edu.br\/clmd\/files\/2024\/03\/REUNIAO_TUTORES.jpeg\" alt=\"\" width=\"319\" height=\"283\" srcset=\"https:\/\/wp.ufpel.edu.br\/clmd\/files\/2024\/03\/REUNIAO_TUTORES.jpeg 1080w, https:\/\/wp.ufpel.edu.br\/clmd\/files\/2024\/03\/REUNIAO_TUTORES-400x355.jpeg 400w, https:\/\/wp.ufpel.edu.br\/clmd\/files\/2024\/03\/REUNIAO_TUTORES-1024x908.jpeg 1024w, https:\/\/wp.ufpel.edu.br\/clmd\/files\/2024\/03\/REUNIAO_TUTORES-768x681.jpeg 768w\" sizes=\"(max-width: 319px) 100vw, 319px\" \/><\/a><\/p>\n<p style=\"text-align: center;\">Transferida para dia <strong>23 de mar\u00e7o<\/strong>, sala 213 &#8211; Campus Anglo.<\/p>\n<p style=\"text-align: center;\">Hor\u00e1rio: 8h \u2013 11h<\/p>\n<p style=\"text-align: center;\"><span style=\"color: #800080;\"><strong>Programa\u00e7\u00e3o<\/strong><\/span><\/p>\n<p style=\"text-align: center;\">8:00 \u2013 09:00: Caf\u00e9 de acolhida<br \/>\n09:00 \u2013 10:00: An\u00e1lise sobre a Evas\u00e3o no CLMD (NUPED\/UFPEL)<br \/>\n10:00 \u2013 11:00: Desenvolvimento das atividades do Curso.<\/p>\n<table style=\"border-collapse: collapse; width: 123.741%; height: 28px;\" border=\"1\">\n<tbody>\n<tr>\n<td style=\"width: 100%; background-color: #c4d5f5; height: 50%;\"><\/td>\n<\/tr>\n<\/tbody>\n<\/table>\n<p><img class=\"aligncenter\" src=\"https:\/\/encrypted-tbn0.gstatic.com\/images?q=tbn:ANd9GcSwwsO8FufNDzmc8F1mB-DUczbRcEtodaKkvg&amp;usqp=CAU\" alt=\"Agenda - Free of Charge Creative Commons Laptop image\" \/><\/p>\n<p style=\"text-align: center;\"><span style=\"color: #0000ff;\"><strong>Reuni\u00e3o de Tutores &#8211; Dia 21\/03\/2024 &#8211; 19h &#8211; H\u00edbrida<\/strong><\/span><\/p>\n<p style=\"text-align: center;\"><span style=\"color: #800080;\"><strong>Programa\u00e7\u00e3o<\/strong><\/span><\/p>\n<ul>\n<li style=\"text-align: justify;\">Orienta\u00e7\u00f5es para o desenvolvimento das atividades do semestre.<\/li>\n<li style=\"text-align: justify;\">Acesso \u00e0s informa\u00e7\u00f5es sobre o curso na p\u00e1gina do CLMD.<\/li>\n<li>Acesso \u00e0s informa\u00e7\u00f5es para a Equipe do CLMD na p\u00e1gina do CLMD.<\/li>\n<li>Distribui\u00e7\u00e3o tutores nas disciplinas.<\/li>\n<\/ul>\n<p>Grava\u00e7\u00e3o da reuni\u00e3o:\u00a0 <a href=\"https:\/\/bbbadm-balancer.ufpel.edu.br\/playback\/presentation\/2.3\/f7b4fc94674a5df2050e6565843f6758e18e424e-1711054602425\">Acesse aqui.<\/a><\/p>\n","protected":false},"excerpt":{"rendered":"<p>Reuni\u00e3o de Tutores &#8211; mar\u00e7o\/2025 Com o in\u00edcio das atividades 2025\/1, os tutores presenciais e a dist\u00e2ncia foram convocados para organiza\u00e7\u00e3o das atividades, com distribui\u00e7\u00e3o nas disciplinas. Link da grava\u00e7\u00e3o:\u00a0Reuni\u00e3o do dia 27\/03 &nbsp; No encontro, com a participa\u00e7\u00e3o do NUPED,\u00a0 foram apresentados os Princ\u00edpios Orientadores da Educa\u00e7\u00e3o a Dist\u00e2ncia da UFPel, que servir\u00e3o de [&hellip;]<\/p>\n","protected":false},"author":710,"featured_media":0,"parent":1268,"menu_order":0,"comment_status":"closed","ping_status":"closed","template":"","meta":{"footnotes":""},"class_list":["post-1896","page","type-page","status-publish","hentry"],"_links":{"self":[{"href":"https:\/\/wp.ufpel.edu.br\/clmd\/wp-json\/wp\/v2\/pages\/1896","targetHints":{"allow":["GET"]}}],"collection":[{"href":"https:\/\/wp.ufpel.edu.br\/clmd\/wp-json\/wp\/v2\/pages"}],"about":[{"href":"https:\/\/wp.ufpel.edu.br\/clmd\/wp-json\/wp\/v2\/types\/page"}],"author":[{"embeddable":true,"href":"https:\/\/wp.ufpel.edu.br\/clmd\/wp-json\/wp\/v2\/users\/710"}],"replies":[{"embeddable":true,"href":"https:\/\/wp.ufpel.edu.br\/clmd\/wp-json\/wp\/v2\/comments?post=1896"}],"version-history":[{"count":10,"href":"https:\/\/wp.ufpel.edu.br\/clmd\/wp-json\/wp\/v2\/pages\/1896\/revisions"}],"predecessor-version":[{"id":2831,"href":"https:\/\/wp.ufpel.edu.br\/clmd\/wp-json\/wp\/v2\/pages\/1896\/revisions\/2831"}],"up":[{"embeddable":true,"href":"https:\/\/wp.ufpel.edu.br\/clmd\/wp-json\/wp\/v2\/pages\/1268"}],"wp:attachment":[{"href":"https:\/\/wp.ufpel.edu.br\/clmd\/wp-json\/wp\/v2\/media?parent=1896"}],"curies":[{"name":"wp","href":"https:\/\/api.w.org\/{rel}","templated":true}]}}