{"id":1888,"date":"2024-03-26T11:12:05","date_gmt":"2024-03-26T14:12:05","guid":{"rendered":"https:\/\/wp.ufpel.edu.br\/clmd\/?page_id=1888"},"modified":"2025-11-10T14:27:06","modified_gmt":"2025-11-10T17:27:06","slug":"atribuicoes","status":"publish","type":"page","link":"https:\/\/wp.ufpel.edu.br\/clmd\/espaco-equipe-clmd\/atribuicoes\/","title":{"rendered":"Atribui\u00e7\u00f5es da equipe CLMD"},"content":{"rendered":"<p>As atribui\u00e7\u00f5es do <span style=\"color: #0000ff;\"><a style=\"color: #0000ff;\" href=\"https:\/\/wp.ufpel.edu.br\/clmd\/espaco-equipe-clmd\/atribuicoes-do-coordenador-de-curso\/\" target=\"_blank\" rel=\"noopener\">coordenador do curso<\/a><\/span>, dos <span style=\"color: #0000ff;\"><a style=\"color: #0000ff;\" href=\"https:\/\/wp.ufpel.edu.br\/clmd\/espaco-equipe-clmd\/atribuicoes-dos-professores-formadores\/\" target=\"_blank\" rel=\"noopener\">professores formadores<\/a><\/span>, <span style=\"color: #0000ff;\"><a style=\"color: #0000ff;\" href=\"https:\/\/wp.ufpel.edu.br\/clmd\/espaco-equipe-clmd\/atribuicoes-do-coordenador-de-tutoria\/\" target=\"_blank\" rel=\"noopener\">coordenador de tutoria<\/a><\/span>, <span style=\"color: #0000ff;\"><a style=\"color: #0000ff;\" href=\"https:\/\/wp.ufpel.edu.br\/clmd\/espaco-equipe-clmd\/atribuicoes-do-professor-tutor-presencial-tp\/\" target=\"_blank\" rel=\"noopener\">tutores presenciais<\/a>,<\/span>\u00a0<span style=\"color: #0000ff;\"><a style=\"color: #0000ff;\" href=\"https:\/\/wp.ufpel.edu.br\/clmd\/atribuicoes-do-professor-tutor-a-distancia-td\/\" target=\"_blank\" rel=\"noopener\">tutores a dist\u00e2ncia<\/a><\/span>\u00a0 e <span style=\"color: #0000ff;\"><a style=\"color: #0000ff;\" href=\"https:\/\/wp.ufpel.edu.br\/clmd\/espaco-equipe-clmd\/atribuicoes-da-equipe-de-estagio\/\" target=\"_blank\" rel=\"noopener\">da equipe de est\u00e1gio<\/a><\/span> devem ser seguidas, considerando-se\u00a0 as regras da UAB\/CAPES e do <span style=\"color: #0000ff;\"><a style=\"color: #0000ff;\" href=\"https:\/\/wp.ufpel.edu.br\/clmd\/institucional\/\" target=\"_blank\" rel=\"noopener\">PPC<\/a><\/span>, bem como todas as orienta\u00e7\u00f5es definidas pelo Colegiado.<\/p>\n","protected":false},"excerpt":{"rendered":"<p>As atribui\u00e7\u00f5es do coordenador do curso, dos professores formadores, coordenador de tutoria, tutores presenciais,\u00a0tutores a dist\u00e2ncia\u00a0 e da equipe de est\u00e1gio devem ser seguidas, considerando-se\u00a0 as regras da UAB\/CAPES e do PPC, bem como todas as orienta\u00e7\u00f5es definidas pelo Colegiado.<\/p>\n","protected":false},"author":710,"featured_media":0,"parent":1268,"menu_order":0,"comment_status":"closed","ping_status":"closed","template":"","meta":{"footnotes":""},"class_list":["post-1888","page","type-page","status-publish","hentry"],"_links":{"self":[{"href":"https:\/\/wp.ufpel.edu.br\/clmd\/wp-json\/wp\/v2\/pages\/1888","targetHints":{"allow":["GET"]}}],"collection":[{"href":"https:\/\/wp.ufpel.edu.br\/clmd\/wp-json\/wp\/v2\/pages"}],"about":[{"href":"https:\/\/wp.ufpel.edu.br\/clmd\/wp-json\/wp\/v2\/types\/page"}],"author":[{"embeddable":true,"href":"https:\/\/wp.ufpel.edu.br\/clmd\/wp-json\/wp\/v2\/users\/710"}],"replies":[{"embeddable":true,"href":"https:\/\/wp.ufpel.edu.br\/clmd\/wp-json\/wp\/v2\/comments?post=1888"}],"version-history":[{"count":3,"href":"https:\/\/wp.ufpel.edu.br\/clmd\/wp-json\/wp\/v2\/pages\/1888\/revisions"}],"predecessor-version":[{"id":3478,"href":"https:\/\/wp.ufpel.edu.br\/clmd\/wp-json\/wp\/v2\/pages\/1888\/revisions\/3478"}],"up":[{"embeddable":true,"href":"https:\/\/wp.ufpel.edu.br\/clmd\/wp-json\/wp\/v2\/pages\/1268"}],"wp:attachment":[{"href":"https:\/\/wp.ufpel.edu.br\/clmd\/wp-json\/wp\/v2\/media?parent=1888"}],"curies":[{"name":"wp","href":"https:\/\/api.w.org\/{rel}","templated":true}]}}