{"id":1863,"date":"2024-03-21T23:19:02","date_gmt":"2024-03-22T02:19:02","guid":{"rendered":"https:\/\/wp.ufpel.edu.br\/clmd\/?page_id=1863"},"modified":"2026-04-13T23:44:19","modified_gmt":"2026-04-14T02:44:19","slug":"edital-03-2024-selecao-tutores","status":"publish","type":"page","link":"https:\/\/wp.ufpel.edu.br\/clmd\/editais\/editais-2024\/edital-03-2024-selecao-tutores\/","title":{"rendered":"Edital 03\/2024 &#8211; Sele\u00e7\u00e3o Tutores"},"content":{"rendered":"<p><a href=\"https:\/\/wp.ufpel.edu.br\/clmd\/2024\/03\/12\/selecao-para-tutor-presencial-e-a-distancia\/clmd\/\" rel=\"attachment wp-att-1805\"><img class=\" wp-image-1805 aligncenter\" src=\"https:\/\/wp.ufpel.edu.br\/clmd\/files\/2024\/03\/CLMD.png\" alt=\"\" width=\"136\" height=\"152\" \/><\/a><\/p>\n<p>A Coordena\u00e7\u00e3o Institucional da Universidade Aberta do Brasil na Universidade Federal de Pelotas (UAB-UFPEL), atrav\u00e9s da Coordena\u00e7\u00e3o do Curso de Licenciatura em Matem\u00e1tica a Dist\u00e2ncia, <span style=\"color: var(--cor-texto); font-family: var(--fonte-corpo);\">torna p\u00fablico o processo para a sele\u00e7\u00e3o de bolsistas UAB\/CAPES para a fun\u00e7\u00e3o de TUTORIA <\/span><span style=\"color: var(--cor-texto); font-family: var(--fonte-corpo);\">PRESENCIAL e TUTORIA A DIST\u00c2NCIA.<\/span><\/p>\n<p>Inscri\u00e7\u00f5es: encerradas.<\/p>\n<table style=\"border-collapse: collapse; width: 100%;\" border=\"1\">\n<tbody>\n<tr style=\"height: 48px;\">\n<td style=\"width: 43.2254%; background-color: #d1cdcd; border-color: #f0f0f0; text-align: center; height: 48px;\"><span style=\"color: #0000ff;\"><a style=\"color: #0000ff;\" href=\"https:\/\/wp.ufpel.edu.br\/clmd\/editais\/editais-2024\/edital-clmd-03-2024-selecao-tutor-presencial-e-tutor-a-distancia\/edital-clmd-03-2024-tutoria-presencial-e-a-distancia-2\/\" rel=\"attachment wp-att-1811\">EDITAL CLMD 03\/2024<\/a><\/span><\/td>\n<td style=\"width: 11.5707%; border-color: #f0f0f0; height: 48px;\"><\/td>\n<td style=\"width: 45.2038%; background-color: #d1cdcd; border-color: #f0f0f0; text-align: center; height: 48px;\"><span style=\"color: #0000ff;\"><a style=\"color: #0000ff;\" href=\"https:\/\/wp.ufpel.edu.br\/clmd\/editais\/editais-2024\/edital-03-2024-selecao-tutores\/anexo-i-ficha-de-inscricao-tutor-presencial-2\/\" rel=\"attachment wp-att-1869\">ANEXO I &#8211; INSCRI\u00c7\u00c3O TUTOR PRESENCIAL<\/a><\/span><\/td>\n<\/tr>\n<tr style=\"height: 24px;\">\n<td style=\"width: 43.2254%; border-color: #f0f0f0; height: 24px;\"><\/td>\n<td style=\"width: 11.5707%; border-color: #f0f0f0; height: 24px;\"><\/td>\n<td style=\"width: 45.2038%; border-color: #f0f0f0; height: 24px;\"><\/td>\n<\/tr>\n<tr style=\"height: 24px;\">\n<td style=\"width: 43.2254%; height: 24px; background-color: #d1cdcd; border-color: #f0f0f0; text-align: center;\"><span style=\"color: #0000ff;\"><a style=\"color: #0000ff;\" href=\"https:\/\/wp.ufpel.edu.br\/clmd\/editais\/editais-2024\/edital-03-2024-selecao-tutores\/anexo-ii-ficha-de-inscricao-tutor-a-distancia-2\/\" rel=\"attachment wp-att-1870\">ANEXO II &#8211; INSCRI\u00c7\u00c3O TUTOR A DISTANCIA<\/a><\/span><\/td>\n<td style=\"width: 11.5707%; border-color: #f0f0f0; height: 24px;\"><\/td>\n<td style=\"width: 45.2038%; height: 24px; background-color: #d1cdcd; border-color: #f0f0f0; text-align: center;\"><span style=\"color: #0000ff;\"><a style=\"color: #0000ff;\" href=\"https:\/\/wp.ufpel.edu.br\/clmd\/editais\/editais-2024\/edital-03-2024-selecao-tutores\/anexo-iii-avaliacao-curriculo-2\/\" rel=\"attachment wp-att-1871\">ANEXO III &#8211; AVALIA\u00c7\u00c3O CURRICULO<\/a><\/span><\/td>\n<\/tr>\n<tr style=\"height: 24px;\">\n<td style=\"width: 43.2254%; height: 24px; border-color: #f0f0f0;\"><\/td>\n<td style=\"width: 11.5707%; height: 24px; border-color: #f0f0f0;\"><\/td>\n<td style=\"width: 45.2038%; height: 24px; border-color: #f0f0f0;\"><\/td>\n<\/tr>\n<tr style=\"height: 24px;\">\n<td style=\"width: 43.2254%; height: 24px; background-color: #d1cdcd; border-color: #f0f0f0; text-align: center;\"><span style=\"color: #0000ff;\"><a style=\"color: #0000ff;\" href=\"https:\/\/wp.ufpel.edu.br\/clmd\/editais\/editais-2024\/edital-03-2024-selecao-tutores\/anexoiv-recursos-2\/\" rel=\"attachment wp-att-1872\">ANEXO IV &#8211; RECURSOS<\/a><\/span><\/td>\n<td style=\"width: 11.5707%; border-color: #f0f0f0; height: 24px;\"><\/td>\n<td style=\"width: 45.2038%; height: 24px; background-color: #d1cdcd; border-color: #f0f0f0; text-align: center;\"><a href=\"https:\/\/wp.ufpel.edu.br\/clmd\/files\/2024\/04\/HOMOLOGACAO-DAS-INSCRICOES-TUTORIA-2024.pdf\"><span style=\"color: #0000ff;\">HOMOLOGA\u00c7\u00c3O DAS INSCRI\u00c7\u00d5ES<\/span><\/a><\/td>\n<\/tr>\n<tr style=\"height: 24px;\">\n<td style=\"width: 43.2254%; border-color: #ffffff; background-color: #ffffff; text-align: center; height: 24px;\"><span style=\"color: #0000ff;\">\u00a0<\/span><\/td>\n<td style=\"width: 11.5707%; border-style: outset; border-color: #ffffff; background-color: #ffffff; height: 24px;\"><\/td>\n<td style=\"width: 45.2038%; text-align: center; border-color: #ffffff; background-color: #ffffff; height: 24px;\"><\/td>\n<\/tr>\n<tr style=\"height: 24px;\">\n<td style=\"width: 43.2254%; border-color: #f0f0f0; background-color: #d1cdcd; height: 24px; text-align: center;\"><a style=\"color: #0000ff;\" href=\"https:\/\/wp.ufpel.edu.br\/clmd\/files\/2024\/04\/ENTREVISTAS-TUTORIA-2024.pdf\">ENTREVISTAS TUTORIA PRESENCIAL<\/a><\/td>\n<td style=\"width: 11.5707%; border-style: outset; border-color: #ffffff; background-color: #ffffff; height: 24px;\"><\/td>\n<td style=\"width: 45.2038%; border-color: #f0f0f0; background-color: #d1cdcd; height: 24px; text-align: center;\"><span style=\"color: #0000ff;\"><a style=\"color: #0000ff;\" href=\"https:\/\/wp.ufpel.edu.br\/clmd\/files\/2024\/04\/RESULTADO-PARCIAL-EDITAL-03_2024.pdf\">RESULTADO PARCIAL<\/a><\/span><\/td>\n<\/tr>\n<tr style=\"height: 24px;\">\n<td style=\"width: 43.2254%; border-color: #ffffff; background-color: #ffffff; text-align: center; height: 24px;\"><span style=\"color: #0000ff;\">\u00a0<\/span><\/td>\n<td style=\"width: 11.5707%; border-style: outset; border-color: #ffffff; background-color: #ffffff; height: 24px;\"><\/td>\n<td style=\"width: 45.2038%; text-align: center; border-color: #ffffff; background-color: #ffffff; height: 24px;\"><\/td>\n<\/tr>\n<tr style=\"height: 24px;\">\n<td style=\"width: 43.2254%; background-color: #d1cdcd; border-color: #f0f0f0; text-align: center; height: 24px;\"><span style=\"color: #0000ff;\"><a style=\"color: #0000ff;\" href=\"https:\/\/wp.ufpel.edu.br\/clmd\/files\/2024\/04\/RESPOSTA-AOS-RECURSOS-EDITAL-03_2024.pdf\">RESPOSTA AOS RECURSOS<\/a><\/span><\/td>\n<td style=\"width: 11.5707%; height: 24px; border-color: #ffffff; background-color: #ffffff;\"><\/td>\n<td style=\"width: 45.2038%; background-color: #d1cdcd; border-color: #f0f0f0; text-align: center; height: 24px;\"><span style=\"color: #0000ff;\"><a style=\"color: #0000ff;\" href=\"https:\/\/wp.ufpel.edu.br\/clmd\/files\/2024\/04\/RESULTADO-FINAL-EDITAL-03_2024.pdf\">RESULTADO FINAL<\/a><\/span><\/td>\n<\/tr>\n<\/tbody>\n<\/table>\n<p>&nbsp;<\/p>\n<table style=\"border-collapse: collapse; width: 100%;\" border=\"1\">\n<tbody>\n<tr style=\"height: 23px;\">\n<td style=\"width: 100%; height: 23px; background-color: #d1cdcd; text-align: center;\"><span style=\"color: #0000ff;\"><a style=\"color: #0000ff;\" href=\"https:\/\/wp.ufpel.edu.br\/clmd\/2026\/04\/13\/prorrogacao-edital-clmd-03-2024\/\" target=\"_blank\" rel=\"noopener\">Prorroga\u00e7\u00e3o Edital CLMD 03\/2024<\/a>\u00a0<\/span><\/td>\n<\/tr>\n<\/tbody>\n<\/table>\n<p><\/p>\n","protected":false},"excerpt":{"rendered":"<p>A Coordena\u00e7\u00e3o Institucional da Universidade Aberta do Brasil na Universidade Federal de Pelotas (UAB-UFPEL), atrav\u00e9s da Coordena\u00e7\u00e3o do Curso de Licenciatura em Matem\u00e1tica a Dist\u00e2ncia, torna p\u00fablico o processo para a sele\u00e7\u00e3o de bolsistas UAB\/CAPES para a fun\u00e7\u00e3o de TUTORIA PRESENCIAL e TUTORIA A DIST\u00c2NCIA. Inscri\u00e7\u00f5es: encerradas. EDITAL CLMD 03\/2024 ANEXO I &#8211; INSCRI\u00c7\u00c3O TUTOR [&hellip;]<\/p>\n","protected":false},"author":710,"featured_media":0,"parent":1789,"menu_order":0,"comment_status":"closed","ping_status":"closed","template":"","meta":{"footnotes":""},"class_list":["post-1863","page","type-page","status-publish","hentry"],"_links":{"self":[{"href":"https:\/\/wp.ufpel.edu.br\/clmd\/wp-json\/wp\/v2\/pages\/1863","targetHints":{"allow":["GET"]}}],"collection":[{"href":"https:\/\/wp.ufpel.edu.br\/clmd\/wp-json\/wp\/v2\/pages"}],"about":[{"href":"https:\/\/wp.ufpel.edu.br\/clmd\/wp-json\/wp\/v2\/types\/page"}],"author":[{"embeddable":true,"href":"https:\/\/wp.ufpel.edu.br\/clmd\/wp-json\/wp\/v2\/users\/710"}],"replies":[{"embeddable":true,"href":"https:\/\/wp.ufpel.edu.br\/clmd\/wp-json\/wp\/v2\/comments?post=1863"}],"version-history":[{"count":3,"href":"https:\/\/wp.ufpel.edu.br\/clmd\/wp-json\/wp\/v2\/pages\/1863\/revisions"}],"predecessor-version":[{"id":3723,"href":"https:\/\/wp.ufpel.edu.br\/clmd\/wp-json\/wp\/v2\/pages\/1863\/revisions\/3723"}],"up":[{"embeddable":true,"href":"https:\/\/wp.ufpel.edu.br\/clmd\/wp-json\/wp\/v2\/pages\/1789"}],"wp:attachment":[{"href":"https:\/\/wp.ufpel.edu.br\/clmd\/wp-json\/wp\/v2\/media?parent=1863"}],"curies":[{"name":"wp","href":"https:\/\/api.w.org\/{rel}","templated":true}]}}