{"id":1828,"date":"2024-03-15T09:35:08","date_gmt":"2024-03-15T12:35:08","guid":{"rendered":"https:\/\/wp.ufpel.edu.br\/clmd\/?page_id=1828"},"modified":"2024-03-15T09:35:08","modified_gmt":"2024-03-15T12:35:08","slug":"datas-importantes-uab-9","status":"publish","type":"page","link":"https:\/\/wp.ufpel.edu.br\/clmd\/calendario-e-cronogramas\/orientacoes-turma-uab-9\/datas-importantes-uab-9\/","title":{"rendered":"Datas importantes &#8211; UAB 9"},"content":{"rendered":"<p><img class=\"size-full wp-image-1698 aligncenter\" src=\"https:\/\/wp.ufpel.edu.br\/clmd\/files\/2024\/02\/cronograma.png\" alt=\"\" width=\"99\" height=\"161\" \/><\/p>\n<p>Para lembrar, destacamos a seguir algumas datas:<\/p>\n<ul>\n<li>18\/03: In\u00edcio do semestre 2024\/1.<\/li>\n<li>20 a 26\/05: Exames das disciplinas do primeiro m\u00f3dulo.<\/li>\n<li>22 a 28\/07: Exames das disciplinas do segundo m\u00f3dulo.<\/li>\n<li>Julho: Festival de v\u00eddeos matem\u00e1ticos na UFPel &#8211; Evento online e presencial.<\/li>\n<\/ul>\n<p>&nbsp;<\/p>\n","protected":false},"excerpt":{"rendered":"<p>Para lembrar, destacamos a seguir algumas datas: 18\/03: In\u00edcio do semestre 2024\/1. 20 a 26\/05: Exames das disciplinas do primeiro m\u00f3dulo. 22 a 28\/07: Exames das disciplinas do segundo m\u00f3dulo. Julho: Festival de v\u00eddeos matem\u00e1ticos na UFPel &#8211; Evento online e presencial. &nbsp;<\/p>\n","protected":false},"author":710,"featured_media":0,"parent":1670,"menu_order":0,"comment_status":"closed","ping_status":"closed","template":"","meta":{"footnotes":""},"class_list":["post-1828","page","type-page","status-publish","hentry"],"_links":{"self":[{"href":"https:\/\/wp.ufpel.edu.br\/clmd\/wp-json\/wp\/v2\/pages\/1828","targetHints":{"allow":["GET"]}}],"collection":[{"href":"https:\/\/wp.ufpel.edu.br\/clmd\/wp-json\/wp\/v2\/pages"}],"about":[{"href":"https:\/\/wp.ufpel.edu.br\/clmd\/wp-json\/wp\/v2\/types\/page"}],"author":[{"embeddable":true,"href":"https:\/\/wp.ufpel.edu.br\/clmd\/wp-json\/wp\/v2\/users\/710"}],"replies":[{"embeddable":true,"href":"https:\/\/wp.ufpel.edu.br\/clmd\/wp-json\/wp\/v2\/comments?post=1828"}],"version-history":[{"count":1,"href":"https:\/\/wp.ufpel.edu.br\/clmd\/wp-json\/wp\/v2\/pages\/1828\/revisions"}],"predecessor-version":[{"id":1830,"href":"https:\/\/wp.ufpel.edu.br\/clmd\/wp-json\/wp\/v2\/pages\/1828\/revisions\/1830"}],"up":[{"embeddable":true,"href":"https:\/\/wp.ufpel.edu.br\/clmd\/wp-json\/wp\/v2\/pages\/1670"}],"wp:attachment":[{"href":"https:\/\/wp.ufpel.edu.br\/clmd\/wp-json\/wp\/v2\/media?parent=1828"}],"curies":[{"name":"wp","href":"https:\/\/api.w.org\/{rel}","templated":true}]}}