{"id":1794,"date":"2024-03-12T08:30:08","date_gmt":"2024-03-12T11:30:08","guid":{"rendered":"https:\/\/wp.ufpel.edu.br\/clmd\/?page_id=1794"},"modified":"2024-04-17T01:41:09","modified_gmt":"2024-04-17T04:41:09","slug":"edital-clmd-03-2024-selecao-tutor-presencial-e-tutor-a-distancia","status":"publish","type":"page","link":"https:\/\/wp.ufpel.edu.br\/clmd\/editais\/editais-2024\/edital-clmd-03-2024-selecao-tutor-presencial-e-tutor-a-distancia\/","title":{"rendered":"Edital CLMD 03\/2024 &#8211; Sele\u00e7\u00e3o Tutor Presencial e Tutor a Dist\u00e2ncia"},"content":{"rendered":"<p><a href=\"https:\/\/wp.ufpel.edu.br\/clmd\/files\/2023\/09\/cabecalho_paginas_restrita-1.png\"><img class=\"aligncenter size-full wp-image-1281\" src=\"https:\/\/wp.ufpel.edu.br\/clmd\/files\/2023\/09\/cabecalho_paginas_restrita-1.png\" alt=\"\" width=\"1314\" height=\"181\" srcset=\"https:\/\/wp.ufpel.edu.br\/clmd\/files\/2023\/09\/cabecalho_paginas_restrita-1.png 1314w, https:\/\/wp.ufpel.edu.br\/clmd\/files\/2023\/09\/cabecalho_paginas_restrita-1-400x55.png 400w, https:\/\/wp.ufpel.edu.br\/clmd\/files\/2023\/09\/cabecalho_paginas_restrita-1-1024x141.png 1024w, https:\/\/wp.ufpel.edu.br\/clmd\/files\/2023\/09\/cabecalho_paginas_restrita-1-768x106.png 768w\" sizes=\"(max-width: 1314px) 100vw, 1314px\" \/><\/a><\/p>\n<p style=\"text-align: center;\"><span style=\"color: #0000ff; font-size: 14pt;\"><strong>Edital CLMD 03\/2024 &#8211; Sele\u00e7\u00e3o para Tutor Presencial e Tutor a Dist\u00e2ncia\u00a0 &#8211;<\/strong><\/span><\/p>\n<p style=\"text-align: justify;\">A Coordena\u00e7\u00e3o do Curso de Licenciatura em Matem\u00e1tica a Dist\u00e2ncia (CLMD) divulga Edital de sele\u00e7\u00e3o para Tutor Presencial e Tutor a Dist\u00e2ncia<\/p>\n<p>As inscri\u00e7\u00f5es on-line ser\u00e3o realizadas no per\u00edodo de 12\/03\/2024 a 12\/04\/2024, atrav\u00e9s do preenchimento do formul\u00e1rio eletr\u00f4nico dispon\u00edvel em:<\/p>\n<p style=\"text-align: center;\"><a href=\"https:\/\/forms.gle\/cMXm6zQms4AQebxu8\"><span style=\"color: #0000ff;\">FORMUL\u00c1RIO DE INSCRI\u00c7\u00c3O ON-LINE<\/span><\/a><\/p>\n<p>&nbsp;<\/p>\n<table style=\"border-collapse: collapse; width: 100%;\" border=\"1\">\n<tbody>\n<tr style=\"height: 24px;\">\n<td style=\"width: 44.4848%; border-color: #f0f0f0; background-color: #f0f0f0; text-align: center; height: 24px;\"><a href=\"https:\/\/wp.ufpel.edu.br\/clmd\/files\/2024\/03\/Edital-CLMD-03.2024-Tutoria-Presencial-e-a-distancia-1.pdf\">EDITAL CLMD 03\/2024<\/a><\/td>\n<td style=\"width: 15.5151%; border-color: #ffffff; background-color: #ffffff; height: 24px;\"><\/td>\n<td style=\"width: 40%; border-color: #f0f0f0; background-color: #f0f0f0; text-align: center; height: 24px;\"><a href=\"https:\/\/wp.ufpel.edu.br\/clmd\/files\/2024\/03\/ANEXO-I-FICHA-DE-INSCRICAO-TUTOR-PRESENCIAL.pdf\">ANEXO I &#8211; FICHA DE INSCRI\u00c7\u00c3O TUTOR PRESENCIAL<\/a><\/td>\n<\/tr>\n<tr style=\"height: 24px;\">\n<td style=\"width: 44.4848%; border-color: #ffffff; background-color: #ffffff; height: 24px;\"><\/td>\n<td style=\"width: 15.5151%; border-color: #ffffff; background-color: #ffffff; height: 24px;\"><\/td>\n<td style=\"width: 40%; border-color: #ffffff; background-color: #ffffff; height: 24px;\"><span style=\"color: #0000ff;\">\u00a0<\/span><\/td>\n<\/tr>\n<tr style=\"height: 24px;\">\n<td style=\"width: 44.4848%; border-color: #f0f0f0; background-color: #f0f0f0; text-align: center; height: 24px;\"><a href=\"https:\/\/wp.ufpel.edu.br\/clmd\/files\/2024\/03\/ANEXO-II-FICHA-DE-INSCRICAO-TUTOR-A-DISTANCIA.pdf\">ANEXO II &#8211; FICHA DE INSCRI\u00c7\u00c3O TUTOR A DISTANCIA<\/a><\/td>\n<td style=\"width: 15.5151%; border-color: #ffffff; background-color: #ffffff; height: 24px;\"><\/td>\n<td style=\"width: 40%; border-color: #f0f0f0; background-color: #f0f0f0; text-align: center; height: 24px;\"><a href=\"https:\/\/wp.ufpel.edu.br\/clmd\/files\/2024\/03\/ANEXO-III-AVALIACAO-CURRICULO.pdf\">ANEXO III &#8211; FORMUL\u00c1RIO DE AVALIA\u00c7\u00c3O CURRICULO<\/a><\/td>\n<\/tr>\n<tr style=\"height: 24px;\">\n<td style=\"width: 44.4848%; border-color: #ffffff; background-color: #ffffff; text-align: center; height: 24px;\"><span style=\"color: #0000ff;\">\u00a0<\/span><\/td>\n<td style=\"width: 15.5151%; border-color: #ffffff; background-color: #ffffff; height: 24px;\"><\/td>\n<td style=\"width: 40%; border-color: #ffffff; background-color: #ffffff; text-align: center; height: 24px;\"><span style=\"color: #0000ff;\">\u00a0<\/span><\/td>\n<\/tr>\n<tr style=\"height: 24px;\">\n<td style=\"width: 44.4848%; border-color: #f0f0f0; background-color: #f0f0f0; text-align: center; height: 24px;\"><a href=\"https:\/\/wp.ufpel.edu.br\/clmd\/files\/2024\/03\/ANEXOIV-RECURSOS.pdf\">ANEXO IV &#8211; FORMUL\u00c1RIO PARA RECURSOS<\/a><\/td>\n<td style=\"width: 15.5151%; border-color: #ffffff; background-color: #ffffff; height: 24px;\"><\/td>\n<td style=\"width: 40%; border-color: #f0f0f0; background-color: #f0f0f0; text-align: center;\"><span style=\"color: #0000ff;\"><a href=\"https:\/\/wp.ufpel.edu.br\/clmd\/files\/2024\/04\/HOMOLOGACAO-DAS-INSCRICOES-TUTORIA-2024.pdf\">HOMOLOGA\u00c7\u00c3O DAS INSCRI\u00c7\u00d5ES<\/a>\u00a0<\/span><\/td>\n<\/tr>\n<tr>\n<td style=\"width: 44.4848%; border-color: #ffffff; background-color: #ffffff; text-align: center;\"><span style=\"color: #0000ff;\">\u00a0<\/span><\/td>\n<td style=\"width: 15.5151%; border-color: #ffffff; background-color: #ffffff;\"><\/td>\n<td style=\"width: 40%; border-color: #ffffff; background-color: #ffffff; text-align: center;\"><span style=\"color: #0000ff;\">\u00a0<\/span><\/td>\n<\/tr>\n<tr style=\"height: 24px;\">\n<td style=\"width: 44.4848%; border-color: #f0f0f0; background-color: #f0f0f0; text-align: center; height: 24px;\"><a href=\"https:\/\/wp.ufpel.edu.br\/clmd\/files\/2024\/04\/ENTREVISTAS-TUTORIA-2024.pdf\">ENTREVISTAS TUTORIA PRESENCIAL<\/a><\/td>\n<td style=\"width: 15.5151%; border-color: #ffffff; background-color: #ffffff; height: 24px;\"><\/td>\n<td style=\"width: 40%; border-color: #f0f0f0; background-color: #f0f0f0; text-align: center; height: 24px;\">RESULTADO PARCIAL<\/td>\n<\/tr>\n<tr style=\"border-style: none; border-color: #ffffff; background-color: #ffffff;\">\n<td style=\"width: 44.4848%; border-style: none; border-color: #ffffff; background-color: #ffffff; text-align: center; height: 23px;\"><span style=\"color: #0000ff;\">\u00a0<\/span><\/td>\n<td style=\"width: 15.5151%; border-color: #ffffff; background-color: #ffffff; height: 23px;\"><\/td>\n<td style=\"width: 40%; border-color: #ffffff; background-color: #ffffff; text-align: center; height: 23px;\"><span style=\"color: #0000ff;\">\u00a0<\/span><\/td>\n<\/tr>\n<tr style=\"height: 23px;\">\n<td style=\"width: 44.4848%; border-color: #f0f0f0; background-color: #f0f0f0; text-align: center; height: 23px;\"><span style=\"color: #000000;\">\u00a0 \u00a0 \u00a0 \u00a0 \u00a0 \u00a0 \u00a0 \u00a0 \u00a0RESPOSTA AOS RECURSOS\u00a0 \u00a0 \u00a0 \u00a0 \u00a0 \u00a0 \u00a0 \u00a0 \u00a0 \u00a0\u00a0<\/span><\/td>\n<td style=\"width: 15.5151%; border-color: #ffffff; background-color: #ffffff; height: 23px;\"><\/td>\n<td style=\"width: 40%; border-color: #f0f0f0; background-color: #f0f0f0; text-align: center; height: 23px;\">RESULTADO FINAL<\/td>\n<\/tr>\n<\/tbody>\n<\/table>\n<p>&nbsp;<\/p>\n","protected":false},"excerpt":{"rendered":"<p>Edital CLMD 03\/2024 &#8211; Sele\u00e7\u00e3o para Tutor Presencial e Tutor a Dist\u00e2ncia\u00a0 &#8211; A Coordena\u00e7\u00e3o do Curso de Licenciatura em Matem\u00e1tica a Dist\u00e2ncia (CLMD) divulga Edital de sele\u00e7\u00e3o para Tutor Presencial e Tutor a Dist\u00e2ncia As inscri\u00e7\u00f5es on-line ser\u00e3o realizadas no per\u00edodo de 12\/03\/2024 a 12\/04\/2024, atrav\u00e9s do preenchimento do formul\u00e1rio eletr\u00f4nico dispon\u00edvel em: FORMUL\u00c1RIO [&hellip;]<\/p>\n","protected":false},"author":710,"featured_media":0,"parent":1789,"menu_order":0,"comment_status":"closed","ping_status":"closed","template":"","meta":{"footnotes":""},"class_list":["post-1794","page","type-page","status-publish","hentry"],"_links":{"self":[{"href":"https:\/\/wp.ufpel.edu.br\/clmd\/wp-json\/wp\/v2\/pages\/1794","targetHints":{"allow":["GET"]}}],"collection":[{"href":"https:\/\/wp.ufpel.edu.br\/clmd\/wp-json\/wp\/v2\/pages"}],"about":[{"href":"https:\/\/wp.ufpel.edu.br\/clmd\/wp-json\/wp\/v2\/types\/page"}],"author":[{"embeddable":true,"href":"https:\/\/wp.ufpel.edu.br\/clmd\/wp-json\/wp\/v2\/users\/710"}],"replies":[{"embeddable":true,"href":"https:\/\/wp.ufpel.edu.br\/clmd\/wp-json\/wp\/v2\/comments?post=1794"}],"version-history":[{"count":4,"href":"https:\/\/wp.ufpel.edu.br\/clmd\/wp-json\/wp\/v2\/pages\/1794\/revisions"}],"predecessor-version":[{"id":1993,"href":"https:\/\/wp.ufpel.edu.br\/clmd\/wp-json\/wp\/v2\/pages\/1794\/revisions\/1993"}],"up":[{"embeddable":true,"href":"https:\/\/wp.ufpel.edu.br\/clmd\/wp-json\/wp\/v2\/pages\/1789"}],"wp:attachment":[{"href":"https:\/\/wp.ufpel.edu.br\/clmd\/wp-json\/wp\/v2\/media?parent=1794"}],"curies":[{"name":"wp","href":"https:\/\/api.w.org\/{rel}","templated":true}]}}